{"id":13836,"date":"2025-01-30T14:10:23","date_gmt":"2025-01-30T13:10:23","guid":{"rendered":"https:\/\/colellaweb.it\/?post_type=product&#038;p=13836"},"modified":"2025-01-30T15:38:53","modified_gmt":"2025-01-30T14:38:53","slug":"laminoir-electrique-imperia-professional-copy","status":"publish","type":"product","link":"https:\/\/colellaweb.it\/fr\/prodotto\/laminoir-electrique-imperia-professional-copy\/","title":{"rendered":"Tables de travail en acier inox [sans dosseret]"},"content":{"rendered":"\t\t<div data-elementor-type=\"wp-post\" data-elementor-id=\"13836\" class=\"elementor elementor-13836 elementor-13834\" data-elementor-post-type=\"product\">\n\t\t\t\t\t\t<section class=\"elementor-section elementor-top-section elementor-element elementor-element-239a5730 elementor-section-full_width elementor-section-height-default elementor-section-height-default qodef-elementor-content-no qodef-elementor-overlay-no\" data-id=\"239a5730\" data-element_type=\"section\">\n\t\t\t\t\t\t<div class=\"elementor-container elementor-column-gap-default\">\n\t\t\t\t\t<div class=\"elementor-column elementor-col-100 elementor-top-column elementor-element elementor-element-1d69fd68\" data-id=\"1d69fd68\" data-element_type=\"column\">\n\t\t\t<div class=\"elementor-widget-wrap elementor-element-populated\">\n\t\t\t\t\t\t<div class=\"elementor-element elementor-element-63db3b3f elementor-widget elementor-widget-text-editor\" data-id=\"63db3b3f\" data-element_type=\"widget\" data-widget_type=\"text-editor.default\">\n\t\t\t\t<div class=\"elementor-widget-container\">\n\t\t\t\t\t\t\t\t\t<p><b>Table en acier inox<\/b><\/p>\n\t\t\t\t\t\t\t\t<\/div>\n\t\t\t\t<\/div>\n\t\t\t\t\t<\/div>\n\t\t<\/div>\n\t\t\t\t\t<\/div>\n\t\t<\/section>\n\t\t\t\t<section class=\"elementor-section elementor-top-section elementor-element elementor-element-eb30c6a elementor-section-full_width elementor-section-height-default elementor-section-height-default qodef-elementor-content-no qodef-elementor-overlay-no\" data-id=\"eb30c6a\" data-element_type=\"section\">\n\t\t\t\t\t\t<div class=\"elementor-container elementor-column-gap-default\">\n\t\t\t\t\t<div class=\"elementor-column elementor-col-50 elementor-top-column elementor-element elementor-element-49a7968b\" data-id=\"49a7968b\" data-element_type=\"column\" data-settings=\"{&quot;background_background&quot;:&quot;classic&quot;}\">\n\t\t\t<div class=\"elementor-widget-wrap elementor-element-populated\">\n\t\t\t\t\t<div class=\"elementor-background-overlay\"><\/div>\n\t\t\t\t\t\t<div class=\"elementor-element elementor-element-1456534d elementor-widget elementor-widget-qi_addons_for_elementor_call_to_action\" data-id=\"1456534d\" data-element_type=\"widget\" data-settings=\"{&quot;_animation&quot;:&quot;none&quot;}\" data-widget_type=\"qi_addons_for_elementor_call_to_action.default\">\n\t\t\t\t<div class=\"elementor-widget-container\">\n\t\t\t\t\t<div class=\"qodef-shortcode qodef-m qodef-qi-call-to-action qodef-layout--standard qodef-link-overlay\">\n\t<div class=\"qodef-m-inner\">\n\t\t<div class=\"qodef-m-content\">\n\t\t\t<h3 class=\"qodef-m-title\">\n\t\t\tAppelez-nous!\t\t<\/h3>\n\t\t\t\t<div class=\"qodef-m-text\">\n\t\t\tGiorgia ou une personne de l'\u00e9quipe Colella sera ravie de r\u00e9pondre \u00e0 vos questions! \t\t<\/div>\n\t<\/div>\n\t\t\t<div class=\"qodef-m-button\">\n\t\t<a class=\"qodef-shortcode qodef-m qodef-qi-button qodef-html--link qodef-layout--textual qodef-type--standard qodef-icon--left qodef-hover--icon-move-horizontal-short\" href=\"tel:+39016540813\" target=\"_self\">\t<span class=\"qodef-m-text\"><\/span>\t\t<span class=\"qodef-m-icon\">\t\t<span class=\"qodef-m-icon-inner\">\t\t\t<i aria-hidden=\"true\" class=\"fas fa-phone-alt\"><\/i>\t\t\t\t\t<\/span>\t<\/span><\/a>\t<\/div>\n\t\t\t\t\t<a class=\"qodef-m-link\" href=\"tel:+39016540813\" target=\"_self\"><\/a>\n\t\t\t<\/div>\n<\/div>\n\t\t\t\t<\/div>\n\t\t\t\t<\/div>\n\t\t\t\t\t<\/div>\n\t\t<\/div>\n\t\t\t\t<div class=\"elementor-column elementor-col-50 elementor-top-column elementor-element elementor-element-5dbad64b\" data-id=\"5dbad64b\" data-element_type=\"column\">\n\t\t\t<div class=\"elementor-widget-wrap elementor-element-populated\">\n\t\t\t\t\t\t<div class=\"elementor-element elementor-element-1f35a494 elementor-widget elementor-widget-qi_addons_for_elementor_call_to_action\" data-id=\"1f35a494\" data-element_type=\"widget\" data-settings=\"{&quot;_animation&quot;:&quot;none&quot;}\" data-widget_type=\"qi_addons_for_elementor_call_to_action.default\">\n\t\t\t\t<div class=\"elementor-widget-container\">\n\t\t\t\t\t<div class=\"qodef-shortcode qodef-m qodef-qi-call-to-action qodef-layout--standard qodef-link-overlay\">\n\t<div class=\"qodef-m-inner\">\n\t\t<div class=\"qodef-m-content\">\n\t\t\t<h3 class=\"qodef-m-title\">\n\t\t\tBureau de vente\t\t<\/h3>\n\t\t\t\t<div class=\"qodef-m-text\">\n\t\t\tPrenez contact avec Colella, indiquez vos besoins en terme d'utilisation, budget et dimension. Nous serons ravis de pouvoir r\u00e9pondre \u00e0 vos questions\t\t<\/div>\n\t<\/div>\n\t\t\t<div class=\"qodef-m-button\">\n\t\t<a class=\"qodef-shortcode qodef-m qodef-qi-button qodef-html--link qodef-layout--textual qodef-type--standard qodef-icon--left qodef-hover--icon-move-horizontal-short\" href=\"mailto:info@colellaweb.it\" target=\"_self\">\t<span class=\"qodef-m-text\"><\/span>\t\t<span class=\"qodef-m-icon\">\t\t<span class=\"qodef-m-icon-inner\">\t\t\t<i aria-hidden=\"true\" class=\"far fa-envelope\"><\/i>\t\t\t\t\t<\/span>\t<\/span><\/a>\t<\/div>\n\t\t\t\t\t<a class=\"qodef-m-link\" href=\"mailto:info@colellaweb.it\" target=\"_self\"><\/a>\n\t\t\t<\/div>\n<\/div>\n\t\t\t\t<\/div>\n\t\t\t\t<\/div>\n\t\t\t\t\t<\/div>\n\t\t<\/div>\n\t\t\t\t\t<\/div>\n\t\t<\/section>\n\t\t\t\t<\/div>\n\t\t","protected":false},"excerpt":{"rendered":"<p>Caract\u00e9ristiques:<\/p>\n<ul>\n<li>Structure en acier inox<\/li>\n<li>Plan de travail en acier inoxydable AISI 304<\/li>\n<li>Plan de travail et tablette inf\u00e9rieure pli\u00e9s et soud\u00e9s<\/li>\n<li>Etag\u00e8re inf\u00e9rieure avec renfort Omega<\/li>\n<li>Assemblage facile avec les vis incluses<\/li>\n<li>Pieds r\u00e9glables<\/li>\n<\/ul>\n<p>L&#8217;acier inoxydable (ou inox) est ainsi appel\u00e9 en raison de sa r\u00e9sistance \u00e0 la corrosion. \u00a0 CONSEILS DE NETTOYAGE<\/p>\n<p>\u00c0 l&#8217;achat de tous les \u00e9l\u00e9ments en acier inoxydable, vous recevrez un guide gratuit en italien, anglais ou fran\u00e7ais de votre choix pour garder l&#8217;acier inoxydable inchang\u00e9 dans le temps.<\/p>\n","protected":false},"featured_media":13839,"template":"","meta":{"_acf_changed":false},"product_brand":[],"product_cat":[160],"product_tag":[],"class_list":{"0":"post-13836","1":"product","2":"type-product","3":"status-publish","4":"has-post-thumbnail","6":"product_cat-utensili-da-cucina-e-design-fr","8":"first","9":"instock","10":"shipping-taxable","11":"product-type-simple"},"acf":[],"yoast_head":"<!-- This site is optimized with the Yoast SEO plugin v26.7 - https:\/\/yoast.com\/wordpress\/plugins\/seo\/ -->\n<title>Tables de travail en acier inox [sans dosseret] - Colella<\/title>\n<meta name=\"robots\" content=\"index, follow, max-snippet:-1, max-image-preview:large, max-video-preview:-1\" \/>\n<link rel=\"canonical\" href=\"https:\/\/colellaweb.it\/fr\/prodotto\/laminoir-electrique-imperia-professional-copy\/\" \/>\n<meta property=\"og:locale\" content=\"fr_FR\" \/>\n<meta property=\"og:type\" content=\"article\" \/>\n<meta property=\"og:title\" content=\"Tables de travail en acier inox [sans dosseret] - Colella\" \/>\n<meta property=\"og:description\" content=\"Caract\u00e9ristiques:   Structure en acier inox  Plan de travail en acier inoxydable AISI 304  Plan de travail et tablette inf\u00e9rieure pli\u00e9s et soud\u00e9s  Etag\u00e8re inf\u00e9rieure avec renfort Omega  Assemblage facile avec les vis incluses  Pieds r\u00e9glables  L&#039;acier inoxydable (ou inox) est ainsi appel\u00e9 en raison de sa r\u00e9sistance \u00e0 la corrosion. \u00a0 CONSEILS DE NETTOYAGE  \u00c0 l&#039;achat de tous les \u00e9l\u00e9ments en acier inoxydable, vous recevrez un guide gratuit en italien, anglais ou fran\u00e7ais de votre choix pour garder l&#039;acier inoxydable inchang\u00e9 dans le temps.\" \/>\n<meta property=\"og:url\" content=\"https:\/\/colellaweb.it\/fr\/prodotto\/laminoir-electrique-imperia-professional-copy\/\" \/>\n<meta property=\"og:site_name\" content=\"Colella\" \/>\n<meta property=\"article:publisher\" content=\"https:\/\/www.facebook.com\/rumoriincucina\" \/>\n<meta property=\"article:modified_time\" content=\"2025-01-30T14:38:53+00:00\" \/>\n<meta property=\"og:image\" content=\"https:\/\/colellaweb.it\/wp-content\/uploads\/2025\/01\/Tavolo-da-lavoro-senza-alzatina-Working-Tables-ForcarSteelFurniture-2-e1738245082825.jpg\" \/>\n\t<meta property=\"og:image:width\" content=\"660\" \/>\n\t<meta property=\"og:image:height\" content=\"500\" \/>\n\t<meta property=\"og:image:type\" content=\"image\/jpeg\" \/>\n<meta name=\"twitter:card\" content=\"summary_large_image\" \/>\n<meta name=\"twitter:label1\" content=\"Dur\u00e9e de lecture estim\u00e9e\" \/>\n\t<meta name=\"twitter:data1\" content=\"1 minute\" \/>\n<script type=\"application\/ld+json\" class=\"yoast-schema-graph\">{\"@context\":\"https:\/\/schema.org\",\"@graph\":[{\"@type\":\"WebPage\",\"@id\":\"https:\/\/colellaweb.it\/fr\/prodotto\/laminoir-electrique-imperia-professional-copy\/\",\"url\":\"https:\/\/colellaweb.it\/fr\/prodotto\/laminoir-electrique-imperia-professional-copy\/\",\"name\":\"Tables de travail en acier inox [sans dosseret] - Colella\",\"isPartOf\":{\"@id\":\"https:\/\/colellaweb.it\/#website\"},\"primaryImageOfPage\":{\"@id\":\"https:\/\/colellaweb.it\/fr\/prodotto\/laminoir-electrique-imperia-professional-copy\/#primaryimage\"},\"image\":{\"@id\":\"https:\/\/colellaweb.it\/fr\/prodotto\/laminoir-electrique-imperia-professional-copy\/#primaryimage\"},\"thumbnailUrl\":\"https:\/\/colellaweb.it\/wp-content\/uploads\/2025\/01\/Tavolo-da-lavoro-senza-alzatina-Working-Tables-ForcarSteelFurniture-2.jpg\",\"datePublished\":\"2025-01-30T13:10:23+00:00\",\"dateModified\":\"2025-01-30T14:38:53+00:00\",\"breadcrumb\":{\"@id\":\"https:\/\/colellaweb.it\/fr\/prodotto\/laminoir-electrique-imperia-professional-copy\/#breadcrumb\"},\"inLanguage\":\"fr-FR\",\"potentialAction\":[{\"@type\":\"ReadAction\",\"target\":[\"https:\/\/colellaweb.it\/fr\/prodotto\/laminoir-electrique-imperia-professional-copy\/\"]}]},{\"@type\":\"ImageObject\",\"inLanguage\":\"fr-FR\",\"@id\":\"https:\/\/colellaweb.it\/fr\/prodotto\/laminoir-electrique-imperia-professional-copy\/#primaryimage\",\"url\":\"https:\/\/colellaweb.it\/wp-content\/uploads\/2025\/01\/Tavolo-da-lavoro-senza-alzatina-Working-Tables-ForcarSteelFurniture-2.jpg\",\"contentUrl\":\"https:\/\/colellaweb.it\/wp-content\/uploads\/2025\/01\/Tavolo-da-lavoro-senza-alzatina-Working-Tables-ForcarSteelFurniture-2.jpg\",\"width\":660,\"height\":500},{\"@type\":\"BreadcrumbList\",\"@id\":\"https:\/\/colellaweb.it\/fr\/prodotto\/laminoir-electrique-imperia-professional-copy\/#breadcrumb\",\"itemListElement\":[{\"@type\":\"ListItem\",\"position\":1,\"name\":\"Home\",\"item\":\"https:\/\/colellaweb.it\/fr\/\"},{\"@type\":\"ListItem\",\"position\":2,\"name\":\"Shop\",\"item\":\"https:\/\/colellaweb.it\/negozio\/\"},{\"@type\":\"ListItem\",\"position\":3,\"name\":\"Tables de travail en acier inox [sans dosseret]\"}]},{\"@type\":\"WebSite\",\"@id\":\"https:\/\/colellaweb.it\/#website\",\"url\":\"https:\/\/colellaweb.it\/\",\"name\":\"Colella\",\"description\":\"Rumori in cucina\",\"publisher\":{\"@id\":\"https:\/\/colellaweb.it\/#organization\"},\"potentialAction\":[{\"@type\":\"SearchAction\",\"target\":{\"@type\":\"EntryPoint\",\"urlTemplate\":\"https:\/\/colellaweb.it\/?s={search_term_string}\"},\"query-input\":{\"@type\":\"PropertyValueSpecification\",\"valueRequired\":true,\"valueName\":\"search_term_string\"}}],\"inLanguage\":\"fr-FR\"},{\"@type\":\"Organization\",\"@id\":\"https:\/\/colellaweb.it\/#organization\",\"name\":\"Colella\",\"url\":\"https:\/\/colellaweb.it\/\",\"logo\":{\"@type\":\"ImageObject\",\"inLanguage\":\"fr-FR\",\"@id\":\"https:\/\/colellaweb.it\/#\/schema\/logo\/image\/\",\"url\":\"https:\/\/colellaweb.it\/wp-content\/uploads\/2023\/02\/cropped-logo_colella_favicon.png\",\"contentUrl\":\"https:\/\/colellaweb.it\/wp-content\/uploads\/2023\/02\/cropped-logo_colella_favicon.png\",\"width\":512,\"height\":512,\"caption\":\"Colella\"},\"image\":{\"@id\":\"https:\/\/colellaweb.it\/#\/schema\/logo\/image\/\"},\"sameAs\":[\"https:\/\/www.facebook.com\/rumoriincucina\",\"https:\/\/www.instagram.com\/rumoriincucina\"]}]}<\/script>\n<!-- \/ Yoast SEO plugin. -->","yoast_head_json":{"title":"Tables de travail en acier inox [sans dosseret] - Colella","robots":{"index":"index","follow":"follow","max-snippet":"max-snippet:-1","max-image-preview":"max-image-preview:large","max-video-preview":"max-video-preview:-1"},"canonical":"https:\/\/colellaweb.it\/fr\/prodotto\/laminoir-electrique-imperia-professional-copy\/","og_locale":"fr_FR","og_type":"article","og_title":"Tables de travail en acier inox [sans dosseret] - Colella","og_description":"Caract\u00e9ristiques:   Structure en acier inox  Plan de travail en acier inoxydable AISI 304  Plan de travail et tablette inf\u00e9rieure pli\u00e9s et soud\u00e9s  Etag\u00e8re inf\u00e9rieure avec renfort Omega  Assemblage facile avec les vis incluses  Pieds r\u00e9glables  L'acier inoxydable (ou inox) est ainsi appel\u00e9 en raison de sa r\u00e9sistance \u00e0 la corrosion. \u00a0 CONSEILS DE NETTOYAGE  \u00c0 l'achat de tous les \u00e9l\u00e9ments en acier inoxydable, vous recevrez un guide gratuit en italien, anglais ou fran\u00e7ais de votre choix pour garder l'acier inoxydable inchang\u00e9 dans le temps.","og_url":"https:\/\/colellaweb.it\/fr\/prodotto\/laminoir-electrique-imperia-professional-copy\/","og_site_name":"Colella","article_publisher":"https:\/\/www.facebook.com\/rumoriincucina","article_modified_time":"2025-01-30T14:38:53+00:00","og_image":[{"width":660,"height":500,"url":"https:\/\/colellaweb.it\/wp-content\/uploads\/2025\/01\/Tavolo-da-lavoro-senza-alzatina-Working-Tables-ForcarSteelFurniture-2-e1738245082825.jpg","type":"image\/jpeg"}],"twitter_card":"summary_large_image","twitter_misc":{"Dur\u00e9e de lecture estim\u00e9e":"1 minute"},"schema":{"@context":"https:\/\/schema.org","@graph":[{"@type":"WebPage","@id":"https:\/\/colellaweb.it\/fr\/prodotto\/laminoir-electrique-imperia-professional-copy\/","url":"https:\/\/colellaweb.it\/fr\/prodotto\/laminoir-electrique-imperia-professional-copy\/","name":"Tables de travail en acier inox [sans dosseret] - Colella","isPartOf":{"@id":"https:\/\/colellaweb.it\/#website"},"primaryImageOfPage":{"@id":"https:\/\/colellaweb.it\/fr\/prodotto\/laminoir-electrique-imperia-professional-copy\/#primaryimage"},"image":{"@id":"https:\/\/colellaweb.it\/fr\/prodotto\/laminoir-electrique-imperia-professional-copy\/#primaryimage"},"thumbnailUrl":"https:\/\/colellaweb.it\/wp-content\/uploads\/2025\/01\/Tavolo-da-lavoro-senza-alzatina-Working-Tables-ForcarSteelFurniture-2.jpg","datePublished":"2025-01-30T13:10:23+00:00","dateModified":"2025-01-30T14:38:53+00:00","breadcrumb":{"@id":"https:\/\/colellaweb.it\/fr\/prodotto\/laminoir-electrique-imperia-professional-copy\/#breadcrumb"},"inLanguage":"fr-FR","potentialAction":[{"@type":"ReadAction","target":["https:\/\/colellaweb.it\/fr\/prodotto\/laminoir-electrique-imperia-professional-copy\/"]}]},{"@type":"ImageObject","inLanguage":"fr-FR","@id":"https:\/\/colellaweb.it\/fr\/prodotto\/laminoir-electrique-imperia-professional-copy\/#primaryimage","url":"https:\/\/colellaweb.it\/wp-content\/uploads\/2025\/01\/Tavolo-da-lavoro-senza-alzatina-Working-Tables-ForcarSteelFurniture-2.jpg","contentUrl":"https:\/\/colellaweb.it\/wp-content\/uploads\/2025\/01\/Tavolo-da-lavoro-senza-alzatina-Working-Tables-ForcarSteelFurniture-2.jpg","width":660,"height":500},{"@type":"BreadcrumbList","@id":"https:\/\/colellaweb.it\/fr\/prodotto\/laminoir-electrique-imperia-professional-copy\/#breadcrumb","itemListElement":[{"@type":"ListItem","position":1,"name":"Home","item":"https:\/\/colellaweb.it\/fr\/"},{"@type":"ListItem","position":2,"name":"Shop","item":"https:\/\/colellaweb.it\/negozio\/"},{"@type":"ListItem","position":3,"name":"Tables de travail en acier inox [sans dosseret]"}]},{"@type":"WebSite","@id":"https:\/\/colellaweb.it\/#website","url":"https:\/\/colellaweb.it\/","name":"Colella","description":"Rumori in cucina","publisher":{"@id":"https:\/\/colellaweb.it\/#organization"},"potentialAction":[{"@type":"SearchAction","target":{"@type":"EntryPoint","urlTemplate":"https:\/\/colellaweb.it\/?s={search_term_string}"},"query-input":{"@type":"PropertyValueSpecification","valueRequired":true,"valueName":"search_term_string"}}],"inLanguage":"fr-FR"},{"@type":"Organization","@id":"https:\/\/colellaweb.it\/#organization","name":"Colella","url":"https:\/\/colellaweb.it\/","logo":{"@type":"ImageObject","inLanguage":"fr-FR","@id":"https:\/\/colellaweb.it\/#\/schema\/logo\/image\/","url":"https:\/\/colellaweb.it\/wp-content\/uploads\/2023\/02\/cropped-logo_colella_favicon.png","contentUrl":"https:\/\/colellaweb.it\/wp-content\/uploads\/2023\/02\/cropped-logo_colella_favicon.png","width":512,"height":512,"caption":"Colella"},"image":{"@id":"https:\/\/colellaweb.it\/#\/schema\/logo\/image\/"},"sameAs":["https:\/\/www.facebook.com\/rumoriincucina","https:\/\/www.instagram.com\/rumoriincucina"]}]}},"_links":{"self":[{"href":"https:\/\/colellaweb.it\/fr\/wp-json\/wp\/v2\/product\/13836","targetHints":{"allow":["GET"]}}],"collection":[{"href":"https:\/\/colellaweb.it\/fr\/wp-json\/wp\/v2\/product"}],"about":[{"href":"https:\/\/colellaweb.it\/fr\/wp-json\/wp\/v2\/types\/product"}],"version-history":[{"count":0,"href":"https:\/\/colellaweb.it\/fr\/wp-json\/wp\/v2\/product\/13836\/revisions"}],"wp:featuredmedia":[{"embeddable":true,"href":"https:\/\/colellaweb.it\/fr\/wp-json\/wp\/v2\/media\/13839"}],"wp:attachment":[{"href":"https:\/\/colellaweb.it\/fr\/wp-json\/wp\/v2\/media?parent=13836"}],"wp:term":[{"taxonomy":"product_brand","embeddable":true,"href":"https:\/\/colellaweb.it\/fr\/wp-json\/wp\/v2\/product_brand?post=13836"},{"taxonomy":"product_cat","embeddable":true,"href":"https:\/\/colellaweb.it\/fr\/wp-json\/wp\/v2\/product_cat?post=13836"},{"taxonomy":"product_tag","embeddable":true,"href":"https:\/\/colellaweb.it\/fr\/wp-json\/wp\/v2\/product_tag?post=13836"}],"curies":[{"name":"wp","href":"https:\/\/api.w.org\/{rel}","templated":true}]}}