{"id":12858,"date":"2023-08-02T15:05:24","date_gmt":"2023-08-02T13:05:24","guid":{"rendered":"https:\/\/colellaweb.it\/prodotto\/affettatrici-berkel-domina\/"},"modified":"2023-08-02T16:33:04","modified_gmt":"2023-08-02T14:33:04","slug":"affettatrici-berkel-domina","status":"publish","type":"product","link":"https:\/\/colellaweb.it\/fr\/prodotto\/affettatrici-berkel-domina\/","title":{"rendered":"TRANCHEUSES Berkel DOMINA"},"content":{"rendered":"<h5>CARACT\u00c9RISTIQUES PRINCIPALES :<\/h5>\n<ul>\n<li>Bouton ON\/OFF en acier inoxydable<\/li>\n<li>Syst\u00e8me Superglide \u00ae qui simplifie le glissement du produit en \u00e9vitant la surchauffe<\/li>\n<li>Transmission \u00e0 engrenages<\/li>\n<li>\u00c9paisseur minimale de la derni\u00e8re tranche pour minimiser les d\u00e9chets<\/li>\n<\/ul>\n<h5>COMPOSANTS AMOVIBLES POUR UN NETTOYAGE IMPECCABLE :<\/h5>\n<h6 class=\"p2\">POUR UN NETTOYAGE IMPECCABLE :<\/h6>\n<ul>\n<li>Aiguiseur<\/li>\n<li>D\u00e9flecteur de tranche en acier<\/li>\n<\/ul>\n<p>Disponible dans la version verticale et gravit\u00e9 dans les diam\u00e8tres de lame dans les mesures 315 mm \u2013 350 mm \u2013 370 mm<\/p>\n","protected":false},"excerpt":{"rendered":"<h4>L&#8217;ICONIQUE<\/h4>\n<h5>LE HAUT DE GAMME DES TRANCHEUSES PROFESSIONNELLES<\/h5>\n<p>La ligne DOMINA est con\u00e7ue pour \u00eatre parmi les lignes de trancheuses les plus performantes du march\u00e9. Design raffin\u00e9, d\u00e9tails en technopolym\u00e8re rouge, fonctionnel et de tr\u00e8s haute performance. Le glissement du produit a lieu sur la voile <strong>Superglide\u00ae<\/strong> qui minimise la surchauffe et maintient la saveur intacte.<\/p>\n<p>&nbsp;<\/p>\n","protected":false},"featured_media":12849,"template":"","meta":{"_acf_changed":false},"product_brand":[],"product_cat":[190,175,148],"product_tag":[],"class_list":{"0":"post-12858","1":"product","2":"type-product","3":"status-publish","4":"has-post-thumbnail","6":"product_cat-linea-professional","7":"product_cat-professionnel-vertical","8":"product_cat-trancheuses-a-jambon-electriques","10":"first","11":"instock","12":"shipping-taxable","13":"product-type-simple"},"acf":[],"yoast_head":"<!-- This site is optimized with the Yoast SEO plugin v26.7 - https:\/\/yoast.com\/wordpress\/plugins\/seo\/ -->\n<title>TRANCHEUSES Berkel DOMINA - Colella<\/title>\n<meta name=\"robots\" content=\"index, follow, max-snippet:-1, max-image-preview:large, max-video-preview:-1\" \/>\n<link rel=\"canonical\" href=\"https:\/\/colellaweb.it\/fr\/prodotto\/affettatrici-berkel-domina\/\" \/>\n<meta property=\"og:locale\" content=\"fr_FR\" \/>\n<meta property=\"og:type\" content=\"article\" \/>\n<meta property=\"og:title\" content=\"TRANCHEUSES Berkel DOMINA - Colella\" \/>\n<meta property=\"og:description\" content=\"L&#039;ICONIQUE LE HAUT DE GAMME DES TRANCHEUSES PROFESSIONNELLES La ligne DOMINA est con\u00e7ue pour \u00eatre parmi les lignes de trancheuses les plus performantes du march\u00e9. Design raffin\u00e9, d\u00e9tails en technopolym\u00e8re rouge, fonctionnel et de tr\u00e8s haute performance. Le glissement du produit a lieu sur la voile Superglide\u00ae qui minimise la surchauffe et maintient la saveur intacte.  &nbsp;\" \/>\n<meta property=\"og:url\" content=\"https:\/\/colellaweb.it\/fr\/prodotto\/affettatrici-berkel-domina\/\" \/>\n<meta property=\"og:site_name\" content=\"Colella\" \/>\n<meta property=\"article:publisher\" content=\"https:\/\/www.facebook.com\/rumoriincucina\" \/>\n<meta property=\"article:modified_time\" content=\"2023-08-02T14:33:04+00:00\" \/>\n<meta property=\"og:image\" content=\"https:\/\/colellaweb.it\/wp-content\/uploads\/2023\/08\/dom2.jpeg\" \/>\n\t<meta property=\"og:image:width\" content=\"1000\" \/>\n\t<meta property=\"og:image:height\" content=\"1000\" \/>\n\t<meta property=\"og:image:type\" content=\"image\/jpeg\" \/>\n<meta name=\"twitter:card\" content=\"summary_large_image\" \/>\n<meta name=\"twitter:label1\" content=\"Dur\u00e9e de lecture estim\u00e9e\" \/>\n\t<meta name=\"twitter:data1\" content=\"1 minute\" \/>\n<script type=\"application\/ld+json\" class=\"yoast-schema-graph\">{\"@context\":\"https:\/\/schema.org\",\"@graph\":[{\"@type\":\"WebPage\",\"@id\":\"https:\/\/colellaweb.it\/fr\/prodotto\/affettatrici-berkel-domina\/\",\"url\":\"https:\/\/colellaweb.it\/fr\/prodotto\/affettatrici-berkel-domina\/\",\"name\":\"TRANCHEUSES Berkel DOMINA - Colella\",\"isPartOf\":{\"@id\":\"https:\/\/colellaweb.it\/#website\"},\"primaryImageOfPage\":{\"@id\":\"https:\/\/colellaweb.it\/fr\/prodotto\/affettatrici-berkel-domina\/#primaryimage\"},\"image\":{\"@id\":\"https:\/\/colellaweb.it\/fr\/prodotto\/affettatrici-berkel-domina\/#primaryimage\"},\"thumbnailUrl\":\"https:\/\/colellaweb.it\/wp-content\/uploads\/2023\/08\/dom2.jpeg\",\"datePublished\":\"2023-08-02T13:05:24+00:00\",\"dateModified\":\"2023-08-02T14:33:04+00:00\",\"breadcrumb\":{\"@id\":\"https:\/\/colellaweb.it\/fr\/prodotto\/affettatrici-berkel-domina\/#breadcrumb\"},\"inLanguage\":\"fr-FR\",\"potentialAction\":[{\"@type\":\"ReadAction\",\"target\":[\"https:\/\/colellaweb.it\/fr\/prodotto\/affettatrici-berkel-domina\/\"]}]},{\"@type\":\"ImageObject\",\"inLanguage\":\"fr-FR\",\"@id\":\"https:\/\/colellaweb.it\/fr\/prodotto\/affettatrici-berkel-domina\/#primaryimage\",\"url\":\"https:\/\/colellaweb.it\/wp-content\/uploads\/2023\/08\/dom2.jpeg\",\"contentUrl\":\"https:\/\/colellaweb.it\/wp-content\/uploads\/2023\/08\/dom2.jpeg\",\"width\":1000,\"height\":1000},{\"@type\":\"BreadcrumbList\",\"@id\":\"https:\/\/colellaweb.it\/fr\/prodotto\/affettatrici-berkel-domina\/#breadcrumb\",\"itemListElement\":[{\"@type\":\"ListItem\",\"position\":1,\"name\":\"Home\",\"item\":\"https:\/\/colellaweb.it\/fr\/\"},{\"@type\":\"ListItem\",\"position\":2,\"name\":\"Shop\",\"item\":\"https:\/\/colellaweb.it\/negozio\/\"},{\"@type\":\"ListItem\",\"position\":3,\"name\":\"TRANCHEUSES Berkel DOMINA\"}]},{\"@type\":\"WebSite\",\"@id\":\"https:\/\/colellaweb.it\/#website\",\"url\":\"https:\/\/colellaweb.it\/\",\"name\":\"Colella\",\"description\":\"Rumori in cucina\",\"publisher\":{\"@id\":\"https:\/\/colellaweb.it\/#organization\"},\"potentialAction\":[{\"@type\":\"SearchAction\",\"target\":{\"@type\":\"EntryPoint\",\"urlTemplate\":\"https:\/\/colellaweb.it\/?s={search_term_string}\"},\"query-input\":{\"@type\":\"PropertyValueSpecification\",\"valueRequired\":true,\"valueName\":\"search_term_string\"}}],\"inLanguage\":\"fr-FR\"},{\"@type\":\"Organization\",\"@id\":\"https:\/\/colellaweb.it\/#organization\",\"name\":\"Colella\",\"url\":\"https:\/\/colellaweb.it\/\",\"logo\":{\"@type\":\"ImageObject\",\"inLanguage\":\"fr-FR\",\"@id\":\"https:\/\/colellaweb.it\/#\/schema\/logo\/image\/\",\"url\":\"https:\/\/colellaweb.it\/wp-content\/uploads\/2023\/02\/cropped-logo_colella_favicon.png\",\"contentUrl\":\"https:\/\/colellaweb.it\/wp-content\/uploads\/2023\/02\/cropped-logo_colella_favicon.png\",\"width\":512,\"height\":512,\"caption\":\"Colella\"},\"image\":{\"@id\":\"https:\/\/colellaweb.it\/#\/schema\/logo\/image\/\"},\"sameAs\":[\"https:\/\/www.facebook.com\/rumoriincucina\",\"https:\/\/www.instagram.com\/rumoriincucina\"]}]}<\/script>\n<!-- \/ Yoast SEO plugin. -->","yoast_head_json":{"title":"TRANCHEUSES Berkel DOMINA - Colella","robots":{"index":"index","follow":"follow","max-snippet":"max-snippet:-1","max-image-preview":"max-image-preview:large","max-video-preview":"max-video-preview:-1"},"canonical":"https:\/\/colellaweb.it\/fr\/prodotto\/affettatrici-berkel-domina\/","og_locale":"fr_FR","og_type":"article","og_title":"TRANCHEUSES Berkel DOMINA - Colella","og_description":"L'ICONIQUE LE HAUT DE GAMME DES TRANCHEUSES PROFESSIONNELLES La ligne DOMINA est con\u00e7ue pour \u00eatre parmi les lignes de trancheuses les plus performantes du march\u00e9. Design raffin\u00e9, d\u00e9tails en technopolym\u00e8re rouge, fonctionnel et de tr\u00e8s haute performance. Le glissement du produit a lieu sur la voile Superglide\u00ae qui minimise la surchauffe et maintient la saveur intacte.  &nbsp;","og_url":"https:\/\/colellaweb.it\/fr\/prodotto\/affettatrici-berkel-domina\/","og_site_name":"Colella","article_publisher":"https:\/\/www.facebook.com\/rumoriincucina","article_modified_time":"2023-08-02T14:33:04+00:00","og_image":[{"width":1000,"height":1000,"url":"https:\/\/colellaweb.it\/wp-content\/uploads\/2023\/08\/dom2.jpeg","type":"image\/jpeg"}],"twitter_card":"summary_large_image","twitter_misc":{"Dur\u00e9e de lecture estim\u00e9e":"1 minute"},"schema":{"@context":"https:\/\/schema.org","@graph":[{"@type":"WebPage","@id":"https:\/\/colellaweb.it\/fr\/prodotto\/affettatrici-berkel-domina\/","url":"https:\/\/colellaweb.it\/fr\/prodotto\/affettatrici-berkel-domina\/","name":"TRANCHEUSES Berkel DOMINA - Colella","isPartOf":{"@id":"https:\/\/colellaweb.it\/#website"},"primaryImageOfPage":{"@id":"https:\/\/colellaweb.it\/fr\/prodotto\/affettatrici-berkel-domina\/#primaryimage"},"image":{"@id":"https:\/\/colellaweb.it\/fr\/prodotto\/affettatrici-berkel-domina\/#primaryimage"},"thumbnailUrl":"https:\/\/colellaweb.it\/wp-content\/uploads\/2023\/08\/dom2.jpeg","datePublished":"2023-08-02T13:05:24+00:00","dateModified":"2023-08-02T14:33:04+00:00","breadcrumb":{"@id":"https:\/\/colellaweb.it\/fr\/prodotto\/affettatrici-berkel-domina\/#breadcrumb"},"inLanguage":"fr-FR","potentialAction":[{"@type":"ReadAction","target":["https:\/\/colellaweb.it\/fr\/prodotto\/affettatrici-berkel-domina\/"]}]},{"@type":"ImageObject","inLanguage":"fr-FR","@id":"https:\/\/colellaweb.it\/fr\/prodotto\/affettatrici-berkel-domina\/#primaryimage","url":"https:\/\/colellaweb.it\/wp-content\/uploads\/2023\/08\/dom2.jpeg","contentUrl":"https:\/\/colellaweb.it\/wp-content\/uploads\/2023\/08\/dom2.jpeg","width":1000,"height":1000},{"@type":"BreadcrumbList","@id":"https:\/\/colellaweb.it\/fr\/prodotto\/affettatrici-berkel-domina\/#breadcrumb","itemListElement":[{"@type":"ListItem","position":1,"name":"Home","item":"https:\/\/colellaweb.it\/fr\/"},{"@type":"ListItem","position":2,"name":"Shop","item":"https:\/\/colellaweb.it\/negozio\/"},{"@type":"ListItem","position":3,"name":"TRANCHEUSES Berkel DOMINA"}]},{"@type":"WebSite","@id":"https:\/\/colellaweb.it\/#website","url":"https:\/\/colellaweb.it\/","name":"Colella","description":"Rumori in cucina","publisher":{"@id":"https:\/\/colellaweb.it\/#organization"},"potentialAction":[{"@type":"SearchAction","target":{"@type":"EntryPoint","urlTemplate":"https:\/\/colellaweb.it\/?s={search_term_string}"},"query-input":{"@type":"PropertyValueSpecification","valueRequired":true,"valueName":"search_term_string"}}],"inLanguage":"fr-FR"},{"@type":"Organization","@id":"https:\/\/colellaweb.it\/#organization","name":"Colella","url":"https:\/\/colellaweb.it\/","logo":{"@type":"ImageObject","inLanguage":"fr-FR","@id":"https:\/\/colellaweb.it\/#\/schema\/logo\/image\/","url":"https:\/\/colellaweb.it\/wp-content\/uploads\/2023\/02\/cropped-logo_colella_favicon.png","contentUrl":"https:\/\/colellaweb.it\/wp-content\/uploads\/2023\/02\/cropped-logo_colella_favicon.png","width":512,"height":512,"caption":"Colella"},"image":{"@id":"https:\/\/colellaweb.it\/#\/schema\/logo\/image\/"},"sameAs":["https:\/\/www.facebook.com\/rumoriincucina","https:\/\/www.instagram.com\/rumoriincucina"]}]}},"_links":{"self":[{"href":"https:\/\/colellaweb.it\/fr\/wp-json\/wp\/v2\/product\/12858","targetHints":{"allow":["GET"]}}],"collection":[{"href":"https:\/\/colellaweb.it\/fr\/wp-json\/wp\/v2\/product"}],"about":[{"href":"https:\/\/colellaweb.it\/fr\/wp-json\/wp\/v2\/types\/product"}],"version-history":[{"count":0,"href":"https:\/\/colellaweb.it\/fr\/wp-json\/wp\/v2\/product\/12858\/revisions"}],"wp:featuredmedia":[{"embeddable":true,"href":"https:\/\/colellaweb.it\/fr\/wp-json\/wp\/v2\/media\/12849"}],"wp:attachment":[{"href":"https:\/\/colellaweb.it\/fr\/wp-json\/wp\/v2\/media?parent=12858"}],"wp:term":[{"taxonomy":"product_brand","embeddable":true,"href":"https:\/\/colellaweb.it\/fr\/wp-json\/wp\/v2\/product_brand?post=12858"},{"taxonomy":"product_cat","embeddable":true,"href":"https:\/\/colellaweb.it\/fr\/wp-json\/wp\/v2\/product_cat?post=12858"},{"taxonomy":"product_tag","embeddable":true,"href":"https:\/\/colellaweb.it\/fr\/wp-json\/wp\/v2\/product_tag?post=12858"}],"curies":[{"name":"wp","href":"https:\/\/api.w.org\/{rel}","templated":true}]}}