{"id":12810,"date":"2023-08-01T14:22:10","date_gmt":"2023-08-01T12:22:10","guid":{"rendered":"https:\/\/colellaweb.it\/?post_type=product&#038;p=12810"},"modified":"2023-08-08T07:06:26","modified_gmt":"2023-08-08T05:06:26","slug":"berkel-essentia","status":"publish","type":"product","link":"https:\/\/colellaweb.it\/fr\/prodotto\/berkel-essentia\/","title":{"rendered":"Trancheuse BERKEL ESSENTIA"},"content":{"rendered":"<p>Les types de moteurs sont fiables et le type de coupe est pr\u00e9cis con\u00e7u pour une utilisation de moyenne \u00e0 \u00e9lev\u00e9e.<\/p>\n<p class=\"p1\"><strong>Pi\u00e8ces amovibles pour le nettoyage :<\/strong><\/p>\n<ul>\n<li class=\"p1\">disque couvre-lame<\/li>\n<li class=\"p1\">plateau porte-produit<\/li>\n<li>parafetta<\/li>\n<li class=\"p1\">presse-produit<\/li>\n<li class=\"p1\">affuteur<\/li>\n<\/ul>\n<p>&nbsp;<\/p>\n","protected":false},"excerpt":{"rendered":"<h4 class=\"p1\">L&#8217;ESSENTIELLE<\/h4>\n<h5 class=\"p1\">LA PR\u00c9CISION QUE VOUS SOUHAITEZ<\/h5>\n<p class=\"p1\">La ligne Berkel ESSENTIA comprend la s\u00e9rie de trancheuses Berkel de r\u00e9sistance ad\u00e9quate, avec une\u00a0grande capacit\u00e9 de coupe\u00a0et con\u00e7ue pour minimiser l&#8217;effort de l&#8217;op\u00e9rateur pendant l&#8217;utilisation.<\/p>\n<p class=\"p1\">Disponible en diff\u00e9rents types de diam\u00e8tre de lame :<\/p>\n<ul>\n<li>300 mm : BES 300<\/li>\n<li>350 mm : BES 350<\/li>\n<li>370 mm : BES 370<\/li>\n<\/ul>\n<p><strong>Demander un conseil \u00e0 l&#8217;\u00e9quipe Colella..elle sera ravie de comprendre vos besoins!<\/strong><\/p>\n","protected":false},"featured_media":12793,"template":"","meta":{"_acf_changed":false},"product_brand":[],"product_cat":[190,175,148],"product_tag":[],"class_list":{"0":"post-12810","1":"product","2":"type-product","3":"status-publish","4":"has-post-thumbnail","6":"product_cat-linea-professional","7":"product_cat-professionnel-vertical","8":"product_cat-trancheuses-a-jambon-electriques","10":"first","11":"instock","12":"shipping-taxable","13":"product-type-simple"},"acf":[],"yoast_head":"<!-- This site is optimized with the Yoast SEO plugin v26.7 - https:\/\/yoast.com\/wordpress\/plugins\/seo\/ -->\n<title>Trancheuse BERKEL ESSENTIA - Colella<\/title>\n<meta name=\"robots\" content=\"index, follow, max-snippet:-1, max-image-preview:large, max-video-preview:-1\" \/>\n<link rel=\"canonical\" href=\"https:\/\/colellaweb.it\/fr\/prodotto\/berkel-essentia\/\" \/>\n<meta property=\"og:locale\" content=\"fr_FR\" \/>\n<meta property=\"og:type\" content=\"article\" \/>\n<meta property=\"og:title\" content=\"Trancheuse BERKEL ESSENTIA - Colella\" \/>\n<meta property=\"og:description\" content=\"L&#039;ESSENTIELLE LA PR\u00c9CISION QUE VOUS SOUHAITEZ La ligne Berkel ESSENTIA comprend la s\u00e9rie de trancheuses Berkel de r\u00e9sistance ad\u00e9quate, avec une\u00a0grande capacit\u00e9 de coupe\u00a0et con\u00e7ue pour minimiser l&#039;effort de l&#039;op\u00e9rateur pendant l&#039;utilisation. Disponible en diff\u00e9rents types de diam\u00e8tre de lame :    300 mm : BES 300  350 mm : BES 350  370 mm : BES 370  Demander un conseil \u00e0 l&#039;\u00e9quipe Colella..elle sera ravie de comprendre vos besoins!\" \/>\n<meta property=\"og:url\" content=\"https:\/\/colellaweb.it\/fr\/prodotto\/berkel-essentia\/\" \/>\n<meta property=\"og:site_name\" content=\"Colella\" \/>\n<meta property=\"article:publisher\" content=\"https:\/\/www.facebook.com\/rumoriincucina\" \/>\n<meta property=\"article:modified_time\" content=\"2023-08-08T05:06:26+00:00\" \/>\n<meta property=\"og:image\" content=\"https:\/\/colellaweb.it\/wp-content\/uploads\/2023\/08\/2-ess.jpeg\" \/>\n\t<meta property=\"og:image:width\" content=\"1200\" \/>\n\t<meta property=\"og:image:height\" content=\"1200\" \/>\n\t<meta property=\"og:image:type\" content=\"image\/jpeg\" \/>\n<meta name=\"twitter:card\" content=\"summary_large_image\" \/>\n<meta name=\"twitter:label1\" content=\"Dur\u00e9e de lecture estim\u00e9e\" \/>\n\t<meta name=\"twitter:data1\" content=\"1 minute\" \/>\n<script type=\"application\/ld+json\" class=\"yoast-schema-graph\">{\"@context\":\"https:\/\/schema.org\",\"@graph\":[{\"@type\":\"WebPage\",\"@id\":\"https:\/\/colellaweb.it\/fr\/prodotto\/berkel-essentia\/\",\"url\":\"https:\/\/colellaweb.it\/fr\/prodotto\/berkel-essentia\/\",\"name\":\"Trancheuse BERKEL ESSENTIA - Colella\",\"isPartOf\":{\"@id\":\"https:\/\/colellaweb.it\/#website\"},\"primaryImageOfPage\":{\"@id\":\"https:\/\/colellaweb.it\/fr\/prodotto\/berkel-essentia\/#primaryimage\"},\"image\":{\"@id\":\"https:\/\/colellaweb.it\/fr\/prodotto\/berkel-essentia\/#primaryimage\"},\"thumbnailUrl\":\"https:\/\/colellaweb.it\/wp-content\/uploads\/2023\/08\/2-ess.jpeg\",\"datePublished\":\"2023-08-01T12:22:10+00:00\",\"dateModified\":\"2023-08-08T05:06:26+00:00\",\"breadcrumb\":{\"@id\":\"https:\/\/colellaweb.it\/fr\/prodotto\/berkel-essentia\/#breadcrumb\"},\"inLanguage\":\"fr-FR\",\"potentialAction\":[{\"@type\":\"ReadAction\",\"target\":[\"https:\/\/colellaweb.it\/fr\/prodotto\/berkel-essentia\/\"]}]},{\"@type\":\"ImageObject\",\"inLanguage\":\"fr-FR\",\"@id\":\"https:\/\/colellaweb.it\/fr\/prodotto\/berkel-essentia\/#primaryimage\",\"url\":\"https:\/\/colellaweb.it\/wp-content\/uploads\/2023\/08\/2-ess.jpeg\",\"contentUrl\":\"https:\/\/colellaweb.it\/wp-content\/uploads\/2023\/08\/2-ess.jpeg\",\"width\":1200,\"height\":1200},{\"@type\":\"BreadcrumbList\",\"@id\":\"https:\/\/colellaweb.it\/fr\/prodotto\/berkel-essentia\/#breadcrumb\",\"itemListElement\":[{\"@type\":\"ListItem\",\"position\":1,\"name\":\"Home\",\"item\":\"https:\/\/colellaweb.it\/fr\/\"},{\"@type\":\"ListItem\",\"position\":2,\"name\":\"Shop\",\"item\":\"https:\/\/colellaweb.it\/negozio\/\"},{\"@type\":\"ListItem\",\"position\":3,\"name\":\"Trancheuse BERKEL ESSENTIA\"}]},{\"@type\":\"WebSite\",\"@id\":\"https:\/\/colellaweb.it\/#website\",\"url\":\"https:\/\/colellaweb.it\/\",\"name\":\"Colella\",\"description\":\"Rumori in cucina\",\"publisher\":{\"@id\":\"https:\/\/colellaweb.it\/#organization\"},\"potentialAction\":[{\"@type\":\"SearchAction\",\"target\":{\"@type\":\"EntryPoint\",\"urlTemplate\":\"https:\/\/colellaweb.it\/?s={search_term_string}\"},\"query-input\":{\"@type\":\"PropertyValueSpecification\",\"valueRequired\":true,\"valueName\":\"search_term_string\"}}],\"inLanguage\":\"fr-FR\"},{\"@type\":\"Organization\",\"@id\":\"https:\/\/colellaweb.it\/#organization\",\"name\":\"Colella\",\"url\":\"https:\/\/colellaweb.it\/\",\"logo\":{\"@type\":\"ImageObject\",\"inLanguage\":\"fr-FR\",\"@id\":\"https:\/\/colellaweb.it\/#\/schema\/logo\/image\/\",\"url\":\"https:\/\/colellaweb.it\/wp-content\/uploads\/2023\/02\/cropped-logo_colella_favicon.png\",\"contentUrl\":\"https:\/\/colellaweb.it\/wp-content\/uploads\/2023\/02\/cropped-logo_colella_favicon.png\",\"width\":512,\"height\":512,\"caption\":\"Colella\"},\"image\":{\"@id\":\"https:\/\/colellaweb.it\/#\/schema\/logo\/image\/\"},\"sameAs\":[\"https:\/\/www.facebook.com\/rumoriincucina\",\"https:\/\/www.instagram.com\/rumoriincucina\"]}]}<\/script>\n<!-- \/ Yoast SEO plugin. -->","yoast_head_json":{"title":"Trancheuse BERKEL ESSENTIA - Colella","robots":{"index":"index","follow":"follow","max-snippet":"max-snippet:-1","max-image-preview":"max-image-preview:large","max-video-preview":"max-video-preview:-1"},"canonical":"https:\/\/colellaweb.it\/fr\/prodotto\/berkel-essentia\/","og_locale":"fr_FR","og_type":"article","og_title":"Trancheuse BERKEL ESSENTIA - Colella","og_description":"L'ESSENTIELLE LA PR\u00c9CISION QUE VOUS SOUHAITEZ La ligne Berkel ESSENTIA comprend la s\u00e9rie de trancheuses Berkel de r\u00e9sistance ad\u00e9quate, avec une\u00a0grande capacit\u00e9 de coupe\u00a0et con\u00e7ue pour minimiser l'effort de l'op\u00e9rateur pendant l'utilisation. Disponible en diff\u00e9rents types de diam\u00e8tre de lame :    300 mm : BES 300  350 mm : BES 350  370 mm : BES 370  Demander un conseil \u00e0 l'\u00e9quipe Colella..elle sera ravie de comprendre vos besoins!","og_url":"https:\/\/colellaweb.it\/fr\/prodotto\/berkel-essentia\/","og_site_name":"Colella","article_publisher":"https:\/\/www.facebook.com\/rumoriincucina","article_modified_time":"2023-08-08T05:06:26+00:00","og_image":[{"width":1200,"height":1200,"url":"https:\/\/colellaweb.it\/wp-content\/uploads\/2023\/08\/2-ess.jpeg","type":"image\/jpeg"}],"twitter_card":"summary_large_image","twitter_misc":{"Dur\u00e9e de lecture estim\u00e9e":"1 minute"},"schema":{"@context":"https:\/\/schema.org","@graph":[{"@type":"WebPage","@id":"https:\/\/colellaweb.it\/fr\/prodotto\/berkel-essentia\/","url":"https:\/\/colellaweb.it\/fr\/prodotto\/berkel-essentia\/","name":"Trancheuse BERKEL ESSENTIA - Colella","isPartOf":{"@id":"https:\/\/colellaweb.it\/#website"},"primaryImageOfPage":{"@id":"https:\/\/colellaweb.it\/fr\/prodotto\/berkel-essentia\/#primaryimage"},"image":{"@id":"https:\/\/colellaweb.it\/fr\/prodotto\/berkel-essentia\/#primaryimage"},"thumbnailUrl":"https:\/\/colellaweb.it\/wp-content\/uploads\/2023\/08\/2-ess.jpeg","datePublished":"2023-08-01T12:22:10+00:00","dateModified":"2023-08-08T05:06:26+00:00","breadcrumb":{"@id":"https:\/\/colellaweb.it\/fr\/prodotto\/berkel-essentia\/#breadcrumb"},"inLanguage":"fr-FR","potentialAction":[{"@type":"ReadAction","target":["https:\/\/colellaweb.it\/fr\/prodotto\/berkel-essentia\/"]}]},{"@type":"ImageObject","inLanguage":"fr-FR","@id":"https:\/\/colellaweb.it\/fr\/prodotto\/berkel-essentia\/#primaryimage","url":"https:\/\/colellaweb.it\/wp-content\/uploads\/2023\/08\/2-ess.jpeg","contentUrl":"https:\/\/colellaweb.it\/wp-content\/uploads\/2023\/08\/2-ess.jpeg","width":1200,"height":1200},{"@type":"BreadcrumbList","@id":"https:\/\/colellaweb.it\/fr\/prodotto\/berkel-essentia\/#breadcrumb","itemListElement":[{"@type":"ListItem","position":1,"name":"Home","item":"https:\/\/colellaweb.it\/fr\/"},{"@type":"ListItem","position":2,"name":"Shop","item":"https:\/\/colellaweb.it\/negozio\/"},{"@type":"ListItem","position":3,"name":"Trancheuse BERKEL ESSENTIA"}]},{"@type":"WebSite","@id":"https:\/\/colellaweb.it\/#website","url":"https:\/\/colellaweb.it\/","name":"Colella","description":"Rumori in cucina","publisher":{"@id":"https:\/\/colellaweb.it\/#organization"},"potentialAction":[{"@type":"SearchAction","target":{"@type":"EntryPoint","urlTemplate":"https:\/\/colellaweb.it\/?s={search_term_string}"},"query-input":{"@type":"PropertyValueSpecification","valueRequired":true,"valueName":"search_term_string"}}],"inLanguage":"fr-FR"},{"@type":"Organization","@id":"https:\/\/colellaweb.it\/#organization","name":"Colella","url":"https:\/\/colellaweb.it\/","logo":{"@type":"ImageObject","inLanguage":"fr-FR","@id":"https:\/\/colellaweb.it\/#\/schema\/logo\/image\/","url":"https:\/\/colellaweb.it\/wp-content\/uploads\/2023\/02\/cropped-logo_colella_favicon.png","contentUrl":"https:\/\/colellaweb.it\/wp-content\/uploads\/2023\/02\/cropped-logo_colella_favicon.png","width":512,"height":512,"caption":"Colella"},"image":{"@id":"https:\/\/colellaweb.it\/#\/schema\/logo\/image\/"},"sameAs":["https:\/\/www.facebook.com\/rumoriincucina","https:\/\/www.instagram.com\/rumoriincucina"]}]}},"_links":{"self":[{"href":"https:\/\/colellaweb.it\/fr\/wp-json\/wp\/v2\/product\/12810","targetHints":{"allow":["GET"]}}],"collection":[{"href":"https:\/\/colellaweb.it\/fr\/wp-json\/wp\/v2\/product"}],"about":[{"href":"https:\/\/colellaweb.it\/fr\/wp-json\/wp\/v2\/types\/product"}],"version-history":[{"count":0,"href":"https:\/\/colellaweb.it\/fr\/wp-json\/wp\/v2\/product\/12810\/revisions"}],"wp:featuredmedia":[{"embeddable":true,"href":"https:\/\/colellaweb.it\/fr\/wp-json\/wp\/v2\/media\/12793"}],"wp:attachment":[{"href":"https:\/\/colellaweb.it\/fr\/wp-json\/wp\/v2\/media?parent=12810"}],"wp:term":[{"taxonomy":"product_brand","embeddable":true,"href":"https:\/\/colellaweb.it\/fr\/wp-json\/wp\/v2\/product_brand?post=12810"},{"taxonomy":"product_cat","embeddable":true,"href":"https:\/\/colellaweb.it\/fr\/wp-json\/wp\/v2\/product_cat?post=12810"},{"taxonomy":"product_tag","embeddable":true,"href":"https:\/\/colellaweb.it\/fr\/wp-json\/wp\/v2\/product_tag?post=12810"}],"curies":[{"name":"wp","href":"https:\/\/api.w.org\/{rel}","templated":true}]}}