{"id":12724,"date":"2023-07-31T15:56:03","date_gmt":"2023-07-31T13:56:03","guid":{"rendered":"https:\/\/colellaweb.it\/?post_type=product&#038;p=12724"},"modified":"2023-08-01T14:00:11","modified_gmt":"2023-08-01T12:00:11","slug":"affettatrici-berkel-suprema","status":"publish","type":"product","link":"https:\/\/colellaweb.it\/fr\/prodotto\/affettatrici-berkel-suprema\/","title":{"rendered":"Trancheuses Berkel SUPREMA"},"content":{"rendered":"<p><strong>D\u00e9tails en acier lavables au lave-vaisselle !<\/strong><\/p>\n<ul>\n<li>Parafetta<\/li>\n<li>Plateau porte produit<\/li>\n<li>porte-produit avec nervures d\u00e9coup\u00e9es au laser<\/li>\n<\/ul>\n<p>La forme du presse-produit permet de couper jusqu&#8217;\u00e0 la derni\u00e8re tranche !<\/p>\n<p>&nbsp;<\/p>\n","protected":false},"excerpt":{"rendered":"<h4>L&#8217;EXCEPTIONNELLE<\/h4>\n<h5>Le luxe de la pr\u00e9cision<\/h5>\n<p>Suprema est la ligne la plus performante cr\u00e9\u00e9e pour les plus exigeants, qui veulent une coupe impeccable, la souplesse du charriot et une simplicit\u00e9 de nettoyage. Cette gamme de trancheuses est con\u00e7ue pour minimiser les d\u00e9chets, contribuant ainsi \u00e0 des \u00e9conomies sur les co\u00fbts de fonctionnement de votre entreprise.<\/p>\n<p>Disponible dans diff\u00e9rentes diam\u00e8tres de lame:<\/p>\n<ul>\n<li>315 mm Mod. PES 315<\/li>\n<li>350 mm Mod. PES 350<\/li>\n<li>370 mm Mod. PES 370<\/li>\n<\/ul>\n","protected":false},"featured_media":12727,"template":"","meta":{"_acf_changed":false},"product_brand":[],"product_cat":[190,175,148],"product_tag":[],"class_list":{"0":"post-12724","1":"product","2":"type-product","3":"status-publish","4":"has-post-thumbnail","6":"product_cat-linea-professional","7":"product_cat-professionnel-vertical","8":"product_cat-trancheuses-a-jambon-electriques","10":"first","11":"instock","12":"shipping-taxable","13":"product-type-simple"},"acf":[],"yoast_head":"<!-- This site is optimized with the Yoast SEO plugin v26.7 - https:\/\/yoast.com\/wordpress\/plugins\/seo\/ -->\n<title>Trancheuses Berkel SUPREMA - Colella<\/title>\n<meta name=\"robots\" content=\"index, follow, max-snippet:-1, max-image-preview:large, max-video-preview:-1\" \/>\n<link rel=\"canonical\" href=\"https:\/\/colellaweb.it\/fr\/prodotto\/affettatrici-berkel-suprema\/\" \/>\n<meta property=\"og:locale\" content=\"fr_FR\" \/>\n<meta property=\"og:type\" content=\"article\" \/>\n<meta property=\"og:title\" content=\"Trancheuses Berkel SUPREMA - Colella\" \/>\n<meta property=\"og:description\" content=\"L&#039;EXCEPTIONNELLE Le luxe de la pr\u00e9cision Suprema est la ligne la plus performante cr\u00e9\u00e9e pour les plus exigeants, qui veulent une coupe impeccable, la souplesse du charriot et une simplicit\u00e9 de nettoyage. Cette gamme de trancheuses est con\u00e7ue pour minimiser les d\u00e9chets, contribuant ainsi \u00e0 des \u00e9conomies sur les co\u00fbts de fonctionnement de votre entreprise.  Disponible dans diff\u00e9rentes diam\u00e8tres de lame:   315 mm Mod. PES 315  350 mm Mod. PES 350  370 mm Mod. PES 370\" \/>\n<meta property=\"og:url\" content=\"https:\/\/colellaweb.it\/fr\/prodotto\/affettatrici-berkel-suprema\/\" \/>\n<meta property=\"og:site_name\" content=\"Colella\" \/>\n<meta property=\"article:publisher\" content=\"https:\/\/www.facebook.com\/rumoriincucina\" \/>\n<meta property=\"article:modified_time\" content=\"2023-08-01T12:00:11+00:00\" \/>\n<meta property=\"og:image\" content=\"https:\/\/colellaweb.it\/wp-content\/uploads\/2023\/07\/pes3.jpeg\" \/>\n\t<meta property=\"og:image:width\" content=\"1000\" \/>\n\t<meta property=\"og:image:height\" content=\"1000\" \/>\n\t<meta property=\"og:image:type\" content=\"image\/jpeg\" \/>\n<meta name=\"twitter:card\" content=\"summary_large_image\" \/>\n<meta name=\"twitter:label1\" content=\"Dur\u00e9e de lecture estim\u00e9e\" \/>\n\t<meta name=\"twitter:data1\" content=\"1 minute\" \/>\n<script type=\"application\/ld+json\" class=\"yoast-schema-graph\">{\"@context\":\"https:\/\/schema.org\",\"@graph\":[{\"@type\":\"WebPage\",\"@id\":\"https:\/\/colellaweb.it\/fr\/prodotto\/affettatrici-berkel-suprema\/\",\"url\":\"https:\/\/colellaweb.it\/fr\/prodotto\/affettatrici-berkel-suprema\/\",\"name\":\"Trancheuses Berkel SUPREMA - Colella\",\"isPartOf\":{\"@id\":\"https:\/\/colellaweb.it\/#website\"},\"primaryImageOfPage\":{\"@id\":\"https:\/\/colellaweb.it\/fr\/prodotto\/affettatrici-berkel-suprema\/#primaryimage\"},\"image\":{\"@id\":\"https:\/\/colellaweb.it\/fr\/prodotto\/affettatrici-berkel-suprema\/#primaryimage\"},\"thumbnailUrl\":\"https:\/\/colellaweb.it\/wp-content\/uploads\/2023\/07\/pes3.jpeg\",\"datePublished\":\"2023-07-31T13:56:03+00:00\",\"dateModified\":\"2023-08-01T12:00:11+00:00\",\"breadcrumb\":{\"@id\":\"https:\/\/colellaweb.it\/fr\/prodotto\/affettatrici-berkel-suprema\/#breadcrumb\"},\"inLanguage\":\"fr-FR\",\"potentialAction\":[{\"@type\":\"ReadAction\",\"target\":[\"https:\/\/colellaweb.it\/fr\/prodotto\/affettatrici-berkel-suprema\/\"]}]},{\"@type\":\"ImageObject\",\"inLanguage\":\"fr-FR\",\"@id\":\"https:\/\/colellaweb.it\/fr\/prodotto\/affettatrici-berkel-suprema\/#primaryimage\",\"url\":\"https:\/\/colellaweb.it\/wp-content\/uploads\/2023\/07\/pes3.jpeg\",\"contentUrl\":\"https:\/\/colellaweb.it\/wp-content\/uploads\/2023\/07\/pes3.jpeg\",\"width\":1000,\"height\":1000},{\"@type\":\"BreadcrumbList\",\"@id\":\"https:\/\/colellaweb.it\/fr\/prodotto\/affettatrici-berkel-suprema\/#breadcrumb\",\"itemListElement\":[{\"@type\":\"ListItem\",\"position\":1,\"name\":\"Home\",\"item\":\"https:\/\/colellaweb.it\/fr\/\"},{\"@type\":\"ListItem\",\"position\":2,\"name\":\"Shop\",\"item\":\"https:\/\/colellaweb.it\/negozio\/\"},{\"@type\":\"ListItem\",\"position\":3,\"name\":\"Trancheuses Berkel SUPREMA\"}]},{\"@type\":\"WebSite\",\"@id\":\"https:\/\/colellaweb.it\/#website\",\"url\":\"https:\/\/colellaweb.it\/\",\"name\":\"Colella\",\"description\":\"Rumori in cucina\",\"publisher\":{\"@id\":\"https:\/\/colellaweb.it\/#organization\"},\"potentialAction\":[{\"@type\":\"SearchAction\",\"target\":{\"@type\":\"EntryPoint\",\"urlTemplate\":\"https:\/\/colellaweb.it\/?s={search_term_string}\"},\"query-input\":{\"@type\":\"PropertyValueSpecification\",\"valueRequired\":true,\"valueName\":\"search_term_string\"}}],\"inLanguage\":\"fr-FR\"},{\"@type\":\"Organization\",\"@id\":\"https:\/\/colellaweb.it\/#organization\",\"name\":\"Colella\",\"url\":\"https:\/\/colellaweb.it\/\",\"logo\":{\"@type\":\"ImageObject\",\"inLanguage\":\"fr-FR\",\"@id\":\"https:\/\/colellaweb.it\/#\/schema\/logo\/image\/\",\"url\":\"https:\/\/colellaweb.it\/wp-content\/uploads\/2023\/02\/cropped-logo_colella_favicon.png\",\"contentUrl\":\"https:\/\/colellaweb.it\/wp-content\/uploads\/2023\/02\/cropped-logo_colella_favicon.png\",\"width\":512,\"height\":512,\"caption\":\"Colella\"},\"image\":{\"@id\":\"https:\/\/colellaweb.it\/#\/schema\/logo\/image\/\"},\"sameAs\":[\"https:\/\/www.facebook.com\/rumoriincucina\",\"https:\/\/www.instagram.com\/rumoriincucina\"]}]}<\/script>\n<!-- \/ Yoast SEO plugin. -->","yoast_head_json":{"title":"Trancheuses Berkel SUPREMA - Colella","robots":{"index":"index","follow":"follow","max-snippet":"max-snippet:-1","max-image-preview":"max-image-preview:large","max-video-preview":"max-video-preview:-1"},"canonical":"https:\/\/colellaweb.it\/fr\/prodotto\/affettatrici-berkel-suprema\/","og_locale":"fr_FR","og_type":"article","og_title":"Trancheuses Berkel SUPREMA - Colella","og_description":"L'EXCEPTIONNELLE Le luxe de la pr\u00e9cision Suprema est la ligne la plus performante cr\u00e9\u00e9e pour les plus exigeants, qui veulent une coupe impeccable, la souplesse du charriot et une simplicit\u00e9 de nettoyage. Cette gamme de trancheuses est con\u00e7ue pour minimiser les d\u00e9chets, contribuant ainsi \u00e0 des \u00e9conomies sur les co\u00fbts de fonctionnement de votre entreprise.  Disponible dans diff\u00e9rentes diam\u00e8tres de lame:   315 mm Mod. PES 315  350 mm Mod. PES 350  370 mm Mod. PES 370","og_url":"https:\/\/colellaweb.it\/fr\/prodotto\/affettatrici-berkel-suprema\/","og_site_name":"Colella","article_publisher":"https:\/\/www.facebook.com\/rumoriincucina","article_modified_time":"2023-08-01T12:00:11+00:00","og_image":[{"width":1000,"height":1000,"url":"https:\/\/colellaweb.it\/wp-content\/uploads\/2023\/07\/pes3.jpeg","type":"image\/jpeg"}],"twitter_card":"summary_large_image","twitter_misc":{"Dur\u00e9e de lecture estim\u00e9e":"1 minute"},"schema":{"@context":"https:\/\/schema.org","@graph":[{"@type":"WebPage","@id":"https:\/\/colellaweb.it\/fr\/prodotto\/affettatrici-berkel-suprema\/","url":"https:\/\/colellaweb.it\/fr\/prodotto\/affettatrici-berkel-suprema\/","name":"Trancheuses Berkel SUPREMA - Colella","isPartOf":{"@id":"https:\/\/colellaweb.it\/#website"},"primaryImageOfPage":{"@id":"https:\/\/colellaweb.it\/fr\/prodotto\/affettatrici-berkel-suprema\/#primaryimage"},"image":{"@id":"https:\/\/colellaweb.it\/fr\/prodotto\/affettatrici-berkel-suprema\/#primaryimage"},"thumbnailUrl":"https:\/\/colellaweb.it\/wp-content\/uploads\/2023\/07\/pes3.jpeg","datePublished":"2023-07-31T13:56:03+00:00","dateModified":"2023-08-01T12:00:11+00:00","breadcrumb":{"@id":"https:\/\/colellaweb.it\/fr\/prodotto\/affettatrici-berkel-suprema\/#breadcrumb"},"inLanguage":"fr-FR","potentialAction":[{"@type":"ReadAction","target":["https:\/\/colellaweb.it\/fr\/prodotto\/affettatrici-berkel-suprema\/"]}]},{"@type":"ImageObject","inLanguage":"fr-FR","@id":"https:\/\/colellaweb.it\/fr\/prodotto\/affettatrici-berkel-suprema\/#primaryimage","url":"https:\/\/colellaweb.it\/wp-content\/uploads\/2023\/07\/pes3.jpeg","contentUrl":"https:\/\/colellaweb.it\/wp-content\/uploads\/2023\/07\/pes3.jpeg","width":1000,"height":1000},{"@type":"BreadcrumbList","@id":"https:\/\/colellaweb.it\/fr\/prodotto\/affettatrici-berkel-suprema\/#breadcrumb","itemListElement":[{"@type":"ListItem","position":1,"name":"Home","item":"https:\/\/colellaweb.it\/fr\/"},{"@type":"ListItem","position":2,"name":"Shop","item":"https:\/\/colellaweb.it\/negozio\/"},{"@type":"ListItem","position":3,"name":"Trancheuses Berkel SUPREMA"}]},{"@type":"WebSite","@id":"https:\/\/colellaweb.it\/#website","url":"https:\/\/colellaweb.it\/","name":"Colella","description":"Rumori in cucina","publisher":{"@id":"https:\/\/colellaweb.it\/#organization"},"potentialAction":[{"@type":"SearchAction","target":{"@type":"EntryPoint","urlTemplate":"https:\/\/colellaweb.it\/?s={search_term_string}"},"query-input":{"@type":"PropertyValueSpecification","valueRequired":true,"valueName":"search_term_string"}}],"inLanguage":"fr-FR"},{"@type":"Organization","@id":"https:\/\/colellaweb.it\/#organization","name":"Colella","url":"https:\/\/colellaweb.it\/","logo":{"@type":"ImageObject","inLanguage":"fr-FR","@id":"https:\/\/colellaweb.it\/#\/schema\/logo\/image\/","url":"https:\/\/colellaweb.it\/wp-content\/uploads\/2023\/02\/cropped-logo_colella_favicon.png","contentUrl":"https:\/\/colellaweb.it\/wp-content\/uploads\/2023\/02\/cropped-logo_colella_favicon.png","width":512,"height":512,"caption":"Colella"},"image":{"@id":"https:\/\/colellaweb.it\/#\/schema\/logo\/image\/"},"sameAs":["https:\/\/www.facebook.com\/rumoriincucina","https:\/\/www.instagram.com\/rumoriincucina"]}]}},"_links":{"self":[{"href":"https:\/\/colellaweb.it\/fr\/wp-json\/wp\/v2\/product\/12724","targetHints":{"allow":["GET"]}}],"collection":[{"href":"https:\/\/colellaweb.it\/fr\/wp-json\/wp\/v2\/product"}],"about":[{"href":"https:\/\/colellaweb.it\/fr\/wp-json\/wp\/v2\/types\/product"}],"version-history":[{"count":0,"href":"https:\/\/colellaweb.it\/fr\/wp-json\/wp\/v2\/product\/12724\/revisions"}],"wp:featuredmedia":[{"embeddable":true,"href":"https:\/\/colellaweb.it\/fr\/wp-json\/wp\/v2\/media\/12727"}],"wp:attachment":[{"href":"https:\/\/colellaweb.it\/fr\/wp-json\/wp\/v2\/media?parent=12724"}],"wp:term":[{"taxonomy":"product_brand","embeddable":true,"href":"https:\/\/colellaweb.it\/fr\/wp-json\/wp\/v2\/product_brand?post=12724"},{"taxonomy":"product_cat","embeddable":true,"href":"https:\/\/colellaweb.it\/fr\/wp-json\/wp\/v2\/product_cat?post=12724"},{"taxonomy":"product_tag","embeddable":true,"href":"https:\/\/colellaweb.it\/fr\/wp-json\/wp\/v2\/product_tag?post=12724"}],"curies":[{"name":"wp","href":"https:\/\/api.w.org\/{rel}","templated":true}]}}