{"id":12681,"date":"2023-07-30T17:16:51","date_gmt":"2023-07-30T15:16:51","guid":{"rendered":"https:\/\/colellaweb.it\/?post_type=product&#038;p=12681"},"modified":"2023-07-30T17:25:20","modified_gmt":"2023-07-30T15:25:20","slug":"colella-300-cervino-fiorata-copia","status":"publish","type":"product","link":"https:\/\/colellaweb.it\/fr\/prodotto\/colella-300-cervino-fiorata-copia\/","title":{"rendered":"COLELLA 300 CERVINO PLENITUDE"},"content":{"rendered":"<p><strong>Versions disponibles :<\/strong><\/p>\n<ul>\n<li>volant fleur\u00a0 _ sans d\u00e9corations sur la carrosserie<\/li>\n<li>volant plein _ sans d\u00e9corations sur la carrosserie<\/li>\n<li>volant fleur avec d\u00e9corations sur la carrosserie et vernis de protection<\/li>\n<\/ul>\n<p><strong>Optionals:<\/strong><\/p>\n<p>Plateau porte-tranches :<\/p>\n<ul>\n<li>en acier inox (version standard)<\/li>\n<li>en bois d&#8217;olivier<\/li>\n<\/ul>\n<p>Pour un positionnement \u00e9ventuel sur les plans de travail de la cuisine :<\/p>\n<ul>\n<li>Poign\u00e9e du volant repliable (r\u00e9duit les dimensions ext\u00e9rieures)<\/li>\n<li><strong>Pieds sur\u00e9lev\u00e9s<\/strong> (ce qui permet de profiter de l&#8217;ouverture d&#8217;un tiroir en dessous !)<\/li>\n<\/ul>\n<p><strong><u>Personnalisable avec votre propre logo<\/u><\/strong><\/p>\n<p><strong><em>Fabriqu\u00e9 en Italie<\/em><\/strong><\/p>\n","protected":false},"excerpt":{"rendered":"<h4 class=\"p1\">LA LIGNE ARRONDIE<\/h4>\n<p class=\"p1\">La toute nouvelle version Cervino parmi les s\u00e9ries des trancheuses manuelles Colella. Ses lignes sinueuses la rendent captivant et polyvalente pour \u00eatre ins\u00e9r\u00e9 dans n&#8217;importe quel contexte.<\/p>\n<h5>CARACTERISTIQUES PRINCIPALES<\/h5>\n<ul>\n<li class=\"p1\">Ligne arrondie<\/li>\n<li class=\"p1\">Grands espaces pour le nettoyage<\/li>\n<li class=\"p1\">D\u00e9tails en acier inoxydable pour un nettoyage pratique et tr\u00e8s rapide<\/li>\n<\/ul>\n<h5>SECURITE&#8217;<\/h5>\n<p>La s\u00e9rie de trancheuses \u00e0 fonctionnement manuel, tels les autres mod\u00e8les disponibles, est \u00e9quip\u00e9e d&#8217;un anneau CE int\u00e9gral autour de la lame pour la s\u00e9curit\u00e9 passive de l&#8217;op\u00e9rateur lors du nettoyage de la trancheuse. Il peut \u00eatre utilis\u00e9 tant au niveau professionnel (num\u00e9ro de s\u00e9rie avec certificat de conformit\u00e9 aux normes CE) qu&#8217;au niveau personnel.<\/p>\n","protected":false},"featured_media":9553,"template":"","meta":{"_acf_changed":false},"product_brand":[],"product_cat":[142,140],"product_tag":[],"class_list":{"0":"post-12681","1":"product","2":"type-product","3":"status-publish","4":"has-post-thumbnail","6":"product_cat-colella-fr","7":"product_cat-trancheuses-a-jambon-manuelles-retro","9":"first","10":"instock","11":"shipping-taxable","12":"product-type-simple"},"acf":[],"yoast_head":"<!-- This site is optimized with the Yoast SEO plugin v26.7 - https:\/\/yoast.com\/wordpress\/plugins\/seo\/ -->\n<title>COLELLA 300 CERVINO PLENITUDE - Colella<\/title>\n<meta name=\"robots\" content=\"index, follow, max-snippet:-1, max-image-preview:large, max-video-preview:-1\" \/>\n<link rel=\"canonical\" href=\"https:\/\/colellaweb.it\/fr\/prodotto\/colella-300-cervino-fiorata-copia\/\" \/>\n<meta property=\"og:locale\" content=\"fr_FR\" \/>\n<meta property=\"og:type\" content=\"article\" \/>\n<meta property=\"og:title\" content=\"COLELLA 300 CERVINO PLENITUDE - Colella\" \/>\n<meta property=\"og:description\" content=\"LA LIGNE ARRONDIE La toute nouvelle version Cervino parmi les s\u00e9ries des trancheuses manuelles Colella. Ses lignes sinueuses la rendent captivant et polyvalente pour \u00eatre ins\u00e9r\u00e9 dans n&#039;importe quel contexte.  CARACTERISTIQUES PRINCIPALES   Ligne arrondie  Grands espaces pour le nettoyage  D\u00e9tails en acier inoxydable pour un nettoyage pratique et tr\u00e8s rapide  SECURITE&#039; La s\u00e9rie de trancheuses \u00e0 fonctionnement manuel, tels les autres mod\u00e8les disponibles, est \u00e9quip\u00e9e d&#039;un anneau CE int\u00e9gral autour de la lame pour la s\u00e9curit\u00e9 passive de l&#039;op\u00e9rateur lors du nettoyage de la trancheuse. Il peut \u00eatre utilis\u00e9 tant au niveau professionnel (num\u00e9ro de s\u00e9rie avec certificat de conformit\u00e9 aux normes CE) qu&#039;au niveau personnel.\" \/>\n<meta property=\"og:url\" content=\"https:\/\/colellaweb.it\/fr\/prodotto\/colella-300-cervino-fiorata-copia\/\" \/>\n<meta property=\"og:site_name\" content=\"Colella\" \/>\n<meta property=\"article:publisher\" content=\"https:\/\/www.facebook.com\/rumoriincucina\" \/>\n<meta property=\"article:modified_time\" content=\"2023-07-30T15:25:20+00:00\" \/>\n<meta property=\"og:image\" content=\"https:\/\/colellaweb.it\/wp-content\/uploads\/2022\/11\/COLELLA-300-linea-c.jpg\" \/>\n\t<meta property=\"og:image:width\" content=\"1000\" \/>\n\t<meta property=\"og:image:height\" content=\"1120\" \/>\n\t<meta property=\"og:image:type\" content=\"image\/jpeg\" \/>\n<meta name=\"twitter:card\" content=\"summary_large_image\" \/>\n<meta name=\"twitter:label1\" content=\"Dur\u00e9e de lecture estim\u00e9e\" \/>\n\t<meta name=\"twitter:data1\" content=\"1 minute\" \/>\n<script type=\"application\/ld+json\" class=\"yoast-schema-graph\">{\"@context\":\"https:\/\/schema.org\",\"@graph\":[{\"@type\":\"WebPage\",\"@id\":\"https:\/\/colellaweb.it\/fr\/prodotto\/colella-300-cervino-fiorata-copia\/\",\"url\":\"https:\/\/colellaweb.it\/fr\/prodotto\/colella-300-cervino-fiorata-copia\/\",\"name\":\"COLELLA 300 CERVINO PLENITUDE - Colella\",\"isPartOf\":{\"@id\":\"https:\/\/colellaweb.it\/#website\"},\"primaryImageOfPage\":{\"@id\":\"https:\/\/colellaweb.it\/fr\/prodotto\/colella-300-cervino-fiorata-copia\/#primaryimage\"},\"image\":{\"@id\":\"https:\/\/colellaweb.it\/fr\/prodotto\/colella-300-cervino-fiorata-copia\/#primaryimage\"},\"thumbnailUrl\":\"https:\/\/colellaweb.it\/wp-content\/uploads\/2022\/11\/COLELLA-300-linea-c.jpg\",\"datePublished\":\"2023-07-30T15:16:51+00:00\",\"dateModified\":\"2023-07-30T15:25:20+00:00\",\"breadcrumb\":{\"@id\":\"https:\/\/colellaweb.it\/fr\/prodotto\/colella-300-cervino-fiorata-copia\/#breadcrumb\"},\"inLanguage\":\"fr-FR\",\"potentialAction\":[{\"@type\":\"ReadAction\",\"target\":[\"https:\/\/colellaweb.it\/fr\/prodotto\/colella-300-cervino-fiorata-copia\/\"]}]},{\"@type\":\"ImageObject\",\"inLanguage\":\"fr-FR\",\"@id\":\"https:\/\/colellaweb.it\/fr\/prodotto\/colella-300-cervino-fiorata-copia\/#primaryimage\",\"url\":\"https:\/\/colellaweb.it\/wp-content\/uploads\/2022\/11\/COLELLA-300-linea-c.jpg\",\"contentUrl\":\"https:\/\/colellaweb.it\/wp-content\/uploads\/2022\/11\/COLELLA-300-linea-c.jpg\",\"width\":1000,\"height\":1120},{\"@type\":\"BreadcrumbList\",\"@id\":\"https:\/\/colellaweb.it\/fr\/prodotto\/colella-300-cervino-fiorata-copia\/#breadcrumb\",\"itemListElement\":[{\"@type\":\"ListItem\",\"position\":1,\"name\":\"Home\",\"item\":\"https:\/\/colellaweb.it\/fr\/\"},{\"@type\":\"ListItem\",\"position\":2,\"name\":\"Shop\",\"item\":\"https:\/\/colellaweb.it\/negozio\/\"},{\"@type\":\"ListItem\",\"position\":3,\"name\":\"COLELLA 300 CERVINO PLENITUDE\"}]},{\"@type\":\"WebSite\",\"@id\":\"https:\/\/colellaweb.it\/#website\",\"url\":\"https:\/\/colellaweb.it\/\",\"name\":\"Colella\",\"description\":\"Rumori in cucina\",\"publisher\":{\"@id\":\"https:\/\/colellaweb.it\/#organization\"},\"potentialAction\":[{\"@type\":\"SearchAction\",\"target\":{\"@type\":\"EntryPoint\",\"urlTemplate\":\"https:\/\/colellaweb.it\/?s={search_term_string}\"},\"query-input\":{\"@type\":\"PropertyValueSpecification\",\"valueRequired\":true,\"valueName\":\"search_term_string\"}}],\"inLanguage\":\"fr-FR\"},{\"@type\":\"Organization\",\"@id\":\"https:\/\/colellaweb.it\/#organization\",\"name\":\"Colella\",\"url\":\"https:\/\/colellaweb.it\/\",\"logo\":{\"@type\":\"ImageObject\",\"inLanguage\":\"fr-FR\",\"@id\":\"https:\/\/colellaweb.it\/#\/schema\/logo\/image\/\",\"url\":\"https:\/\/colellaweb.it\/wp-content\/uploads\/2023\/02\/cropped-logo_colella_favicon.png\",\"contentUrl\":\"https:\/\/colellaweb.it\/wp-content\/uploads\/2023\/02\/cropped-logo_colella_favicon.png\",\"width\":512,\"height\":512,\"caption\":\"Colella\"},\"image\":{\"@id\":\"https:\/\/colellaweb.it\/#\/schema\/logo\/image\/\"},\"sameAs\":[\"https:\/\/www.facebook.com\/rumoriincucina\",\"https:\/\/www.instagram.com\/rumoriincucina\"]}]}<\/script>\n<!-- \/ Yoast SEO plugin. -->","yoast_head_json":{"title":"COLELLA 300 CERVINO PLENITUDE - Colella","robots":{"index":"index","follow":"follow","max-snippet":"max-snippet:-1","max-image-preview":"max-image-preview:large","max-video-preview":"max-video-preview:-1"},"canonical":"https:\/\/colellaweb.it\/fr\/prodotto\/colella-300-cervino-fiorata-copia\/","og_locale":"fr_FR","og_type":"article","og_title":"COLELLA 300 CERVINO PLENITUDE - Colella","og_description":"LA LIGNE ARRONDIE La toute nouvelle version Cervino parmi les s\u00e9ries des trancheuses manuelles Colella. Ses lignes sinueuses la rendent captivant et polyvalente pour \u00eatre ins\u00e9r\u00e9 dans n'importe quel contexte.  CARACTERISTIQUES PRINCIPALES   Ligne arrondie  Grands espaces pour le nettoyage  D\u00e9tails en acier inoxydable pour un nettoyage pratique et tr\u00e8s rapide  SECURITE' La s\u00e9rie de trancheuses \u00e0 fonctionnement manuel, tels les autres mod\u00e8les disponibles, est \u00e9quip\u00e9e d'un anneau CE int\u00e9gral autour de la lame pour la s\u00e9curit\u00e9 passive de l'op\u00e9rateur lors du nettoyage de la trancheuse. Il peut \u00eatre utilis\u00e9 tant au niveau professionnel (num\u00e9ro de s\u00e9rie avec certificat de conformit\u00e9 aux normes CE) qu'au niveau personnel.","og_url":"https:\/\/colellaweb.it\/fr\/prodotto\/colella-300-cervino-fiorata-copia\/","og_site_name":"Colella","article_publisher":"https:\/\/www.facebook.com\/rumoriincucina","article_modified_time":"2023-07-30T15:25:20+00:00","og_image":[{"width":1000,"height":1120,"url":"https:\/\/colellaweb.it\/wp-content\/uploads\/2022\/11\/COLELLA-300-linea-c.jpg","type":"image\/jpeg"}],"twitter_card":"summary_large_image","twitter_misc":{"Dur\u00e9e de lecture estim\u00e9e":"1 minute"},"schema":{"@context":"https:\/\/schema.org","@graph":[{"@type":"WebPage","@id":"https:\/\/colellaweb.it\/fr\/prodotto\/colella-300-cervino-fiorata-copia\/","url":"https:\/\/colellaweb.it\/fr\/prodotto\/colella-300-cervino-fiorata-copia\/","name":"COLELLA 300 CERVINO PLENITUDE - Colella","isPartOf":{"@id":"https:\/\/colellaweb.it\/#website"},"primaryImageOfPage":{"@id":"https:\/\/colellaweb.it\/fr\/prodotto\/colella-300-cervino-fiorata-copia\/#primaryimage"},"image":{"@id":"https:\/\/colellaweb.it\/fr\/prodotto\/colella-300-cervino-fiorata-copia\/#primaryimage"},"thumbnailUrl":"https:\/\/colellaweb.it\/wp-content\/uploads\/2022\/11\/COLELLA-300-linea-c.jpg","datePublished":"2023-07-30T15:16:51+00:00","dateModified":"2023-07-30T15:25:20+00:00","breadcrumb":{"@id":"https:\/\/colellaweb.it\/fr\/prodotto\/colella-300-cervino-fiorata-copia\/#breadcrumb"},"inLanguage":"fr-FR","potentialAction":[{"@type":"ReadAction","target":["https:\/\/colellaweb.it\/fr\/prodotto\/colella-300-cervino-fiorata-copia\/"]}]},{"@type":"ImageObject","inLanguage":"fr-FR","@id":"https:\/\/colellaweb.it\/fr\/prodotto\/colella-300-cervino-fiorata-copia\/#primaryimage","url":"https:\/\/colellaweb.it\/wp-content\/uploads\/2022\/11\/COLELLA-300-linea-c.jpg","contentUrl":"https:\/\/colellaweb.it\/wp-content\/uploads\/2022\/11\/COLELLA-300-linea-c.jpg","width":1000,"height":1120},{"@type":"BreadcrumbList","@id":"https:\/\/colellaweb.it\/fr\/prodotto\/colella-300-cervino-fiorata-copia\/#breadcrumb","itemListElement":[{"@type":"ListItem","position":1,"name":"Home","item":"https:\/\/colellaweb.it\/fr\/"},{"@type":"ListItem","position":2,"name":"Shop","item":"https:\/\/colellaweb.it\/negozio\/"},{"@type":"ListItem","position":3,"name":"COLELLA 300 CERVINO PLENITUDE"}]},{"@type":"WebSite","@id":"https:\/\/colellaweb.it\/#website","url":"https:\/\/colellaweb.it\/","name":"Colella","description":"Rumori in cucina","publisher":{"@id":"https:\/\/colellaweb.it\/#organization"},"potentialAction":[{"@type":"SearchAction","target":{"@type":"EntryPoint","urlTemplate":"https:\/\/colellaweb.it\/?s={search_term_string}"},"query-input":{"@type":"PropertyValueSpecification","valueRequired":true,"valueName":"search_term_string"}}],"inLanguage":"fr-FR"},{"@type":"Organization","@id":"https:\/\/colellaweb.it\/#organization","name":"Colella","url":"https:\/\/colellaweb.it\/","logo":{"@type":"ImageObject","inLanguage":"fr-FR","@id":"https:\/\/colellaweb.it\/#\/schema\/logo\/image\/","url":"https:\/\/colellaweb.it\/wp-content\/uploads\/2023\/02\/cropped-logo_colella_favicon.png","contentUrl":"https:\/\/colellaweb.it\/wp-content\/uploads\/2023\/02\/cropped-logo_colella_favicon.png","width":512,"height":512,"caption":"Colella"},"image":{"@id":"https:\/\/colellaweb.it\/#\/schema\/logo\/image\/"},"sameAs":["https:\/\/www.facebook.com\/rumoriincucina","https:\/\/www.instagram.com\/rumoriincucina"]}]}},"_links":{"self":[{"href":"https:\/\/colellaweb.it\/fr\/wp-json\/wp\/v2\/product\/12681","targetHints":{"allow":["GET"]}}],"collection":[{"href":"https:\/\/colellaweb.it\/fr\/wp-json\/wp\/v2\/product"}],"about":[{"href":"https:\/\/colellaweb.it\/fr\/wp-json\/wp\/v2\/types\/product"}],"version-history":[{"count":0,"href":"https:\/\/colellaweb.it\/fr\/wp-json\/wp\/v2\/product\/12681\/revisions"}],"wp:featuredmedia":[{"embeddable":true,"href":"https:\/\/colellaweb.it\/fr\/wp-json\/wp\/v2\/media\/9553"}],"wp:attachment":[{"href":"https:\/\/colellaweb.it\/fr\/wp-json\/wp\/v2\/media?parent=12681"}],"wp:term":[{"taxonomy":"product_brand","embeddable":true,"href":"https:\/\/colellaweb.it\/fr\/wp-json\/wp\/v2\/product_brand?post=12681"},{"taxonomy":"product_cat","embeddable":true,"href":"https:\/\/colellaweb.it\/fr\/wp-json\/wp\/v2\/product_cat?post=12681"},{"taxonomy":"product_tag","embeddable":true,"href":"https:\/\/colellaweb.it\/fr\/wp-json\/wp\/v2\/product_tag?post=12681"}],"curies":[{"name":"wp","href":"https:\/\/api.w.org\/{rel}","templated":true}]}}