{"id":11595,"date":"2022-12-12T15:23:15","date_gmt":"2022-12-12T15:23:15","guid":{"rendered":"https:\/\/colellaweb.it\/prodotto\/colapasta-inox\/"},"modified":"2022-12-12T15:23:15","modified_gmt":"2022-12-12T15:23:15","slug":"colapasta-per-pentola-alta","status":"publish","type":"product","link":"https:\/\/colellaweb.it\/fr\/prodotto\/colapasta-per-pentola-alta\/","title":{"rendered":"Colapasta inox"},"content":{"rendered":"<p><b>texte \u00e0 ins\u00e9rer ;<\/b><\/p>\n<p>&nbsp;<\/p>\n","protected":false},"excerpt":{"rendered":"<p>Id\u00e9al pour tous les types de cuisson: gaz, \u00e9lectrique, vitroc\u00e9ramique et m\u00eame \u00e0 induction, gr\u00e2ce \u00e0 la base sp\u00e9ciale du dissipateur de chaleur en sandwich \u00e0 trois couches (acier inoxydable-aluminium) La finition interne et externe est satin\u00e9e, tandis que le bord est brillant. e bord renforc\u00e9 et le manchon tubulaire en acier inoxydable permettent de combiner ergonomie et r\u00e9sistance \u00e0 la chaleur. on\u00e7u pour les besoins des chefs professionnels et pour le plaisir des gourmets les plus passionn\u00e9s.<\/p>\n<p>Tous les articles ont \u00e9t\u00e9 fabriqu\u00e9s dans le respect de la r\u00e9glementation en vigueur<\/p>\n","protected":false},"featured_media":9937,"template":"","meta":{"_acf_changed":false},"product_brand":[],"product_cat":[184,160],"product_tag":[],"class_list":{"0":"post-11595","1":"product","2":"type-product","3":"status-publish","4":"has-post-thumbnail","6":"product_cat-batterie-de-cuisine-professionnelle","7":"product_cat-utensili-da-cucina-e-design-fr","9":"first","10":"instock","11":"shipping-taxable","12":"product-type-simple"},"acf":[],"yoast_head":"<!-- This site is optimized with the Yoast SEO plugin v26.7 - https:\/\/yoast.com\/wordpress\/plugins\/seo\/ -->\n<title>Colapasta inox - Colella<\/title>\n<meta name=\"robots\" content=\"index, follow, max-snippet:-1, max-image-preview:large, max-video-preview:-1\" \/>\n<link rel=\"canonical\" href=\"https:\/\/colellaweb.it\/fr\/prodotto\/colapasta-per-pentola-alta\/\" \/>\n<meta property=\"og:locale\" content=\"fr_FR\" \/>\n<meta property=\"og:type\" content=\"article\" \/>\n<meta property=\"og:title\" content=\"Colapasta inox - Colella\" \/>\n<meta property=\"og:description\" content=\"Id\u00e9al pour tous les types de cuisson: gaz, \u00e9lectrique, vitroc\u00e9ramique et m\u00eame \u00e0 induction, gr\u00e2ce \u00e0 la base sp\u00e9ciale du dissipateur de chaleur en sandwich \u00e0 trois couches (acier inoxydable-aluminium) La finition interne et externe est satin\u00e9e, tandis que le bord est brillant. e bord renforc\u00e9 et le manchon tubulaire en acier inoxydable permettent de combiner ergonomie et r\u00e9sistance \u00e0 la chaleur. on\u00e7u pour les besoins des chefs professionnels et pour le plaisir des gourmets les plus passionn\u00e9s. Tous les articles ont \u00e9t\u00e9 fabriqu\u00e9s dans le respect de la r\u00e9glementation en vigueur\" \/>\n<meta property=\"og:url\" content=\"https:\/\/colellaweb.it\/fr\/prodotto\/colapasta-per-pentola-alta\/\" \/>\n<meta property=\"og:site_name\" content=\"Colella\" \/>\n<meta property=\"article:publisher\" content=\"https:\/\/www.facebook.com\/rumoriincucina\" \/>\n<meta property=\"og:image\" content=\"https:\/\/colellaweb.it\/wp-content\/uploads\/2022\/12\/800x800_2019-12-27_1024x1024_15-12-43_colapastaperpentolaalta.jpeg\" \/>\n\t<meta property=\"og:image:width\" content=\"800\" \/>\n\t<meta property=\"og:image:height\" content=\"800\" \/>\n\t<meta property=\"og:image:type\" content=\"image\/jpeg\" \/>\n<meta name=\"twitter:card\" content=\"summary_large_image\" \/>\n<script type=\"application\/ld+json\" class=\"yoast-schema-graph\">{\"@context\":\"https:\/\/schema.org\",\"@graph\":[{\"@type\":\"WebPage\",\"@id\":\"https:\/\/colellaweb.it\/fr\/prodotto\/colapasta-per-pentola-alta\/\",\"url\":\"https:\/\/colellaweb.it\/fr\/prodotto\/colapasta-per-pentola-alta\/\",\"name\":\"Colapasta inox - Colella\",\"isPartOf\":{\"@id\":\"https:\/\/colellaweb.it\/#website\"},\"primaryImageOfPage\":{\"@id\":\"https:\/\/colellaweb.it\/fr\/prodotto\/colapasta-per-pentola-alta\/#primaryimage\"},\"image\":{\"@id\":\"https:\/\/colellaweb.it\/fr\/prodotto\/colapasta-per-pentola-alta\/#primaryimage\"},\"thumbnailUrl\":\"https:\/\/colellaweb.it\/wp-content\/uploads\/2022\/12\/800x800_2019-12-27_1024x1024_15-12-43_colapastaperpentolaalta.jpeg\",\"datePublished\":\"2022-12-12T15:23:15+00:00\",\"breadcrumb\":{\"@id\":\"https:\/\/colellaweb.it\/fr\/prodotto\/colapasta-per-pentola-alta\/#breadcrumb\"},\"inLanguage\":\"fr-FR\",\"potentialAction\":[{\"@type\":\"ReadAction\",\"target\":[\"https:\/\/colellaweb.it\/fr\/prodotto\/colapasta-per-pentola-alta\/\"]}]},{\"@type\":\"ImageObject\",\"inLanguage\":\"fr-FR\",\"@id\":\"https:\/\/colellaweb.it\/fr\/prodotto\/colapasta-per-pentola-alta\/#primaryimage\",\"url\":\"https:\/\/colellaweb.it\/wp-content\/uploads\/2022\/12\/800x800_2019-12-27_1024x1024_15-12-43_colapastaperpentolaalta.jpeg\",\"contentUrl\":\"https:\/\/colellaweb.it\/wp-content\/uploads\/2022\/12\/800x800_2019-12-27_1024x1024_15-12-43_colapastaperpentolaalta.jpeg\",\"width\":800,\"height\":800},{\"@type\":\"BreadcrumbList\",\"@id\":\"https:\/\/colellaweb.it\/fr\/prodotto\/colapasta-per-pentola-alta\/#breadcrumb\",\"itemListElement\":[{\"@type\":\"ListItem\",\"position\":1,\"name\":\"Home\",\"item\":\"https:\/\/colellaweb.it\/fr\/\"},{\"@type\":\"ListItem\",\"position\":2,\"name\":\"Shop\",\"item\":\"https:\/\/colellaweb.it\/negozio\/\"},{\"@type\":\"ListItem\",\"position\":3,\"name\":\"Colapasta inox\"}]},{\"@type\":\"WebSite\",\"@id\":\"https:\/\/colellaweb.it\/#website\",\"url\":\"https:\/\/colellaweb.it\/\",\"name\":\"Colella\",\"description\":\"Rumori in cucina\",\"publisher\":{\"@id\":\"https:\/\/colellaweb.it\/#organization\"},\"potentialAction\":[{\"@type\":\"SearchAction\",\"target\":{\"@type\":\"EntryPoint\",\"urlTemplate\":\"https:\/\/colellaweb.it\/?s={search_term_string}\"},\"query-input\":{\"@type\":\"PropertyValueSpecification\",\"valueRequired\":true,\"valueName\":\"search_term_string\"}}],\"inLanguage\":\"fr-FR\"},{\"@type\":\"Organization\",\"@id\":\"https:\/\/colellaweb.it\/#organization\",\"name\":\"Colella\",\"url\":\"https:\/\/colellaweb.it\/\",\"logo\":{\"@type\":\"ImageObject\",\"inLanguage\":\"fr-FR\",\"@id\":\"https:\/\/colellaweb.it\/#\/schema\/logo\/image\/\",\"url\":\"https:\/\/colellaweb.it\/wp-content\/uploads\/2023\/02\/cropped-logo_colella_favicon.png\",\"contentUrl\":\"https:\/\/colellaweb.it\/wp-content\/uploads\/2023\/02\/cropped-logo_colella_favicon.png\",\"width\":512,\"height\":512,\"caption\":\"Colella\"},\"image\":{\"@id\":\"https:\/\/colellaweb.it\/#\/schema\/logo\/image\/\"},\"sameAs\":[\"https:\/\/www.facebook.com\/rumoriincucina\",\"https:\/\/www.instagram.com\/rumoriincucina\"]}]}<\/script>\n<!-- \/ Yoast SEO plugin. -->","yoast_head_json":{"title":"Colapasta inox - Colella","robots":{"index":"index","follow":"follow","max-snippet":"max-snippet:-1","max-image-preview":"max-image-preview:large","max-video-preview":"max-video-preview:-1"},"canonical":"https:\/\/colellaweb.it\/fr\/prodotto\/colapasta-per-pentola-alta\/","og_locale":"fr_FR","og_type":"article","og_title":"Colapasta inox - Colella","og_description":"Id\u00e9al pour tous les types de cuisson: gaz, \u00e9lectrique, vitroc\u00e9ramique et m\u00eame \u00e0 induction, gr\u00e2ce \u00e0 la base sp\u00e9ciale du dissipateur de chaleur en sandwich \u00e0 trois couches (acier inoxydable-aluminium) La finition interne et externe est satin\u00e9e, tandis que le bord est brillant. e bord renforc\u00e9 et le manchon tubulaire en acier inoxydable permettent de combiner ergonomie et r\u00e9sistance \u00e0 la chaleur. on\u00e7u pour les besoins des chefs professionnels et pour le plaisir des gourmets les plus passionn\u00e9s. Tous les articles ont \u00e9t\u00e9 fabriqu\u00e9s dans le respect de la r\u00e9glementation en vigueur","og_url":"https:\/\/colellaweb.it\/fr\/prodotto\/colapasta-per-pentola-alta\/","og_site_name":"Colella","article_publisher":"https:\/\/www.facebook.com\/rumoriincucina","og_image":[{"width":800,"height":800,"url":"https:\/\/colellaweb.it\/wp-content\/uploads\/2022\/12\/800x800_2019-12-27_1024x1024_15-12-43_colapastaperpentolaalta.jpeg","type":"image\/jpeg"}],"twitter_card":"summary_large_image","schema":{"@context":"https:\/\/schema.org","@graph":[{"@type":"WebPage","@id":"https:\/\/colellaweb.it\/fr\/prodotto\/colapasta-per-pentola-alta\/","url":"https:\/\/colellaweb.it\/fr\/prodotto\/colapasta-per-pentola-alta\/","name":"Colapasta inox - Colella","isPartOf":{"@id":"https:\/\/colellaweb.it\/#website"},"primaryImageOfPage":{"@id":"https:\/\/colellaweb.it\/fr\/prodotto\/colapasta-per-pentola-alta\/#primaryimage"},"image":{"@id":"https:\/\/colellaweb.it\/fr\/prodotto\/colapasta-per-pentola-alta\/#primaryimage"},"thumbnailUrl":"https:\/\/colellaweb.it\/wp-content\/uploads\/2022\/12\/800x800_2019-12-27_1024x1024_15-12-43_colapastaperpentolaalta.jpeg","datePublished":"2022-12-12T15:23:15+00:00","breadcrumb":{"@id":"https:\/\/colellaweb.it\/fr\/prodotto\/colapasta-per-pentola-alta\/#breadcrumb"},"inLanguage":"fr-FR","potentialAction":[{"@type":"ReadAction","target":["https:\/\/colellaweb.it\/fr\/prodotto\/colapasta-per-pentola-alta\/"]}]},{"@type":"ImageObject","inLanguage":"fr-FR","@id":"https:\/\/colellaweb.it\/fr\/prodotto\/colapasta-per-pentola-alta\/#primaryimage","url":"https:\/\/colellaweb.it\/wp-content\/uploads\/2022\/12\/800x800_2019-12-27_1024x1024_15-12-43_colapastaperpentolaalta.jpeg","contentUrl":"https:\/\/colellaweb.it\/wp-content\/uploads\/2022\/12\/800x800_2019-12-27_1024x1024_15-12-43_colapastaperpentolaalta.jpeg","width":800,"height":800},{"@type":"BreadcrumbList","@id":"https:\/\/colellaweb.it\/fr\/prodotto\/colapasta-per-pentola-alta\/#breadcrumb","itemListElement":[{"@type":"ListItem","position":1,"name":"Home","item":"https:\/\/colellaweb.it\/fr\/"},{"@type":"ListItem","position":2,"name":"Shop","item":"https:\/\/colellaweb.it\/negozio\/"},{"@type":"ListItem","position":3,"name":"Colapasta inox"}]},{"@type":"WebSite","@id":"https:\/\/colellaweb.it\/#website","url":"https:\/\/colellaweb.it\/","name":"Colella","description":"Rumori in cucina","publisher":{"@id":"https:\/\/colellaweb.it\/#organization"},"potentialAction":[{"@type":"SearchAction","target":{"@type":"EntryPoint","urlTemplate":"https:\/\/colellaweb.it\/?s={search_term_string}"},"query-input":{"@type":"PropertyValueSpecification","valueRequired":true,"valueName":"search_term_string"}}],"inLanguage":"fr-FR"},{"@type":"Organization","@id":"https:\/\/colellaweb.it\/#organization","name":"Colella","url":"https:\/\/colellaweb.it\/","logo":{"@type":"ImageObject","inLanguage":"fr-FR","@id":"https:\/\/colellaweb.it\/#\/schema\/logo\/image\/","url":"https:\/\/colellaweb.it\/wp-content\/uploads\/2023\/02\/cropped-logo_colella_favicon.png","contentUrl":"https:\/\/colellaweb.it\/wp-content\/uploads\/2023\/02\/cropped-logo_colella_favicon.png","width":512,"height":512,"caption":"Colella"},"image":{"@id":"https:\/\/colellaweb.it\/#\/schema\/logo\/image\/"},"sameAs":["https:\/\/www.facebook.com\/rumoriincucina","https:\/\/www.instagram.com\/rumoriincucina"]}]}},"_links":{"self":[{"href":"https:\/\/colellaweb.it\/fr\/wp-json\/wp\/v2\/product\/11595","targetHints":{"allow":["GET"]}}],"collection":[{"href":"https:\/\/colellaweb.it\/fr\/wp-json\/wp\/v2\/product"}],"about":[{"href":"https:\/\/colellaweb.it\/fr\/wp-json\/wp\/v2\/types\/product"}],"version-history":[{"count":0,"href":"https:\/\/colellaweb.it\/fr\/wp-json\/wp\/v2\/product\/11595\/revisions"}],"wp:featuredmedia":[{"embeddable":true,"href":"https:\/\/colellaweb.it\/fr\/wp-json\/wp\/v2\/media\/9937"}],"wp:attachment":[{"href":"https:\/\/colellaweb.it\/fr\/wp-json\/wp\/v2\/media?parent=11595"}],"wp:term":[{"taxonomy":"product_brand","embeddable":true,"href":"https:\/\/colellaweb.it\/fr\/wp-json\/wp\/v2\/product_brand?post=11595"},{"taxonomy":"product_cat","embeddable":true,"href":"https:\/\/colellaweb.it\/fr\/wp-json\/wp\/v2\/product_cat?post=11595"},{"taxonomy":"product_tag","embeddable":true,"href":"https:\/\/colellaweb.it\/fr\/wp-json\/wp\/v2\/product_tag?post=11595"}],"curies":[{"name":"wp","href":"https:\/\/api.w.org\/{rel}","templated":true}]}}