{"id":11533,"date":"2022-12-12T13:35:40","date_gmt":"2022-12-12T12:35:40","guid":{"rendered":"https:\/\/colellaweb.it\/prodotto\/petrin-sm-col\/"},"modified":"2023-06-21T08:24:57","modified_gmt":"2023-06-21T08:24:57","slug":"petrin-sm-col","status":"publish","type":"product","link":"https:\/\/colellaweb.it\/fr\/prodotto\/petrin-sm-col\/","title":{"rendered":"P\u00e9trin SM-COL"},"content":{"rendered":"<p><b>texte \u00e0 ins\u00e9rer ;<\/b><\/p>\n<p>&nbsp;<\/p>\n","protected":false},"excerpt":{"rendered":"<p>p\u00e9trins \u00e0 spirale pour le pain et la pizza<br \/>\nM\u00e9langeurs \u00e0 spirale de petite et moyenne capacit\u00e9 pour l&#8217;industrie alimentaire, \u00e9quip\u00e9s de :<\/p>\n<p>Entra\u00eenement par cha\u00eene (permet d&#8217;\u00e9liminer l&#8217;huile)<br \/>\nR\u00e9servoir en acier inoxydable 304 avec une capacit\u00e9 de m\u00e9lange de :<\/p>\n<p>5 Kg<br \/>\n8 Kg<br \/>\n12 Kg<br \/>\n17 Kg<br \/>\n25 Kg<br \/>\n35 Kg<br \/>\n45 Kg<br \/>\n60 Kg<br \/>\nPanneau de contr\u00f4le basse tension (24 Volts)<\/p>\n<p>Spirale en acier inoxydable sp\u00e9cial tr\u00e8s r\u00e9sistant<\/p>\n<p>Entra\u00eenements directs (\u00e9limination des bruits g\u00eanants et de la maintenance co\u00fbteuse)<\/p>\n<p>Choix d&#8217;un moteur monophas\u00e9 (V 230\/50) ou triphas\u00e9 (V 400\/50\/3).<\/p>\n<p>Sur demande : moteur \u00e0 deux vitesses uniquement en triphas\u00e9 (V 400\/50\/3)<\/p>\n","protected":false},"featured_media":9877,"template":"","meta":{"_acf_changed":false},"product_brand":[],"product_cat":[183,160],"product_tag":[],"class_list":{"0":"post-11533","1":"product","2":"type-product","3":"status-publish","4":"has-post-thumbnail","6":"product_cat-melangeurs-professionnels","7":"product_cat-utensili-da-cucina-e-design-fr","9":"first","10":"instock","11":"shipping-taxable","12":"product-type-simple"},"acf":[],"yoast_head":"<!-- This site is optimized with the Yoast SEO plugin v26.7 - https:\/\/yoast.com\/wordpress\/plugins\/seo\/ -->\n<title>P\u00e9trin SM-COL - Colella<\/title>\n<meta name=\"robots\" content=\"index, follow, max-snippet:-1, max-image-preview:large, max-video-preview:-1\" \/>\n<link rel=\"canonical\" href=\"https:\/\/colellaweb.it\/fr\/prodotto\/petrin-sm-col\/\" \/>\n<meta property=\"og:locale\" content=\"fr_FR\" \/>\n<meta property=\"og:type\" content=\"article\" \/>\n<meta property=\"og:title\" content=\"P\u00e9trin SM-COL - Colella\" \/>\n<meta property=\"og:description\" content=\"p\u00e9trins \u00e0 spirale pour le pain et la pizza M\u00e9langeurs \u00e0 spirale de petite et moyenne capacit\u00e9 pour l&#039;industrie alimentaire, \u00e9quip\u00e9s de : Entra\u00eenement par cha\u00eene (permet d&#039;\u00e9liminer l&#039;huile) R\u00e9servoir en acier inoxydable 304 avec une capacit\u00e9 de m\u00e9lange de : 5 Kg 8 Kg 12 Kg 17 Kg 25 Kg 35 Kg 45 Kg 60 Kg Panneau de contr\u00f4le basse tension (24 Volts) Spirale en acier inoxydable sp\u00e9cial tr\u00e8s r\u00e9sistant Entra\u00eenements directs (\u00e9limination des bruits g\u00eanants et de la maintenance co\u00fbteuse) Choix d&#039;un moteur monophas\u00e9 (V 230\/50) ou triphas\u00e9 (V 400\/50\/3). Sur demande : moteur \u00e0 deux vitesses uniquement en triphas\u00e9 (V 400\/50\/3)\" \/>\n<meta property=\"og:url\" content=\"https:\/\/colellaweb.it\/fr\/prodotto\/petrin-sm-col\/\" \/>\n<meta property=\"og:site_name\" content=\"Colella\" \/>\n<meta property=\"article:publisher\" content=\"https:\/\/www.facebook.com\/rumoriincucina\" \/>\n<meta property=\"article:modified_time\" content=\"2023-06-21T08:24:57+00:00\" \/>\n<meta property=\"og:image\" content=\"https:\/\/colellaweb.it\/wp-content\/uploads\/2022\/12\/800x800_2019-11-22_1024x1024_13-11-29_impastatrici.png\" \/>\n\t<meta property=\"og:image:width\" content=\"800\" \/>\n\t<meta property=\"og:image:height\" content=\"800\" \/>\n\t<meta property=\"og:image:type\" content=\"image\/png\" \/>\n<meta name=\"twitter:card\" content=\"summary_large_image\" \/>\n<script type=\"application\/ld+json\" class=\"yoast-schema-graph\">{\"@context\":\"https:\/\/schema.org\",\"@graph\":[{\"@type\":\"WebPage\",\"@id\":\"https:\/\/colellaweb.it\/fr\/prodotto\/petrin-sm-col\/\",\"url\":\"https:\/\/colellaweb.it\/fr\/prodotto\/petrin-sm-col\/\",\"name\":\"P\u00e9trin SM-COL - Colella\",\"isPartOf\":{\"@id\":\"https:\/\/colellaweb.it\/#website\"},\"primaryImageOfPage\":{\"@id\":\"https:\/\/colellaweb.it\/fr\/prodotto\/petrin-sm-col\/#primaryimage\"},\"image\":{\"@id\":\"https:\/\/colellaweb.it\/fr\/prodotto\/petrin-sm-col\/#primaryimage\"},\"thumbnailUrl\":\"https:\/\/colellaweb.it\/wp-content\/uploads\/2022\/12\/800x800_2019-11-22_1024x1024_13-11-29_impastatrici.png\",\"datePublished\":\"2022-12-12T12:35:40+00:00\",\"dateModified\":\"2023-06-21T08:24:57+00:00\",\"breadcrumb\":{\"@id\":\"https:\/\/colellaweb.it\/fr\/prodotto\/petrin-sm-col\/#breadcrumb\"},\"inLanguage\":\"fr-FR\",\"potentialAction\":[{\"@type\":\"ReadAction\",\"target\":[\"https:\/\/colellaweb.it\/fr\/prodotto\/petrin-sm-col\/\"]}]},{\"@type\":\"ImageObject\",\"inLanguage\":\"fr-FR\",\"@id\":\"https:\/\/colellaweb.it\/fr\/prodotto\/petrin-sm-col\/#primaryimage\",\"url\":\"https:\/\/colellaweb.it\/wp-content\/uploads\/2022\/12\/800x800_2019-11-22_1024x1024_13-11-29_impastatrici.png\",\"contentUrl\":\"https:\/\/colellaweb.it\/wp-content\/uploads\/2022\/12\/800x800_2019-11-22_1024x1024_13-11-29_impastatrici.png\",\"width\":800,\"height\":800},{\"@type\":\"BreadcrumbList\",\"@id\":\"https:\/\/colellaweb.it\/fr\/prodotto\/petrin-sm-col\/#breadcrumb\",\"itemListElement\":[{\"@type\":\"ListItem\",\"position\":1,\"name\":\"Home\",\"item\":\"https:\/\/colellaweb.it\/fr\/\"},{\"@type\":\"ListItem\",\"position\":2,\"name\":\"Shop\",\"item\":\"https:\/\/colellaweb.it\/negozio\/\"},{\"@type\":\"ListItem\",\"position\":3,\"name\":\"P\u00e9trin SM-COL\"}]},{\"@type\":\"WebSite\",\"@id\":\"https:\/\/colellaweb.it\/#website\",\"url\":\"https:\/\/colellaweb.it\/\",\"name\":\"Colella\",\"description\":\"Rumori in cucina\",\"publisher\":{\"@id\":\"https:\/\/colellaweb.it\/#organization\"},\"potentialAction\":[{\"@type\":\"SearchAction\",\"target\":{\"@type\":\"EntryPoint\",\"urlTemplate\":\"https:\/\/colellaweb.it\/?s={search_term_string}\"},\"query-input\":{\"@type\":\"PropertyValueSpecification\",\"valueRequired\":true,\"valueName\":\"search_term_string\"}}],\"inLanguage\":\"fr-FR\"},{\"@type\":\"Organization\",\"@id\":\"https:\/\/colellaweb.it\/#organization\",\"name\":\"Colella\",\"url\":\"https:\/\/colellaweb.it\/\",\"logo\":{\"@type\":\"ImageObject\",\"inLanguage\":\"fr-FR\",\"@id\":\"https:\/\/colellaweb.it\/#\/schema\/logo\/image\/\",\"url\":\"https:\/\/colellaweb.it\/wp-content\/uploads\/2023\/02\/cropped-logo_colella_favicon.png\",\"contentUrl\":\"https:\/\/colellaweb.it\/wp-content\/uploads\/2023\/02\/cropped-logo_colella_favicon.png\",\"width\":512,\"height\":512,\"caption\":\"Colella\"},\"image\":{\"@id\":\"https:\/\/colellaweb.it\/#\/schema\/logo\/image\/\"},\"sameAs\":[\"https:\/\/www.facebook.com\/rumoriincucina\",\"https:\/\/www.instagram.com\/rumoriincucina\"]}]}<\/script>\n<!-- \/ Yoast SEO plugin. -->","yoast_head_json":{"title":"P\u00e9trin SM-COL - Colella","robots":{"index":"index","follow":"follow","max-snippet":"max-snippet:-1","max-image-preview":"max-image-preview:large","max-video-preview":"max-video-preview:-1"},"canonical":"https:\/\/colellaweb.it\/fr\/prodotto\/petrin-sm-col\/","og_locale":"fr_FR","og_type":"article","og_title":"P\u00e9trin SM-COL - Colella","og_description":"p\u00e9trins \u00e0 spirale pour le pain et la pizza M\u00e9langeurs \u00e0 spirale de petite et moyenne capacit\u00e9 pour l'industrie alimentaire, \u00e9quip\u00e9s de : Entra\u00eenement par cha\u00eene (permet d'\u00e9liminer l'huile) R\u00e9servoir en acier inoxydable 304 avec une capacit\u00e9 de m\u00e9lange de : 5 Kg 8 Kg 12 Kg 17 Kg 25 Kg 35 Kg 45 Kg 60 Kg Panneau de contr\u00f4le basse tension (24 Volts) Spirale en acier inoxydable sp\u00e9cial tr\u00e8s r\u00e9sistant Entra\u00eenements directs (\u00e9limination des bruits g\u00eanants et de la maintenance co\u00fbteuse) Choix d'un moteur monophas\u00e9 (V 230\/50) ou triphas\u00e9 (V 400\/50\/3). Sur demande : moteur \u00e0 deux vitesses uniquement en triphas\u00e9 (V 400\/50\/3)","og_url":"https:\/\/colellaweb.it\/fr\/prodotto\/petrin-sm-col\/","og_site_name":"Colella","article_publisher":"https:\/\/www.facebook.com\/rumoriincucina","article_modified_time":"2023-06-21T08:24:57+00:00","og_image":[{"width":800,"height":800,"url":"https:\/\/colellaweb.it\/wp-content\/uploads\/2022\/12\/800x800_2019-11-22_1024x1024_13-11-29_impastatrici.png","type":"image\/png"}],"twitter_card":"summary_large_image","schema":{"@context":"https:\/\/schema.org","@graph":[{"@type":"WebPage","@id":"https:\/\/colellaweb.it\/fr\/prodotto\/petrin-sm-col\/","url":"https:\/\/colellaweb.it\/fr\/prodotto\/petrin-sm-col\/","name":"P\u00e9trin SM-COL - Colella","isPartOf":{"@id":"https:\/\/colellaweb.it\/#website"},"primaryImageOfPage":{"@id":"https:\/\/colellaweb.it\/fr\/prodotto\/petrin-sm-col\/#primaryimage"},"image":{"@id":"https:\/\/colellaweb.it\/fr\/prodotto\/petrin-sm-col\/#primaryimage"},"thumbnailUrl":"https:\/\/colellaweb.it\/wp-content\/uploads\/2022\/12\/800x800_2019-11-22_1024x1024_13-11-29_impastatrici.png","datePublished":"2022-12-12T12:35:40+00:00","dateModified":"2023-06-21T08:24:57+00:00","breadcrumb":{"@id":"https:\/\/colellaweb.it\/fr\/prodotto\/petrin-sm-col\/#breadcrumb"},"inLanguage":"fr-FR","potentialAction":[{"@type":"ReadAction","target":["https:\/\/colellaweb.it\/fr\/prodotto\/petrin-sm-col\/"]}]},{"@type":"ImageObject","inLanguage":"fr-FR","@id":"https:\/\/colellaweb.it\/fr\/prodotto\/petrin-sm-col\/#primaryimage","url":"https:\/\/colellaweb.it\/wp-content\/uploads\/2022\/12\/800x800_2019-11-22_1024x1024_13-11-29_impastatrici.png","contentUrl":"https:\/\/colellaweb.it\/wp-content\/uploads\/2022\/12\/800x800_2019-11-22_1024x1024_13-11-29_impastatrici.png","width":800,"height":800},{"@type":"BreadcrumbList","@id":"https:\/\/colellaweb.it\/fr\/prodotto\/petrin-sm-col\/#breadcrumb","itemListElement":[{"@type":"ListItem","position":1,"name":"Home","item":"https:\/\/colellaweb.it\/fr\/"},{"@type":"ListItem","position":2,"name":"Shop","item":"https:\/\/colellaweb.it\/negozio\/"},{"@type":"ListItem","position":3,"name":"P\u00e9trin SM-COL"}]},{"@type":"WebSite","@id":"https:\/\/colellaweb.it\/#website","url":"https:\/\/colellaweb.it\/","name":"Colella","description":"Rumori in cucina","publisher":{"@id":"https:\/\/colellaweb.it\/#organization"},"potentialAction":[{"@type":"SearchAction","target":{"@type":"EntryPoint","urlTemplate":"https:\/\/colellaweb.it\/?s={search_term_string}"},"query-input":{"@type":"PropertyValueSpecification","valueRequired":true,"valueName":"search_term_string"}}],"inLanguage":"fr-FR"},{"@type":"Organization","@id":"https:\/\/colellaweb.it\/#organization","name":"Colella","url":"https:\/\/colellaweb.it\/","logo":{"@type":"ImageObject","inLanguage":"fr-FR","@id":"https:\/\/colellaweb.it\/#\/schema\/logo\/image\/","url":"https:\/\/colellaweb.it\/wp-content\/uploads\/2023\/02\/cropped-logo_colella_favicon.png","contentUrl":"https:\/\/colellaweb.it\/wp-content\/uploads\/2023\/02\/cropped-logo_colella_favicon.png","width":512,"height":512,"caption":"Colella"},"image":{"@id":"https:\/\/colellaweb.it\/#\/schema\/logo\/image\/"},"sameAs":["https:\/\/www.facebook.com\/rumoriincucina","https:\/\/www.instagram.com\/rumoriincucina"]}]}},"_links":{"self":[{"href":"https:\/\/colellaweb.it\/fr\/wp-json\/wp\/v2\/product\/11533","targetHints":{"allow":["GET"]}}],"collection":[{"href":"https:\/\/colellaweb.it\/fr\/wp-json\/wp\/v2\/product"}],"about":[{"href":"https:\/\/colellaweb.it\/fr\/wp-json\/wp\/v2\/types\/product"}],"version-history":[{"count":0,"href":"https:\/\/colellaweb.it\/fr\/wp-json\/wp\/v2\/product\/11533\/revisions"}],"wp:featuredmedia":[{"embeddable":true,"href":"https:\/\/colellaweb.it\/fr\/wp-json\/wp\/v2\/media\/9877"}],"wp:attachment":[{"href":"https:\/\/colellaweb.it\/fr\/wp-json\/wp\/v2\/media?parent=11533"}],"wp:term":[{"taxonomy":"product_brand","embeddable":true,"href":"https:\/\/colellaweb.it\/fr\/wp-json\/wp\/v2\/product_brand?post=11533"},{"taxonomy":"product_cat","embeddable":true,"href":"https:\/\/colellaweb.it\/fr\/wp-json\/wp\/v2\/product_cat?post=11533"},{"taxonomy":"product_tag","embeddable":true,"href":"https:\/\/colellaweb.it\/fr\/wp-json\/wp\/v2\/product_tag?post=11533"}],"curies":[{"name":"wp","href":"https:\/\/api.w.org\/{rel}","templated":true}]}}