{"id":11483,"date":"2022-12-12T10:22:16","date_gmt":"2022-12-12T10:22:16","guid":{"rendered":"https:\/\/colellaweb.it\/prodotto\/sottovuoto-tv-col\/"},"modified":"2022-12-12T10:22:16","modified_gmt":"2022-12-12T10:22:16","slug":"sottovuoto-tv-col","status":"publish","type":"product","link":"https:\/\/colellaweb.it\/fr\/prodotto\/sottovuoto-tv-col\/","title":{"rendered":"Sottovuoto TV-COL ;"},"content":{"rendered":"<p><b>texte \u00e0 ins\u00e9rer ;<\/b><\/p>\n<p>&nbsp;<\/p>\n","protected":false},"excerpt":{"rendered":"<p>La machine \u00e0 emballer sous vide TV COL est enti\u00e8rement construite en acier inoxydable Aisi 304\/SB.<\/p>\n<p>La chambre \u00e0 vide a des coins internes arrondis pour faciliter le nettoyage interne.<br \/>\nLe cycle de fonctionnement est g\u00e9r\u00e9 automatiquement par la carte \u00e9lectronique, la barre de soudure est positionn\u00e9e sur des pistons pneumatiques.<\/p>\n<p>La machine peut g\u00e9rer jusqu&#8217;\u00e0 10 programmes ind\u00e9pendants gr\u00e2ce \u00e0 un panneau de commande num\u00e9rique.<br \/>\nDeux buses permettent d&#8217;utiliser la fonction d&#8217;entr\u00e9e de gaz inerte pendant l&#8217;emballage.<\/p>\n<p>Il ne n\u00e9cessite pas d&#8217;arr\u00eat du couvercle car il est dot\u00e9 d&#8217;un syst\u00e8me innovant.<\/p>\n","protected":false},"featured_media":9829,"template":"","meta":{"_acf_changed":false},"product_brand":[],"product_cat":[182,160],"product_tag":[],"class_list":{"0":"post-11483","1":"product","2":"type-product","3":"status-publish","4":"has-post-thumbnail","6":"product_cat-machines-demballage-sous-vide","7":"product_cat-utensili-da-cucina-e-design-fr","9":"first","10":"instock","11":"shipping-taxable","12":"product-type-simple"},"acf":[],"yoast_head":"<!-- This site is optimized with the Yoast SEO plugin v26.7 - https:\/\/yoast.com\/wordpress\/plugins\/seo\/ -->\n<title>Sottovuoto TV-COL ; - Colella<\/title>\n<meta name=\"robots\" content=\"index, follow, max-snippet:-1, max-image-preview:large, max-video-preview:-1\" \/>\n<link rel=\"canonical\" href=\"https:\/\/colellaweb.it\/fr\/prodotto\/sottovuoto-tv-col\/\" \/>\n<meta property=\"og:locale\" content=\"fr_FR\" \/>\n<meta property=\"og:type\" content=\"article\" \/>\n<meta property=\"og:title\" content=\"Sottovuoto TV-COL ; - Colella\" \/>\n<meta property=\"og:description\" content=\"La machine \u00e0 emballer sous vide TV COL est enti\u00e8rement construite en acier inoxydable Aisi 304\/SB. La chambre \u00e0 vide a des coins internes arrondis pour faciliter le nettoyage interne. Le cycle de fonctionnement est g\u00e9r\u00e9 automatiquement par la carte \u00e9lectronique, la barre de soudure est positionn\u00e9e sur des pistons pneumatiques. La machine peut g\u00e9rer jusqu&#039;\u00e0 10 programmes ind\u00e9pendants gr\u00e2ce \u00e0 un panneau de commande num\u00e9rique. Deux buses permettent d&#039;utiliser la fonction d&#039;entr\u00e9e de gaz inerte pendant l&#039;emballage. Il ne n\u00e9cessite pas d&#039;arr\u00eat du couvercle car il est dot\u00e9 d&#039;un syst\u00e8me innovant.\" \/>\n<meta property=\"og:url\" content=\"https:\/\/colellaweb.it\/fr\/prodotto\/sottovuoto-tv-col\/\" \/>\n<meta property=\"og:site_name\" content=\"Colella\" \/>\n<meta property=\"article:publisher\" content=\"https:\/\/www.facebook.com\/rumoriincucina\" \/>\n<meta property=\"og:image\" content=\"https:\/\/colellaweb.it\/wp-content\/uploads\/2022\/12\/TV25-4_0c59cc.jpeg\" \/>\n\t<meta property=\"og:image:width\" content=\"600\" \/>\n\t<meta property=\"og:image:height\" content=\"446\" \/>\n\t<meta property=\"og:image:type\" content=\"image\/jpeg\" \/>\n<meta name=\"twitter:card\" content=\"summary_large_image\" \/>\n<script type=\"application\/ld+json\" class=\"yoast-schema-graph\">{\"@context\":\"https:\/\/schema.org\",\"@graph\":[{\"@type\":\"WebPage\",\"@id\":\"https:\/\/colellaweb.it\/fr\/prodotto\/sottovuoto-tv-col\/\",\"url\":\"https:\/\/colellaweb.it\/fr\/prodotto\/sottovuoto-tv-col\/\",\"name\":\"Sottovuoto TV-COL ; - Colella\",\"isPartOf\":{\"@id\":\"https:\/\/colellaweb.it\/#website\"},\"primaryImageOfPage\":{\"@id\":\"https:\/\/colellaweb.it\/fr\/prodotto\/sottovuoto-tv-col\/#primaryimage\"},\"image\":{\"@id\":\"https:\/\/colellaweb.it\/fr\/prodotto\/sottovuoto-tv-col\/#primaryimage\"},\"thumbnailUrl\":\"https:\/\/colellaweb.it\/wp-content\/uploads\/2022\/12\/TV25-4_0c59cc.jpeg\",\"datePublished\":\"2022-12-12T10:22:16+00:00\",\"breadcrumb\":{\"@id\":\"https:\/\/colellaweb.it\/fr\/prodotto\/sottovuoto-tv-col\/#breadcrumb\"},\"inLanguage\":\"fr-FR\",\"potentialAction\":[{\"@type\":\"ReadAction\",\"target\":[\"https:\/\/colellaweb.it\/fr\/prodotto\/sottovuoto-tv-col\/\"]}]},{\"@type\":\"ImageObject\",\"inLanguage\":\"fr-FR\",\"@id\":\"https:\/\/colellaweb.it\/fr\/prodotto\/sottovuoto-tv-col\/#primaryimage\",\"url\":\"https:\/\/colellaweb.it\/wp-content\/uploads\/2022\/12\/TV25-4_0c59cc.jpeg\",\"contentUrl\":\"https:\/\/colellaweb.it\/wp-content\/uploads\/2022\/12\/TV25-4_0c59cc.jpeg\",\"width\":600,\"height\":446},{\"@type\":\"BreadcrumbList\",\"@id\":\"https:\/\/colellaweb.it\/fr\/prodotto\/sottovuoto-tv-col\/#breadcrumb\",\"itemListElement\":[{\"@type\":\"ListItem\",\"position\":1,\"name\":\"Home\",\"item\":\"https:\/\/colellaweb.it\/fr\/\"},{\"@type\":\"ListItem\",\"position\":2,\"name\":\"Shop\",\"item\":\"https:\/\/colellaweb.it\/negozio\/\"},{\"@type\":\"ListItem\",\"position\":3,\"name\":\"Sottovuoto TV-COL ;\"}]},{\"@type\":\"WebSite\",\"@id\":\"https:\/\/colellaweb.it\/#website\",\"url\":\"https:\/\/colellaweb.it\/\",\"name\":\"Colella\",\"description\":\"Rumori in cucina\",\"publisher\":{\"@id\":\"https:\/\/colellaweb.it\/#organization\"},\"potentialAction\":[{\"@type\":\"SearchAction\",\"target\":{\"@type\":\"EntryPoint\",\"urlTemplate\":\"https:\/\/colellaweb.it\/?s={search_term_string}\"},\"query-input\":{\"@type\":\"PropertyValueSpecification\",\"valueRequired\":true,\"valueName\":\"search_term_string\"}}],\"inLanguage\":\"fr-FR\"},{\"@type\":\"Organization\",\"@id\":\"https:\/\/colellaweb.it\/#organization\",\"name\":\"Colella\",\"url\":\"https:\/\/colellaweb.it\/\",\"logo\":{\"@type\":\"ImageObject\",\"inLanguage\":\"fr-FR\",\"@id\":\"https:\/\/colellaweb.it\/#\/schema\/logo\/image\/\",\"url\":\"https:\/\/colellaweb.it\/wp-content\/uploads\/2023\/02\/cropped-logo_colella_favicon.png\",\"contentUrl\":\"https:\/\/colellaweb.it\/wp-content\/uploads\/2023\/02\/cropped-logo_colella_favicon.png\",\"width\":512,\"height\":512,\"caption\":\"Colella\"},\"image\":{\"@id\":\"https:\/\/colellaweb.it\/#\/schema\/logo\/image\/\"},\"sameAs\":[\"https:\/\/www.facebook.com\/rumoriincucina\",\"https:\/\/www.instagram.com\/rumoriincucina\"]}]}<\/script>\n<!-- \/ Yoast SEO plugin. -->","yoast_head_json":{"title":"Sottovuoto TV-COL ; - Colella","robots":{"index":"index","follow":"follow","max-snippet":"max-snippet:-1","max-image-preview":"max-image-preview:large","max-video-preview":"max-video-preview:-1"},"canonical":"https:\/\/colellaweb.it\/fr\/prodotto\/sottovuoto-tv-col\/","og_locale":"fr_FR","og_type":"article","og_title":"Sottovuoto TV-COL ; - Colella","og_description":"La machine \u00e0 emballer sous vide TV COL est enti\u00e8rement construite en acier inoxydable Aisi 304\/SB. La chambre \u00e0 vide a des coins internes arrondis pour faciliter le nettoyage interne. Le cycle de fonctionnement est g\u00e9r\u00e9 automatiquement par la carte \u00e9lectronique, la barre de soudure est positionn\u00e9e sur des pistons pneumatiques. La machine peut g\u00e9rer jusqu'\u00e0 10 programmes ind\u00e9pendants gr\u00e2ce \u00e0 un panneau de commande num\u00e9rique. Deux buses permettent d'utiliser la fonction d'entr\u00e9e de gaz inerte pendant l'emballage. Il ne n\u00e9cessite pas d'arr\u00eat du couvercle car il est dot\u00e9 d'un syst\u00e8me innovant.","og_url":"https:\/\/colellaweb.it\/fr\/prodotto\/sottovuoto-tv-col\/","og_site_name":"Colella","article_publisher":"https:\/\/www.facebook.com\/rumoriincucina","og_image":[{"width":600,"height":446,"url":"https:\/\/colellaweb.it\/wp-content\/uploads\/2022\/12\/TV25-4_0c59cc.jpeg","type":"image\/jpeg"}],"twitter_card":"summary_large_image","schema":{"@context":"https:\/\/schema.org","@graph":[{"@type":"WebPage","@id":"https:\/\/colellaweb.it\/fr\/prodotto\/sottovuoto-tv-col\/","url":"https:\/\/colellaweb.it\/fr\/prodotto\/sottovuoto-tv-col\/","name":"Sottovuoto TV-COL ; - Colella","isPartOf":{"@id":"https:\/\/colellaweb.it\/#website"},"primaryImageOfPage":{"@id":"https:\/\/colellaweb.it\/fr\/prodotto\/sottovuoto-tv-col\/#primaryimage"},"image":{"@id":"https:\/\/colellaweb.it\/fr\/prodotto\/sottovuoto-tv-col\/#primaryimage"},"thumbnailUrl":"https:\/\/colellaweb.it\/wp-content\/uploads\/2022\/12\/TV25-4_0c59cc.jpeg","datePublished":"2022-12-12T10:22:16+00:00","breadcrumb":{"@id":"https:\/\/colellaweb.it\/fr\/prodotto\/sottovuoto-tv-col\/#breadcrumb"},"inLanguage":"fr-FR","potentialAction":[{"@type":"ReadAction","target":["https:\/\/colellaweb.it\/fr\/prodotto\/sottovuoto-tv-col\/"]}]},{"@type":"ImageObject","inLanguage":"fr-FR","@id":"https:\/\/colellaweb.it\/fr\/prodotto\/sottovuoto-tv-col\/#primaryimage","url":"https:\/\/colellaweb.it\/wp-content\/uploads\/2022\/12\/TV25-4_0c59cc.jpeg","contentUrl":"https:\/\/colellaweb.it\/wp-content\/uploads\/2022\/12\/TV25-4_0c59cc.jpeg","width":600,"height":446},{"@type":"BreadcrumbList","@id":"https:\/\/colellaweb.it\/fr\/prodotto\/sottovuoto-tv-col\/#breadcrumb","itemListElement":[{"@type":"ListItem","position":1,"name":"Home","item":"https:\/\/colellaweb.it\/fr\/"},{"@type":"ListItem","position":2,"name":"Shop","item":"https:\/\/colellaweb.it\/negozio\/"},{"@type":"ListItem","position":3,"name":"Sottovuoto TV-COL ;"}]},{"@type":"WebSite","@id":"https:\/\/colellaweb.it\/#website","url":"https:\/\/colellaweb.it\/","name":"Colella","description":"Rumori in cucina","publisher":{"@id":"https:\/\/colellaweb.it\/#organization"},"potentialAction":[{"@type":"SearchAction","target":{"@type":"EntryPoint","urlTemplate":"https:\/\/colellaweb.it\/?s={search_term_string}"},"query-input":{"@type":"PropertyValueSpecification","valueRequired":true,"valueName":"search_term_string"}}],"inLanguage":"fr-FR"},{"@type":"Organization","@id":"https:\/\/colellaweb.it\/#organization","name":"Colella","url":"https:\/\/colellaweb.it\/","logo":{"@type":"ImageObject","inLanguage":"fr-FR","@id":"https:\/\/colellaweb.it\/#\/schema\/logo\/image\/","url":"https:\/\/colellaweb.it\/wp-content\/uploads\/2023\/02\/cropped-logo_colella_favicon.png","contentUrl":"https:\/\/colellaweb.it\/wp-content\/uploads\/2023\/02\/cropped-logo_colella_favicon.png","width":512,"height":512,"caption":"Colella"},"image":{"@id":"https:\/\/colellaweb.it\/#\/schema\/logo\/image\/"},"sameAs":["https:\/\/www.facebook.com\/rumoriincucina","https:\/\/www.instagram.com\/rumoriincucina"]}]}},"_links":{"self":[{"href":"https:\/\/colellaweb.it\/fr\/wp-json\/wp\/v2\/product\/11483","targetHints":{"allow":["GET"]}}],"collection":[{"href":"https:\/\/colellaweb.it\/fr\/wp-json\/wp\/v2\/product"}],"about":[{"href":"https:\/\/colellaweb.it\/fr\/wp-json\/wp\/v2\/types\/product"}],"version-history":[{"count":0,"href":"https:\/\/colellaweb.it\/fr\/wp-json\/wp\/v2\/product\/11483\/revisions"}],"wp:featuredmedia":[{"embeddable":true,"href":"https:\/\/colellaweb.it\/fr\/wp-json\/wp\/v2\/media\/9829"}],"wp:attachment":[{"href":"https:\/\/colellaweb.it\/fr\/wp-json\/wp\/v2\/media?parent=11483"}],"wp:term":[{"taxonomy":"product_brand","embeddable":true,"href":"https:\/\/colellaweb.it\/fr\/wp-json\/wp\/v2\/product_brand?post=11483"},{"taxonomy":"product_cat","embeddable":true,"href":"https:\/\/colellaweb.it\/fr\/wp-json\/wp\/v2\/product_cat?post=11483"},{"taxonomy":"product_tag","embeddable":true,"href":"https:\/\/colellaweb.it\/fr\/wp-json\/wp\/v2\/product_tag?post=11483"}],"curies":[{"name":"wp","href":"https:\/\/api.w.org\/{rel}","templated":true}]}}