{"id":11479,"date":"2022-12-12T10:09:01","date_gmt":"2022-12-12T10:09:01","guid":{"rendered":"https:\/\/colellaweb.it\/prodotto\/machine-demballage-sous-vide-takaje\/"},"modified":"2022-12-12T10:09:01","modified_gmt":"2022-12-12T10:09:01","slug":"confezionatrice-sottovuoto-takaje","status":"publish","type":"product","link":"https:\/\/colellaweb.it\/fr\/prodotto\/confezionatrice-sottovuoto-takaje\/","title":{"rendered":"Machine d&#8217;emballage sous vide Takaje ;"},"content":{"rendered":"<p><b>texte \u00e0 ins\u00e9rer ;<\/b><\/p>\n<p>&nbsp;<\/p>\n","protected":false},"excerpt":{"rendered":"<p>Le dispositif aspire l&#8217;air du sac et le ferme herm\u00e9tiquement afin que l&#8217;air ne puisse plus y p\u00e9n\u00e9trer. Le sac devient ainsi un environnement inhospitalier pour les moisissures et les bact\u00e9ries qui ne peuvent plus prolif\u00e9rer et alt\u00e9rer la qualit\u00e9 des aliments.<\/p>\n<p>Double syst\u00e8me : sacs et bo\u00eetes<\/p>\n<p>Syst\u00e8me innovant brevet\u00e9 Gr\u00e2ce \u00e0 la valve \u00e0 placer sur les bocaux en verre \u00e0 couvercle m\u00e9tallique, il est possible de mettre sous vide tous les aliments semi-solides, liquides ou dont la forme serait compromise \u00e0 l&#8217;int\u00e9rieur du sachet.<\/p>\n<p>ACCESSOIRES POUR MOD. Takaje:<\/p>\n<p>Lot de 5 valves pour couvercles de bocaux en verre<br \/>\nBouchon de bouteille de vin 1 pi\u00e8ce<br \/>\nBouchon de bouteille _ conf. 5 pi\u00e8ces<\/p>\n","protected":false},"featured_media":9815,"template":"","meta":{"_acf_changed":false},"product_brand":[],"product_cat":[182,160],"product_tag":[],"class_list":{"0":"post-11479","1":"product","2":"type-product","3":"status-publish","4":"has-post-thumbnail","6":"product_cat-machines-demballage-sous-vide","7":"product_cat-utensili-da-cucina-e-design-fr","9":"first","10":"instock","11":"shipping-taxable","12":"product-type-simple"},"acf":[],"yoast_head":"<!-- This site is optimized with the Yoast SEO plugin v26.7 - https:\/\/yoast.com\/wordpress\/plugins\/seo\/ -->\n<title>Machine d&#039;emballage sous vide Takaje ; - Colella<\/title>\n<meta name=\"robots\" content=\"index, follow, max-snippet:-1, max-image-preview:large, max-video-preview:-1\" \/>\n<link rel=\"canonical\" href=\"https:\/\/colellaweb.it\/fr\/prodotto\/confezionatrice-sottovuoto-takaje\/\" \/>\n<meta property=\"og:locale\" content=\"fr_FR\" \/>\n<meta property=\"og:type\" content=\"article\" \/>\n<meta property=\"og:title\" content=\"Machine d&#039;emballage sous vide Takaje ; - Colella\" \/>\n<meta property=\"og:description\" content=\"Le dispositif aspire l&#039;air du sac et le ferme herm\u00e9tiquement afin que l&#039;air ne puisse plus y p\u00e9n\u00e9trer. Le sac devient ainsi un environnement inhospitalier pour les moisissures et les bact\u00e9ries qui ne peuvent plus prolif\u00e9rer et alt\u00e9rer la qualit\u00e9 des aliments. Double syst\u00e8me : sacs et bo\u00eetes Syst\u00e8me innovant brevet\u00e9 Gr\u00e2ce \u00e0 la valve \u00e0 placer sur les bocaux en verre \u00e0 couvercle m\u00e9tallique, il est possible de mettre sous vide tous les aliments semi-solides, liquides ou dont la forme serait compromise \u00e0 l&#039;int\u00e9rieur du sachet. ACCESSOIRES POUR MOD. Takaje: Lot de 5 valves pour couvercles de bocaux en verre Bouchon de bouteille de vin 1 pi\u00e8ce Bouchon de bouteille _ conf. 5 pi\u00e8ces\" \/>\n<meta property=\"og:url\" content=\"https:\/\/colellaweb.it\/fr\/prodotto\/confezionatrice-sottovuoto-takaje\/\" \/>\n<meta property=\"og:site_name\" content=\"Colella\" \/>\n<meta property=\"article:publisher\" content=\"https:\/\/www.facebook.com\/rumoriincucina\" \/>\n<meta property=\"og:image\" content=\"https:\/\/colellaweb.it\/wp-content\/uploads\/2022\/12\/800x800_2019-12-27_1024x1024_15-12-27_takajevaccum.jpeg\" \/>\n\t<meta property=\"og:image:width\" content=\"800\" \/>\n\t<meta property=\"og:image:height\" content=\"800\" \/>\n\t<meta property=\"og:image:type\" content=\"image\/jpeg\" \/>\n<meta name=\"twitter:card\" content=\"summary_large_image\" \/>\n<script type=\"application\/ld+json\" class=\"yoast-schema-graph\">{\"@context\":\"https:\/\/schema.org\",\"@graph\":[{\"@type\":\"WebPage\",\"@id\":\"https:\/\/colellaweb.it\/fr\/prodotto\/confezionatrice-sottovuoto-takaje\/\",\"url\":\"https:\/\/colellaweb.it\/fr\/prodotto\/confezionatrice-sottovuoto-takaje\/\",\"name\":\"Machine d'emballage sous vide Takaje ; - Colella\",\"isPartOf\":{\"@id\":\"https:\/\/colellaweb.it\/#website\"},\"primaryImageOfPage\":{\"@id\":\"https:\/\/colellaweb.it\/fr\/prodotto\/confezionatrice-sottovuoto-takaje\/#primaryimage\"},\"image\":{\"@id\":\"https:\/\/colellaweb.it\/fr\/prodotto\/confezionatrice-sottovuoto-takaje\/#primaryimage\"},\"thumbnailUrl\":\"https:\/\/colellaweb.it\/wp-content\/uploads\/2022\/12\/800x800_2019-12-27_1024x1024_15-12-27_takajevaccum.jpeg\",\"datePublished\":\"2022-12-12T10:09:01+00:00\",\"breadcrumb\":{\"@id\":\"https:\/\/colellaweb.it\/fr\/prodotto\/confezionatrice-sottovuoto-takaje\/#breadcrumb\"},\"inLanguage\":\"fr-FR\",\"potentialAction\":[{\"@type\":\"ReadAction\",\"target\":[\"https:\/\/colellaweb.it\/fr\/prodotto\/confezionatrice-sottovuoto-takaje\/\"]}]},{\"@type\":\"ImageObject\",\"inLanguage\":\"fr-FR\",\"@id\":\"https:\/\/colellaweb.it\/fr\/prodotto\/confezionatrice-sottovuoto-takaje\/#primaryimage\",\"url\":\"https:\/\/colellaweb.it\/wp-content\/uploads\/2022\/12\/800x800_2019-12-27_1024x1024_15-12-27_takajevaccum.jpeg\",\"contentUrl\":\"https:\/\/colellaweb.it\/wp-content\/uploads\/2022\/12\/800x800_2019-12-27_1024x1024_15-12-27_takajevaccum.jpeg\",\"width\":800,\"height\":800},{\"@type\":\"BreadcrumbList\",\"@id\":\"https:\/\/colellaweb.it\/fr\/prodotto\/confezionatrice-sottovuoto-takaje\/#breadcrumb\",\"itemListElement\":[{\"@type\":\"ListItem\",\"position\":1,\"name\":\"Home\",\"item\":\"https:\/\/colellaweb.it\/fr\/\"},{\"@type\":\"ListItem\",\"position\":2,\"name\":\"Shop\",\"item\":\"https:\/\/colellaweb.it\/negozio\/\"},{\"@type\":\"ListItem\",\"position\":3,\"name\":\"Machine d&#8217;emballage sous vide Takaje ;\"}]},{\"@type\":\"WebSite\",\"@id\":\"https:\/\/colellaweb.it\/#website\",\"url\":\"https:\/\/colellaweb.it\/\",\"name\":\"Colella\",\"description\":\"Rumori in cucina\",\"publisher\":{\"@id\":\"https:\/\/colellaweb.it\/#organization\"},\"potentialAction\":[{\"@type\":\"SearchAction\",\"target\":{\"@type\":\"EntryPoint\",\"urlTemplate\":\"https:\/\/colellaweb.it\/?s={search_term_string}\"},\"query-input\":{\"@type\":\"PropertyValueSpecification\",\"valueRequired\":true,\"valueName\":\"search_term_string\"}}],\"inLanguage\":\"fr-FR\"},{\"@type\":\"Organization\",\"@id\":\"https:\/\/colellaweb.it\/#organization\",\"name\":\"Colella\",\"url\":\"https:\/\/colellaweb.it\/\",\"logo\":{\"@type\":\"ImageObject\",\"inLanguage\":\"fr-FR\",\"@id\":\"https:\/\/colellaweb.it\/#\/schema\/logo\/image\/\",\"url\":\"https:\/\/colellaweb.it\/wp-content\/uploads\/2023\/02\/cropped-logo_colella_favicon.png\",\"contentUrl\":\"https:\/\/colellaweb.it\/wp-content\/uploads\/2023\/02\/cropped-logo_colella_favicon.png\",\"width\":512,\"height\":512,\"caption\":\"Colella\"},\"image\":{\"@id\":\"https:\/\/colellaweb.it\/#\/schema\/logo\/image\/\"},\"sameAs\":[\"https:\/\/www.facebook.com\/rumoriincucina\",\"https:\/\/www.instagram.com\/rumoriincucina\"]}]}<\/script>\n<!-- \/ Yoast SEO plugin. -->","yoast_head_json":{"title":"Machine d'emballage sous vide Takaje ; - Colella","robots":{"index":"index","follow":"follow","max-snippet":"max-snippet:-1","max-image-preview":"max-image-preview:large","max-video-preview":"max-video-preview:-1"},"canonical":"https:\/\/colellaweb.it\/fr\/prodotto\/confezionatrice-sottovuoto-takaje\/","og_locale":"fr_FR","og_type":"article","og_title":"Machine d'emballage sous vide Takaje ; - Colella","og_description":"Le dispositif aspire l'air du sac et le ferme herm\u00e9tiquement afin que l'air ne puisse plus y p\u00e9n\u00e9trer. Le sac devient ainsi un environnement inhospitalier pour les moisissures et les bact\u00e9ries qui ne peuvent plus prolif\u00e9rer et alt\u00e9rer la qualit\u00e9 des aliments. Double syst\u00e8me : sacs et bo\u00eetes Syst\u00e8me innovant brevet\u00e9 Gr\u00e2ce \u00e0 la valve \u00e0 placer sur les bocaux en verre \u00e0 couvercle m\u00e9tallique, il est possible de mettre sous vide tous les aliments semi-solides, liquides ou dont la forme serait compromise \u00e0 l'int\u00e9rieur du sachet. ACCESSOIRES POUR MOD. Takaje: Lot de 5 valves pour couvercles de bocaux en verre Bouchon de bouteille de vin 1 pi\u00e8ce Bouchon de bouteille _ conf. 5 pi\u00e8ces","og_url":"https:\/\/colellaweb.it\/fr\/prodotto\/confezionatrice-sottovuoto-takaje\/","og_site_name":"Colella","article_publisher":"https:\/\/www.facebook.com\/rumoriincucina","og_image":[{"width":800,"height":800,"url":"https:\/\/colellaweb.it\/wp-content\/uploads\/2022\/12\/800x800_2019-12-27_1024x1024_15-12-27_takajevaccum.jpeg","type":"image\/jpeg"}],"twitter_card":"summary_large_image","schema":{"@context":"https:\/\/schema.org","@graph":[{"@type":"WebPage","@id":"https:\/\/colellaweb.it\/fr\/prodotto\/confezionatrice-sottovuoto-takaje\/","url":"https:\/\/colellaweb.it\/fr\/prodotto\/confezionatrice-sottovuoto-takaje\/","name":"Machine d'emballage sous vide Takaje ; - Colella","isPartOf":{"@id":"https:\/\/colellaweb.it\/#website"},"primaryImageOfPage":{"@id":"https:\/\/colellaweb.it\/fr\/prodotto\/confezionatrice-sottovuoto-takaje\/#primaryimage"},"image":{"@id":"https:\/\/colellaweb.it\/fr\/prodotto\/confezionatrice-sottovuoto-takaje\/#primaryimage"},"thumbnailUrl":"https:\/\/colellaweb.it\/wp-content\/uploads\/2022\/12\/800x800_2019-12-27_1024x1024_15-12-27_takajevaccum.jpeg","datePublished":"2022-12-12T10:09:01+00:00","breadcrumb":{"@id":"https:\/\/colellaweb.it\/fr\/prodotto\/confezionatrice-sottovuoto-takaje\/#breadcrumb"},"inLanguage":"fr-FR","potentialAction":[{"@type":"ReadAction","target":["https:\/\/colellaweb.it\/fr\/prodotto\/confezionatrice-sottovuoto-takaje\/"]}]},{"@type":"ImageObject","inLanguage":"fr-FR","@id":"https:\/\/colellaweb.it\/fr\/prodotto\/confezionatrice-sottovuoto-takaje\/#primaryimage","url":"https:\/\/colellaweb.it\/wp-content\/uploads\/2022\/12\/800x800_2019-12-27_1024x1024_15-12-27_takajevaccum.jpeg","contentUrl":"https:\/\/colellaweb.it\/wp-content\/uploads\/2022\/12\/800x800_2019-12-27_1024x1024_15-12-27_takajevaccum.jpeg","width":800,"height":800},{"@type":"BreadcrumbList","@id":"https:\/\/colellaweb.it\/fr\/prodotto\/confezionatrice-sottovuoto-takaje\/#breadcrumb","itemListElement":[{"@type":"ListItem","position":1,"name":"Home","item":"https:\/\/colellaweb.it\/fr\/"},{"@type":"ListItem","position":2,"name":"Shop","item":"https:\/\/colellaweb.it\/negozio\/"},{"@type":"ListItem","position":3,"name":"Machine d&#8217;emballage sous vide Takaje ;"}]},{"@type":"WebSite","@id":"https:\/\/colellaweb.it\/#website","url":"https:\/\/colellaweb.it\/","name":"Colella","description":"Rumori in cucina","publisher":{"@id":"https:\/\/colellaweb.it\/#organization"},"potentialAction":[{"@type":"SearchAction","target":{"@type":"EntryPoint","urlTemplate":"https:\/\/colellaweb.it\/?s={search_term_string}"},"query-input":{"@type":"PropertyValueSpecification","valueRequired":true,"valueName":"search_term_string"}}],"inLanguage":"fr-FR"},{"@type":"Organization","@id":"https:\/\/colellaweb.it\/#organization","name":"Colella","url":"https:\/\/colellaweb.it\/","logo":{"@type":"ImageObject","inLanguage":"fr-FR","@id":"https:\/\/colellaweb.it\/#\/schema\/logo\/image\/","url":"https:\/\/colellaweb.it\/wp-content\/uploads\/2023\/02\/cropped-logo_colella_favicon.png","contentUrl":"https:\/\/colellaweb.it\/wp-content\/uploads\/2023\/02\/cropped-logo_colella_favicon.png","width":512,"height":512,"caption":"Colella"},"image":{"@id":"https:\/\/colellaweb.it\/#\/schema\/logo\/image\/"},"sameAs":["https:\/\/www.facebook.com\/rumoriincucina","https:\/\/www.instagram.com\/rumoriincucina"]}]}},"_links":{"self":[{"href":"https:\/\/colellaweb.it\/fr\/wp-json\/wp\/v2\/product\/11479","targetHints":{"allow":["GET"]}}],"collection":[{"href":"https:\/\/colellaweb.it\/fr\/wp-json\/wp\/v2\/product"}],"about":[{"href":"https:\/\/colellaweb.it\/fr\/wp-json\/wp\/v2\/types\/product"}],"version-history":[{"count":0,"href":"https:\/\/colellaweb.it\/fr\/wp-json\/wp\/v2\/product\/11479\/revisions"}],"wp:featuredmedia":[{"embeddable":true,"href":"https:\/\/colellaweb.it\/fr\/wp-json\/wp\/v2\/media\/9815"}],"wp:attachment":[{"href":"https:\/\/colellaweb.it\/fr\/wp-json\/wp\/v2\/media?parent=11479"}],"wp:term":[{"taxonomy":"product_brand","embeddable":true,"href":"https:\/\/colellaweb.it\/fr\/wp-json\/wp\/v2\/product_brand?post=11479"},{"taxonomy":"product_cat","embeddable":true,"href":"https:\/\/colellaweb.it\/fr\/wp-json\/wp\/v2\/product_cat?post=11479"},{"taxonomy":"product_tag","embeddable":true,"href":"https:\/\/colellaweb.it\/fr\/wp-json\/wp\/v2\/product_tag?post=11479"}],"curies":[{"name":"wp","href":"https:\/\/api.w.org\/{rel}","templated":true}]}}