{"id":11387,"date":"2022-12-06T09:43:24","date_gmt":"2022-12-06T09:43:24","guid":{"rendered":"https:\/\/colellaweb.it\/prodotto\/trancheurs-de-ligne-essentia-de-berkel\/"},"modified":"2023-06-20T21:52:21","modified_gmt":"2023-06-20T21:52:21","slug":"affettatrici-essentia-line-berkel","status":"publish","type":"product","link":"https:\/\/colellaweb.it\/fr\/prodotto\/affettatrici-essentia-line-berkel\/","title":{"rendered":"Trancheurs de ligne ESSENTIA de Berkel ;"},"content":{"rendered":"<p><strong>\u00c9quipement de s\u00e9rie : ;<\/strong><\/p>\n<ul>\n<li>Bouton de r\u00e9glage de l&#8217;\u00e9paisseur de coupe 0 \u00f7 16 mm<\/li>\n<li>Micro-interrupteur de protection sur le couvercle de protection de la lame<\/li>\n<li>Protection int\u00e9grale sous la machine<\/li>\n<li>Interrupteur prot\u00e9g\u00e9<\/li>\n<li>Protection m\u00e9canique en polycarbonate sur la plaque<\/li>\n<li>Num\u00e9ro de s\u00e9rie<\/li>\n<\/ul>\n<p>D\u00e9claration de conformit\u00e9 aux normes nationales CE<\/p>\n<p>Moteur ventil\u00e9<\/p>\n<p>&nbsp;<\/p>\n","protected":false},"excerpt":{"rendered":"<p>\u00c9quipement de s\u00e9rie : ; Bouton de r\u00e9glage de l&#8217;\u00e9paisseur de coupe 0 \u00f7 16 mm Micro-interrupteur de protection sur le couvercle de protection de la lame Protection int\u00e9grale sous la machine Interrupteur prot\u00e9g\u00e9 Protection m\u00e9canique en polycarbonate sur la plaque Num\u00e9ro de s\u00e9rie D\u00e9claration de conformit\u00e9 aux normes nationales CE Moteur ventil\u00e9 &nbsp;<\/p>\n","protected":false},"featured_media":9631,"template":"","meta":{"_acf_changed":false},"product_brand":[],"product_cat":[175,148],"product_tag":[],"class_list":{"0":"post-11387","1":"product","2":"type-product","3":"status-publish","4":"has-post-thumbnail","6":"product_cat-professionnel-vertical","7":"product_cat-trancheuses-a-jambon-electriques","9":"first","10":"instock","11":"shipping-taxable","12":"product-type-simple"},"acf":[],"yoast_head":"<!-- This site is optimized with the Yoast SEO plugin v26.7 - https:\/\/yoast.com\/wordpress\/plugins\/seo\/ -->\n<title>Trancheurs de ligne ESSENTIA de Berkel ; - Colella<\/title>\n<meta name=\"robots\" content=\"index, follow, max-snippet:-1, max-image-preview:large, max-video-preview:-1\" \/>\n<link rel=\"canonical\" href=\"https:\/\/colellaweb.it\/fr\/prodotto\/affettatrici-essentia-line-berkel\/\" \/>\n<meta property=\"og:locale\" content=\"fr_FR\" \/>\n<meta property=\"og:type\" content=\"article\" \/>\n<meta property=\"og:title\" content=\"Trancheurs de ligne ESSENTIA de Berkel ; - Colella\" \/>\n<meta property=\"og:description\" content=\"\u00c9quipement de s\u00e9rie : ; Bouton de r\u00e9glage de l&#8217;\u00e9paisseur de coupe 0 \u00f7 16 mm Micro-interrupteur de protection sur le couvercle de protection de la lame Protection int\u00e9grale sous la machine Interrupteur prot\u00e9g\u00e9 Protection m\u00e9canique en polycarbonate sur la plaque Num\u00e9ro de s\u00e9rie D\u00e9claration de conformit\u00e9 aux normes nationales CE Moteur ventil\u00e9 &nbsp;\" \/>\n<meta property=\"og:url\" content=\"https:\/\/colellaweb.it\/fr\/prodotto\/affettatrici-essentia-line-berkel\/\" \/>\n<meta property=\"og:site_name\" content=\"Colella\" \/>\n<meta property=\"article:publisher\" content=\"https:\/\/www.facebook.com\/rumoriincucina\" \/>\n<meta property=\"article:modified_time\" content=\"2023-06-20T21:52:21+00:00\" \/>\n<meta property=\"og:image\" content=\"https:\/\/colellaweb.it\/wp-content\/uploads\/2022\/12\/800x800_2019-12-30_1024x1024_12-12-02_essentiasalumeria3.jpeg\" \/>\n\t<meta property=\"og:image:width\" content=\"800\" \/>\n\t<meta property=\"og:image:height\" content=\"800\" \/>\n\t<meta property=\"og:image:type\" content=\"image\/jpeg\" \/>\n<meta name=\"twitter:card\" content=\"summary_large_image\" \/>\n<script type=\"application\/ld+json\" class=\"yoast-schema-graph\">{\"@context\":\"https:\/\/schema.org\",\"@graph\":[{\"@type\":\"WebPage\",\"@id\":\"https:\/\/colellaweb.it\/fr\/prodotto\/affettatrici-essentia-line-berkel\/\",\"url\":\"https:\/\/colellaweb.it\/fr\/prodotto\/affettatrici-essentia-line-berkel\/\",\"name\":\"Trancheurs de ligne ESSENTIA de Berkel ; - Colella\",\"isPartOf\":{\"@id\":\"https:\/\/colellaweb.it\/#website\"},\"primaryImageOfPage\":{\"@id\":\"https:\/\/colellaweb.it\/fr\/prodotto\/affettatrici-essentia-line-berkel\/#primaryimage\"},\"image\":{\"@id\":\"https:\/\/colellaweb.it\/fr\/prodotto\/affettatrici-essentia-line-berkel\/#primaryimage\"},\"thumbnailUrl\":\"https:\/\/colellaweb.it\/wp-content\/uploads\/2022\/12\/800x800_2019-12-30_1024x1024_12-12-02_essentiasalumeria3.jpeg\",\"datePublished\":\"2022-12-06T09:43:24+00:00\",\"dateModified\":\"2023-06-20T21:52:21+00:00\",\"breadcrumb\":{\"@id\":\"https:\/\/colellaweb.it\/fr\/prodotto\/affettatrici-essentia-line-berkel\/#breadcrumb\"},\"inLanguage\":\"fr-FR\",\"potentialAction\":[{\"@type\":\"ReadAction\",\"target\":[\"https:\/\/colellaweb.it\/fr\/prodotto\/affettatrici-essentia-line-berkel\/\"]}]},{\"@type\":\"ImageObject\",\"inLanguage\":\"fr-FR\",\"@id\":\"https:\/\/colellaweb.it\/fr\/prodotto\/affettatrici-essentia-line-berkel\/#primaryimage\",\"url\":\"https:\/\/colellaweb.it\/wp-content\/uploads\/2022\/12\/800x800_2019-12-30_1024x1024_12-12-02_essentiasalumeria3.jpeg\",\"contentUrl\":\"https:\/\/colellaweb.it\/wp-content\/uploads\/2022\/12\/800x800_2019-12-30_1024x1024_12-12-02_essentiasalumeria3.jpeg\",\"width\":800,\"height\":800},{\"@type\":\"BreadcrumbList\",\"@id\":\"https:\/\/colellaweb.it\/fr\/prodotto\/affettatrici-essentia-line-berkel\/#breadcrumb\",\"itemListElement\":[{\"@type\":\"ListItem\",\"position\":1,\"name\":\"Home\",\"item\":\"https:\/\/colellaweb.it\/fr\/\"},{\"@type\":\"ListItem\",\"position\":2,\"name\":\"Shop\",\"item\":\"https:\/\/colellaweb.it\/negozio\/\"},{\"@type\":\"ListItem\",\"position\":3,\"name\":\"Trancheurs de ligne ESSENTIA de Berkel ;\"}]},{\"@type\":\"WebSite\",\"@id\":\"https:\/\/colellaweb.it\/#website\",\"url\":\"https:\/\/colellaweb.it\/\",\"name\":\"Colella\",\"description\":\"Rumori in cucina\",\"publisher\":{\"@id\":\"https:\/\/colellaweb.it\/#organization\"},\"potentialAction\":[{\"@type\":\"SearchAction\",\"target\":{\"@type\":\"EntryPoint\",\"urlTemplate\":\"https:\/\/colellaweb.it\/?s={search_term_string}\"},\"query-input\":{\"@type\":\"PropertyValueSpecification\",\"valueRequired\":true,\"valueName\":\"search_term_string\"}}],\"inLanguage\":\"fr-FR\"},{\"@type\":\"Organization\",\"@id\":\"https:\/\/colellaweb.it\/#organization\",\"name\":\"Colella\",\"url\":\"https:\/\/colellaweb.it\/\",\"logo\":{\"@type\":\"ImageObject\",\"inLanguage\":\"fr-FR\",\"@id\":\"https:\/\/colellaweb.it\/#\/schema\/logo\/image\/\",\"url\":\"https:\/\/colellaweb.it\/wp-content\/uploads\/2023\/02\/cropped-logo_colella_favicon.png\",\"contentUrl\":\"https:\/\/colellaweb.it\/wp-content\/uploads\/2023\/02\/cropped-logo_colella_favicon.png\",\"width\":512,\"height\":512,\"caption\":\"Colella\"},\"image\":{\"@id\":\"https:\/\/colellaweb.it\/#\/schema\/logo\/image\/\"},\"sameAs\":[\"https:\/\/www.facebook.com\/rumoriincucina\",\"https:\/\/www.instagram.com\/rumoriincucina\"]}]}<\/script>\n<!-- \/ Yoast SEO plugin. -->","yoast_head_json":{"title":"Trancheurs de ligne ESSENTIA de Berkel ; - Colella","robots":{"index":"index","follow":"follow","max-snippet":"max-snippet:-1","max-image-preview":"max-image-preview:large","max-video-preview":"max-video-preview:-1"},"canonical":"https:\/\/colellaweb.it\/fr\/prodotto\/affettatrici-essentia-line-berkel\/","og_locale":"fr_FR","og_type":"article","og_title":"Trancheurs de ligne ESSENTIA de Berkel ; - Colella","og_description":"\u00c9quipement de s\u00e9rie : ; Bouton de r\u00e9glage de l&#8217;\u00e9paisseur de coupe 0 \u00f7 16 mm Micro-interrupteur de protection sur le couvercle de protection de la lame Protection int\u00e9grale sous la machine Interrupteur prot\u00e9g\u00e9 Protection m\u00e9canique en polycarbonate sur la plaque Num\u00e9ro de s\u00e9rie D\u00e9claration de conformit\u00e9 aux normes nationales CE Moteur ventil\u00e9 &nbsp;","og_url":"https:\/\/colellaweb.it\/fr\/prodotto\/affettatrici-essentia-line-berkel\/","og_site_name":"Colella","article_publisher":"https:\/\/www.facebook.com\/rumoriincucina","article_modified_time":"2023-06-20T21:52:21+00:00","og_image":[{"width":800,"height":800,"url":"https:\/\/colellaweb.it\/wp-content\/uploads\/2022\/12\/800x800_2019-12-30_1024x1024_12-12-02_essentiasalumeria3.jpeg","type":"image\/jpeg"}],"twitter_card":"summary_large_image","schema":{"@context":"https:\/\/schema.org","@graph":[{"@type":"WebPage","@id":"https:\/\/colellaweb.it\/fr\/prodotto\/affettatrici-essentia-line-berkel\/","url":"https:\/\/colellaweb.it\/fr\/prodotto\/affettatrici-essentia-line-berkel\/","name":"Trancheurs de ligne ESSENTIA de Berkel ; - Colella","isPartOf":{"@id":"https:\/\/colellaweb.it\/#website"},"primaryImageOfPage":{"@id":"https:\/\/colellaweb.it\/fr\/prodotto\/affettatrici-essentia-line-berkel\/#primaryimage"},"image":{"@id":"https:\/\/colellaweb.it\/fr\/prodotto\/affettatrici-essentia-line-berkel\/#primaryimage"},"thumbnailUrl":"https:\/\/colellaweb.it\/wp-content\/uploads\/2022\/12\/800x800_2019-12-30_1024x1024_12-12-02_essentiasalumeria3.jpeg","datePublished":"2022-12-06T09:43:24+00:00","dateModified":"2023-06-20T21:52:21+00:00","breadcrumb":{"@id":"https:\/\/colellaweb.it\/fr\/prodotto\/affettatrici-essentia-line-berkel\/#breadcrumb"},"inLanguage":"fr-FR","potentialAction":[{"@type":"ReadAction","target":["https:\/\/colellaweb.it\/fr\/prodotto\/affettatrici-essentia-line-berkel\/"]}]},{"@type":"ImageObject","inLanguage":"fr-FR","@id":"https:\/\/colellaweb.it\/fr\/prodotto\/affettatrici-essentia-line-berkel\/#primaryimage","url":"https:\/\/colellaweb.it\/wp-content\/uploads\/2022\/12\/800x800_2019-12-30_1024x1024_12-12-02_essentiasalumeria3.jpeg","contentUrl":"https:\/\/colellaweb.it\/wp-content\/uploads\/2022\/12\/800x800_2019-12-30_1024x1024_12-12-02_essentiasalumeria3.jpeg","width":800,"height":800},{"@type":"BreadcrumbList","@id":"https:\/\/colellaweb.it\/fr\/prodotto\/affettatrici-essentia-line-berkel\/#breadcrumb","itemListElement":[{"@type":"ListItem","position":1,"name":"Home","item":"https:\/\/colellaweb.it\/fr\/"},{"@type":"ListItem","position":2,"name":"Shop","item":"https:\/\/colellaweb.it\/negozio\/"},{"@type":"ListItem","position":3,"name":"Trancheurs de ligne ESSENTIA de Berkel ;"}]},{"@type":"WebSite","@id":"https:\/\/colellaweb.it\/#website","url":"https:\/\/colellaweb.it\/","name":"Colella","description":"Rumori in cucina","publisher":{"@id":"https:\/\/colellaweb.it\/#organization"},"potentialAction":[{"@type":"SearchAction","target":{"@type":"EntryPoint","urlTemplate":"https:\/\/colellaweb.it\/?s={search_term_string}"},"query-input":{"@type":"PropertyValueSpecification","valueRequired":true,"valueName":"search_term_string"}}],"inLanguage":"fr-FR"},{"@type":"Organization","@id":"https:\/\/colellaweb.it\/#organization","name":"Colella","url":"https:\/\/colellaweb.it\/","logo":{"@type":"ImageObject","inLanguage":"fr-FR","@id":"https:\/\/colellaweb.it\/#\/schema\/logo\/image\/","url":"https:\/\/colellaweb.it\/wp-content\/uploads\/2023\/02\/cropped-logo_colella_favicon.png","contentUrl":"https:\/\/colellaweb.it\/wp-content\/uploads\/2023\/02\/cropped-logo_colella_favicon.png","width":512,"height":512,"caption":"Colella"},"image":{"@id":"https:\/\/colellaweb.it\/#\/schema\/logo\/image\/"},"sameAs":["https:\/\/www.facebook.com\/rumoriincucina","https:\/\/www.instagram.com\/rumoriincucina"]}]}},"_links":{"self":[{"href":"https:\/\/colellaweb.it\/fr\/wp-json\/wp\/v2\/product\/11387","targetHints":{"allow":["GET"]}}],"collection":[{"href":"https:\/\/colellaweb.it\/fr\/wp-json\/wp\/v2\/product"}],"about":[{"href":"https:\/\/colellaweb.it\/fr\/wp-json\/wp\/v2\/types\/product"}],"version-history":[{"count":0,"href":"https:\/\/colellaweb.it\/fr\/wp-json\/wp\/v2\/product\/11387\/revisions"}],"wp:featuredmedia":[{"embeddable":true,"href":"https:\/\/colellaweb.it\/fr\/wp-json\/wp\/v2\/media\/9631"}],"wp:attachment":[{"href":"https:\/\/colellaweb.it\/fr\/wp-json\/wp\/v2\/media?parent=11387"}],"wp:term":[{"taxonomy":"product_brand","embeddable":true,"href":"https:\/\/colellaweb.it\/fr\/wp-json\/wp\/v2\/product_brand?post=11387"},{"taxonomy":"product_cat","embeddable":true,"href":"https:\/\/colellaweb.it\/fr\/wp-json\/wp\/v2\/product_cat?post=11387"},{"taxonomy":"product_tag","embeddable":true,"href":"https:\/\/colellaweb.it\/fr\/wp-json\/wp\/v2\/product_tag?post=11387"}],"curies":[{"name":"wp","href":"https:\/\/api.w.org\/{rel}","templated":true}]}}