{"id":11369,"date":"2022-11-21T10:26:44","date_gmt":"2022-11-21T09:26:44","guid":{"rendered":"https:\/\/colellaweb.it\/prodotto\/trancheur-cervino-300-colella\/"},"modified":"2022-11-21T10:26:44","modified_gmt":"2022-11-21T10:26:44","slug":"affettatrice-cervino-300-colella-copia","status":"publish","type":"product","link":"https:\/\/colellaweb.it\/fr\/prodotto\/affettatrice-cervino-300-colella-copia\/","title":{"rendered":"Trancheur CERVINO-300-Colella ;"},"content":{"rendered":"<p><strong>\u00c9quipement de s\u00e9rie : ;<\/strong><\/p>\n<ul>\n<li>Bouton de r\u00e9glage de l&#8217;\u00e9paisseur de coupe 0 \u00f7 16 mm<\/li>\n<li>Micro-interrupteur de protection sur le couvercle de protection de la lame<\/li>\n<li>Protection int\u00e9grale sous la machine<\/li>\n<li>Interrupteur prot\u00e9g\u00e9<\/li>\n<li>Protection m\u00e9canique en polycarbonate sur la plaque<\/li>\n<li>Num\u00e9ro de s\u00e9rie<\/li>\n<\/ul>\n<p>D\u00e9claration de conformit\u00e9 aux normes nationales CE<\/p>\n<p>Moteur ventil\u00e9<\/p>\n","protected":false},"excerpt":{"rendered":"<p>L&#8217;affettatrice mod.Mod\u00e8le con\u00e7u pour la d\u00e9coupe de petits jambons entiers ou de la moiti\u00e9 d&#8217;un jambon de Parme, de salami, de grandes viandes s\u00e9ch\u00e9es, de r\u00f4tis, de coppa, de r\u00f4ti de b\u0153uf, de carpaccio (viande semi-congel\u00e9e), de speck, de culatello, de coppa&#8230; Le F 300 CL peut couper un jambon entier : le diam\u00e8tre de la lame est de 30 cm avec une largeur de coupe de 1,5 cm.<strong>d\u00e9placement du chariot de 30 cm<\/strong>. Il existe en deux versions : CE-DO &#8211;&gt;pour usage domestique CE-PRO &#8211;&gt; pour un usage professionnel<\/p>\n","protected":false},"featured_media":9629,"template":"","meta":{"_acf_changed":false},"product_brand":[],"product_cat":[146,173,148],"product_tag":[],"class_list":{"0":"post-11369","1":"product","2":"type-product","3":"status-publish","4":"has-post-thumbnail","6":"product_cat-cervino-fr","7":"product_cat-ligne-domestique","8":"product_cat-trancheuses-a-jambon-electriques","10":"first","11":"instock","12":"shipping-taxable","13":"product-type-simple"},"acf":[],"yoast_head":"<!-- This site is optimized with the Yoast SEO plugin v26.7 - https:\/\/yoast.com\/wordpress\/plugins\/seo\/ -->\n<title>Trancheur CERVINO-300-Colella ; - Colella<\/title>\n<meta name=\"robots\" content=\"index, follow, max-snippet:-1, max-image-preview:large, max-video-preview:-1\" \/>\n<link rel=\"canonical\" href=\"https:\/\/colellaweb.it\/fr\/prodotto\/affettatrice-cervino-300-colella-copia\/\" \/>\n<meta property=\"og:locale\" content=\"fr_FR\" \/>\n<meta property=\"og:type\" content=\"article\" \/>\n<meta property=\"og:title\" content=\"Trancheur CERVINO-300-Colella ; - Colella\" \/>\n<meta property=\"og:description\" content=\"L&#039;affettatrice mod.Mod\u00e8le con\u00e7u pour la d\u00e9coupe de petits jambons entiers ou de la moiti\u00e9 d&#039;un jambon de Parme, de salami, de grandes viandes s\u00e9ch\u00e9es, de r\u00f4tis, de coppa, de r\u00f4ti de b\u0153uf, de carpaccio (viande semi-congel\u00e9e), de speck, de culatello, de coppa... Le F 300 CL peut couper un jambon entier : le diam\u00e8tre de la lame est de 30 cm avec une largeur de coupe de 1,5 cm.d\u00e9placement du chariot de 30 cm. Il existe en deux versions : CE-DO --&gt;pour usage domestique CE-PRO --&gt; pour un usage professionnel\" \/>\n<meta property=\"og:url\" content=\"https:\/\/colellaweb.it\/fr\/prodotto\/affettatrice-cervino-300-colella-copia\/\" \/>\n<meta property=\"og:site_name\" content=\"Colella\" \/>\n<meta property=\"article:publisher\" content=\"https:\/\/www.facebook.com\/rumoriincucina\" \/>\n<meta property=\"article:modified_time\" content=\"2022-11-21T10:26:44+00:00\" \/>\n<meta property=\"og:image\" content=\"https:\/\/colellaweb.it\/wp-content\/uploads\/2022\/11\/Cervino-300-CL-CEPRO2.jpg\" \/>\n\t<meta property=\"og:image:width\" content=\"1000\" \/>\n\t<meta property=\"og:image:height\" content=\"1120\" \/>\n\t<meta property=\"og:image:type\" content=\"image\/jpeg\" \/>\n<meta name=\"twitter:card\" content=\"summary_large_image\" \/>\n<script type=\"application\/ld+json\" class=\"yoast-schema-graph\">{\"@context\":\"https:\/\/schema.org\",\"@graph\":[{\"@type\":\"WebPage\",\"@id\":\"https:\/\/colellaweb.it\/fr\/prodotto\/affettatrice-cervino-300-colella-copia\/\",\"url\":\"https:\/\/colellaweb.it\/fr\/prodotto\/affettatrice-cervino-300-colella-copia\/\",\"name\":\"Trancheur CERVINO-300-Colella ; - Colella\",\"isPartOf\":{\"@id\":\"https:\/\/colellaweb.it\/#website\"},\"primaryImageOfPage\":{\"@id\":\"https:\/\/colellaweb.it\/fr\/prodotto\/affettatrice-cervino-300-colella-copia\/#primaryimage\"},\"image\":{\"@id\":\"https:\/\/colellaweb.it\/fr\/prodotto\/affettatrice-cervino-300-colella-copia\/#primaryimage\"},\"thumbnailUrl\":\"https:\/\/colellaweb.it\/wp-content\/uploads\/2022\/11\/Cervino-300-CL-CEPRO2.jpg\",\"datePublished\":\"2022-11-21T09:26:44+00:00\",\"dateModified\":\"2022-11-21T10:26:44+00:00\",\"breadcrumb\":{\"@id\":\"https:\/\/colellaweb.it\/fr\/prodotto\/affettatrice-cervino-300-colella-copia\/#breadcrumb\"},\"inLanguage\":\"fr-FR\",\"potentialAction\":[{\"@type\":\"ReadAction\",\"target\":[\"https:\/\/colellaweb.it\/fr\/prodotto\/affettatrice-cervino-300-colella-copia\/\"]}]},{\"@type\":\"ImageObject\",\"inLanguage\":\"fr-FR\",\"@id\":\"https:\/\/colellaweb.it\/fr\/prodotto\/affettatrice-cervino-300-colella-copia\/#primaryimage\",\"url\":\"https:\/\/colellaweb.it\/wp-content\/uploads\/2022\/11\/Cervino-300-CL-CEPRO2.jpg\",\"contentUrl\":\"https:\/\/colellaweb.it\/wp-content\/uploads\/2022\/11\/Cervino-300-CL-CEPRO2.jpg\",\"width\":1000,\"height\":1120},{\"@type\":\"BreadcrumbList\",\"@id\":\"https:\/\/colellaweb.it\/fr\/prodotto\/affettatrice-cervino-300-colella-copia\/#breadcrumb\",\"itemListElement\":[{\"@type\":\"ListItem\",\"position\":1,\"name\":\"Home\",\"item\":\"https:\/\/colellaweb.it\/fr\/\"},{\"@type\":\"ListItem\",\"position\":2,\"name\":\"Shop\",\"item\":\"https:\/\/colellaweb.it\/negozio\/\"},{\"@type\":\"ListItem\",\"position\":3,\"name\":\"Trancheur CERVINO-300-Colella ;\"}]},{\"@type\":\"WebSite\",\"@id\":\"https:\/\/colellaweb.it\/#website\",\"url\":\"https:\/\/colellaweb.it\/\",\"name\":\"Colella\",\"description\":\"Rumori in cucina\",\"publisher\":{\"@id\":\"https:\/\/colellaweb.it\/#organization\"},\"potentialAction\":[{\"@type\":\"SearchAction\",\"target\":{\"@type\":\"EntryPoint\",\"urlTemplate\":\"https:\/\/colellaweb.it\/?s={search_term_string}\"},\"query-input\":{\"@type\":\"PropertyValueSpecification\",\"valueRequired\":true,\"valueName\":\"search_term_string\"}}],\"inLanguage\":\"fr-FR\"},{\"@type\":\"Organization\",\"@id\":\"https:\/\/colellaweb.it\/#organization\",\"name\":\"Colella\",\"url\":\"https:\/\/colellaweb.it\/\",\"logo\":{\"@type\":\"ImageObject\",\"inLanguage\":\"fr-FR\",\"@id\":\"https:\/\/colellaweb.it\/#\/schema\/logo\/image\/\",\"url\":\"https:\/\/colellaweb.it\/wp-content\/uploads\/2023\/02\/cropped-logo_colella_favicon.png\",\"contentUrl\":\"https:\/\/colellaweb.it\/wp-content\/uploads\/2023\/02\/cropped-logo_colella_favicon.png\",\"width\":512,\"height\":512,\"caption\":\"Colella\"},\"image\":{\"@id\":\"https:\/\/colellaweb.it\/#\/schema\/logo\/image\/\"},\"sameAs\":[\"https:\/\/www.facebook.com\/rumoriincucina\",\"https:\/\/www.instagram.com\/rumoriincucina\"]}]}<\/script>\n<!-- \/ Yoast SEO plugin. -->","yoast_head_json":{"title":"Trancheur CERVINO-300-Colella ; - Colella","robots":{"index":"index","follow":"follow","max-snippet":"max-snippet:-1","max-image-preview":"max-image-preview:large","max-video-preview":"max-video-preview:-1"},"canonical":"https:\/\/colellaweb.it\/fr\/prodotto\/affettatrice-cervino-300-colella-copia\/","og_locale":"fr_FR","og_type":"article","og_title":"Trancheur CERVINO-300-Colella ; - Colella","og_description":"L'affettatrice mod.Mod\u00e8le con\u00e7u pour la d\u00e9coupe de petits jambons entiers ou de la moiti\u00e9 d'un jambon de Parme, de salami, de grandes viandes s\u00e9ch\u00e9es, de r\u00f4tis, de coppa, de r\u00f4ti de b\u0153uf, de carpaccio (viande semi-congel\u00e9e), de speck, de culatello, de coppa... Le F 300 CL peut couper un jambon entier : le diam\u00e8tre de la lame est de 30 cm avec une largeur de coupe de 1,5 cm.d\u00e9placement du chariot de 30 cm. Il existe en deux versions : CE-DO --&gt;pour usage domestique CE-PRO --&gt; pour un usage professionnel","og_url":"https:\/\/colellaweb.it\/fr\/prodotto\/affettatrice-cervino-300-colella-copia\/","og_site_name":"Colella","article_publisher":"https:\/\/www.facebook.com\/rumoriincucina","article_modified_time":"2022-11-21T10:26:44+00:00","og_image":[{"width":1000,"height":1120,"url":"https:\/\/colellaweb.it\/wp-content\/uploads\/2022\/11\/Cervino-300-CL-CEPRO2.jpg","type":"image\/jpeg"}],"twitter_card":"summary_large_image","schema":{"@context":"https:\/\/schema.org","@graph":[{"@type":"WebPage","@id":"https:\/\/colellaweb.it\/fr\/prodotto\/affettatrice-cervino-300-colella-copia\/","url":"https:\/\/colellaweb.it\/fr\/prodotto\/affettatrice-cervino-300-colella-copia\/","name":"Trancheur CERVINO-300-Colella ; - Colella","isPartOf":{"@id":"https:\/\/colellaweb.it\/#website"},"primaryImageOfPage":{"@id":"https:\/\/colellaweb.it\/fr\/prodotto\/affettatrice-cervino-300-colella-copia\/#primaryimage"},"image":{"@id":"https:\/\/colellaweb.it\/fr\/prodotto\/affettatrice-cervino-300-colella-copia\/#primaryimage"},"thumbnailUrl":"https:\/\/colellaweb.it\/wp-content\/uploads\/2022\/11\/Cervino-300-CL-CEPRO2.jpg","datePublished":"2022-11-21T09:26:44+00:00","dateModified":"2022-11-21T10:26:44+00:00","breadcrumb":{"@id":"https:\/\/colellaweb.it\/fr\/prodotto\/affettatrice-cervino-300-colella-copia\/#breadcrumb"},"inLanguage":"fr-FR","potentialAction":[{"@type":"ReadAction","target":["https:\/\/colellaweb.it\/fr\/prodotto\/affettatrice-cervino-300-colella-copia\/"]}]},{"@type":"ImageObject","inLanguage":"fr-FR","@id":"https:\/\/colellaweb.it\/fr\/prodotto\/affettatrice-cervino-300-colella-copia\/#primaryimage","url":"https:\/\/colellaweb.it\/wp-content\/uploads\/2022\/11\/Cervino-300-CL-CEPRO2.jpg","contentUrl":"https:\/\/colellaweb.it\/wp-content\/uploads\/2022\/11\/Cervino-300-CL-CEPRO2.jpg","width":1000,"height":1120},{"@type":"BreadcrumbList","@id":"https:\/\/colellaweb.it\/fr\/prodotto\/affettatrice-cervino-300-colella-copia\/#breadcrumb","itemListElement":[{"@type":"ListItem","position":1,"name":"Home","item":"https:\/\/colellaweb.it\/fr\/"},{"@type":"ListItem","position":2,"name":"Shop","item":"https:\/\/colellaweb.it\/negozio\/"},{"@type":"ListItem","position":3,"name":"Trancheur CERVINO-300-Colella ;"}]},{"@type":"WebSite","@id":"https:\/\/colellaweb.it\/#website","url":"https:\/\/colellaweb.it\/","name":"Colella","description":"Rumori in cucina","publisher":{"@id":"https:\/\/colellaweb.it\/#organization"},"potentialAction":[{"@type":"SearchAction","target":{"@type":"EntryPoint","urlTemplate":"https:\/\/colellaweb.it\/?s={search_term_string}"},"query-input":{"@type":"PropertyValueSpecification","valueRequired":true,"valueName":"search_term_string"}}],"inLanguage":"fr-FR"},{"@type":"Organization","@id":"https:\/\/colellaweb.it\/#organization","name":"Colella","url":"https:\/\/colellaweb.it\/","logo":{"@type":"ImageObject","inLanguage":"fr-FR","@id":"https:\/\/colellaweb.it\/#\/schema\/logo\/image\/","url":"https:\/\/colellaweb.it\/wp-content\/uploads\/2023\/02\/cropped-logo_colella_favicon.png","contentUrl":"https:\/\/colellaweb.it\/wp-content\/uploads\/2023\/02\/cropped-logo_colella_favicon.png","width":512,"height":512,"caption":"Colella"},"image":{"@id":"https:\/\/colellaweb.it\/#\/schema\/logo\/image\/"},"sameAs":["https:\/\/www.facebook.com\/rumoriincucina","https:\/\/www.instagram.com\/rumoriincucina"]}]}},"_links":{"self":[{"href":"https:\/\/colellaweb.it\/fr\/wp-json\/wp\/v2\/product\/11369","targetHints":{"allow":["GET"]}}],"collection":[{"href":"https:\/\/colellaweb.it\/fr\/wp-json\/wp\/v2\/product"}],"about":[{"href":"https:\/\/colellaweb.it\/fr\/wp-json\/wp\/v2\/types\/product"}],"version-history":[{"count":0,"href":"https:\/\/colellaweb.it\/fr\/wp-json\/wp\/v2\/product\/11369\/revisions"}],"wp:featuredmedia":[{"embeddable":true,"href":"https:\/\/colellaweb.it\/fr\/wp-json\/wp\/v2\/media\/9629"}],"wp:attachment":[{"href":"https:\/\/colellaweb.it\/fr\/wp-json\/wp\/v2\/media?parent=11369"}],"wp:term":[{"taxonomy":"product_brand","embeddable":true,"href":"https:\/\/colellaweb.it\/fr\/wp-json\/wp\/v2\/product_brand?post=11369"},{"taxonomy":"product_cat","embeddable":true,"href":"https:\/\/colellaweb.it\/fr\/wp-json\/wp\/v2\/product_cat?post=11369"},{"taxonomy":"product_tag","embeddable":true,"href":"https:\/\/colellaweb.it\/fr\/wp-json\/wp\/v2\/product_tag?post=11369"}],"curies":[{"name":"wp","href":"https:\/\/api.w.org\/{rel}","templated":true}]}}