{"id":11368,"date":"2022-11-21T10:20:42","date_gmt":"2022-11-21T09:20:42","guid":{"rendered":"https:\/\/colellaweb.it\/prodotto\/trancheur-cervino-300cl-colella\/"},"modified":"2023-08-08T08:54:23","modified_gmt":"2023-08-08T06:54:23","slug":"affettatrice-cervino-300cl-colella","status":"publish","type":"product","link":"https:\/\/colellaweb.it\/fr\/prodotto\/affettatrice-cervino-300cl-colella\/","title":{"rendered":"Tranchese \u00e0 jambon Colella CERVINO 300 TSV"},"content":{"rendered":"<p><strong>\u00c9quipement de s\u00e9rie :\u00a0<\/strong><\/p>\n<ul>\n<li>Bouton de r\u00e9glage de l&#8217;\u00e9paisseur de coupe 0 \u00f7 16 mm<\/li>\n<li>Micro-interrupteur de protection sur le couvercle de protection de la lame<\/li>\n<li>Protection int\u00e9grale sous la machine<\/li>\n<li>Interrupteur prot\u00e9g\u00e9<\/li>\n<li>Protection m\u00e9canique en polycarbonate sur la plaque<\/li>\n<li>Num\u00e9ro de s\u00e9rie<\/li>\n<li>D\u00e9claration de conformit\u00e9 aux normes nationales CE<\/li>\n<li>Moteur ventil\u00e9<\/li>\n<\/ul>\n<h5>EQUIPEMENT PROFESSIONNEL CE-PRO<\/h5>\n<p>+ Protection int\u00e9grale de la lame<\/p>\n<p>+ Interrupteur basse tension 24 volts<\/p>\n<p>+ Certification professionnelle de conformit\u00e9 CE<\/p>\n<p>&nbsp;<\/p>\n<p>&nbsp;<\/p>\n","protected":false},"excerpt":{"rendered":"<div id=\"tw-container\" class=\"\" data-cp=\"1\" data-is-ver=\"false\" data-nnttsvi=\"1\" data-sbsl=\".*\" data-sm=\"1\" data-ssbp=\"false\" data-sugg-time=\"500\" data-sugg-url=\"https:\/\/clients1.google.com\/complete\/search\" data-uilc=\"it\" data-vil=\",af,af-ZA,am,am-ET,ar-EG,ar-AE,ar-KW,ar-QA,ar,ar-IL,ar-JO,ar-LB,ar-PS,az,az-AZ,bg,bg-BG,bn,bn-BD,bn-IN,ca,ca-es,cs,cs-CZ,de,de-DE,de-CH,de-AT,de-LI,en,en-US,en-CA,en-AU,en-NZ,en-GB,en-IN,en-KE,en-TZ,en-NG,en-GH,en-PH,en-ZA,es,es-ES,es-AR,es-UY,es-419,es-BO,es-CL,es-CR,es-CO,es-DO,es-EC,es-GT,es-HN,es-NI,es-PA,es-PE,es-PR,es-PY,es-SV,es-VE,es-MX,es-US,eu,eu-ES,fi,fi-FI,fr,fr-FR,fr-CH,fr-BE,gl,gl-ES,gu,gu-IN,he,he-IL,iw,iw-IL,hu,hu-HU,hy,hy-AM,id,id-ID,is,is-IS,it,it-IT,it-CH,ja,ja-JP,jv,jv-ID,ka,ka-GE,km,km-KH,kn,kn-IN,ko,ko-KR,la,lo,lo-LA,lv,lv-LV,ml,ml-IN,mr,mr-IN,ms,ms-MY,nl,nl-NL,nb,nb-NO,ne,ne-NP,pl,pl-PL,pt,pt-BR,pt-PT,ro,ro-RO,ru,ru-RU,si-LK,sk,sk-SK,sr,sr-RS,su,su-ID,sv,sv-SE,sw,sw-TZ,sw-KE,ta,ta-IN,ta-SG,ta-LK,ta-MY,te,te-IN,tr,tr-TR,ur,ur-PK,ur-IN,yue,yue-HK,yue-Hant-HK,zh-HK,zh,zh-CN,zh-cmn,zh-cmn-CN,zh-Hans,zh-Hans-CN,zh-cmn-Hans,zh-cmn-Hans-CN,cmn-CN,cmn-Hans,cmn-Hans-CN,zh-TW,zh-Hant-TW,cmn-TW,cmn-Hant-TW,zh-cmn-TW,zh-cmn-Hant-TW,zu,zu-ZA\">\n<div id=\"tw-ob\" class=\"tw-src-ltr\">\n<div class=\"oSioSc\">\n<div id=\"tw-target\">\n<div id=\"kAz1tf\" class=\"g9WsWb\">\n<div id=\"tw-target-text-container\" class=\"tw-ta-container F0azHf tw-nfl\" tabindex=\"0\">\n<h4 class=\"p1\">CERVINO PROFESSIONNEL<\/h4>\n<h5 class=\"p1\">LA LIGNE ESSENTIELLE<\/h5>\n<p class=\"p1\">La s\u00e9rie de trancheuses \u00e0 volant d&#8217;inertie CERVINO, con\u00e7ue pour une utilisation moyenne intensit\u00e9 &#8211; dans un bistrot, pour le service du petit-d\u00e9jeuner dans un \u00e9tablissement d&#8217;h\u00e9bergement ou pour une pizzeria coup\u00e9e &#8211; est la ligne Colella \u00e0 usage professionnel disponible dans les versions gravit\u00e9 et verticale. Les lignes simples et essentielles de la carrosserie permettent un nettoyage en peu de temps.<\/p>\n<p class=\"p1\">\n<\/div>\n<div class=\"iYB33c\">\n<div class=\"dlJLJe\">\n<div data-cviv=\"false\" data-ved=\"2ahUKEwik9tmwo8yAAxXjg_0HHbG0CxUQz_AEegQICBAP\">\n<div class=\"U9URNb\"><\/div>\n<\/div>\n<\/div>\n<div id=\"tw-tmenu\" class=\"tw-menu\"><\/div>\n<\/div>\n<\/div>\n<\/div>\n<\/div>\n<\/div>\n<div id=\"tw-images\"><\/div>\n<div class=\"dURPtb\"><\/div>\n<div>\n<div><\/div>\n<\/div>\n<\/div>\n<div class=\"KFFQ0c xKf9F\"><\/div>\n","protected":false},"featured_media":12872,"template":"","meta":{"_acf_changed":false},"product_brand":[],"product_cat":[190,175,148],"product_tag":[],"class_list":{"0":"post-11368","1":"product","2":"type-product","3":"status-publish","4":"has-post-thumbnail","6":"product_cat-linea-professional","7":"product_cat-professionnel-vertical","8":"product_cat-trancheuses-a-jambon-electriques","10":"first","11":"instock","12":"shipping-taxable","13":"product-type-simple"},"acf":[],"yoast_head":"<!-- This site is optimized with the Yoast SEO plugin v26.7 - https:\/\/yoast.com\/wordpress\/plugins\/seo\/ -->\n<title>Tranchese \u00e0 jambon Colella CERVINO 300 TSV - Colella<\/title>\n<meta name=\"robots\" content=\"index, follow, max-snippet:-1, max-image-preview:large, max-video-preview:-1\" \/>\n<link rel=\"canonical\" href=\"https:\/\/colellaweb.it\/fr\/prodotto\/affettatrice-cervino-300cl-colella\/\" \/>\n<meta property=\"og:locale\" content=\"fr_FR\" \/>\n<meta property=\"og:type\" content=\"article\" \/>\n<meta property=\"og:title\" content=\"Tranchese \u00e0 jambon Colella CERVINO 300 TSV - Colella\" \/>\n<meta property=\"og:description\" content=\"CERVINO PROFESSIONNEL LA LIGNE ESSENTIELLE La s\u00e9rie de trancheuses \u00e0 volant d&#039;inertie CERVINO, con\u00e7ue pour une utilisation moyenne intensit\u00e9 - dans un bistrot, pour le service du petit-d\u00e9jeuner dans un \u00e9tablissement d&#039;h\u00e9bergement ou pour une pizzeria coup\u00e9e - est la ligne Colella \u00e0 usage professionnel disponible dans les versions gravit\u00e9 et verticale. Les lignes simples et essentielles de la carrosserie permettent un nettoyage en peu de temps.\" \/>\n<meta property=\"og:url\" content=\"https:\/\/colellaweb.it\/fr\/prodotto\/affettatrice-cervino-300cl-colella\/\" \/>\n<meta property=\"og:site_name\" content=\"Colella\" \/>\n<meta property=\"article:publisher\" content=\"https:\/\/www.facebook.com\/rumoriincucina\" \/>\n<meta property=\"article:modified_time\" content=\"2023-08-08T06:54:23+00:00\" \/>\n<meta property=\"og:image\" content=\"https:\/\/colellaweb.it\/wp-content\/uploads\/2022\/11\/300-tsv-cepr-1-1024x819-1.jpeg\" \/>\n\t<meta property=\"og:image:width\" content=\"1024\" \/>\n\t<meta property=\"og:image:height\" content=\"819\" \/>\n\t<meta property=\"og:image:type\" content=\"image\/jpeg\" \/>\n<meta name=\"twitter:card\" content=\"summary_large_image\" \/>\n<meta name=\"twitter:label1\" content=\"Dur\u00e9e de lecture estim\u00e9e\" \/>\n\t<meta name=\"twitter:data1\" content=\"1 minute\" \/>\n<script type=\"application\/ld+json\" class=\"yoast-schema-graph\">{\"@context\":\"https:\/\/schema.org\",\"@graph\":[{\"@type\":\"WebPage\",\"@id\":\"https:\/\/colellaweb.it\/fr\/prodotto\/affettatrice-cervino-300cl-colella\/\",\"url\":\"https:\/\/colellaweb.it\/fr\/prodotto\/affettatrice-cervino-300cl-colella\/\",\"name\":\"Tranchese \u00e0 jambon Colella CERVINO 300 TSV - Colella\",\"isPartOf\":{\"@id\":\"https:\/\/colellaweb.it\/#website\"},\"primaryImageOfPage\":{\"@id\":\"https:\/\/colellaweb.it\/fr\/prodotto\/affettatrice-cervino-300cl-colella\/#primaryimage\"},\"image\":{\"@id\":\"https:\/\/colellaweb.it\/fr\/prodotto\/affettatrice-cervino-300cl-colella\/#primaryimage\"},\"thumbnailUrl\":\"https:\/\/colellaweb.it\/wp-content\/uploads\/2022\/11\/300-tsv-cepr-1-1024x819-1.jpeg\",\"datePublished\":\"2022-11-21T09:20:42+00:00\",\"dateModified\":\"2023-08-08T06:54:23+00:00\",\"breadcrumb\":{\"@id\":\"https:\/\/colellaweb.it\/fr\/prodotto\/affettatrice-cervino-300cl-colella\/#breadcrumb\"},\"inLanguage\":\"fr-FR\",\"potentialAction\":[{\"@type\":\"ReadAction\",\"target\":[\"https:\/\/colellaweb.it\/fr\/prodotto\/affettatrice-cervino-300cl-colella\/\"]}]},{\"@type\":\"ImageObject\",\"inLanguage\":\"fr-FR\",\"@id\":\"https:\/\/colellaweb.it\/fr\/prodotto\/affettatrice-cervino-300cl-colella\/#primaryimage\",\"url\":\"https:\/\/colellaweb.it\/wp-content\/uploads\/2022\/11\/300-tsv-cepr-1-1024x819-1.jpeg\",\"contentUrl\":\"https:\/\/colellaweb.it\/wp-content\/uploads\/2022\/11\/300-tsv-cepr-1-1024x819-1.jpeg\",\"width\":1024,\"height\":819},{\"@type\":\"BreadcrumbList\",\"@id\":\"https:\/\/colellaweb.it\/fr\/prodotto\/affettatrice-cervino-300cl-colella\/#breadcrumb\",\"itemListElement\":[{\"@type\":\"ListItem\",\"position\":1,\"name\":\"Home\",\"item\":\"https:\/\/colellaweb.it\/fr\/\"},{\"@type\":\"ListItem\",\"position\":2,\"name\":\"Shop\",\"item\":\"https:\/\/colellaweb.it\/negozio\/\"},{\"@type\":\"ListItem\",\"position\":3,\"name\":\"Tranchese \u00e0 jambon Colella CERVINO 300 TSV\"}]},{\"@type\":\"WebSite\",\"@id\":\"https:\/\/colellaweb.it\/#website\",\"url\":\"https:\/\/colellaweb.it\/\",\"name\":\"Colella\",\"description\":\"Rumori in cucina\",\"publisher\":{\"@id\":\"https:\/\/colellaweb.it\/#organization\"},\"potentialAction\":[{\"@type\":\"SearchAction\",\"target\":{\"@type\":\"EntryPoint\",\"urlTemplate\":\"https:\/\/colellaweb.it\/?s={search_term_string}\"},\"query-input\":{\"@type\":\"PropertyValueSpecification\",\"valueRequired\":true,\"valueName\":\"search_term_string\"}}],\"inLanguage\":\"fr-FR\"},{\"@type\":\"Organization\",\"@id\":\"https:\/\/colellaweb.it\/#organization\",\"name\":\"Colella\",\"url\":\"https:\/\/colellaweb.it\/\",\"logo\":{\"@type\":\"ImageObject\",\"inLanguage\":\"fr-FR\",\"@id\":\"https:\/\/colellaweb.it\/#\/schema\/logo\/image\/\",\"url\":\"https:\/\/colellaweb.it\/wp-content\/uploads\/2023\/02\/cropped-logo_colella_favicon.png\",\"contentUrl\":\"https:\/\/colellaweb.it\/wp-content\/uploads\/2023\/02\/cropped-logo_colella_favicon.png\",\"width\":512,\"height\":512,\"caption\":\"Colella\"},\"image\":{\"@id\":\"https:\/\/colellaweb.it\/#\/schema\/logo\/image\/\"},\"sameAs\":[\"https:\/\/www.facebook.com\/rumoriincucina\",\"https:\/\/www.instagram.com\/rumoriincucina\"]}]}<\/script>\n<!-- \/ Yoast SEO plugin. -->","yoast_head_json":{"title":"Tranchese \u00e0 jambon Colella CERVINO 300 TSV - Colella","robots":{"index":"index","follow":"follow","max-snippet":"max-snippet:-1","max-image-preview":"max-image-preview:large","max-video-preview":"max-video-preview:-1"},"canonical":"https:\/\/colellaweb.it\/fr\/prodotto\/affettatrice-cervino-300cl-colella\/","og_locale":"fr_FR","og_type":"article","og_title":"Tranchese \u00e0 jambon Colella CERVINO 300 TSV - Colella","og_description":"CERVINO PROFESSIONNEL LA LIGNE ESSENTIELLE La s\u00e9rie de trancheuses \u00e0 volant d'inertie CERVINO, con\u00e7ue pour une utilisation moyenne intensit\u00e9 - dans un bistrot, pour le service du petit-d\u00e9jeuner dans un \u00e9tablissement d'h\u00e9bergement ou pour une pizzeria coup\u00e9e - est la ligne Colella \u00e0 usage professionnel disponible dans les versions gravit\u00e9 et verticale. Les lignes simples et essentielles de la carrosserie permettent un nettoyage en peu de temps.","og_url":"https:\/\/colellaweb.it\/fr\/prodotto\/affettatrice-cervino-300cl-colella\/","og_site_name":"Colella","article_publisher":"https:\/\/www.facebook.com\/rumoriincucina","article_modified_time":"2023-08-08T06:54:23+00:00","og_image":[{"width":1024,"height":819,"url":"https:\/\/colellaweb.it\/wp-content\/uploads\/2022\/11\/300-tsv-cepr-1-1024x819-1.jpeg","type":"image\/jpeg"}],"twitter_card":"summary_large_image","twitter_misc":{"Dur\u00e9e de lecture estim\u00e9e":"1 minute"},"schema":{"@context":"https:\/\/schema.org","@graph":[{"@type":"WebPage","@id":"https:\/\/colellaweb.it\/fr\/prodotto\/affettatrice-cervino-300cl-colella\/","url":"https:\/\/colellaweb.it\/fr\/prodotto\/affettatrice-cervino-300cl-colella\/","name":"Tranchese \u00e0 jambon Colella CERVINO 300 TSV - Colella","isPartOf":{"@id":"https:\/\/colellaweb.it\/#website"},"primaryImageOfPage":{"@id":"https:\/\/colellaweb.it\/fr\/prodotto\/affettatrice-cervino-300cl-colella\/#primaryimage"},"image":{"@id":"https:\/\/colellaweb.it\/fr\/prodotto\/affettatrice-cervino-300cl-colella\/#primaryimage"},"thumbnailUrl":"https:\/\/colellaweb.it\/wp-content\/uploads\/2022\/11\/300-tsv-cepr-1-1024x819-1.jpeg","datePublished":"2022-11-21T09:20:42+00:00","dateModified":"2023-08-08T06:54:23+00:00","breadcrumb":{"@id":"https:\/\/colellaweb.it\/fr\/prodotto\/affettatrice-cervino-300cl-colella\/#breadcrumb"},"inLanguage":"fr-FR","potentialAction":[{"@type":"ReadAction","target":["https:\/\/colellaweb.it\/fr\/prodotto\/affettatrice-cervino-300cl-colella\/"]}]},{"@type":"ImageObject","inLanguage":"fr-FR","@id":"https:\/\/colellaweb.it\/fr\/prodotto\/affettatrice-cervino-300cl-colella\/#primaryimage","url":"https:\/\/colellaweb.it\/wp-content\/uploads\/2022\/11\/300-tsv-cepr-1-1024x819-1.jpeg","contentUrl":"https:\/\/colellaweb.it\/wp-content\/uploads\/2022\/11\/300-tsv-cepr-1-1024x819-1.jpeg","width":1024,"height":819},{"@type":"BreadcrumbList","@id":"https:\/\/colellaweb.it\/fr\/prodotto\/affettatrice-cervino-300cl-colella\/#breadcrumb","itemListElement":[{"@type":"ListItem","position":1,"name":"Home","item":"https:\/\/colellaweb.it\/fr\/"},{"@type":"ListItem","position":2,"name":"Shop","item":"https:\/\/colellaweb.it\/negozio\/"},{"@type":"ListItem","position":3,"name":"Tranchese \u00e0 jambon Colella CERVINO 300 TSV"}]},{"@type":"WebSite","@id":"https:\/\/colellaweb.it\/#website","url":"https:\/\/colellaweb.it\/","name":"Colella","description":"Rumori in cucina","publisher":{"@id":"https:\/\/colellaweb.it\/#organization"},"potentialAction":[{"@type":"SearchAction","target":{"@type":"EntryPoint","urlTemplate":"https:\/\/colellaweb.it\/?s={search_term_string}"},"query-input":{"@type":"PropertyValueSpecification","valueRequired":true,"valueName":"search_term_string"}}],"inLanguage":"fr-FR"},{"@type":"Organization","@id":"https:\/\/colellaweb.it\/#organization","name":"Colella","url":"https:\/\/colellaweb.it\/","logo":{"@type":"ImageObject","inLanguage":"fr-FR","@id":"https:\/\/colellaweb.it\/#\/schema\/logo\/image\/","url":"https:\/\/colellaweb.it\/wp-content\/uploads\/2023\/02\/cropped-logo_colella_favicon.png","contentUrl":"https:\/\/colellaweb.it\/wp-content\/uploads\/2023\/02\/cropped-logo_colella_favicon.png","width":512,"height":512,"caption":"Colella"},"image":{"@id":"https:\/\/colellaweb.it\/#\/schema\/logo\/image\/"},"sameAs":["https:\/\/www.facebook.com\/rumoriincucina","https:\/\/www.instagram.com\/rumoriincucina"]}]}},"_links":{"self":[{"href":"https:\/\/colellaweb.it\/fr\/wp-json\/wp\/v2\/product\/11368","targetHints":{"allow":["GET"]}}],"collection":[{"href":"https:\/\/colellaweb.it\/fr\/wp-json\/wp\/v2\/product"}],"about":[{"href":"https:\/\/colellaweb.it\/fr\/wp-json\/wp\/v2\/types\/product"}],"version-history":[{"count":0,"href":"https:\/\/colellaweb.it\/fr\/wp-json\/wp\/v2\/product\/11368\/revisions"}],"wp:featuredmedia":[{"embeddable":true,"href":"https:\/\/colellaweb.it\/fr\/wp-json\/wp\/v2\/media\/12872"}],"wp:attachment":[{"href":"https:\/\/colellaweb.it\/fr\/wp-json\/wp\/v2\/media?parent=11368"}],"wp:term":[{"taxonomy":"product_brand","embeddable":true,"href":"https:\/\/colellaweb.it\/fr\/wp-json\/wp\/v2\/product_brand?post=11368"},{"taxonomy":"product_cat","embeddable":true,"href":"https:\/\/colellaweb.it\/fr\/wp-json\/wp\/v2\/product_cat?post=11368"},{"taxonomy":"product_tag","embeddable":true,"href":"https:\/\/colellaweb.it\/fr\/wp-json\/wp\/v2\/product_tag?post=11368"}],"curies":[{"name":"wp","href":"https:\/\/api.w.org\/{rel}","templated":true}]}}