{"id":11362,"date":"2022-11-21T09:45:40","date_gmt":"2022-11-21T08:45:40","guid":{"rendered":"https:\/\/colellaweb.it\/prodotto\/trancheur-cervino-220-colella\/"},"modified":"2023-08-08T08:34:11","modified_gmt":"2023-08-08T06:34:11","slug":"affettatrice-cervino-220-colella","status":"publish","type":"product","link":"https:\/\/colellaweb.it\/fr\/prodotto\/affettatrice-cervino-220-colella\/","title":{"rendered":"Trancheuse \u00e0 jambon Colella Mod. CERVINO 220"},"content":{"rendered":"<p><strong>\u00c9quipement de s\u00e9rie :<\/strong><\/p>\n<ul>\n<li>Carrosserie en aluminium anodis\u00e9 pour usage alimentaire<\/li>\n<li>Aiguisoir int\u00e9gr\u00e9<\/li>\n<li>Lame en acier forg\u00e9 tremp\u00e9 (grade 100 cr6)<\/li>\n<li>R\u00e9glage de l&#8217;\u00e9paisseur de coupe : 0 \u00f7 15 mm<\/li>\n<li><strong>Aiguisoir<\/strong><\/li>\n<li>Protection int\u00e9grale sous la machine<\/li>\n<li>Interrupteur prot\u00e9g\u00e9<\/li>\n<li>Micro-interrupteur de protection sur le couvercle de la lame<\/li>\n<li>Num\u00e9ro de s\u00e9rie<\/li>\n<li>Protection m\u00e9canique en polycarbonate sur la plaque<\/li>\n<li>D\u00e9claration de conformit\u00e9 CE<\/li>\n<li>Moteur ventil\u00e9<\/li>\n<\/ul>\n<p><strong>Fabrication italienne<\/strong><\/p>\n<p>Disponibilit\u00e9 des pi\u00e8ces de rechange dans le temps : la dur\u00e9e de vie moyenne d&#8217;une lame est de 10 ans.<\/p>\n<p><strong>Qu&#8217;est-ce qu&#8217;on peut couper ?<\/strong><\/p>\n<p>Mod\u00e8le id\u00e9al pour couper la charcuterie de moyenne dimensions: morceaux de jambon (1\/3 environ du Jambon de Parme), salamis, viandes s\u00e9ch\u00e9es artisanales, r\u00f4tis, roast-beef, carpaccio (viande d\u00e9mi congel\u00e9e), speck, morceaux de Mortadelle et culatello.<\/p>\n","protected":false},"excerpt":{"rendered":"<p>LA MOYENNE DE LA GAMME<\/p>\n<p>La trancheuse CERVINO mod. 220 DOMESTIC est le mod\u00e8le de <strong>dimensions interm\u00e9diaires<\/strong> le plus vendu de la gamme de la gamme de fabrication professionnellee <strong>pour un usage domestique.<\/strong><\/p>\n<p><strong>On obtient des tranches tr\u00e8s fines, en dixi\u00e8mes de mm, de produits m\u00eame compacts tels que la viande s\u00e9ch\u00e9e !<\/strong><\/p>\n","protected":false},"featured_media":12356,"template":"","meta":{"_acf_changed":false},"product_brand":[],"product_cat":[173,148],"product_tag":[],"class_list":{"0":"post-11362","1":"product","2":"type-product","3":"status-publish","4":"has-post-thumbnail","6":"product_cat-ligne-domestique","7":"product_cat-trancheuses-a-jambon-electriques","9":"first","10":"instock","11":"shipping-taxable","12":"product-type-simple"},"acf":[],"yoast_head":"<!-- This site is optimized with the Yoast SEO plugin v26.7 - https:\/\/yoast.com\/wordpress\/plugins\/seo\/ -->\n<title>Trancheuse \u00e0 jambon Colella Mod. CERVINO 220 - Colella<\/title>\n<meta name=\"robots\" content=\"index, follow, max-snippet:-1, max-image-preview:large, max-video-preview:-1\" \/>\n<link rel=\"canonical\" href=\"https:\/\/colellaweb.it\/fr\/prodotto\/affettatrice-cervino-220-colella\/\" \/>\n<meta property=\"og:locale\" content=\"fr_FR\" \/>\n<meta property=\"og:type\" content=\"article\" \/>\n<meta property=\"og:title\" content=\"Trancheuse \u00e0 jambon Colella Mod. CERVINO 220 - Colella\" \/>\n<meta property=\"og:description\" content=\"LA MOYENNE DE LA GAMME  La trancheuse CERVINO mod. 220 DOMESTIC est le mod\u00e8le de dimensions interm\u00e9diaires le plus vendu de la gamme de la gamme de fabrication professionnellee pour un usage domestique.  On obtient des tranches tr\u00e8s fines, en dixi\u00e8mes de mm, de produits m\u00eame compacts tels que la viande s\u00e9ch\u00e9e !\" \/>\n<meta property=\"og:url\" content=\"https:\/\/colellaweb.it\/fr\/prodotto\/affettatrice-cervino-220-colella\/\" \/>\n<meta property=\"og:site_name\" content=\"Colella\" \/>\n<meta property=\"article:publisher\" content=\"https:\/\/www.facebook.com\/rumoriincucina\" \/>\n<meta property=\"article:modified_time\" content=\"2023-08-08T06:34:11+00:00\" \/>\n<meta property=\"og:image\" content=\"https:\/\/colellaweb.it\/wp-content\/uploads\/2022\/11\/DSC4628-scaled-e1689872339326.jpg\" \/>\n\t<meta property=\"og:image:width\" content=\"2560\" \/>\n\t<meta property=\"og:image:height\" content=\"1707\" \/>\n\t<meta property=\"og:image:type\" content=\"image\/jpeg\" \/>\n<meta name=\"twitter:card\" content=\"summary_large_image\" \/>\n<meta name=\"twitter:label1\" content=\"Dur\u00e9e de lecture estim\u00e9e\" \/>\n\t<meta name=\"twitter:data1\" content=\"1 minute\" \/>\n<script type=\"application\/ld+json\" class=\"yoast-schema-graph\">{\"@context\":\"https:\/\/schema.org\",\"@graph\":[{\"@type\":\"WebPage\",\"@id\":\"https:\/\/colellaweb.it\/fr\/prodotto\/affettatrice-cervino-220-colella\/\",\"url\":\"https:\/\/colellaweb.it\/fr\/prodotto\/affettatrice-cervino-220-colella\/\",\"name\":\"Trancheuse \u00e0 jambon Colella Mod. CERVINO 220 - Colella\",\"isPartOf\":{\"@id\":\"https:\/\/colellaweb.it\/#website\"},\"primaryImageOfPage\":{\"@id\":\"https:\/\/colellaweb.it\/fr\/prodotto\/affettatrice-cervino-220-colella\/#primaryimage\"},\"image\":{\"@id\":\"https:\/\/colellaweb.it\/fr\/prodotto\/affettatrice-cervino-220-colella\/#primaryimage\"},\"thumbnailUrl\":\"https:\/\/colellaweb.it\/wp-content\/uploads\/2022\/11\/DSC4628-scaled-e1689872339326.jpg\",\"datePublished\":\"2022-11-21T08:45:40+00:00\",\"dateModified\":\"2023-08-08T06:34:11+00:00\",\"breadcrumb\":{\"@id\":\"https:\/\/colellaweb.it\/fr\/prodotto\/affettatrice-cervino-220-colella\/#breadcrumb\"},\"inLanguage\":\"fr-FR\",\"potentialAction\":[{\"@type\":\"ReadAction\",\"target\":[\"https:\/\/colellaweb.it\/fr\/prodotto\/affettatrice-cervino-220-colella\/\"]}]},{\"@type\":\"ImageObject\",\"inLanguage\":\"fr-FR\",\"@id\":\"https:\/\/colellaweb.it\/fr\/prodotto\/affettatrice-cervino-220-colella\/#primaryimage\",\"url\":\"https:\/\/colellaweb.it\/wp-content\/uploads\/2022\/11\/DSC4628-scaled-e1689872339326.jpg\",\"contentUrl\":\"https:\/\/colellaweb.it\/wp-content\/uploads\/2022\/11\/DSC4628-scaled-e1689872339326.jpg\",\"width\":2560,\"height\":1707,\"caption\":\"Nero, pomoli neri\"},{\"@type\":\"BreadcrumbList\",\"@id\":\"https:\/\/colellaweb.it\/fr\/prodotto\/affettatrice-cervino-220-colella\/#breadcrumb\",\"itemListElement\":[{\"@type\":\"ListItem\",\"position\":1,\"name\":\"Home\",\"item\":\"https:\/\/colellaweb.it\/fr\/\"},{\"@type\":\"ListItem\",\"position\":2,\"name\":\"Shop\",\"item\":\"https:\/\/colellaweb.it\/negozio\/\"},{\"@type\":\"ListItem\",\"position\":3,\"name\":\"Trancheuse \u00e0 jambon Colella Mod. CERVINO 220\"}]},{\"@type\":\"WebSite\",\"@id\":\"https:\/\/colellaweb.it\/#website\",\"url\":\"https:\/\/colellaweb.it\/\",\"name\":\"Colella\",\"description\":\"Rumori in cucina\",\"publisher\":{\"@id\":\"https:\/\/colellaweb.it\/#organization\"},\"potentialAction\":[{\"@type\":\"SearchAction\",\"target\":{\"@type\":\"EntryPoint\",\"urlTemplate\":\"https:\/\/colellaweb.it\/?s={search_term_string}\"},\"query-input\":{\"@type\":\"PropertyValueSpecification\",\"valueRequired\":true,\"valueName\":\"search_term_string\"}}],\"inLanguage\":\"fr-FR\"},{\"@type\":\"Organization\",\"@id\":\"https:\/\/colellaweb.it\/#organization\",\"name\":\"Colella\",\"url\":\"https:\/\/colellaweb.it\/\",\"logo\":{\"@type\":\"ImageObject\",\"inLanguage\":\"fr-FR\",\"@id\":\"https:\/\/colellaweb.it\/#\/schema\/logo\/image\/\",\"url\":\"https:\/\/colellaweb.it\/wp-content\/uploads\/2023\/02\/cropped-logo_colella_favicon.png\",\"contentUrl\":\"https:\/\/colellaweb.it\/wp-content\/uploads\/2023\/02\/cropped-logo_colella_favicon.png\",\"width\":512,\"height\":512,\"caption\":\"Colella\"},\"image\":{\"@id\":\"https:\/\/colellaweb.it\/#\/schema\/logo\/image\/\"},\"sameAs\":[\"https:\/\/www.facebook.com\/rumoriincucina\",\"https:\/\/www.instagram.com\/rumoriincucina\"]}]}<\/script>\n<!-- \/ Yoast SEO plugin. -->","yoast_head_json":{"title":"Trancheuse \u00e0 jambon Colella Mod. CERVINO 220 - Colella","robots":{"index":"index","follow":"follow","max-snippet":"max-snippet:-1","max-image-preview":"max-image-preview:large","max-video-preview":"max-video-preview:-1"},"canonical":"https:\/\/colellaweb.it\/fr\/prodotto\/affettatrice-cervino-220-colella\/","og_locale":"fr_FR","og_type":"article","og_title":"Trancheuse \u00e0 jambon Colella Mod. CERVINO 220 - Colella","og_description":"LA MOYENNE DE LA GAMME  La trancheuse CERVINO mod. 220 DOMESTIC est le mod\u00e8le de dimensions interm\u00e9diaires le plus vendu de la gamme de la gamme de fabrication professionnellee pour un usage domestique.  On obtient des tranches tr\u00e8s fines, en dixi\u00e8mes de mm, de produits m\u00eame compacts tels que la viande s\u00e9ch\u00e9e !","og_url":"https:\/\/colellaweb.it\/fr\/prodotto\/affettatrice-cervino-220-colella\/","og_site_name":"Colella","article_publisher":"https:\/\/www.facebook.com\/rumoriincucina","article_modified_time":"2023-08-08T06:34:11+00:00","og_image":[{"width":2560,"height":1707,"url":"https:\/\/colellaweb.it\/wp-content\/uploads\/2022\/11\/DSC4628-scaled-e1689872339326.jpg","type":"image\/jpeg"}],"twitter_card":"summary_large_image","twitter_misc":{"Dur\u00e9e de lecture estim\u00e9e":"1 minute"},"schema":{"@context":"https:\/\/schema.org","@graph":[{"@type":"WebPage","@id":"https:\/\/colellaweb.it\/fr\/prodotto\/affettatrice-cervino-220-colella\/","url":"https:\/\/colellaweb.it\/fr\/prodotto\/affettatrice-cervino-220-colella\/","name":"Trancheuse \u00e0 jambon Colella Mod. CERVINO 220 - Colella","isPartOf":{"@id":"https:\/\/colellaweb.it\/#website"},"primaryImageOfPage":{"@id":"https:\/\/colellaweb.it\/fr\/prodotto\/affettatrice-cervino-220-colella\/#primaryimage"},"image":{"@id":"https:\/\/colellaweb.it\/fr\/prodotto\/affettatrice-cervino-220-colella\/#primaryimage"},"thumbnailUrl":"https:\/\/colellaweb.it\/wp-content\/uploads\/2022\/11\/DSC4628-scaled-e1689872339326.jpg","datePublished":"2022-11-21T08:45:40+00:00","dateModified":"2023-08-08T06:34:11+00:00","breadcrumb":{"@id":"https:\/\/colellaweb.it\/fr\/prodotto\/affettatrice-cervino-220-colella\/#breadcrumb"},"inLanguage":"fr-FR","potentialAction":[{"@type":"ReadAction","target":["https:\/\/colellaweb.it\/fr\/prodotto\/affettatrice-cervino-220-colella\/"]}]},{"@type":"ImageObject","inLanguage":"fr-FR","@id":"https:\/\/colellaweb.it\/fr\/prodotto\/affettatrice-cervino-220-colella\/#primaryimage","url":"https:\/\/colellaweb.it\/wp-content\/uploads\/2022\/11\/DSC4628-scaled-e1689872339326.jpg","contentUrl":"https:\/\/colellaweb.it\/wp-content\/uploads\/2022\/11\/DSC4628-scaled-e1689872339326.jpg","width":2560,"height":1707,"caption":"Nero, pomoli neri"},{"@type":"BreadcrumbList","@id":"https:\/\/colellaweb.it\/fr\/prodotto\/affettatrice-cervino-220-colella\/#breadcrumb","itemListElement":[{"@type":"ListItem","position":1,"name":"Home","item":"https:\/\/colellaweb.it\/fr\/"},{"@type":"ListItem","position":2,"name":"Shop","item":"https:\/\/colellaweb.it\/negozio\/"},{"@type":"ListItem","position":3,"name":"Trancheuse \u00e0 jambon Colella Mod. CERVINO 220"}]},{"@type":"WebSite","@id":"https:\/\/colellaweb.it\/#website","url":"https:\/\/colellaweb.it\/","name":"Colella","description":"Rumori in cucina","publisher":{"@id":"https:\/\/colellaweb.it\/#organization"},"potentialAction":[{"@type":"SearchAction","target":{"@type":"EntryPoint","urlTemplate":"https:\/\/colellaweb.it\/?s={search_term_string}"},"query-input":{"@type":"PropertyValueSpecification","valueRequired":true,"valueName":"search_term_string"}}],"inLanguage":"fr-FR"},{"@type":"Organization","@id":"https:\/\/colellaweb.it\/#organization","name":"Colella","url":"https:\/\/colellaweb.it\/","logo":{"@type":"ImageObject","inLanguage":"fr-FR","@id":"https:\/\/colellaweb.it\/#\/schema\/logo\/image\/","url":"https:\/\/colellaweb.it\/wp-content\/uploads\/2023\/02\/cropped-logo_colella_favicon.png","contentUrl":"https:\/\/colellaweb.it\/wp-content\/uploads\/2023\/02\/cropped-logo_colella_favicon.png","width":512,"height":512,"caption":"Colella"},"image":{"@id":"https:\/\/colellaweb.it\/#\/schema\/logo\/image\/"},"sameAs":["https:\/\/www.facebook.com\/rumoriincucina","https:\/\/www.instagram.com\/rumoriincucina"]}]}},"_links":{"self":[{"href":"https:\/\/colellaweb.it\/fr\/wp-json\/wp\/v2\/product\/11362","targetHints":{"allow":["GET"]}}],"collection":[{"href":"https:\/\/colellaweb.it\/fr\/wp-json\/wp\/v2\/product"}],"about":[{"href":"https:\/\/colellaweb.it\/fr\/wp-json\/wp\/v2\/types\/product"}],"version-history":[{"count":0,"href":"https:\/\/colellaweb.it\/fr\/wp-json\/wp\/v2\/product\/11362\/revisions"}],"wp:featuredmedia":[{"embeddable":true,"href":"https:\/\/colellaweb.it\/fr\/wp-json\/wp\/v2\/media\/12356"}],"wp:attachment":[{"href":"https:\/\/colellaweb.it\/fr\/wp-json\/wp\/v2\/media?parent=11362"}],"wp:term":[{"taxonomy":"product_brand","embeddable":true,"href":"https:\/\/colellaweb.it\/fr\/wp-json\/wp\/v2\/product_brand?post=11362"},{"taxonomy":"product_cat","embeddable":true,"href":"https:\/\/colellaweb.it\/fr\/wp-json\/wp\/v2\/product_cat?post=11362"},{"taxonomy":"product_tag","embeddable":true,"href":"https:\/\/colellaweb.it\/fr\/wp-json\/wp\/v2\/product_tag?post=11362"}],"curies":[{"name":"wp","href":"https:\/\/api.w.org\/{rel}","templated":true}]}}