{"id":11358,"date":"2022-11-21T09:38:28","date_gmt":"2022-11-21T08:38:28","guid":{"rendered":"https:\/\/colellaweb.it\/prodotto\/affettatrice-cervino-195-colella\/"},"modified":"2023-08-08T08:31:16","modified_gmt":"2023-08-08T06:31:16","slug":"affettatrice-cervino-195-colella","status":"publish","type":"product","link":"https:\/\/colellaweb.it\/fr\/prodotto\/affettatrice-cervino-195-colella\/","title":{"rendered":"Trancheuse \u00e0 jambon Colella CERVINO 195"},"content":{"rendered":"<p>\u00c9quipement de s\u00e9rie :<\/p>\n<ul>\n<li>Carrosserie en aluminium anodis\u00e9 pour usage alimentaire<\/li>\n<li>Aiguisoir int\u00e9gr\u00e9<\/li>\n<li>Lame en acier forg\u00e9 tremp\u00e9 (grade 100 cr6)<\/li>\n<li>R\u00e9glage de l&#8217;\u00e9paisseur de coupe : 0 \u00f7 15 mm<\/li>\n<li>Micro-interrupteur de protection sur le couvercle de protection de la lame<\/li>\n<li>Protection int\u00e9grale sous la machine<\/li>\n<li>Interrupteur prot\u00e9g\u00e9<\/li>\n<li>Protection m\u00e9canique en polycarbonate sur la plaque<\/li>\n<li>Num\u00e9ro de s\u00e9rie<\/li>\n<li>D\u00e9claration de conformit\u00e9 CE<\/li>\n<\/ul>\n<p><strong>Fabrication italienne<\/strong><\/p>\n<p>Disponibilit\u00e9 des pi\u00e8ces de rechange dans le temps : la dur\u00e9e de vie moyenne d&#8217;une lame est de 10 ans.<\/p>\n<p><strong>Qu&#8217;est-ce qu&#8217;on peut couper ?<\/strong><\/p>\n<p>La Cervino 195 convient pour la d\u00e9coupe de petites saucisses compactes : salami, viande s\u00e9ch\u00e9e, c\u0153ur de jambon, lard, petites portions de viande \u00e0 trancher (r\u00f4ti, carpaccio). Largeur maximale de la pi\u00e8ce : 13cm<\/p>\n","protected":false},"excerpt":{"rendered":"<p>LA PLUS PETITE DE LA GAMME<\/p>\n<p>La trancheuse Cervino mod. F 195 AF CE DOMESTIC est le plus petit mod\u00e8le de la gamme professionnelle. <strong>pour un usage domestique. <\/strong><strong>Des tranches tr\u00e8s fines, de l&#8217;ordre du dixi\u00e8me de millim\u00e8tre, sont obtenues m\u00eame sur des produits compacts tels que la viande s\u00e9ch\u00e9e..<\/strong><\/p>\n","protected":false},"featured_media":12404,"template":"","meta":{"_acf_changed":false},"product_brand":[],"product_cat":[173,148],"product_tag":[],"class_list":{"0":"post-11358","1":"product","2":"type-product","3":"status-publish","4":"has-post-thumbnail","6":"product_cat-ligne-domestique","7":"product_cat-trancheuses-a-jambon-electriques","9":"first","10":"instock","11":"shipping-taxable","12":"product-type-simple"},"acf":[],"yoast_head":"<!-- This site is optimized with the Yoast SEO plugin v26.7 - https:\/\/yoast.com\/wordpress\/plugins\/seo\/ -->\n<title>Trancheuse \u00e0 jambon Colella CERVINO 195 - Colella<\/title>\n<meta name=\"robots\" content=\"index, follow, max-snippet:-1, max-image-preview:large, max-video-preview:-1\" \/>\n<link rel=\"canonical\" href=\"https:\/\/colellaweb.it\/fr\/prodotto\/affettatrice-cervino-195-colella\/\" \/>\n<meta property=\"og:locale\" content=\"fr_FR\" \/>\n<meta property=\"og:type\" content=\"article\" \/>\n<meta property=\"og:title\" content=\"Trancheuse \u00e0 jambon Colella CERVINO 195 - Colella\" \/>\n<meta property=\"og:description\" content=\"LA PLUS PETITE DE LA GAMME  La trancheuse Cervino mod. F 195 AF CE DOMESTIC est le plus petit mod\u00e8le de la gamme professionnelle. pour un usage domestique. Des tranches tr\u00e8s fines, de l&#039;ordre du dixi\u00e8me de millim\u00e8tre, sont obtenues m\u00eame sur des produits compacts tels que la viande s\u00e9ch\u00e9e..\" \/>\n<meta property=\"og:url\" content=\"https:\/\/colellaweb.it\/fr\/prodotto\/affettatrice-cervino-195-colella\/\" \/>\n<meta property=\"og:site_name\" content=\"Colella\" \/>\n<meta property=\"article:publisher\" content=\"https:\/\/www.facebook.com\/rumoriincucina\" \/>\n<meta property=\"article:modified_time\" content=\"2023-08-08T06:31:16+00:00\" \/>\n<meta property=\"og:image\" content=\"https:\/\/colellaweb.it\/wp-content\/uploads\/2023\/03\/6-e1689872174115.jpg\" \/>\n\t<meta property=\"og:image:width\" content=\"1000\" \/>\n\t<meta property=\"og:image:height\" content=\"1120\" \/>\n\t<meta property=\"og:image:type\" content=\"image\/jpeg\" \/>\n<meta name=\"twitter:card\" content=\"summary_large_image\" \/>\n<meta name=\"twitter:label1\" content=\"Dur\u00e9e de lecture estim\u00e9e\" \/>\n\t<meta name=\"twitter:data1\" content=\"1 minute\" \/>\n<script type=\"application\/ld+json\" class=\"yoast-schema-graph\">{\"@context\":\"https:\/\/schema.org\",\"@graph\":[{\"@type\":\"WebPage\",\"@id\":\"https:\/\/colellaweb.it\/fr\/prodotto\/affettatrice-cervino-195-colella\/\",\"url\":\"https:\/\/colellaweb.it\/fr\/prodotto\/affettatrice-cervino-195-colella\/\",\"name\":\"Trancheuse \u00e0 jambon Colella CERVINO 195 - Colella\",\"isPartOf\":{\"@id\":\"https:\/\/colellaweb.it\/#website\"},\"primaryImageOfPage\":{\"@id\":\"https:\/\/colellaweb.it\/fr\/prodotto\/affettatrice-cervino-195-colella\/#primaryimage\"},\"image\":{\"@id\":\"https:\/\/colellaweb.it\/fr\/prodotto\/affettatrice-cervino-195-colella\/#primaryimage\"},\"thumbnailUrl\":\"https:\/\/colellaweb.it\/wp-content\/uploads\/2023\/03\/6-e1689872174115.jpg\",\"datePublished\":\"2022-11-21T08:38:28+00:00\",\"dateModified\":\"2023-08-08T06:31:16+00:00\",\"breadcrumb\":{\"@id\":\"https:\/\/colellaweb.it\/fr\/prodotto\/affettatrice-cervino-195-colella\/#breadcrumb\"},\"inLanguage\":\"fr-FR\",\"potentialAction\":[{\"@type\":\"ReadAction\",\"target\":[\"https:\/\/colellaweb.it\/fr\/prodotto\/affettatrice-cervino-195-colella\/\"]}]},{\"@type\":\"ImageObject\",\"inLanguage\":\"fr-FR\",\"@id\":\"https:\/\/colellaweb.it\/fr\/prodotto\/affettatrice-cervino-195-colella\/#primaryimage\",\"url\":\"https:\/\/colellaweb.it\/wp-content\/uploads\/2023\/03\/6-e1689872174115.jpg\",\"contentUrl\":\"https:\/\/colellaweb.it\/wp-content\/uploads\/2023\/03\/6-e1689872174115.jpg\",\"width\":1000,\"height\":1120},{\"@type\":\"BreadcrumbList\",\"@id\":\"https:\/\/colellaweb.it\/fr\/prodotto\/affettatrice-cervino-195-colella\/#breadcrumb\",\"itemListElement\":[{\"@type\":\"ListItem\",\"position\":1,\"name\":\"Home\",\"item\":\"https:\/\/colellaweb.it\/fr\/\"},{\"@type\":\"ListItem\",\"position\":2,\"name\":\"Shop\",\"item\":\"https:\/\/colellaweb.it\/negozio\/\"},{\"@type\":\"ListItem\",\"position\":3,\"name\":\"Trancheuse \u00e0 jambon Colella CERVINO 195\"}]},{\"@type\":\"WebSite\",\"@id\":\"https:\/\/colellaweb.it\/#website\",\"url\":\"https:\/\/colellaweb.it\/\",\"name\":\"Colella\",\"description\":\"Rumori in cucina\",\"publisher\":{\"@id\":\"https:\/\/colellaweb.it\/#organization\"},\"potentialAction\":[{\"@type\":\"SearchAction\",\"target\":{\"@type\":\"EntryPoint\",\"urlTemplate\":\"https:\/\/colellaweb.it\/?s={search_term_string}\"},\"query-input\":{\"@type\":\"PropertyValueSpecification\",\"valueRequired\":true,\"valueName\":\"search_term_string\"}}],\"inLanguage\":\"fr-FR\"},{\"@type\":\"Organization\",\"@id\":\"https:\/\/colellaweb.it\/#organization\",\"name\":\"Colella\",\"url\":\"https:\/\/colellaweb.it\/\",\"logo\":{\"@type\":\"ImageObject\",\"inLanguage\":\"fr-FR\",\"@id\":\"https:\/\/colellaweb.it\/#\/schema\/logo\/image\/\",\"url\":\"https:\/\/colellaweb.it\/wp-content\/uploads\/2023\/02\/cropped-logo_colella_favicon.png\",\"contentUrl\":\"https:\/\/colellaweb.it\/wp-content\/uploads\/2023\/02\/cropped-logo_colella_favicon.png\",\"width\":512,\"height\":512,\"caption\":\"Colella\"},\"image\":{\"@id\":\"https:\/\/colellaweb.it\/#\/schema\/logo\/image\/\"},\"sameAs\":[\"https:\/\/www.facebook.com\/rumoriincucina\",\"https:\/\/www.instagram.com\/rumoriincucina\"]}]}<\/script>\n<!-- \/ Yoast SEO plugin. -->","yoast_head_json":{"title":"Trancheuse \u00e0 jambon Colella CERVINO 195 - Colella","robots":{"index":"index","follow":"follow","max-snippet":"max-snippet:-1","max-image-preview":"max-image-preview:large","max-video-preview":"max-video-preview:-1"},"canonical":"https:\/\/colellaweb.it\/fr\/prodotto\/affettatrice-cervino-195-colella\/","og_locale":"fr_FR","og_type":"article","og_title":"Trancheuse \u00e0 jambon Colella CERVINO 195 - Colella","og_description":"LA PLUS PETITE DE LA GAMME  La trancheuse Cervino mod. F 195 AF CE DOMESTIC est le plus petit mod\u00e8le de la gamme professionnelle. pour un usage domestique. Des tranches tr\u00e8s fines, de l'ordre du dixi\u00e8me de millim\u00e8tre, sont obtenues m\u00eame sur des produits compacts tels que la viande s\u00e9ch\u00e9e..","og_url":"https:\/\/colellaweb.it\/fr\/prodotto\/affettatrice-cervino-195-colella\/","og_site_name":"Colella","article_publisher":"https:\/\/www.facebook.com\/rumoriincucina","article_modified_time":"2023-08-08T06:31:16+00:00","og_image":[{"width":1000,"height":1120,"url":"https:\/\/colellaweb.it\/wp-content\/uploads\/2023\/03\/6-e1689872174115.jpg","type":"image\/jpeg"}],"twitter_card":"summary_large_image","twitter_misc":{"Dur\u00e9e de lecture estim\u00e9e":"1 minute"},"schema":{"@context":"https:\/\/schema.org","@graph":[{"@type":"WebPage","@id":"https:\/\/colellaweb.it\/fr\/prodotto\/affettatrice-cervino-195-colella\/","url":"https:\/\/colellaweb.it\/fr\/prodotto\/affettatrice-cervino-195-colella\/","name":"Trancheuse \u00e0 jambon Colella CERVINO 195 - Colella","isPartOf":{"@id":"https:\/\/colellaweb.it\/#website"},"primaryImageOfPage":{"@id":"https:\/\/colellaweb.it\/fr\/prodotto\/affettatrice-cervino-195-colella\/#primaryimage"},"image":{"@id":"https:\/\/colellaweb.it\/fr\/prodotto\/affettatrice-cervino-195-colella\/#primaryimage"},"thumbnailUrl":"https:\/\/colellaweb.it\/wp-content\/uploads\/2023\/03\/6-e1689872174115.jpg","datePublished":"2022-11-21T08:38:28+00:00","dateModified":"2023-08-08T06:31:16+00:00","breadcrumb":{"@id":"https:\/\/colellaweb.it\/fr\/prodotto\/affettatrice-cervino-195-colella\/#breadcrumb"},"inLanguage":"fr-FR","potentialAction":[{"@type":"ReadAction","target":["https:\/\/colellaweb.it\/fr\/prodotto\/affettatrice-cervino-195-colella\/"]}]},{"@type":"ImageObject","inLanguage":"fr-FR","@id":"https:\/\/colellaweb.it\/fr\/prodotto\/affettatrice-cervino-195-colella\/#primaryimage","url":"https:\/\/colellaweb.it\/wp-content\/uploads\/2023\/03\/6-e1689872174115.jpg","contentUrl":"https:\/\/colellaweb.it\/wp-content\/uploads\/2023\/03\/6-e1689872174115.jpg","width":1000,"height":1120},{"@type":"BreadcrumbList","@id":"https:\/\/colellaweb.it\/fr\/prodotto\/affettatrice-cervino-195-colella\/#breadcrumb","itemListElement":[{"@type":"ListItem","position":1,"name":"Home","item":"https:\/\/colellaweb.it\/fr\/"},{"@type":"ListItem","position":2,"name":"Shop","item":"https:\/\/colellaweb.it\/negozio\/"},{"@type":"ListItem","position":3,"name":"Trancheuse \u00e0 jambon Colella CERVINO 195"}]},{"@type":"WebSite","@id":"https:\/\/colellaweb.it\/#website","url":"https:\/\/colellaweb.it\/","name":"Colella","description":"Rumori in cucina","publisher":{"@id":"https:\/\/colellaweb.it\/#organization"},"potentialAction":[{"@type":"SearchAction","target":{"@type":"EntryPoint","urlTemplate":"https:\/\/colellaweb.it\/?s={search_term_string}"},"query-input":{"@type":"PropertyValueSpecification","valueRequired":true,"valueName":"search_term_string"}}],"inLanguage":"fr-FR"},{"@type":"Organization","@id":"https:\/\/colellaweb.it\/#organization","name":"Colella","url":"https:\/\/colellaweb.it\/","logo":{"@type":"ImageObject","inLanguage":"fr-FR","@id":"https:\/\/colellaweb.it\/#\/schema\/logo\/image\/","url":"https:\/\/colellaweb.it\/wp-content\/uploads\/2023\/02\/cropped-logo_colella_favicon.png","contentUrl":"https:\/\/colellaweb.it\/wp-content\/uploads\/2023\/02\/cropped-logo_colella_favicon.png","width":512,"height":512,"caption":"Colella"},"image":{"@id":"https:\/\/colellaweb.it\/#\/schema\/logo\/image\/"},"sameAs":["https:\/\/www.facebook.com\/rumoriincucina","https:\/\/www.instagram.com\/rumoriincucina"]}]}},"_links":{"self":[{"href":"https:\/\/colellaweb.it\/fr\/wp-json\/wp\/v2\/product\/11358","targetHints":{"allow":["GET"]}}],"collection":[{"href":"https:\/\/colellaweb.it\/fr\/wp-json\/wp\/v2\/product"}],"about":[{"href":"https:\/\/colellaweb.it\/fr\/wp-json\/wp\/v2\/types\/product"}],"version-history":[{"count":0,"href":"https:\/\/colellaweb.it\/fr\/wp-json\/wp\/v2\/product\/11358\/revisions"}],"wp:featuredmedia":[{"embeddable":true,"href":"https:\/\/colellaweb.it\/fr\/wp-json\/wp\/v2\/media\/12404"}],"wp:attachment":[{"href":"https:\/\/colellaweb.it\/fr\/wp-json\/wp\/v2\/media?parent=11358"}],"wp:term":[{"taxonomy":"product_brand","embeddable":true,"href":"https:\/\/colellaweb.it\/fr\/wp-json\/wp\/v2\/product_brand?post=11358"},{"taxonomy":"product_cat","embeddable":true,"href":"https:\/\/colellaweb.it\/fr\/wp-json\/wp\/v2\/product_cat?post=11358"},{"taxonomy":"product_tag","embeddable":true,"href":"https:\/\/colellaweb.it\/fr\/wp-json\/wp\/v2\/product_tag?post=11358"}],"curies":[{"name":"wp","href":"https:\/\/api.w.org\/{rel}","templated":true}]}}