{"id":11355,"date":"2022-11-21T09:13:53","date_gmt":"2022-11-21T08:13:53","guid":{"rendered":"https:\/\/colellaweb.it\/prodotto\/cervino-250-colella\/"},"modified":"2023-07-29T12:18:08","modified_gmt":"2023-07-29T10:18:08","slug":"cervino-250-colella","status":"publish","type":"product","link":"https:\/\/colellaweb.it\/fr\/prodotto\/cervino-250-colella\/","title":{"rendered":"CERVINO 250 Colella"},"content":{"rendered":"<p><em>\u00c9quipement de s\u00e9rie : ;<\/em><\/p>\n<ul>\n<li>Travail corporel en <strong>aluminium anodis\u00e9<\/strong> nourriture<\/li>\n<li><strong>Aiguisoir int\u00e9gr\u00e9<\/strong><\/li>\n<li>Bouton de r\u00e9glage de l&#8217;\u00e9paisseur de coupe 0 \u00f7 16 mm<\/li>\n<li>Protection m\u00e9canique en polycarbonate sur la plaque Interrupteur prot\u00e9g\u00e9<\/li>\n<li>Protection int\u00e9grale sous la machine<\/li>\n<li>Micro-interrupteur de protection sur le couvercle de la lame<\/li>\n<li>Lame en acier forg\u00e9 tremp\u00e9 <strong>(qualit\u00e9 100cr6)<\/strong> ;<\/li>\n<li>Num\u00e9ro de s\u00e9rie<\/li>\n<li>D\u00e9claration de conformit\u00e9 CE<\/li>\n<\/ul>\n<p><strong>+ Moteur ventil\u00e9<\/strong><\/p>\n<p><strong><em>Fabrication italienne<\/em><\/strong><\/p>\n<p><strong><u>Qu&#8217;est-ce qui peut \u00eatre coup\u00e9 ?<\/u><\/strong><\/p>\n<p>Modello concepito per il taglio di piccoli prosciutti interi o la met\u00e0 di un prosciutto di Parma, salami, carni essiccate di grandi formati, arrosti, coppa, roast-beef, carpaccio (carne semi-congelata), speck, culatello, coppa<\/p>\n","protected":false},"excerpt":{"rendered":"<p>LA PLUS GRANDE<\/p>\n<p>La trancheuse Colella mod, CERVINO 250 est con\u00e7ue pour la d\u00e9coupe de petits jambons entiers ou de la moiti\u00e9 d&#8217;un jambon de Parme, de salami, de grandes viandes s\u00e9ch\u00e9es, de r\u00f4tis, de coppa, de r\u00f4ti de b\u0153uf, de carpaccio (viande semi-congel\u00e9e), de speck, de culatello, de coppa&#8230; La trancheuse \u00e0 jambon CERVINO 250 est <strong>plus grande<\/strong> de la gamme parmi produits professionnels \u00e0 usage domestique qui peut \u00eatre <strong>plac\u00e9e sur le plan de travail.<\/strong><\/p>\n<p><strong>On obtient des tranches tr\u00e8s fines, en dixi\u00e8mes de mm, de produits m\u00eame compacts tels que la viande s\u00e9ch\u00e9e !<\/strong><\/p>\n","protected":false},"featured_media":12409,"template":"","meta":{"_acf_changed":false},"product_brand":[],"product_cat":[173,148],"product_tag":[],"class_list":{"0":"post-11355","1":"product","2":"type-product","3":"status-publish","4":"has-post-thumbnail","6":"product_cat-ligne-domestique","7":"product_cat-trancheuses-a-jambon-electriques","9":"first","10":"instock","11":"shipping-taxable","12":"product-type-simple"},"acf":[],"yoast_head":"<!-- This site is optimized with the Yoast SEO plugin v26.7 - https:\/\/yoast.com\/wordpress\/plugins\/seo\/ -->\n<title>CERVINO 250 Colella - Colella<\/title>\n<meta name=\"robots\" content=\"index, follow, max-snippet:-1, max-image-preview:large, max-video-preview:-1\" \/>\n<link rel=\"canonical\" href=\"https:\/\/colellaweb.it\/fr\/prodotto\/cervino-250-colella\/\" \/>\n<meta property=\"og:locale\" content=\"fr_FR\" \/>\n<meta property=\"og:type\" content=\"article\" \/>\n<meta property=\"og:title\" content=\"CERVINO 250 Colella - Colella\" \/>\n<meta property=\"og:description\" content=\"LA PLUS GRANDE  La trancheuse Colella mod, CERVINO 250 est con\u00e7ue pour la d\u00e9coupe de petits jambons entiers ou de la moiti\u00e9 d&#039;un jambon de Parme, de salami, de grandes viandes s\u00e9ch\u00e9es, de r\u00f4tis, de coppa, de r\u00f4ti de b\u0153uf, de carpaccio (viande semi-congel\u00e9e), de speck, de culatello, de coppa... La trancheuse \u00e0 jambon CERVINO 250 est plus grande de la gamme parmi produits professionnels \u00e0 usage domestique qui peut \u00eatre plac\u00e9e sur le plan de travail.  On obtient des tranches tr\u00e8s fines, en dixi\u00e8mes de mm, de produits m\u00eame compacts tels que la viande s\u00e9ch\u00e9e !\" \/>\n<meta property=\"og:url\" content=\"https:\/\/colellaweb.it\/fr\/prodotto\/cervino-250-colella\/\" \/>\n<meta property=\"og:site_name\" content=\"Colella\" \/>\n<meta property=\"article:publisher\" content=\"https:\/\/www.facebook.com\/rumoriincucina\" \/>\n<meta property=\"article:modified_time\" content=\"2023-07-29T10:18:08+00:00\" \/>\n<meta property=\"og:image\" content=\"https:\/\/colellaweb.it\/wp-content\/uploads\/2022\/11\/CERVINO-CEDO-colorata-scaled-e1689872423868.jpg\" \/>\n\t<meta property=\"og:image:width\" content=\"2560\" \/>\n\t<meta property=\"og:image:height\" content=\"1707\" \/>\n\t<meta property=\"og:image:type\" content=\"image\/jpeg\" \/>\n<meta name=\"twitter:card\" content=\"summary_large_image\" \/>\n<meta name=\"twitter:label1\" content=\"Dur\u00e9e de lecture estim\u00e9e\" \/>\n\t<meta name=\"twitter:data1\" content=\"1 minute\" \/>\n<script type=\"application\/ld+json\" class=\"yoast-schema-graph\">{\"@context\":\"https:\/\/schema.org\",\"@graph\":[{\"@type\":\"WebPage\",\"@id\":\"https:\/\/colellaweb.it\/fr\/prodotto\/cervino-250-colella\/\",\"url\":\"https:\/\/colellaweb.it\/fr\/prodotto\/cervino-250-colella\/\",\"name\":\"CERVINO 250 Colella - Colella\",\"isPartOf\":{\"@id\":\"https:\/\/colellaweb.it\/#website\"},\"primaryImageOfPage\":{\"@id\":\"https:\/\/colellaweb.it\/fr\/prodotto\/cervino-250-colella\/#primaryimage\"},\"image\":{\"@id\":\"https:\/\/colellaweb.it\/fr\/prodotto\/cervino-250-colella\/#primaryimage\"},\"thumbnailUrl\":\"https:\/\/colellaweb.it\/wp-content\/uploads\/2022\/11\/CERVINO-CEDO-colorata-scaled-e1689872423868.jpg\",\"datePublished\":\"2022-11-21T08:13:53+00:00\",\"dateModified\":\"2023-07-29T10:18:08+00:00\",\"breadcrumb\":{\"@id\":\"https:\/\/colellaweb.it\/fr\/prodotto\/cervino-250-colella\/#breadcrumb\"},\"inLanguage\":\"fr-FR\",\"potentialAction\":[{\"@type\":\"ReadAction\",\"target\":[\"https:\/\/colellaweb.it\/fr\/prodotto\/cervino-250-colella\/\"]}]},{\"@type\":\"ImageObject\",\"inLanguage\":\"fr-FR\",\"@id\":\"https:\/\/colellaweb.it\/fr\/prodotto\/cervino-250-colella\/#primaryimage\",\"url\":\"https:\/\/colellaweb.it\/wp-content\/uploads\/2022\/11\/CERVINO-CEDO-colorata-scaled-e1689872423868.jpg\",\"contentUrl\":\"https:\/\/colellaweb.it\/wp-content\/uploads\/2022\/11\/CERVINO-CEDO-colorata-scaled-e1689872423868.jpg\",\"width\":2560,\"height\":1707},{\"@type\":\"BreadcrumbList\",\"@id\":\"https:\/\/colellaweb.it\/fr\/prodotto\/cervino-250-colella\/#breadcrumb\",\"itemListElement\":[{\"@type\":\"ListItem\",\"position\":1,\"name\":\"Home\",\"item\":\"https:\/\/colellaweb.it\/fr\/\"},{\"@type\":\"ListItem\",\"position\":2,\"name\":\"Shop\",\"item\":\"https:\/\/colellaweb.it\/negozio\/\"},{\"@type\":\"ListItem\",\"position\":3,\"name\":\"CERVINO 250 Colella\"}]},{\"@type\":\"WebSite\",\"@id\":\"https:\/\/colellaweb.it\/#website\",\"url\":\"https:\/\/colellaweb.it\/\",\"name\":\"Colella\",\"description\":\"Rumori in cucina\",\"publisher\":{\"@id\":\"https:\/\/colellaweb.it\/#organization\"},\"potentialAction\":[{\"@type\":\"SearchAction\",\"target\":{\"@type\":\"EntryPoint\",\"urlTemplate\":\"https:\/\/colellaweb.it\/?s={search_term_string}\"},\"query-input\":{\"@type\":\"PropertyValueSpecification\",\"valueRequired\":true,\"valueName\":\"search_term_string\"}}],\"inLanguage\":\"fr-FR\"},{\"@type\":\"Organization\",\"@id\":\"https:\/\/colellaweb.it\/#organization\",\"name\":\"Colella\",\"url\":\"https:\/\/colellaweb.it\/\",\"logo\":{\"@type\":\"ImageObject\",\"inLanguage\":\"fr-FR\",\"@id\":\"https:\/\/colellaweb.it\/#\/schema\/logo\/image\/\",\"url\":\"https:\/\/colellaweb.it\/wp-content\/uploads\/2023\/02\/cropped-logo_colella_favicon.png\",\"contentUrl\":\"https:\/\/colellaweb.it\/wp-content\/uploads\/2023\/02\/cropped-logo_colella_favicon.png\",\"width\":512,\"height\":512,\"caption\":\"Colella\"},\"image\":{\"@id\":\"https:\/\/colellaweb.it\/#\/schema\/logo\/image\/\"},\"sameAs\":[\"https:\/\/www.facebook.com\/rumoriincucina\",\"https:\/\/www.instagram.com\/rumoriincucina\"]}]}<\/script>\n<!-- \/ Yoast SEO plugin. -->","yoast_head_json":{"title":"CERVINO 250 Colella - Colella","robots":{"index":"index","follow":"follow","max-snippet":"max-snippet:-1","max-image-preview":"max-image-preview:large","max-video-preview":"max-video-preview:-1"},"canonical":"https:\/\/colellaweb.it\/fr\/prodotto\/cervino-250-colella\/","og_locale":"fr_FR","og_type":"article","og_title":"CERVINO 250 Colella - Colella","og_description":"LA PLUS GRANDE  La trancheuse Colella mod, CERVINO 250 est con\u00e7ue pour la d\u00e9coupe de petits jambons entiers ou de la moiti\u00e9 d'un jambon de Parme, de salami, de grandes viandes s\u00e9ch\u00e9es, de r\u00f4tis, de coppa, de r\u00f4ti de b\u0153uf, de carpaccio (viande semi-congel\u00e9e), de speck, de culatello, de coppa... La trancheuse \u00e0 jambon CERVINO 250 est plus grande de la gamme parmi produits professionnels \u00e0 usage domestique qui peut \u00eatre plac\u00e9e sur le plan de travail.  On obtient des tranches tr\u00e8s fines, en dixi\u00e8mes de mm, de produits m\u00eame compacts tels que la viande s\u00e9ch\u00e9e !","og_url":"https:\/\/colellaweb.it\/fr\/prodotto\/cervino-250-colella\/","og_site_name":"Colella","article_publisher":"https:\/\/www.facebook.com\/rumoriincucina","article_modified_time":"2023-07-29T10:18:08+00:00","og_image":[{"width":2560,"height":1707,"url":"https:\/\/colellaweb.it\/wp-content\/uploads\/2022\/11\/CERVINO-CEDO-colorata-scaled-e1689872423868.jpg","type":"image\/jpeg"}],"twitter_card":"summary_large_image","twitter_misc":{"Dur\u00e9e de lecture estim\u00e9e":"1 minute"},"schema":{"@context":"https:\/\/schema.org","@graph":[{"@type":"WebPage","@id":"https:\/\/colellaweb.it\/fr\/prodotto\/cervino-250-colella\/","url":"https:\/\/colellaweb.it\/fr\/prodotto\/cervino-250-colella\/","name":"CERVINO 250 Colella - Colella","isPartOf":{"@id":"https:\/\/colellaweb.it\/#website"},"primaryImageOfPage":{"@id":"https:\/\/colellaweb.it\/fr\/prodotto\/cervino-250-colella\/#primaryimage"},"image":{"@id":"https:\/\/colellaweb.it\/fr\/prodotto\/cervino-250-colella\/#primaryimage"},"thumbnailUrl":"https:\/\/colellaweb.it\/wp-content\/uploads\/2022\/11\/CERVINO-CEDO-colorata-scaled-e1689872423868.jpg","datePublished":"2022-11-21T08:13:53+00:00","dateModified":"2023-07-29T10:18:08+00:00","breadcrumb":{"@id":"https:\/\/colellaweb.it\/fr\/prodotto\/cervino-250-colella\/#breadcrumb"},"inLanguage":"fr-FR","potentialAction":[{"@type":"ReadAction","target":["https:\/\/colellaweb.it\/fr\/prodotto\/cervino-250-colella\/"]}]},{"@type":"ImageObject","inLanguage":"fr-FR","@id":"https:\/\/colellaweb.it\/fr\/prodotto\/cervino-250-colella\/#primaryimage","url":"https:\/\/colellaweb.it\/wp-content\/uploads\/2022\/11\/CERVINO-CEDO-colorata-scaled-e1689872423868.jpg","contentUrl":"https:\/\/colellaweb.it\/wp-content\/uploads\/2022\/11\/CERVINO-CEDO-colorata-scaled-e1689872423868.jpg","width":2560,"height":1707},{"@type":"BreadcrumbList","@id":"https:\/\/colellaweb.it\/fr\/prodotto\/cervino-250-colella\/#breadcrumb","itemListElement":[{"@type":"ListItem","position":1,"name":"Home","item":"https:\/\/colellaweb.it\/fr\/"},{"@type":"ListItem","position":2,"name":"Shop","item":"https:\/\/colellaweb.it\/negozio\/"},{"@type":"ListItem","position":3,"name":"CERVINO 250 Colella"}]},{"@type":"WebSite","@id":"https:\/\/colellaweb.it\/#website","url":"https:\/\/colellaweb.it\/","name":"Colella","description":"Rumori in cucina","publisher":{"@id":"https:\/\/colellaweb.it\/#organization"},"potentialAction":[{"@type":"SearchAction","target":{"@type":"EntryPoint","urlTemplate":"https:\/\/colellaweb.it\/?s={search_term_string}"},"query-input":{"@type":"PropertyValueSpecification","valueRequired":true,"valueName":"search_term_string"}}],"inLanguage":"fr-FR"},{"@type":"Organization","@id":"https:\/\/colellaweb.it\/#organization","name":"Colella","url":"https:\/\/colellaweb.it\/","logo":{"@type":"ImageObject","inLanguage":"fr-FR","@id":"https:\/\/colellaweb.it\/#\/schema\/logo\/image\/","url":"https:\/\/colellaweb.it\/wp-content\/uploads\/2023\/02\/cropped-logo_colella_favicon.png","contentUrl":"https:\/\/colellaweb.it\/wp-content\/uploads\/2023\/02\/cropped-logo_colella_favicon.png","width":512,"height":512,"caption":"Colella"},"image":{"@id":"https:\/\/colellaweb.it\/#\/schema\/logo\/image\/"},"sameAs":["https:\/\/www.facebook.com\/rumoriincucina","https:\/\/www.instagram.com\/rumoriincucina"]}]}},"_links":{"self":[{"href":"https:\/\/colellaweb.it\/fr\/wp-json\/wp\/v2\/product\/11355","targetHints":{"allow":["GET"]}}],"collection":[{"href":"https:\/\/colellaweb.it\/fr\/wp-json\/wp\/v2\/product"}],"about":[{"href":"https:\/\/colellaweb.it\/fr\/wp-json\/wp\/v2\/types\/product"}],"version-history":[{"count":0,"href":"https:\/\/colellaweb.it\/fr\/wp-json\/wp\/v2\/product\/11355\/revisions"}],"wp:featuredmedia":[{"embeddable":true,"href":"https:\/\/colellaweb.it\/fr\/wp-json\/wp\/v2\/media\/12409"}],"wp:attachment":[{"href":"https:\/\/colellaweb.it\/fr\/wp-json\/wp\/v2\/media?parent=11355"}],"wp:term":[{"taxonomy":"product_brand","embeddable":true,"href":"https:\/\/colellaweb.it\/fr\/wp-json\/wp\/v2\/product_brand?post=11355"},{"taxonomy":"product_cat","embeddable":true,"href":"https:\/\/colellaweb.it\/fr\/wp-json\/wp\/v2\/product_cat?post=11355"},{"taxonomy":"product_tag","embeddable":true,"href":"https:\/\/colellaweb.it\/fr\/wp-json\/wp\/v2\/product_tag?post=11355"}],"curies":[{"name":"wp","href":"https:\/\/api.w.org\/{rel}","templated":true}]}}