{"id":11344,"date":"2022-11-18T10:48:38","date_gmt":"2022-11-18T09:48:38","guid":{"rendered":"https:\/\/colellaweb.it\/prodotto\/berkel-tribute\/"},"modified":"2023-08-23T12:08:20","modified_gmt":"2023-08-23T10:08:20","slug":"berkel-tribute","status":"publish","type":"product","link":"https:\/\/colellaweb.it\/fr\/prodotto\/berkel-tribute\/","title":{"rendered":"BERKEL TRIBUTE"},"content":{"rendered":"<p class=\"p1\"><b>CARACT\u00c9RISTIQUES PRINCIPALES<\/b><\/p>\n<ul class=\"ul1\">\n<li class=\"li2\">Composants amovibles en acier inoxydable<\/li>\n<li class=\"li2\">Coulissement du charriot et coupe impeccables<\/li>\n<li class=\"li2\">Design retro<\/li>\n<\/ul>\n<h6 class=\"p2\">UNE EXP\u00c9RIENCE SENSORIELLE UNIQUE VOUS ATTEND<\/h6>\n<p class=\"p2\">D\u00e9couvrez plus de d\u00e9tails en nous contactant. Vous pourrez b\u00e9n\u00e9ficier d\u2019une consultation d\u00e9di\u00e9e par t\u00e9l\u00e9phone ou appel vid\u00e9o. N\u2019h\u00e9sitez pas \u00e0 nous indiquer vos besoins en termes de type, de budget et les attentes que vous souhaitez satisfaire avec votre projet d\u2019achat, l\u2019\u00e9quipe Colella se fera un plaisir de vous accompagner pour faire le meilleur choix pour vous.<\/p>\n","protected":false},"excerpt":{"rendered":"<p>La Tribute est la trancheuse \u00e0 volant par excellence, avec ses dimensions compactes et son design attrayant. Les lignes de sa carrosserie ont \u00e9t\u00e9 dessin\u00e9es en s&#8217;inspirant du plus petit mod\u00e8le produit par l&#8217;historique Berkel dans les ann\u00e9es 1920 : l&#8217;Indianina. Le mod\u00e8le Berkel Tribute est l&#8217;accessoire d&#8217;ameublement qui mettra en valeur votre cuisine.<\/p>\n<p>&nbsp;<\/p>\n<h5 class=\"p1\"><strong>COLELLA EXPORTATEUR OFFICIEL BERKEL<\/strong><\/h5>\n<h6 class=\"p1\">AVANTAGES d&#8217;ACHAT chez colella<\/h6>\n<p class=\"p1\">Colella est le <strong>partenaire historique<\/strong> et <strong>exportateur officiel<\/strong> de la marque Berkel. Chaque exemplaire est de PREMIER CHOIX, originel qui provient directement de la production de la maison m\u00e8re, sans aucun interm\u00e9diaire.<\/p>\n<p class=\"p1\">Chaque produit est soigneusement v\u00e9rifi\u00e9 dans la soci\u00e9t\u00e9 m\u00e8re avant d&#8217;\u00eatre emball\u00e9, mouss\u00e9 et exp\u00e9di\u00e9. Colella dispose \u00e9galement d&#8217;une<strong> ligne prioritaire<\/strong> en production.<\/p>\n","protected":false},"featured_media":10749,"template":"","meta":{"_acf_changed":false},"product_brand":[],"product_cat":[143,140],"product_tag":[],"class_list":{"0":"post-11344","1":"product","2":"type-product","3":"status-publish","4":"has-post-thumbnail","6":"product_cat-berkel-new-made-fr","7":"product_cat-trancheuses-a-jambon-manuelles-retro","9":"first","10":"instock","11":"shipping-taxable","12":"product-type-simple"},"acf":[],"yoast_head":"<!-- This site is optimized with the Yoast SEO plugin v26.7 - https:\/\/yoast.com\/wordpress\/plugins\/seo\/ -->\n<title>BERKEL TRIBUTE - Colella<\/title>\n<meta name=\"robots\" content=\"index, follow, max-snippet:-1, max-image-preview:large, max-video-preview:-1\" \/>\n<link rel=\"canonical\" href=\"https:\/\/colellaweb.it\/fr\/prodotto\/berkel-tribute\/\" \/>\n<meta property=\"og:locale\" content=\"fr_FR\" \/>\n<meta property=\"og:type\" content=\"article\" \/>\n<meta property=\"og:title\" content=\"BERKEL TRIBUTE - Colella\" \/>\n<meta property=\"og:description\" content=\"La Tribute est la trancheuse \u00e0 volant par excellence, avec ses dimensions compactes et son design attrayant. Les lignes de sa carrosserie ont \u00e9t\u00e9 dessin\u00e9es en s&#039;inspirant du plus petit mod\u00e8le produit par l&#039;historique Berkel dans les ann\u00e9es 1920 : l&#039;Indianina. Le mod\u00e8le Berkel Tribute est l&#039;accessoire d&#039;ameublement qui mettra en valeur votre cuisine.  &nbsp; COLELLA EXPORTATEUR OFFICIEL BERKEL AVANTAGES d&#039;ACHAT chez colella Colella est le partenaire historique et exportateur officiel de la marque Berkel. Chaque exemplaire est de PREMIER CHOIX, originel qui provient directement de la production de la maison m\u00e8re, sans aucun interm\u00e9diaire. Chaque produit est soigneusement v\u00e9rifi\u00e9 dans la soci\u00e9t\u00e9 m\u00e8re avant d&#039;\u00eatre emball\u00e9, mouss\u00e9 et exp\u00e9di\u00e9. Colella dispose \u00e9galement d&#039;une ligne prioritaire en production.\" \/>\n<meta property=\"og:url\" content=\"https:\/\/colellaweb.it\/fr\/prodotto\/berkel-tribute\/\" \/>\n<meta property=\"og:site_name\" content=\"Colella\" \/>\n<meta property=\"article:publisher\" content=\"https:\/\/www.facebook.com\/rumoriincucina\" \/>\n<meta property=\"article:modified_time\" content=\"2023-08-23T10:08:20+00:00\" \/>\n<meta property=\"og:image\" content=\"https:\/\/colellaweb.it\/wp-content\/uploads\/2022\/11\/Tribute.jpg\" \/>\n\t<meta property=\"og:image:width\" content=\"1920\" \/>\n\t<meta property=\"og:image:height\" content=\"2217\" \/>\n\t<meta property=\"og:image:type\" content=\"image\/jpeg\" \/>\n<meta name=\"twitter:card\" content=\"summary_large_image\" \/>\n<meta name=\"twitter:label1\" content=\"Dur\u00e9e de lecture estim\u00e9e\" \/>\n\t<meta name=\"twitter:data1\" content=\"1 minute\" \/>\n<script type=\"application\/ld+json\" class=\"yoast-schema-graph\">{\"@context\":\"https:\/\/schema.org\",\"@graph\":[{\"@type\":\"WebPage\",\"@id\":\"https:\/\/colellaweb.it\/fr\/prodotto\/berkel-tribute\/\",\"url\":\"https:\/\/colellaweb.it\/fr\/prodotto\/berkel-tribute\/\",\"name\":\"BERKEL TRIBUTE - Colella\",\"isPartOf\":{\"@id\":\"https:\/\/colellaweb.it\/#website\"},\"primaryImageOfPage\":{\"@id\":\"https:\/\/colellaweb.it\/fr\/prodotto\/berkel-tribute\/#primaryimage\"},\"image\":{\"@id\":\"https:\/\/colellaweb.it\/fr\/prodotto\/berkel-tribute\/#primaryimage\"},\"thumbnailUrl\":\"https:\/\/colellaweb.it\/wp-content\/uploads\/2022\/11\/Tribute.jpg\",\"datePublished\":\"2022-11-18T09:48:38+00:00\",\"dateModified\":\"2023-08-23T10:08:20+00:00\",\"breadcrumb\":{\"@id\":\"https:\/\/colellaweb.it\/fr\/prodotto\/berkel-tribute\/#breadcrumb\"},\"inLanguage\":\"fr-FR\",\"potentialAction\":[{\"@type\":\"ReadAction\",\"target\":[\"https:\/\/colellaweb.it\/fr\/prodotto\/berkel-tribute\/\"]}]},{\"@type\":\"ImageObject\",\"inLanguage\":\"fr-FR\",\"@id\":\"https:\/\/colellaweb.it\/fr\/prodotto\/berkel-tribute\/#primaryimage\",\"url\":\"https:\/\/colellaweb.it\/wp-content\/uploads\/2022\/11\/Tribute.jpg\",\"contentUrl\":\"https:\/\/colellaweb.it\/wp-content\/uploads\/2022\/11\/Tribute.jpg\",\"width\":1920,\"height\":2217},{\"@type\":\"BreadcrumbList\",\"@id\":\"https:\/\/colellaweb.it\/fr\/prodotto\/berkel-tribute\/#breadcrumb\",\"itemListElement\":[{\"@type\":\"ListItem\",\"position\":1,\"name\":\"Home\",\"item\":\"https:\/\/colellaweb.it\/fr\/\"},{\"@type\":\"ListItem\",\"position\":2,\"name\":\"Shop\",\"item\":\"https:\/\/colellaweb.it\/negozio\/\"},{\"@type\":\"ListItem\",\"position\":3,\"name\":\"BERKEL TRIBUTE\"}]},{\"@type\":\"WebSite\",\"@id\":\"https:\/\/colellaweb.it\/#website\",\"url\":\"https:\/\/colellaweb.it\/\",\"name\":\"Colella\",\"description\":\"Rumori in cucina\",\"publisher\":{\"@id\":\"https:\/\/colellaweb.it\/#organization\"},\"potentialAction\":[{\"@type\":\"SearchAction\",\"target\":{\"@type\":\"EntryPoint\",\"urlTemplate\":\"https:\/\/colellaweb.it\/?s={search_term_string}\"},\"query-input\":{\"@type\":\"PropertyValueSpecification\",\"valueRequired\":true,\"valueName\":\"search_term_string\"}}],\"inLanguage\":\"fr-FR\"},{\"@type\":\"Organization\",\"@id\":\"https:\/\/colellaweb.it\/#organization\",\"name\":\"Colella\",\"url\":\"https:\/\/colellaweb.it\/\",\"logo\":{\"@type\":\"ImageObject\",\"inLanguage\":\"fr-FR\",\"@id\":\"https:\/\/colellaweb.it\/#\/schema\/logo\/image\/\",\"url\":\"https:\/\/colellaweb.it\/wp-content\/uploads\/2023\/02\/cropped-logo_colella_favicon.png\",\"contentUrl\":\"https:\/\/colellaweb.it\/wp-content\/uploads\/2023\/02\/cropped-logo_colella_favicon.png\",\"width\":512,\"height\":512,\"caption\":\"Colella\"},\"image\":{\"@id\":\"https:\/\/colellaweb.it\/#\/schema\/logo\/image\/\"},\"sameAs\":[\"https:\/\/www.facebook.com\/rumoriincucina\",\"https:\/\/www.instagram.com\/rumoriincucina\"]}]}<\/script>\n<!-- \/ Yoast SEO plugin. -->","yoast_head_json":{"title":"BERKEL TRIBUTE - Colella","robots":{"index":"index","follow":"follow","max-snippet":"max-snippet:-1","max-image-preview":"max-image-preview:large","max-video-preview":"max-video-preview:-1"},"canonical":"https:\/\/colellaweb.it\/fr\/prodotto\/berkel-tribute\/","og_locale":"fr_FR","og_type":"article","og_title":"BERKEL TRIBUTE - Colella","og_description":"La Tribute est la trancheuse \u00e0 volant par excellence, avec ses dimensions compactes et son design attrayant. Les lignes de sa carrosserie ont \u00e9t\u00e9 dessin\u00e9es en s'inspirant du plus petit mod\u00e8le produit par l'historique Berkel dans les ann\u00e9es 1920 : l'Indianina. Le mod\u00e8le Berkel Tribute est l'accessoire d'ameublement qui mettra en valeur votre cuisine.  &nbsp; COLELLA EXPORTATEUR OFFICIEL BERKEL AVANTAGES d'ACHAT chez colella Colella est le partenaire historique et exportateur officiel de la marque Berkel. Chaque exemplaire est de PREMIER CHOIX, originel qui provient directement de la production de la maison m\u00e8re, sans aucun interm\u00e9diaire. Chaque produit est soigneusement v\u00e9rifi\u00e9 dans la soci\u00e9t\u00e9 m\u00e8re avant d'\u00eatre emball\u00e9, mouss\u00e9 et exp\u00e9di\u00e9. Colella dispose \u00e9galement d'une ligne prioritaire en production.","og_url":"https:\/\/colellaweb.it\/fr\/prodotto\/berkel-tribute\/","og_site_name":"Colella","article_publisher":"https:\/\/www.facebook.com\/rumoriincucina","article_modified_time":"2023-08-23T10:08:20+00:00","og_image":[{"width":1920,"height":2217,"url":"https:\/\/colellaweb.it\/wp-content\/uploads\/2022\/11\/Tribute.jpg","type":"image\/jpeg"}],"twitter_card":"summary_large_image","twitter_misc":{"Dur\u00e9e de lecture estim\u00e9e":"1 minute"},"schema":{"@context":"https:\/\/schema.org","@graph":[{"@type":"WebPage","@id":"https:\/\/colellaweb.it\/fr\/prodotto\/berkel-tribute\/","url":"https:\/\/colellaweb.it\/fr\/prodotto\/berkel-tribute\/","name":"BERKEL TRIBUTE - Colella","isPartOf":{"@id":"https:\/\/colellaweb.it\/#website"},"primaryImageOfPage":{"@id":"https:\/\/colellaweb.it\/fr\/prodotto\/berkel-tribute\/#primaryimage"},"image":{"@id":"https:\/\/colellaweb.it\/fr\/prodotto\/berkel-tribute\/#primaryimage"},"thumbnailUrl":"https:\/\/colellaweb.it\/wp-content\/uploads\/2022\/11\/Tribute.jpg","datePublished":"2022-11-18T09:48:38+00:00","dateModified":"2023-08-23T10:08:20+00:00","breadcrumb":{"@id":"https:\/\/colellaweb.it\/fr\/prodotto\/berkel-tribute\/#breadcrumb"},"inLanguage":"fr-FR","potentialAction":[{"@type":"ReadAction","target":["https:\/\/colellaweb.it\/fr\/prodotto\/berkel-tribute\/"]}]},{"@type":"ImageObject","inLanguage":"fr-FR","@id":"https:\/\/colellaweb.it\/fr\/prodotto\/berkel-tribute\/#primaryimage","url":"https:\/\/colellaweb.it\/wp-content\/uploads\/2022\/11\/Tribute.jpg","contentUrl":"https:\/\/colellaweb.it\/wp-content\/uploads\/2022\/11\/Tribute.jpg","width":1920,"height":2217},{"@type":"BreadcrumbList","@id":"https:\/\/colellaweb.it\/fr\/prodotto\/berkel-tribute\/#breadcrumb","itemListElement":[{"@type":"ListItem","position":1,"name":"Home","item":"https:\/\/colellaweb.it\/fr\/"},{"@type":"ListItem","position":2,"name":"Shop","item":"https:\/\/colellaweb.it\/negozio\/"},{"@type":"ListItem","position":3,"name":"BERKEL TRIBUTE"}]},{"@type":"WebSite","@id":"https:\/\/colellaweb.it\/#website","url":"https:\/\/colellaweb.it\/","name":"Colella","description":"Rumori in cucina","publisher":{"@id":"https:\/\/colellaweb.it\/#organization"},"potentialAction":[{"@type":"SearchAction","target":{"@type":"EntryPoint","urlTemplate":"https:\/\/colellaweb.it\/?s={search_term_string}"},"query-input":{"@type":"PropertyValueSpecification","valueRequired":true,"valueName":"search_term_string"}}],"inLanguage":"fr-FR"},{"@type":"Organization","@id":"https:\/\/colellaweb.it\/#organization","name":"Colella","url":"https:\/\/colellaweb.it\/","logo":{"@type":"ImageObject","inLanguage":"fr-FR","@id":"https:\/\/colellaweb.it\/#\/schema\/logo\/image\/","url":"https:\/\/colellaweb.it\/wp-content\/uploads\/2023\/02\/cropped-logo_colella_favicon.png","contentUrl":"https:\/\/colellaweb.it\/wp-content\/uploads\/2023\/02\/cropped-logo_colella_favicon.png","width":512,"height":512,"caption":"Colella"},"image":{"@id":"https:\/\/colellaweb.it\/#\/schema\/logo\/image\/"},"sameAs":["https:\/\/www.facebook.com\/rumoriincucina","https:\/\/www.instagram.com\/rumoriincucina"]}]}},"_links":{"self":[{"href":"https:\/\/colellaweb.it\/fr\/wp-json\/wp\/v2\/product\/11344","targetHints":{"allow":["GET"]}}],"collection":[{"href":"https:\/\/colellaweb.it\/fr\/wp-json\/wp\/v2\/product"}],"about":[{"href":"https:\/\/colellaweb.it\/fr\/wp-json\/wp\/v2\/types\/product"}],"version-history":[{"count":0,"href":"https:\/\/colellaweb.it\/fr\/wp-json\/wp\/v2\/product\/11344\/revisions"}],"wp:featuredmedia":[{"embeddable":true,"href":"https:\/\/colellaweb.it\/fr\/wp-json\/wp\/v2\/media\/10749"}],"wp:attachment":[{"href":"https:\/\/colellaweb.it\/fr\/wp-json\/wp\/v2\/media?parent=11344"}],"wp:term":[{"taxonomy":"product_brand","embeddable":true,"href":"https:\/\/colellaweb.it\/fr\/wp-json\/wp\/v2\/product_brand?post=11344"},{"taxonomy":"product_cat","embeddable":true,"href":"https:\/\/colellaweb.it\/fr\/wp-json\/wp\/v2\/product_cat?post=11344"},{"taxonomy":"product_tag","embeddable":true,"href":"https:\/\/colellaweb.it\/fr\/wp-json\/wp\/v2\/product_tag?post=11344"}],"curies":[{"name":"wp","href":"https:\/\/api.w.org\/{rel}","templated":true}]}}