{"id":11341,"date":"2022-11-18T10:34:53","date_gmt":"2022-11-18T09:34:53","guid":{"rendered":"https:\/\/colellaweb.it\/prodotto\/colella-300\/"},"modified":"2023-07-30T16:34:13","modified_gmt":"2023-07-30T14:34:13","slug":"colella-300","status":"publish","type":"product","link":"https:\/\/colellaweb.it\/fr\/prodotto\/colella-300\/","title":{"rendered":"COLELLA 300 STANDARD"},"content":{"rendered":"<h4 id=\"tw-target-text\" class=\"tw-data-text tw-text-large tw-ta\" dir=\"ltr\" data-placeholder=\"Traduzione\"><strong>Versions disponibles :<br \/>\n<\/strong><\/h4>\n<ul>\n<li>volant plein _ sans d\u00e9corations sur la carrosserie ;<\/li>\n<li>volant \u00e0 fleur _ sans d\u00e9corations sur la carrosserie ;<\/li>\n<li><em>Sp\u00e9cial<\/em> avec d\u00e9corations sur la carrosserie et vernis de protection ;<\/li>\n<\/ul>\n<h5><strong>Optionals:<\/strong><\/h5>\n<p>Plaque de d\u00e9coupe :<\/p>\n<ul>\n<li>En aluminium<\/li>\n<li>En marbre blanc de Carrare<\/li>\n<li>En bois d&#8217;olivier<\/li>\n<\/ul>\n<p>Pour un positionnement possible sur les plans de travail de la cuisine :<\/p>\n<ul>\n<li>Poign\u00e9e du volant repliable (elle r\u00e9duit les dimensions ext\u00e9rieures)<\/li>\n<li>Pieds sur\u00e9lev\u00e9s (b\u00e9n\u00e9ficiant ainsi de l&#8217;ouverture d&#8217;un tiroir en dessous !)<\/li>\n<\/ul>\n<h5><strong>PERSONNALISATION:<\/strong><\/h5>\n<p><strong>Personnalisable avec votre propre logo et choix de la couleur RAL<\/strong><\/p>\n<p><em><strong>Fabriqu\u00e9 en Italie<\/strong><\/em><\/p>\n","protected":false},"excerpt":{"rendered":"<h4 class=\"p1\">L&#8217;ESSENTIELLE<\/h4>\n<p class=\"p1\">La trancheuse manuelle Colella VO 300 STANDARD est le mod\u00e8le classique, indispensable pour ceux qui ne veulent pas renoncer au plaisir de la coupe manuelle. La version STANDARD, contrairement aux mod\u00e8les sup\u00e9rieurs avec des d\u00e9tails en acier, est compos\u00e9e de tous les d\u00e9tails \u00e0 contact avec les aliments en aluminium anodis\u00e9 de qualit\u00e9 alimentaire.<\/p>\n<p>&nbsp;<\/p>\n<h5 class=\"p2\">CARACT\u00c9RISTIQUES LAME 300<\/h5>\n<h6 class=\"p2\">DIMENSIONS ET TYPE DE COUPE<\/h6>\n<p class=\"p2\">Les trancheuses manuelles Colella avec un diam\u00e8tre de lame de 300 mm sont de taille moyenne par rapport aux lames respectives de 250 mm et 350 mm, avec la possibilit\u00e9 de d\u00e9coupe d&#8217;un jambon entier de taille moyenne.<\/p>\n<h5 class=\"p2\">S\u00c9CURIT\u00c9<\/h5>\n<h6 class=\"p2\">USAGE DOMESTIQUE ET PROFESSIONNEL<\/h6>\n<p class=\"p2\">La trancheuse manuelle Colella VO 300 standard, ainsi que les autres mod\u00e8les disponibles, est \u00e9quip\u00e9e d&#8217;un anneau CE int\u00e9gr\u00e9 autour de la lame pour la s\u00e9curit\u00e9 passive de l&#8217;op\u00e9rateur pendant la phase de nettoyage de la trancheuse. Elle peut \u00eatre utilis\u00e9e aussi bien en milieu professionnel (num\u00e9ro de s\u00e9rie avec certificat de conformit\u00e9 aux normes CE) qu&#8217;\u00e0 niveau domestique.<\/p>\n","protected":false},"featured_media":9545,"template":"","meta":{"_acf_changed":false},"product_brand":[],"product_cat":[142,140],"product_tag":[],"class_list":{"0":"post-11341","1":"product","2":"type-product","3":"status-publish","4":"has-post-thumbnail","6":"product_cat-colella-fr","7":"product_cat-trancheuses-a-jambon-manuelles-retro","9":"first","10":"instock","11":"shipping-taxable","12":"purchasable","13":"product-type-simple"},"acf":[],"yoast_head":"<!-- This site is optimized with the Yoast SEO plugin v26.7 - https:\/\/yoast.com\/wordpress\/plugins\/seo\/ -->\n<title>COLELLA 300 STANDARD - Colella<\/title>\n<meta name=\"robots\" content=\"index, follow, max-snippet:-1, max-image-preview:large, max-video-preview:-1\" \/>\n<link rel=\"canonical\" href=\"https:\/\/colellaweb.it\/fr\/prodotto\/colella-300\/\" \/>\n<meta property=\"og:locale\" content=\"fr_FR\" \/>\n<meta property=\"og:type\" content=\"article\" \/>\n<meta property=\"og:title\" content=\"COLELLA 300 STANDARD - Colella\" \/>\n<meta property=\"og:description\" content=\"L&#039;ESSENTIELLE La trancheuse manuelle Colella VO 300 STANDARD est le mod\u00e8le classique, indispensable pour ceux qui ne veulent pas renoncer au plaisir de la coupe manuelle. La version STANDARD, contrairement aux mod\u00e8les sup\u00e9rieurs avec des d\u00e9tails en acier, est compos\u00e9e de tous les d\u00e9tails \u00e0 contact avec les aliments en aluminium anodis\u00e9 de qualit\u00e9 alimentaire. &nbsp; CARACT\u00c9RISTIQUES LAME 300 DIMENSIONS ET TYPE DE COUPE Les trancheuses manuelles Colella avec un diam\u00e8tre de lame de 300 mm sont de taille moyenne par rapport aux lames respectives de 250 mm et 350 mm, avec la possibilit\u00e9 de d\u00e9coupe d&#039;un jambon entier de taille moyenne.  S\u00c9CURIT\u00c9 USAGE DOMESTIQUE ET PROFESSIONNEL La trancheuse manuelle Colella VO 300 standard, ainsi que les autres mod\u00e8les disponibles, est \u00e9quip\u00e9e d&#039;un anneau CE int\u00e9gr\u00e9 autour de la lame pour la s\u00e9curit\u00e9 passive de l&#039;op\u00e9rateur pendant la phase de nettoyage de la trancheuse. Elle peut \u00eatre utilis\u00e9e aussi bien en milieu professionnel (num\u00e9ro de s\u00e9rie avec certificat de conformit\u00e9 aux normes CE) qu&#039;\u00e0 niveau domestique.\" \/>\n<meta property=\"og:url\" content=\"https:\/\/colellaweb.it\/fr\/prodotto\/colella-300\/\" \/>\n<meta property=\"og:site_name\" content=\"Colella\" \/>\n<meta property=\"article:publisher\" content=\"https:\/\/www.facebook.com\/rumoriincucina\" \/>\n<meta property=\"article:modified_time\" content=\"2023-07-30T14:34:13+00:00\" \/>\n<meta property=\"og:image\" content=\"https:\/\/colellaweb.it\/wp-content\/uploads\/2022\/11\/COLELLA-300.jpg\" \/>\n\t<meta property=\"og:image:width\" content=\"1000\" \/>\n\t<meta property=\"og:image:height\" content=\"1110\" \/>\n\t<meta property=\"og:image:type\" content=\"image\/jpeg\" \/>\n<meta name=\"twitter:card\" content=\"summary_large_image\" \/>\n<meta name=\"twitter:label1\" content=\"Dur\u00e9e de lecture estim\u00e9e\" \/>\n\t<meta name=\"twitter:data1\" content=\"1 minute\" \/>\n<script type=\"application\/ld+json\" class=\"yoast-schema-graph\">{\"@context\":\"https:\/\/schema.org\",\"@graph\":[{\"@type\":\"WebPage\",\"@id\":\"https:\/\/colellaweb.it\/fr\/prodotto\/colella-300\/\",\"url\":\"https:\/\/colellaweb.it\/fr\/prodotto\/colella-300\/\",\"name\":\"COLELLA 300 STANDARD - Colella\",\"isPartOf\":{\"@id\":\"https:\/\/colellaweb.it\/#website\"},\"primaryImageOfPage\":{\"@id\":\"https:\/\/colellaweb.it\/fr\/prodotto\/colella-300\/#primaryimage\"},\"image\":{\"@id\":\"https:\/\/colellaweb.it\/fr\/prodotto\/colella-300\/#primaryimage\"},\"thumbnailUrl\":\"https:\/\/colellaweb.it\/wp-content\/uploads\/2022\/11\/COLELLA-300.jpg\",\"datePublished\":\"2022-11-18T09:34:53+00:00\",\"dateModified\":\"2023-07-30T14:34:13+00:00\",\"breadcrumb\":{\"@id\":\"https:\/\/colellaweb.it\/fr\/prodotto\/colella-300\/#breadcrumb\"},\"inLanguage\":\"fr-FR\",\"potentialAction\":[{\"@type\":\"ReadAction\",\"target\":[\"https:\/\/colellaweb.it\/fr\/prodotto\/colella-300\/\"]}]},{\"@type\":\"ImageObject\",\"inLanguage\":\"fr-FR\",\"@id\":\"https:\/\/colellaweb.it\/fr\/prodotto\/colella-300\/#primaryimage\",\"url\":\"https:\/\/colellaweb.it\/wp-content\/uploads\/2022\/11\/COLELLA-300.jpg\",\"contentUrl\":\"https:\/\/colellaweb.it\/wp-content\/uploads\/2022\/11\/COLELLA-300.jpg\",\"width\":1000,\"height\":1110},{\"@type\":\"BreadcrumbList\",\"@id\":\"https:\/\/colellaweb.it\/fr\/prodotto\/colella-300\/#breadcrumb\",\"itemListElement\":[{\"@type\":\"ListItem\",\"position\":1,\"name\":\"Home\",\"item\":\"https:\/\/colellaweb.it\/fr\/\"},{\"@type\":\"ListItem\",\"position\":2,\"name\":\"Shop\",\"item\":\"https:\/\/colellaweb.it\/negozio\/\"},{\"@type\":\"ListItem\",\"position\":3,\"name\":\"COLELLA 300 STANDARD\"}]},{\"@type\":\"WebSite\",\"@id\":\"https:\/\/colellaweb.it\/#website\",\"url\":\"https:\/\/colellaweb.it\/\",\"name\":\"Colella\",\"description\":\"Rumori in cucina\",\"publisher\":{\"@id\":\"https:\/\/colellaweb.it\/#organization\"},\"potentialAction\":[{\"@type\":\"SearchAction\",\"target\":{\"@type\":\"EntryPoint\",\"urlTemplate\":\"https:\/\/colellaweb.it\/?s={search_term_string}\"},\"query-input\":{\"@type\":\"PropertyValueSpecification\",\"valueRequired\":true,\"valueName\":\"search_term_string\"}}],\"inLanguage\":\"fr-FR\"},{\"@type\":\"Organization\",\"@id\":\"https:\/\/colellaweb.it\/#organization\",\"name\":\"Colella\",\"url\":\"https:\/\/colellaweb.it\/\",\"logo\":{\"@type\":\"ImageObject\",\"inLanguage\":\"fr-FR\",\"@id\":\"https:\/\/colellaweb.it\/#\/schema\/logo\/image\/\",\"url\":\"https:\/\/colellaweb.it\/wp-content\/uploads\/2023\/02\/cropped-logo_colella_favicon.png\",\"contentUrl\":\"https:\/\/colellaweb.it\/wp-content\/uploads\/2023\/02\/cropped-logo_colella_favicon.png\",\"width\":512,\"height\":512,\"caption\":\"Colella\"},\"image\":{\"@id\":\"https:\/\/colellaweb.it\/#\/schema\/logo\/image\/\"},\"sameAs\":[\"https:\/\/www.facebook.com\/rumoriincucina\",\"https:\/\/www.instagram.com\/rumoriincucina\"]}]}<\/script>\n<!-- \/ Yoast SEO plugin. -->","yoast_head_json":{"title":"COLELLA 300 STANDARD - Colella","robots":{"index":"index","follow":"follow","max-snippet":"max-snippet:-1","max-image-preview":"max-image-preview:large","max-video-preview":"max-video-preview:-1"},"canonical":"https:\/\/colellaweb.it\/fr\/prodotto\/colella-300\/","og_locale":"fr_FR","og_type":"article","og_title":"COLELLA 300 STANDARD - Colella","og_description":"L'ESSENTIELLE La trancheuse manuelle Colella VO 300 STANDARD est le mod\u00e8le classique, indispensable pour ceux qui ne veulent pas renoncer au plaisir de la coupe manuelle. La version STANDARD, contrairement aux mod\u00e8les sup\u00e9rieurs avec des d\u00e9tails en acier, est compos\u00e9e de tous les d\u00e9tails \u00e0 contact avec les aliments en aluminium anodis\u00e9 de qualit\u00e9 alimentaire. &nbsp; CARACT\u00c9RISTIQUES LAME 300 DIMENSIONS ET TYPE DE COUPE Les trancheuses manuelles Colella avec un diam\u00e8tre de lame de 300 mm sont de taille moyenne par rapport aux lames respectives de 250 mm et 350 mm, avec la possibilit\u00e9 de d\u00e9coupe d'un jambon entier de taille moyenne.  S\u00c9CURIT\u00c9 USAGE DOMESTIQUE ET PROFESSIONNEL La trancheuse manuelle Colella VO 300 standard, ainsi que les autres mod\u00e8les disponibles, est \u00e9quip\u00e9e d'un anneau CE int\u00e9gr\u00e9 autour de la lame pour la s\u00e9curit\u00e9 passive de l'op\u00e9rateur pendant la phase de nettoyage de la trancheuse. Elle peut \u00eatre utilis\u00e9e aussi bien en milieu professionnel (num\u00e9ro de s\u00e9rie avec certificat de conformit\u00e9 aux normes CE) qu'\u00e0 niveau domestique.","og_url":"https:\/\/colellaweb.it\/fr\/prodotto\/colella-300\/","og_site_name":"Colella","article_publisher":"https:\/\/www.facebook.com\/rumoriincucina","article_modified_time":"2023-07-30T14:34:13+00:00","og_image":[{"width":1000,"height":1110,"url":"https:\/\/colellaweb.it\/wp-content\/uploads\/2022\/11\/COLELLA-300.jpg","type":"image\/jpeg"}],"twitter_card":"summary_large_image","twitter_misc":{"Dur\u00e9e de lecture estim\u00e9e":"1 minute"},"schema":{"@context":"https:\/\/schema.org","@graph":[{"@type":"WebPage","@id":"https:\/\/colellaweb.it\/fr\/prodotto\/colella-300\/","url":"https:\/\/colellaweb.it\/fr\/prodotto\/colella-300\/","name":"COLELLA 300 STANDARD - Colella","isPartOf":{"@id":"https:\/\/colellaweb.it\/#website"},"primaryImageOfPage":{"@id":"https:\/\/colellaweb.it\/fr\/prodotto\/colella-300\/#primaryimage"},"image":{"@id":"https:\/\/colellaweb.it\/fr\/prodotto\/colella-300\/#primaryimage"},"thumbnailUrl":"https:\/\/colellaweb.it\/wp-content\/uploads\/2022\/11\/COLELLA-300.jpg","datePublished":"2022-11-18T09:34:53+00:00","dateModified":"2023-07-30T14:34:13+00:00","breadcrumb":{"@id":"https:\/\/colellaweb.it\/fr\/prodotto\/colella-300\/#breadcrumb"},"inLanguage":"fr-FR","potentialAction":[{"@type":"ReadAction","target":["https:\/\/colellaweb.it\/fr\/prodotto\/colella-300\/"]}]},{"@type":"ImageObject","inLanguage":"fr-FR","@id":"https:\/\/colellaweb.it\/fr\/prodotto\/colella-300\/#primaryimage","url":"https:\/\/colellaweb.it\/wp-content\/uploads\/2022\/11\/COLELLA-300.jpg","contentUrl":"https:\/\/colellaweb.it\/wp-content\/uploads\/2022\/11\/COLELLA-300.jpg","width":1000,"height":1110},{"@type":"BreadcrumbList","@id":"https:\/\/colellaweb.it\/fr\/prodotto\/colella-300\/#breadcrumb","itemListElement":[{"@type":"ListItem","position":1,"name":"Home","item":"https:\/\/colellaweb.it\/fr\/"},{"@type":"ListItem","position":2,"name":"Shop","item":"https:\/\/colellaweb.it\/negozio\/"},{"@type":"ListItem","position":3,"name":"COLELLA 300 STANDARD"}]},{"@type":"WebSite","@id":"https:\/\/colellaweb.it\/#website","url":"https:\/\/colellaweb.it\/","name":"Colella","description":"Rumori in cucina","publisher":{"@id":"https:\/\/colellaweb.it\/#organization"},"potentialAction":[{"@type":"SearchAction","target":{"@type":"EntryPoint","urlTemplate":"https:\/\/colellaweb.it\/?s={search_term_string}"},"query-input":{"@type":"PropertyValueSpecification","valueRequired":true,"valueName":"search_term_string"}}],"inLanguage":"fr-FR"},{"@type":"Organization","@id":"https:\/\/colellaweb.it\/#organization","name":"Colella","url":"https:\/\/colellaweb.it\/","logo":{"@type":"ImageObject","inLanguage":"fr-FR","@id":"https:\/\/colellaweb.it\/#\/schema\/logo\/image\/","url":"https:\/\/colellaweb.it\/wp-content\/uploads\/2023\/02\/cropped-logo_colella_favicon.png","contentUrl":"https:\/\/colellaweb.it\/wp-content\/uploads\/2023\/02\/cropped-logo_colella_favicon.png","width":512,"height":512,"caption":"Colella"},"image":{"@id":"https:\/\/colellaweb.it\/#\/schema\/logo\/image\/"},"sameAs":["https:\/\/www.facebook.com\/rumoriincucina","https:\/\/www.instagram.com\/rumoriincucina"]}]}},"_links":{"self":[{"href":"https:\/\/colellaweb.it\/fr\/wp-json\/wp\/v2\/product\/11341","targetHints":{"allow":["GET"]}}],"collection":[{"href":"https:\/\/colellaweb.it\/fr\/wp-json\/wp\/v2\/product"}],"about":[{"href":"https:\/\/colellaweb.it\/fr\/wp-json\/wp\/v2\/types\/product"}],"version-history":[{"count":0,"href":"https:\/\/colellaweb.it\/fr\/wp-json\/wp\/v2\/product\/11341\/revisions"}],"wp:featuredmedia":[{"embeddable":true,"href":"https:\/\/colellaweb.it\/fr\/wp-json\/wp\/v2\/media\/9545"}],"wp:attachment":[{"href":"https:\/\/colellaweb.it\/fr\/wp-json\/wp\/v2\/media?parent=11341"}],"wp:term":[{"taxonomy":"product_brand","embeddable":true,"href":"https:\/\/colellaweb.it\/fr\/wp-json\/wp\/v2\/product_brand?post=11341"},{"taxonomy":"product_cat","embeddable":true,"href":"https:\/\/colellaweb.it\/fr\/wp-json\/wp\/v2\/product_cat?post=11341"},{"taxonomy":"product_tag","embeddable":true,"href":"https:\/\/colellaweb.it\/fr\/wp-json\/wp\/v2\/product_tag?post=11341"}],"curies":[{"name":"wp","href":"https:\/\/api.w.org\/{rel}","templated":true}]}}