{"id":11338,"date":"2022-10-25T15:04:37","date_gmt":"2022-10-25T13:04:37","guid":{"rendered":"https:\/\/colellaweb.it\/prodotto\/berkel-b3\/"},"modified":"2023-08-23T10:13:54","modified_gmt":"2023-08-23T08:13:54","slug":"berkel-b3","status":"publish","type":"product","link":"https:\/\/colellaweb.it\/fr\/prodotto\/berkel-b3\/","title":{"rendered":"BERKEL B3"},"content":{"rendered":"<p><b>Caract\u00e9ristiques principales :<\/b><\/p>\n<ul>\n<li>Volant d&#8217;inertie floral<\/li>\n<li>Pi\u00e8ces en aluminium et en acier inoxydable<\/li>\n<li>Plaque collectrice en polym\u00e8re technique<\/li>\n<\/ul>\n<p><strong>Syst\u00e8me de volant m\u00e9canique :<\/strong><\/p>\n<ul>\n<li>Syst\u00e8me d&#8217;alimentation automatique pendant la coupe et retour rapide de la plaque<\/li>\n<li>Aiguisoir int\u00e9gr\u00e9<\/li>\n<li>Syst\u00e8me de r\u00e9glage de l&#8217;\u00e9paisseur des tranches avec avancement d\u00e9cimal<\/li>\n<\/ul>\n<p><strong>Nettoyage simplifi\u00e9 :<\/strong><\/p>\n<ul>\n<li>Plaque de recouvrement, plaque de collecte et aiguisoir facilement amovibles.<\/li>\n<li>Grand espace de nettoyage derri\u00e8re la lame<\/li>\n<\/ul>\n<p><strong>La s\u00e9curit\u00e9 :<\/strong><\/p>\n<p>S\u00e9curit\u00e9 de la lame partiellement amovible pour assurer la s\u00e9curit\u00e9 lors du nettoyage<\/p>\n","protected":false},"excerpt":{"rendered":"<p class=\"p1\">Berkel B3 est la plus simple et la plus lin\u00e9aire de la gamme de trancheuses manuelles Berkel. Le design de chaque trancheuse manuelle rappelle celui des trancheuses vintage. Elle sont ancore construites de mani\u00e8re traditionnelle et de production 100% italienne.<\/p>\n<h4>COLELLA OFFICIAL BERKEL EXPORTER<\/h4>\n<h6>AVANTAGES D&#8217;ACHETER UN PRODUIT BERKEL<\/h6>\n<p class=\"p1\"><strong>Colella<\/strong> est le partenaire historique et <strong>exportateur officiel<\/strong> de la marque Berkel. Chaque exemplaire est une exclusivit\u00e9 PREMIER CHOIX, directement du service production de la maison m\u00e8re, <strong>sans aucun interm\u00e9diaire<\/strong>.<\/p>\n<p class=\"p1\">Chaque produit est soigneusement v\u00e9rifi\u00e9 dans la soci\u00e9t\u00e9 m\u00e8re avant d&#8217;\u00eatre emball\u00e9, mouss\u00e9 et exp\u00e9di\u00e9. Colella dispose \u00e9galement d&#8217;une <strong>ligne prioritaire en production<\/strong>. N&#8217;h\u00e9sitez pas \u00e0 nous indiquer vos besoins en termes de type, de budget et les attentes que vous souhaitez satisfaire avec votre projet d&#8217;achat, l&#8217;\u00e9quipe Colella se fera un plaisir de vous accompagner pour faire le meilleur choix pour vous.<\/p>\n","protected":false},"featured_media":10752,"template":"","meta":{"_acf_changed":false},"product_brand":[],"product_cat":[143,140],"product_tag":[],"class_list":{"0":"post-11338","1":"product","2":"type-product","3":"status-publish","4":"has-post-thumbnail","6":"product_cat-berkel-new-made-fr","7":"product_cat-trancheuses-a-jambon-manuelles-retro","9":"first","10":"instock","11":"shipping-taxable","12":"product-type-simple"},"acf":[],"yoast_head":"<!-- This site is optimized with the Yoast SEO plugin v26.7 - https:\/\/yoast.com\/wordpress\/plugins\/seo\/ -->\n<title>BERKEL B3 - Colella<\/title>\n<meta name=\"robots\" content=\"index, follow, max-snippet:-1, max-image-preview:large, max-video-preview:-1\" \/>\n<link rel=\"canonical\" href=\"https:\/\/colellaweb.it\/fr\/prodotto\/berkel-b3\/\" \/>\n<meta property=\"og:locale\" content=\"fr_FR\" \/>\n<meta property=\"og:type\" content=\"article\" \/>\n<meta property=\"og:title\" content=\"BERKEL B3 - Colella\" \/>\n<meta property=\"og:description\" content=\"Berkel B3 est la plus simple et la plus lin\u00e9aire de la gamme de trancheuses manuelles Berkel. Le design de chaque trancheuse manuelle rappelle celui des trancheuses vintage. Elle sont ancore construites de mani\u00e8re traditionnelle et de production 100% italienne.  COLELLA OFFICIAL BERKEL EXPORTER AVANTAGES D&#039;ACHETER UN PRODUIT BERKEL Colella est le partenaire historique et exportateur officiel de la marque Berkel. Chaque exemplaire est une exclusivit\u00e9 PREMIER CHOIX, directement du service production de la maison m\u00e8re, sans aucun interm\u00e9diaire. Chaque produit est soigneusement v\u00e9rifi\u00e9 dans la soci\u00e9t\u00e9 m\u00e8re avant d&#039;\u00eatre emball\u00e9, mouss\u00e9 et exp\u00e9di\u00e9. Colella dispose \u00e9galement d&#039;une ligne prioritaire en production. N&#039;h\u00e9sitez pas \u00e0 nous indiquer vos besoins en termes de type, de budget et les attentes que vous souhaitez satisfaire avec votre projet d&#039;achat, l&#039;\u00e9quipe Colella se fera un plaisir de vous accompagner pour faire le meilleur choix pour vous.\" \/>\n<meta property=\"og:url\" content=\"https:\/\/colellaweb.it\/fr\/prodotto\/berkel-b3\/\" \/>\n<meta property=\"og:site_name\" content=\"Colella\" \/>\n<meta property=\"article:publisher\" content=\"https:\/\/www.facebook.com\/rumoriincucina\" \/>\n<meta property=\"article:modified_time\" content=\"2023-08-23T08:13:54+00:00\" \/>\n<meta property=\"og:image\" content=\"https:\/\/colellaweb.it\/wp-content\/uploads\/2022\/10\/B3.jpg\" \/>\n\t<meta property=\"og:image:width\" content=\"1920\" \/>\n\t<meta property=\"og:image:height\" content=\"2132\" \/>\n\t<meta property=\"og:image:type\" content=\"image\/jpeg\" \/>\n<meta name=\"twitter:card\" content=\"summary_large_image\" \/>\n<meta name=\"twitter:label1\" content=\"Dur\u00e9e de lecture estim\u00e9e\" \/>\n\t<meta name=\"twitter:data1\" content=\"1 minute\" \/>\n<script type=\"application\/ld+json\" class=\"yoast-schema-graph\">{\"@context\":\"https:\/\/schema.org\",\"@graph\":[{\"@type\":\"WebPage\",\"@id\":\"https:\/\/colellaweb.it\/fr\/prodotto\/berkel-b3\/\",\"url\":\"https:\/\/colellaweb.it\/fr\/prodotto\/berkel-b3\/\",\"name\":\"BERKEL B3 - Colella\",\"isPartOf\":{\"@id\":\"https:\/\/colellaweb.it\/#website\"},\"primaryImageOfPage\":{\"@id\":\"https:\/\/colellaweb.it\/fr\/prodotto\/berkel-b3\/#primaryimage\"},\"image\":{\"@id\":\"https:\/\/colellaweb.it\/fr\/prodotto\/berkel-b3\/#primaryimage\"},\"thumbnailUrl\":\"https:\/\/colellaweb.it\/wp-content\/uploads\/2022\/10\/B3.jpg\",\"datePublished\":\"2022-10-25T13:04:37+00:00\",\"dateModified\":\"2023-08-23T08:13:54+00:00\",\"breadcrumb\":{\"@id\":\"https:\/\/colellaweb.it\/fr\/prodotto\/berkel-b3\/#breadcrumb\"},\"inLanguage\":\"fr-FR\",\"potentialAction\":[{\"@type\":\"ReadAction\",\"target\":[\"https:\/\/colellaweb.it\/fr\/prodotto\/berkel-b3\/\"]}]},{\"@type\":\"ImageObject\",\"inLanguage\":\"fr-FR\",\"@id\":\"https:\/\/colellaweb.it\/fr\/prodotto\/berkel-b3\/#primaryimage\",\"url\":\"https:\/\/colellaweb.it\/wp-content\/uploads\/2022\/10\/B3.jpg\",\"contentUrl\":\"https:\/\/colellaweb.it\/wp-content\/uploads\/2022\/10\/B3.jpg\",\"width\":1920,\"height\":2132},{\"@type\":\"BreadcrumbList\",\"@id\":\"https:\/\/colellaweb.it\/fr\/prodotto\/berkel-b3\/#breadcrumb\",\"itemListElement\":[{\"@type\":\"ListItem\",\"position\":1,\"name\":\"Home\",\"item\":\"https:\/\/colellaweb.it\/fr\/\"},{\"@type\":\"ListItem\",\"position\":2,\"name\":\"Shop\",\"item\":\"https:\/\/colellaweb.it\/negozio\/\"},{\"@type\":\"ListItem\",\"position\":3,\"name\":\"BERKEL B3\"}]},{\"@type\":\"WebSite\",\"@id\":\"https:\/\/colellaweb.it\/#website\",\"url\":\"https:\/\/colellaweb.it\/\",\"name\":\"Colella\",\"description\":\"Rumori in cucina\",\"publisher\":{\"@id\":\"https:\/\/colellaweb.it\/#organization\"},\"potentialAction\":[{\"@type\":\"SearchAction\",\"target\":{\"@type\":\"EntryPoint\",\"urlTemplate\":\"https:\/\/colellaweb.it\/?s={search_term_string}\"},\"query-input\":{\"@type\":\"PropertyValueSpecification\",\"valueRequired\":true,\"valueName\":\"search_term_string\"}}],\"inLanguage\":\"fr-FR\"},{\"@type\":\"Organization\",\"@id\":\"https:\/\/colellaweb.it\/#organization\",\"name\":\"Colella\",\"url\":\"https:\/\/colellaweb.it\/\",\"logo\":{\"@type\":\"ImageObject\",\"inLanguage\":\"fr-FR\",\"@id\":\"https:\/\/colellaweb.it\/#\/schema\/logo\/image\/\",\"url\":\"https:\/\/colellaweb.it\/wp-content\/uploads\/2023\/02\/cropped-logo_colella_favicon.png\",\"contentUrl\":\"https:\/\/colellaweb.it\/wp-content\/uploads\/2023\/02\/cropped-logo_colella_favicon.png\",\"width\":512,\"height\":512,\"caption\":\"Colella\"},\"image\":{\"@id\":\"https:\/\/colellaweb.it\/#\/schema\/logo\/image\/\"},\"sameAs\":[\"https:\/\/www.facebook.com\/rumoriincucina\",\"https:\/\/www.instagram.com\/rumoriincucina\"]}]}<\/script>\n<!-- \/ Yoast SEO plugin. -->","yoast_head_json":{"title":"BERKEL B3 - Colella","robots":{"index":"index","follow":"follow","max-snippet":"max-snippet:-1","max-image-preview":"max-image-preview:large","max-video-preview":"max-video-preview:-1"},"canonical":"https:\/\/colellaweb.it\/fr\/prodotto\/berkel-b3\/","og_locale":"fr_FR","og_type":"article","og_title":"BERKEL B3 - Colella","og_description":"Berkel B3 est la plus simple et la plus lin\u00e9aire de la gamme de trancheuses manuelles Berkel. Le design de chaque trancheuse manuelle rappelle celui des trancheuses vintage. Elle sont ancore construites de mani\u00e8re traditionnelle et de production 100% italienne.  COLELLA OFFICIAL BERKEL EXPORTER AVANTAGES D'ACHETER UN PRODUIT BERKEL Colella est le partenaire historique et exportateur officiel de la marque Berkel. Chaque exemplaire est une exclusivit\u00e9 PREMIER CHOIX, directement du service production de la maison m\u00e8re, sans aucun interm\u00e9diaire. Chaque produit est soigneusement v\u00e9rifi\u00e9 dans la soci\u00e9t\u00e9 m\u00e8re avant d'\u00eatre emball\u00e9, mouss\u00e9 et exp\u00e9di\u00e9. Colella dispose \u00e9galement d'une ligne prioritaire en production. N'h\u00e9sitez pas \u00e0 nous indiquer vos besoins en termes de type, de budget et les attentes que vous souhaitez satisfaire avec votre projet d'achat, l'\u00e9quipe Colella se fera un plaisir de vous accompagner pour faire le meilleur choix pour vous.","og_url":"https:\/\/colellaweb.it\/fr\/prodotto\/berkel-b3\/","og_site_name":"Colella","article_publisher":"https:\/\/www.facebook.com\/rumoriincucina","article_modified_time":"2023-08-23T08:13:54+00:00","og_image":[{"width":1920,"height":2132,"url":"https:\/\/colellaweb.it\/wp-content\/uploads\/2022\/10\/B3.jpg","type":"image\/jpeg"}],"twitter_card":"summary_large_image","twitter_misc":{"Dur\u00e9e de lecture estim\u00e9e":"1 minute"},"schema":{"@context":"https:\/\/schema.org","@graph":[{"@type":"WebPage","@id":"https:\/\/colellaweb.it\/fr\/prodotto\/berkel-b3\/","url":"https:\/\/colellaweb.it\/fr\/prodotto\/berkel-b3\/","name":"BERKEL B3 - Colella","isPartOf":{"@id":"https:\/\/colellaweb.it\/#website"},"primaryImageOfPage":{"@id":"https:\/\/colellaweb.it\/fr\/prodotto\/berkel-b3\/#primaryimage"},"image":{"@id":"https:\/\/colellaweb.it\/fr\/prodotto\/berkel-b3\/#primaryimage"},"thumbnailUrl":"https:\/\/colellaweb.it\/wp-content\/uploads\/2022\/10\/B3.jpg","datePublished":"2022-10-25T13:04:37+00:00","dateModified":"2023-08-23T08:13:54+00:00","breadcrumb":{"@id":"https:\/\/colellaweb.it\/fr\/prodotto\/berkel-b3\/#breadcrumb"},"inLanguage":"fr-FR","potentialAction":[{"@type":"ReadAction","target":["https:\/\/colellaweb.it\/fr\/prodotto\/berkel-b3\/"]}]},{"@type":"ImageObject","inLanguage":"fr-FR","@id":"https:\/\/colellaweb.it\/fr\/prodotto\/berkel-b3\/#primaryimage","url":"https:\/\/colellaweb.it\/wp-content\/uploads\/2022\/10\/B3.jpg","contentUrl":"https:\/\/colellaweb.it\/wp-content\/uploads\/2022\/10\/B3.jpg","width":1920,"height":2132},{"@type":"BreadcrumbList","@id":"https:\/\/colellaweb.it\/fr\/prodotto\/berkel-b3\/#breadcrumb","itemListElement":[{"@type":"ListItem","position":1,"name":"Home","item":"https:\/\/colellaweb.it\/fr\/"},{"@type":"ListItem","position":2,"name":"Shop","item":"https:\/\/colellaweb.it\/negozio\/"},{"@type":"ListItem","position":3,"name":"BERKEL B3"}]},{"@type":"WebSite","@id":"https:\/\/colellaweb.it\/#website","url":"https:\/\/colellaweb.it\/","name":"Colella","description":"Rumori in cucina","publisher":{"@id":"https:\/\/colellaweb.it\/#organization"},"potentialAction":[{"@type":"SearchAction","target":{"@type":"EntryPoint","urlTemplate":"https:\/\/colellaweb.it\/?s={search_term_string}"},"query-input":{"@type":"PropertyValueSpecification","valueRequired":true,"valueName":"search_term_string"}}],"inLanguage":"fr-FR"},{"@type":"Organization","@id":"https:\/\/colellaweb.it\/#organization","name":"Colella","url":"https:\/\/colellaweb.it\/","logo":{"@type":"ImageObject","inLanguage":"fr-FR","@id":"https:\/\/colellaweb.it\/#\/schema\/logo\/image\/","url":"https:\/\/colellaweb.it\/wp-content\/uploads\/2023\/02\/cropped-logo_colella_favicon.png","contentUrl":"https:\/\/colellaweb.it\/wp-content\/uploads\/2023\/02\/cropped-logo_colella_favicon.png","width":512,"height":512,"caption":"Colella"},"image":{"@id":"https:\/\/colellaweb.it\/#\/schema\/logo\/image\/"},"sameAs":["https:\/\/www.facebook.com\/rumoriincucina","https:\/\/www.instagram.com\/rumoriincucina"]}]}},"_links":{"self":[{"href":"https:\/\/colellaweb.it\/fr\/wp-json\/wp\/v2\/product\/11338","targetHints":{"allow":["GET"]}}],"collection":[{"href":"https:\/\/colellaweb.it\/fr\/wp-json\/wp\/v2\/product"}],"about":[{"href":"https:\/\/colellaweb.it\/fr\/wp-json\/wp\/v2\/types\/product"}],"version-history":[{"count":0,"href":"https:\/\/colellaweb.it\/fr\/wp-json\/wp\/v2\/product\/11338\/revisions"}],"wp:featuredmedia":[{"embeddable":true,"href":"https:\/\/colellaweb.it\/fr\/wp-json\/wp\/v2\/media\/10752"}],"wp:attachment":[{"href":"https:\/\/colellaweb.it\/fr\/wp-json\/wp\/v2\/media?parent=11338"}],"wp:term":[{"taxonomy":"product_brand","embeddable":true,"href":"https:\/\/colellaweb.it\/fr\/wp-json\/wp\/v2\/product_brand?post=11338"},{"taxonomy":"product_cat","embeddable":true,"href":"https:\/\/colellaweb.it\/fr\/wp-json\/wp\/v2\/product_cat?post=11338"},{"taxonomy":"product_tag","embeddable":true,"href":"https:\/\/colellaweb.it\/fr\/wp-json\/wp\/v2\/product_tag?post=11338"}],"curies":[{"name":"wp","href":"https:\/\/api.w.org\/{rel}","templated":true}]}}