{"id":11334,"date":"2022-07-13T15:34:54","date_gmt":"2022-07-13T13:34:54","guid":{"rendered":"https:\/\/colellaweb.it\/prodotto\/berkel-b114\/"},"modified":"2023-08-23T12:02:59","modified_gmt":"2023-08-23T10:02:59","slug":"brk-b114","status":"publish","type":"product","link":"https:\/\/colellaweb.it\/fr\/prodotto\/brk-b114\/","title":{"rendered":"BERKEL B114"},"content":{"rendered":"<h5 class=\"p1\">CARACT\u00c9RISTIQUES PRINCIPALES<\/h5>\n<ul>\n<li class=\"p1\">Composants amovibles en acier inoxydable<\/li>\n<li class=\"p1\">D\u00e9tails techniques professionnels con\u00e7us pour r\u00e9duire les erreurs lors de la maintenance<\/li>\n<li class=\"p1\">Coulissement du charriot et coupe impeccables<\/li>\n<li class=\"p1\">Design unique<\/li>\n<\/ul>\n<h6 class=\"p1\">UNE EXP\u00c9RIENCE SENSORIELLE UNIQUE VOUS ATTEND<\/h6>\n<p class=\"p1\">D\u00e9couvrez plus de d\u00e9tails en nous contactant. Vous pourrez b\u00e9n\u00e9ficier d\u2019une consultation d\u00e9di\u00e9e par t\u00e9l\u00e9phone ou appel vid\u00e9o. N&#8217;h\u00e9sitez pas \u00e0 nous indiquer vos besoins en termes de type, de budget et les attentes que vous souhaitez satisfaire avec votre projet d&#8217;achat, l&#8217;\u00e9quipe Colella se fera un plaisir de vous accompagner pour faire le meilleur choix pour vous.<\/p>\n","protected":false},"excerpt":{"rendered":"<p class=\"p1\">Laissez-vous s\u00e9duire par les lignes sinueuses du Berkel B114: des performances de coupe impeccables, un nettoyage tr\u00e8s rapide. La Berkel B114 est le <strong>mod\u00e8le le plus vendu et le plus appr\u00e9ci\u00e9 de la gamme<\/strong> tant dans le domaine domestique que professionnel pour ses qualit\u00e9s esth\u00e9tiques et fonctionnelles exceptionnelles.<\/p>\n<p>&nbsp;<\/p>\n<h5 class=\"p1\"><strong>COLELLA EXPORTATEUR OFFICIEL BERKEL<\/strong><\/h5>\n<h6 class=\"p1\">AVANTAGES d&#8217;ACHAT chez colella<\/h6>\n<p class=\"p1\">Colella est le <strong>partenaire historique<\/strong> et <strong>exportateur officiel<\/strong> de la marque Berkel. Chaque exemplaire est de PREMIER CHOIX, originel qui provient directement de la production de la maison m\u00e8re, sans aucun interm\u00e9diaire.<\/p>\n<p class=\"p1\">Chaque produit est soigneusement v\u00e9rifi\u00e9 dans la soci\u00e9t\u00e9 m\u00e8re avant d&#8217;\u00eatre emball\u00e9, mouss\u00e9 et exp\u00e9di\u00e9. Colella dispose \u00e9galement d&#8217;une<strong> ligne prioritaire<\/strong> en production.<\/p>\n","protected":false},"featured_media":9543,"template":"","meta":{"_acf_changed":false},"product_brand":[],"product_cat":[143,140],"product_tag":[],"class_list":{"0":"post-11334","1":"product","2":"type-product","3":"status-publish","4":"has-post-thumbnail","6":"product_cat-berkel-new-made-fr","7":"product_cat-trancheuses-a-jambon-manuelles-retro","9":"first","10":"instock","11":"shipping-taxable","12":"product-type-simple"},"acf":[],"yoast_head":"<!-- This site is optimized with the Yoast SEO plugin v26.7 - https:\/\/yoast.com\/wordpress\/plugins\/seo\/ -->\n<title>BERKEL B114 - Colella<\/title>\n<meta name=\"robots\" content=\"index, follow, max-snippet:-1, max-image-preview:large, max-video-preview:-1\" \/>\n<link rel=\"canonical\" href=\"https:\/\/colellaweb.it\/fr\/prodotto\/brk-b114\/\" \/>\n<meta property=\"og:locale\" content=\"fr_FR\" \/>\n<meta property=\"og:type\" content=\"article\" \/>\n<meta property=\"og:title\" content=\"BERKEL B114 - Colella\" \/>\n<meta property=\"og:description\" content=\"Laissez-vous s\u00e9duire par les lignes sinueuses du Berkel B114: des performances de coupe impeccables, un nettoyage tr\u00e8s rapide. La Berkel B114 est le mod\u00e8le le plus vendu et le plus appr\u00e9ci\u00e9 de la gamme tant dans le domaine domestique que professionnel pour ses qualit\u00e9s esth\u00e9tiques et fonctionnelles exceptionnelles. &nbsp; COLELLA EXPORTATEUR OFFICIEL BERKEL AVANTAGES d&#039;ACHAT chez colella Colella est le partenaire historique et exportateur officiel de la marque Berkel. Chaque exemplaire est de PREMIER CHOIX, originel qui provient directement de la production de la maison m\u00e8re, sans aucun interm\u00e9diaire. Chaque produit est soigneusement v\u00e9rifi\u00e9 dans la soci\u00e9t\u00e9 m\u00e8re avant d&#039;\u00eatre emball\u00e9, mouss\u00e9 et exp\u00e9di\u00e9. Colella dispose \u00e9galement d&#039;une ligne prioritaire en production.\" \/>\n<meta property=\"og:url\" content=\"https:\/\/colellaweb.it\/fr\/prodotto\/brk-b114\/\" \/>\n<meta property=\"og:site_name\" content=\"Colella\" \/>\n<meta property=\"article:publisher\" content=\"https:\/\/www.facebook.com\/rumoriincucina\" \/>\n<meta property=\"article:modified_time\" content=\"2023-08-23T10:02:59+00:00\" \/>\n<meta property=\"og:image\" content=\"https:\/\/colellaweb.it\/wp-content\/uploads\/2022\/07\/Berkel-114-Colella.jpg\" \/>\n\t<meta property=\"og:image:width\" content=\"1000\" \/>\n\t<meta property=\"og:image:height\" content=\"1110\" \/>\n\t<meta property=\"og:image:type\" content=\"image\/jpeg\" \/>\n<meta name=\"twitter:card\" content=\"summary_large_image\" \/>\n<meta name=\"twitter:label1\" content=\"Dur\u00e9e de lecture estim\u00e9e\" \/>\n\t<meta name=\"twitter:data1\" content=\"1 minute\" \/>\n<script type=\"application\/ld+json\" class=\"yoast-schema-graph\">{\"@context\":\"https:\/\/schema.org\",\"@graph\":[{\"@type\":\"WebPage\",\"@id\":\"https:\/\/colellaweb.it\/fr\/prodotto\/brk-b114\/\",\"url\":\"https:\/\/colellaweb.it\/fr\/prodotto\/brk-b114\/\",\"name\":\"BERKEL B114 - Colella\",\"isPartOf\":{\"@id\":\"https:\/\/colellaweb.it\/#website\"},\"primaryImageOfPage\":{\"@id\":\"https:\/\/colellaweb.it\/fr\/prodotto\/brk-b114\/#primaryimage\"},\"image\":{\"@id\":\"https:\/\/colellaweb.it\/fr\/prodotto\/brk-b114\/#primaryimage\"},\"thumbnailUrl\":\"https:\/\/colellaweb.it\/wp-content\/uploads\/2022\/07\/Berkel-114-Colella.jpg\",\"datePublished\":\"2022-07-13T13:34:54+00:00\",\"dateModified\":\"2023-08-23T10:02:59+00:00\",\"breadcrumb\":{\"@id\":\"https:\/\/colellaweb.it\/fr\/prodotto\/brk-b114\/#breadcrumb\"},\"inLanguage\":\"fr-FR\",\"potentialAction\":[{\"@type\":\"ReadAction\",\"target\":[\"https:\/\/colellaweb.it\/fr\/prodotto\/brk-b114\/\"]}]},{\"@type\":\"ImageObject\",\"inLanguage\":\"fr-FR\",\"@id\":\"https:\/\/colellaweb.it\/fr\/prodotto\/brk-b114\/#primaryimage\",\"url\":\"https:\/\/colellaweb.it\/wp-content\/uploads\/2022\/07\/Berkel-114-Colella.jpg\",\"contentUrl\":\"https:\/\/colellaweb.it\/wp-content\/uploads\/2022\/07\/Berkel-114-Colella.jpg\",\"width\":1000,\"height\":1110},{\"@type\":\"BreadcrumbList\",\"@id\":\"https:\/\/colellaweb.it\/fr\/prodotto\/brk-b114\/#breadcrumb\",\"itemListElement\":[{\"@type\":\"ListItem\",\"position\":1,\"name\":\"Home\",\"item\":\"https:\/\/colellaweb.it\/fr\/\"},{\"@type\":\"ListItem\",\"position\":2,\"name\":\"Shop\",\"item\":\"https:\/\/colellaweb.it\/negozio\/\"},{\"@type\":\"ListItem\",\"position\":3,\"name\":\"BERKEL B114\"}]},{\"@type\":\"WebSite\",\"@id\":\"https:\/\/colellaweb.it\/#website\",\"url\":\"https:\/\/colellaweb.it\/\",\"name\":\"Colella\",\"description\":\"Rumori in cucina\",\"publisher\":{\"@id\":\"https:\/\/colellaweb.it\/#organization\"},\"potentialAction\":[{\"@type\":\"SearchAction\",\"target\":{\"@type\":\"EntryPoint\",\"urlTemplate\":\"https:\/\/colellaweb.it\/?s={search_term_string}\"},\"query-input\":{\"@type\":\"PropertyValueSpecification\",\"valueRequired\":true,\"valueName\":\"search_term_string\"}}],\"inLanguage\":\"fr-FR\"},{\"@type\":\"Organization\",\"@id\":\"https:\/\/colellaweb.it\/#organization\",\"name\":\"Colella\",\"url\":\"https:\/\/colellaweb.it\/\",\"logo\":{\"@type\":\"ImageObject\",\"inLanguage\":\"fr-FR\",\"@id\":\"https:\/\/colellaweb.it\/#\/schema\/logo\/image\/\",\"url\":\"https:\/\/colellaweb.it\/wp-content\/uploads\/2023\/02\/cropped-logo_colella_favicon.png\",\"contentUrl\":\"https:\/\/colellaweb.it\/wp-content\/uploads\/2023\/02\/cropped-logo_colella_favicon.png\",\"width\":512,\"height\":512,\"caption\":\"Colella\"},\"image\":{\"@id\":\"https:\/\/colellaweb.it\/#\/schema\/logo\/image\/\"},\"sameAs\":[\"https:\/\/www.facebook.com\/rumoriincucina\",\"https:\/\/www.instagram.com\/rumoriincucina\"]}]}<\/script>\n<!-- \/ Yoast SEO plugin. -->","yoast_head_json":{"title":"BERKEL B114 - Colella","robots":{"index":"index","follow":"follow","max-snippet":"max-snippet:-1","max-image-preview":"max-image-preview:large","max-video-preview":"max-video-preview:-1"},"canonical":"https:\/\/colellaweb.it\/fr\/prodotto\/brk-b114\/","og_locale":"fr_FR","og_type":"article","og_title":"BERKEL B114 - Colella","og_description":"Laissez-vous s\u00e9duire par les lignes sinueuses du Berkel B114: des performances de coupe impeccables, un nettoyage tr\u00e8s rapide. La Berkel B114 est le mod\u00e8le le plus vendu et le plus appr\u00e9ci\u00e9 de la gamme tant dans le domaine domestique que professionnel pour ses qualit\u00e9s esth\u00e9tiques et fonctionnelles exceptionnelles. &nbsp; COLELLA EXPORTATEUR OFFICIEL BERKEL AVANTAGES d'ACHAT chez colella Colella est le partenaire historique et exportateur officiel de la marque Berkel. Chaque exemplaire est de PREMIER CHOIX, originel qui provient directement de la production de la maison m\u00e8re, sans aucun interm\u00e9diaire. Chaque produit est soigneusement v\u00e9rifi\u00e9 dans la soci\u00e9t\u00e9 m\u00e8re avant d'\u00eatre emball\u00e9, mouss\u00e9 et exp\u00e9di\u00e9. Colella dispose \u00e9galement d'une ligne prioritaire en production.","og_url":"https:\/\/colellaweb.it\/fr\/prodotto\/brk-b114\/","og_site_name":"Colella","article_publisher":"https:\/\/www.facebook.com\/rumoriincucina","article_modified_time":"2023-08-23T10:02:59+00:00","og_image":[{"width":1000,"height":1110,"url":"https:\/\/colellaweb.it\/wp-content\/uploads\/2022\/07\/Berkel-114-Colella.jpg","type":"image\/jpeg"}],"twitter_card":"summary_large_image","twitter_misc":{"Dur\u00e9e de lecture estim\u00e9e":"1 minute"},"schema":{"@context":"https:\/\/schema.org","@graph":[{"@type":"WebPage","@id":"https:\/\/colellaweb.it\/fr\/prodotto\/brk-b114\/","url":"https:\/\/colellaweb.it\/fr\/prodotto\/brk-b114\/","name":"BERKEL B114 - Colella","isPartOf":{"@id":"https:\/\/colellaweb.it\/#website"},"primaryImageOfPage":{"@id":"https:\/\/colellaweb.it\/fr\/prodotto\/brk-b114\/#primaryimage"},"image":{"@id":"https:\/\/colellaweb.it\/fr\/prodotto\/brk-b114\/#primaryimage"},"thumbnailUrl":"https:\/\/colellaweb.it\/wp-content\/uploads\/2022\/07\/Berkel-114-Colella.jpg","datePublished":"2022-07-13T13:34:54+00:00","dateModified":"2023-08-23T10:02:59+00:00","breadcrumb":{"@id":"https:\/\/colellaweb.it\/fr\/prodotto\/brk-b114\/#breadcrumb"},"inLanguage":"fr-FR","potentialAction":[{"@type":"ReadAction","target":["https:\/\/colellaweb.it\/fr\/prodotto\/brk-b114\/"]}]},{"@type":"ImageObject","inLanguage":"fr-FR","@id":"https:\/\/colellaweb.it\/fr\/prodotto\/brk-b114\/#primaryimage","url":"https:\/\/colellaweb.it\/wp-content\/uploads\/2022\/07\/Berkel-114-Colella.jpg","contentUrl":"https:\/\/colellaweb.it\/wp-content\/uploads\/2022\/07\/Berkel-114-Colella.jpg","width":1000,"height":1110},{"@type":"BreadcrumbList","@id":"https:\/\/colellaweb.it\/fr\/prodotto\/brk-b114\/#breadcrumb","itemListElement":[{"@type":"ListItem","position":1,"name":"Home","item":"https:\/\/colellaweb.it\/fr\/"},{"@type":"ListItem","position":2,"name":"Shop","item":"https:\/\/colellaweb.it\/negozio\/"},{"@type":"ListItem","position":3,"name":"BERKEL B114"}]},{"@type":"WebSite","@id":"https:\/\/colellaweb.it\/#website","url":"https:\/\/colellaweb.it\/","name":"Colella","description":"Rumori in cucina","publisher":{"@id":"https:\/\/colellaweb.it\/#organization"},"potentialAction":[{"@type":"SearchAction","target":{"@type":"EntryPoint","urlTemplate":"https:\/\/colellaweb.it\/?s={search_term_string}"},"query-input":{"@type":"PropertyValueSpecification","valueRequired":true,"valueName":"search_term_string"}}],"inLanguage":"fr-FR"},{"@type":"Organization","@id":"https:\/\/colellaweb.it\/#organization","name":"Colella","url":"https:\/\/colellaweb.it\/","logo":{"@type":"ImageObject","inLanguage":"fr-FR","@id":"https:\/\/colellaweb.it\/#\/schema\/logo\/image\/","url":"https:\/\/colellaweb.it\/wp-content\/uploads\/2023\/02\/cropped-logo_colella_favicon.png","contentUrl":"https:\/\/colellaweb.it\/wp-content\/uploads\/2023\/02\/cropped-logo_colella_favicon.png","width":512,"height":512,"caption":"Colella"},"image":{"@id":"https:\/\/colellaweb.it\/#\/schema\/logo\/image\/"},"sameAs":["https:\/\/www.facebook.com\/rumoriincucina","https:\/\/www.instagram.com\/rumoriincucina"]}]}},"_links":{"self":[{"href":"https:\/\/colellaweb.it\/fr\/wp-json\/wp\/v2\/product\/11334","targetHints":{"allow":["GET"]}}],"collection":[{"href":"https:\/\/colellaweb.it\/fr\/wp-json\/wp\/v2\/product"}],"about":[{"href":"https:\/\/colellaweb.it\/fr\/wp-json\/wp\/v2\/types\/product"}],"version-history":[{"count":0,"href":"https:\/\/colellaweb.it\/fr\/wp-json\/wp\/v2\/product\/11334\/revisions"}],"wp:featuredmedia":[{"embeddable":true,"href":"https:\/\/colellaweb.it\/fr\/wp-json\/wp\/v2\/media\/9543"}],"wp:attachment":[{"href":"https:\/\/colellaweb.it\/fr\/wp-json\/wp\/v2\/media?parent=11334"}],"wp:term":[{"taxonomy":"product_brand","embeddable":true,"href":"https:\/\/colellaweb.it\/fr\/wp-json\/wp\/v2\/product_brand?post=11334"},{"taxonomy":"product_cat","embeddable":true,"href":"https:\/\/colellaweb.it\/fr\/wp-json\/wp\/v2\/product_cat?post=11334"},{"taxonomy":"product_tag","embeddable":true,"href":"https:\/\/colellaweb.it\/fr\/wp-json\/wp\/v2\/product_tag?post=11334"}],"curies":[{"name":"wp","href":"https:\/\/api.w.org\/{rel}","templated":true}]}}