{"id":10722,"date":"2022-11-18T16:56:45","date_gmt":"2022-11-18T16:56:45","guid":{"rendered":"https:\/\/colellaweb.it\/prodotto\/colella-300-anniversary\/"},"modified":"2023-06-20T17:06:05","modified_gmt":"2023-06-20T17:06:05","slug":"colella-300-anniversary","status":"publish","type":"product","link":"https:\/\/colellaweb.it\/fr\/prodotto\/colella-300-anniversary\/","title":{"rendered":"Colella 300 anniversaire"},"content":{"rendered":"<ul>\n<li>Volant d&#8217;inertie \u00e0 fleurs de marguerite<\/li>\n<li>Composants en acier inoxydable<\/li>\n<li>Nouvelle conception<\/li>\n<li>Propret\u00e9 impeccable (gr\u00e2ce \u00e0 la distance entre la lame et la carrosserie pour un meilleur nettoyage apr\u00e8s utilisation)<\/li>\n<\/ul>\n","protected":false},"excerpt":{"rendered":"<p>La toute nouvelle trancheuse \u00e0 volant Colella 300 LUXURY r\u00e9pondra aux demandes des plus exigeants.<\/p>\n<p>Espace suffisant pour le nettoyage (une hygi\u00e8ne parfaite est \u00e9galement possible derri\u00e8re la lame gr\u00e2ce \u00e0 l&#8217;espace qui permet le passage du bras pour \u00e9liminer les d\u00e9bris accumul\u00e9s lors de la coupe) ;<\/p>\n<p>Composants en acier inoxydable pour faciliter la manipulation et le d\u00e9montage : bo\u00eete \u00e0 gants et plateau en acier.<\/p>\n<p>Aiguisoir int\u00e9gr\u00e9 : permet une coupe impeccable du produit ;<\/p>\n<p>Protection de la lame : anneau conforme \u00e0 la norme CE permettant une utilisation en toute s\u00e9curit\u00e9 dans les environnements domestiques et professionnels<\/p>\n","protected":false},"featured_media":9565,"template":"","meta":{"_acf_changed":false},"product_brand":[],"product_cat":[142,140],"product_tag":[],"class_list":{"0":"post-10722","1":"product","2":"type-product","3":"status-publish","4":"has-post-thumbnail","6":"product_cat-colella-fr","7":"product_cat-trancheuses-a-jambon-manuelles-retro","9":"first","10":"instock","11":"shipping-taxable","12":"product-type-simple"},"acf":[],"yoast_head":"<!-- This site is optimized with the Yoast SEO plugin v26.7 - https:\/\/yoast.com\/wordpress\/plugins\/seo\/ -->\n<title>Colella 300 anniversaire - Colella<\/title>\n<meta name=\"robots\" content=\"index, follow, max-snippet:-1, max-image-preview:large, max-video-preview:-1\" \/>\n<link rel=\"canonical\" href=\"https:\/\/colellaweb.it\/fr\/prodotto\/colella-300-anniversary\/\" \/>\n<meta property=\"og:locale\" content=\"fr_FR\" \/>\n<meta property=\"og:type\" content=\"article\" \/>\n<meta property=\"og:title\" content=\"Colella 300 anniversaire - Colella\" \/>\n<meta property=\"og:description\" content=\"La toute nouvelle trancheuse \u00e0 volant Colella 300 LUXURY r\u00e9pondra aux demandes des plus exigeants. Espace suffisant pour le nettoyage (une hygi\u00e8ne parfaite est \u00e9galement possible derri\u00e8re la lame gr\u00e2ce \u00e0 l&#039;espace qui permet le passage du bras pour \u00e9liminer les d\u00e9bris accumul\u00e9s lors de la coupe) ; Composants en acier inoxydable pour faciliter la manipulation et le d\u00e9montage : bo\u00eete \u00e0 gants et plateau en acier. Aiguisoir int\u00e9gr\u00e9 : permet une coupe impeccable du produit ; Protection de la lame : anneau conforme \u00e0 la norme CE permettant une utilisation en toute s\u00e9curit\u00e9 dans les environnements domestiques et professionnels\" \/>\n<meta property=\"og:url\" content=\"https:\/\/colellaweb.it\/fr\/prodotto\/colella-300-anniversary\/\" \/>\n<meta property=\"og:site_name\" content=\"Colella\" \/>\n<meta property=\"article:publisher\" content=\"https:\/\/www.facebook.com\/rumoriincucina\" \/>\n<meta property=\"article:modified_time\" content=\"2023-06-20T17:06:05+00:00\" \/>\n<meta property=\"og:image\" content=\"https:\/\/colellaweb.it\/wp-content\/uploads\/2022\/11\/Colella-300-anniversay.jpg\" \/>\n\t<meta property=\"og:image:width\" content=\"1000\" \/>\n\t<meta property=\"og:image:height\" content=\"1120\" \/>\n\t<meta property=\"og:image:type\" content=\"image\/jpeg\" \/>\n<meta name=\"twitter:card\" content=\"summary_large_image\" \/>\n<script type=\"application\/ld+json\" class=\"yoast-schema-graph\">{\"@context\":\"https:\/\/schema.org\",\"@graph\":[{\"@type\":\"WebPage\",\"@id\":\"https:\/\/colellaweb.it\/fr\/prodotto\/colella-300-anniversary\/\",\"url\":\"https:\/\/colellaweb.it\/fr\/prodotto\/colella-300-anniversary\/\",\"name\":\"Colella 300 anniversaire - Colella\",\"isPartOf\":{\"@id\":\"https:\/\/colellaweb.it\/#website\"},\"primaryImageOfPage\":{\"@id\":\"https:\/\/colellaweb.it\/fr\/prodotto\/colella-300-anniversary\/#primaryimage\"},\"image\":{\"@id\":\"https:\/\/colellaweb.it\/fr\/prodotto\/colella-300-anniversary\/#primaryimage\"},\"thumbnailUrl\":\"https:\/\/colellaweb.it\/wp-content\/uploads\/2022\/11\/Colella-300-anniversay.jpg\",\"datePublished\":\"2022-11-18T16:56:45+00:00\",\"dateModified\":\"2023-06-20T17:06:05+00:00\",\"breadcrumb\":{\"@id\":\"https:\/\/colellaweb.it\/fr\/prodotto\/colella-300-anniversary\/#breadcrumb\"},\"inLanguage\":\"fr-FR\",\"potentialAction\":[{\"@type\":\"ReadAction\",\"target\":[\"https:\/\/colellaweb.it\/fr\/prodotto\/colella-300-anniversary\/\"]}]},{\"@type\":\"ImageObject\",\"inLanguage\":\"fr-FR\",\"@id\":\"https:\/\/colellaweb.it\/fr\/prodotto\/colella-300-anniversary\/#primaryimage\",\"url\":\"https:\/\/colellaweb.it\/wp-content\/uploads\/2022\/11\/Colella-300-anniversay.jpg\",\"contentUrl\":\"https:\/\/colellaweb.it\/wp-content\/uploads\/2022\/11\/Colella-300-anniversay.jpg\",\"width\":1000,\"height\":1120},{\"@type\":\"BreadcrumbList\",\"@id\":\"https:\/\/colellaweb.it\/fr\/prodotto\/colella-300-anniversary\/#breadcrumb\",\"itemListElement\":[{\"@type\":\"ListItem\",\"position\":1,\"name\":\"Home\",\"item\":\"https:\/\/colellaweb.it\/fr\/\"},{\"@type\":\"ListItem\",\"position\":2,\"name\":\"Shop\",\"item\":\"https:\/\/colellaweb.it\/negozio\/\"},{\"@type\":\"ListItem\",\"position\":3,\"name\":\"Colella 300 anniversaire\"}]},{\"@type\":\"WebSite\",\"@id\":\"https:\/\/colellaweb.it\/#website\",\"url\":\"https:\/\/colellaweb.it\/\",\"name\":\"Colella\",\"description\":\"Rumori in cucina\",\"publisher\":{\"@id\":\"https:\/\/colellaweb.it\/#organization\"},\"potentialAction\":[{\"@type\":\"SearchAction\",\"target\":{\"@type\":\"EntryPoint\",\"urlTemplate\":\"https:\/\/colellaweb.it\/?s={search_term_string}\"},\"query-input\":{\"@type\":\"PropertyValueSpecification\",\"valueRequired\":true,\"valueName\":\"search_term_string\"}}],\"inLanguage\":\"fr-FR\"},{\"@type\":\"Organization\",\"@id\":\"https:\/\/colellaweb.it\/#organization\",\"name\":\"Colella\",\"url\":\"https:\/\/colellaweb.it\/\",\"logo\":{\"@type\":\"ImageObject\",\"inLanguage\":\"fr-FR\",\"@id\":\"https:\/\/colellaweb.it\/#\/schema\/logo\/image\/\",\"url\":\"https:\/\/colellaweb.it\/wp-content\/uploads\/2023\/02\/cropped-logo_colella_favicon.png\",\"contentUrl\":\"https:\/\/colellaweb.it\/wp-content\/uploads\/2023\/02\/cropped-logo_colella_favicon.png\",\"width\":512,\"height\":512,\"caption\":\"Colella\"},\"image\":{\"@id\":\"https:\/\/colellaweb.it\/#\/schema\/logo\/image\/\"},\"sameAs\":[\"https:\/\/www.facebook.com\/rumoriincucina\",\"https:\/\/www.instagram.com\/rumoriincucina\"]}]}<\/script>\n<!-- \/ Yoast SEO plugin. -->","yoast_head_json":{"title":"Colella 300 anniversaire - Colella","robots":{"index":"index","follow":"follow","max-snippet":"max-snippet:-1","max-image-preview":"max-image-preview:large","max-video-preview":"max-video-preview:-1"},"canonical":"https:\/\/colellaweb.it\/fr\/prodotto\/colella-300-anniversary\/","og_locale":"fr_FR","og_type":"article","og_title":"Colella 300 anniversaire - Colella","og_description":"La toute nouvelle trancheuse \u00e0 volant Colella 300 LUXURY r\u00e9pondra aux demandes des plus exigeants. Espace suffisant pour le nettoyage (une hygi\u00e8ne parfaite est \u00e9galement possible derri\u00e8re la lame gr\u00e2ce \u00e0 l'espace qui permet le passage du bras pour \u00e9liminer les d\u00e9bris accumul\u00e9s lors de la coupe) ; Composants en acier inoxydable pour faciliter la manipulation et le d\u00e9montage : bo\u00eete \u00e0 gants et plateau en acier. Aiguisoir int\u00e9gr\u00e9 : permet une coupe impeccable du produit ; Protection de la lame : anneau conforme \u00e0 la norme CE permettant une utilisation en toute s\u00e9curit\u00e9 dans les environnements domestiques et professionnels","og_url":"https:\/\/colellaweb.it\/fr\/prodotto\/colella-300-anniversary\/","og_site_name":"Colella","article_publisher":"https:\/\/www.facebook.com\/rumoriincucina","article_modified_time":"2023-06-20T17:06:05+00:00","og_image":[{"width":1000,"height":1120,"url":"https:\/\/colellaweb.it\/wp-content\/uploads\/2022\/11\/Colella-300-anniversay.jpg","type":"image\/jpeg"}],"twitter_card":"summary_large_image","schema":{"@context":"https:\/\/schema.org","@graph":[{"@type":"WebPage","@id":"https:\/\/colellaweb.it\/fr\/prodotto\/colella-300-anniversary\/","url":"https:\/\/colellaweb.it\/fr\/prodotto\/colella-300-anniversary\/","name":"Colella 300 anniversaire - Colella","isPartOf":{"@id":"https:\/\/colellaweb.it\/#website"},"primaryImageOfPage":{"@id":"https:\/\/colellaweb.it\/fr\/prodotto\/colella-300-anniversary\/#primaryimage"},"image":{"@id":"https:\/\/colellaweb.it\/fr\/prodotto\/colella-300-anniversary\/#primaryimage"},"thumbnailUrl":"https:\/\/colellaweb.it\/wp-content\/uploads\/2022\/11\/Colella-300-anniversay.jpg","datePublished":"2022-11-18T16:56:45+00:00","dateModified":"2023-06-20T17:06:05+00:00","breadcrumb":{"@id":"https:\/\/colellaweb.it\/fr\/prodotto\/colella-300-anniversary\/#breadcrumb"},"inLanguage":"fr-FR","potentialAction":[{"@type":"ReadAction","target":["https:\/\/colellaweb.it\/fr\/prodotto\/colella-300-anniversary\/"]}]},{"@type":"ImageObject","inLanguage":"fr-FR","@id":"https:\/\/colellaweb.it\/fr\/prodotto\/colella-300-anniversary\/#primaryimage","url":"https:\/\/colellaweb.it\/wp-content\/uploads\/2022\/11\/Colella-300-anniversay.jpg","contentUrl":"https:\/\/colellaweb.it\/wp-content\/uploads\/2022\/11\/Colella-300-anniversay.jpg","width":1000,"height":1120},{"@type":"BreadcrumbList","@id":"https:\/\/colellaweb.it\/fr\/prodotto\/colella-300-anniversary\/#breadcrumb","itemListElement":[{"@type":"ListItem","position":1,"name":"Home","item":"https:\/\/colellaweb.it\/fr\/"},{"@type":"ListItem","position":2,"name":"Shop","item":"https:\/\/colellaweb.it\/negozio\/"},{"@type":"ListItem","position":3,"name":"Colella 300 anniversaire"}]},{"@type":"WebSite","@id":"https:\/\/colellaweb.it\/#website","url":"https:\/\/colellaweb.it\/","name":"Colella","description":"Rumori in cucina","publisher":{"@id":"https:\/\/colellaweb.it\/#organization"},"potentialAction":[{"@type":"SearchAction","target":{"@type":"EntryPoint","urlTemplate":"https:\/\/colellaweb.it\/?s={search_term_string}"},"query-input":{"@type":"PropertyValueSpecification","valueRequired":true,"valueName":"search_term_string"}}],"inLanguage":"fr-FR"},{"@type":"Organization","@id":"https:\/\/colellaweb.it\/#organization","name":"Colella","url":"https:\/\/colellaweb.it\/","logo":{"@type":"ImageObject","inLanguage":"fr-FR","@id":"https:\/\/colellaweb.it\/#\/schema\/logo\/image\/","url":"https:\/\/colellaweb.it\/wp-content\/uploads\/2023\/02\/cropped-logo_colella_favicon.png","contentUrl":"https:\/\/colellaweb.it\/wp-content\/uploads\/2023\/02\/cropped-logo_colella_favicon.png","width":512,"height":512,"caption":"Colella"},"image":{"@id":"https:\/\/colellaweb.it\/#\/schema\/logo\/image\/"},"sameAs":["https:\/\/www.facebook.com\/rumoriincucina","https:\/\/www.instagram.com\/rumoriincucina"]}]}},"_links":{"self":[{"href":"https:\/\/colellaweb.it\/fr\/wp-json\/wp\/v2\/product\/10722","targetHints":{"allow":["GET"]}}],"collection":[{"href":"https:\/\/colellaweb.it\/fr\/wp-json\/wp\/v2\/product"}],"about":[{"href":"https:\/\/colellaweb.it\/fr\/wp-json\/wp\/v2\/types\/product"}],"version-history":[{"count":0,"href":"https:\/\/colellaweb.it\/fr\/wp-json\/wp\/v2\/product\/10722\/revisions"}],"wp:featuredmedia":[{"embeddable":true,"href":"https:\/\/colellaweb.it\/fr\/wp-json\/wp\/v2\/media\/9565"}],"wp:attachment":[{"href":"https:\/\/colellaweb.it\/fr\/wp-json\/wp\/v2\/media?parent=10722"}],"wp:term":[{"taxonomy":"product_brand","embeddable":true,"href":"https:\/\/colellaweb.it\/fr\/wp-json\/wp\/v2\/product_brand?post=10722"},{"taxonomy":"product_cat","embeddable":true,"href":"https:\/\/colellaweb.it\/fr\/wp-json\/wp\/v2\/product_cat?post=10722"},{"taxonomy":"product_tag","embeddable":true,"href":"https:\/\/colellaweb.it\/fr\/wp-json\/wp\/v2\/product_tag?post=10722"}],"curies":[{"name":"wp","href":"https:\/\/api.w.org\/{rel}","templated":true}]}}