{"id":10674,"date":"2022-12-12T10:26:20","date_gmt":"2022-12-12T10:26:20","guid":{"rendered":"https:\/\/colellaweb.it\/prodotto\/atlas-150\/"},"modified":"2023-06-20T22:42:21","modified_gmt":"2023-06-20T22:42:21","slug":"atlas-150","status":"publish","type":"product","link":"https:\/\/colellaweb.it\/fr\/prodotto\/atlas-150\/","title":{"rendered":"Atlas 150"},"content":{"rendered":"<p><b>texte \u00e0 ins\u00e9rer ;<\/b><\/p>\n<p>&nbsp;<\/p>\n","protected":false},"excerpt":{"rendered":"<p>Laminoirs manuels<\/p>\n<p>La machine la plus populaire pour faire des p\u00e2tes fra\u00eeches \u00e0 la maison. Ic\u00f4ne du design Made in Italy.<\/p>\n<p>Avec Atlas 150, vous pouvez facilement faire des lasagnes, des fettuccines, des tagliolini et 13 autres formes de p\u00e2tes gr\u00e2ce \u00e0 la vaste gamme d\u2019accessoires.<br \/>\nAtlas 150 est disponible en acier chrom\u00e9<\/p>\n<p>ATLAS COLOR<\/p>\n<p>La machine la plus populaire pour faire des p\u00e2tes fra\u00eeches \u00e0 la maison. Ic\u00f4ne du design Made in Italy.<br \/>\nAvec Atlas colour, vous pouvez facilement r\u00e9aliser des lasagnes, des fettuccine, des tagliolini et 13 autres formats de p\u00e2tes gr\u00e2ce \u00e0 la large gamme d&#8217;accessoires.<br \/>\nAtlas 150 est disponible en acier chrom\u00e9 ou en aluminium anodis\u00e9 en 5 couleurs diff\u00e9rentes.<\/p>\n","protected":false},"featured_media":9835,"template":"","meta":{"_acf_changed":false},"product_brand":[],"product_cat":[167,160],"product_tag":[],"class_list":{"0":"post-10674","1":"product","2":"type-product","3":"status-publish","4":"has-post-thumbnail","6":"product_cat-machines-for-fresh-pasta","7":"product_cat-utensili-da-cucina-e-design-fr","9":"first","10":"instock","11":"shipping-taxable","12":"product-type-simple"},"acf":[],"yoast_head":"<!-- This site is optimized with the Yoast SEO plugin v26.7 - https:\/\/yoast.com\/wordpress\/plugins\/seo\/ -->\n<title>Atlas 150 - Colella<\/title>\n<meta name=\"robots\" content=\"index, follow, max-snippet:-1, max-image-preview:large, max-video-preview:-1\" \/>\n<link rel=\"canonical\" href=\"https:\/\/colellaweb.it\/fr\/prodotto\/atlas-150\/\" \/>\n<meta property=\"og:locale\" content=\"fr_FR\" \/>\n<meta property=\"og:type\" content=\"article\" \/>\n<meta property=\"og:title\" content=\"Atlas 150 - Colella\" \/>\n<meta property=\"og:description\" content=\"Laminoirs manuels La machine la plus populaire pour faire des p\u00e2tes fra\u00eeches \u00e0 la maison. Ic\u00f4ne du design Made in Italy. Avec Atlas 150, vous pouvez facilement faire des lasagnes, des fettuccines, des tagliolini et 13 autres formes de p\u00e2tes gr\u00e2ce \u00e0 la vaste gamme d\u2019accessoires. Atlas 150 est disponible en acier chrom\u00e9 ATLAS COLOR La machine la plus populaire pour faire des p\u00e2tes fra\u00eeches \u00e0 la maison. Ic\u00f4ne du design Made in Italy. Avec Atlas colour, vous pouvez facilement r\u00e9aliser des lasagnes, des fettuccine, des tagliolini et 13 autres formats de p\u00e2tes gr\u00e2ce \u00e0 la large gamme d&#039;accessoires. Atlas 150 est disponible en acier chrom\u00e9 ou en aluminium anodis\u00e9 en 5 couleurs diff\u00e9rentes.\" \/>\n<meta property=\"og:url\" content=\"https:\/\/colellaweb.it\/fr\/prodotto\/atlas-150\/\" \/>\n<meta property=\"og:site_name\" content=\"Colella\" \/>\n<meta property=\"article:publisher\" content=\"https:\/\/www.facebook.com\/rumoriincucina\" \/>\n<meta property=\"article:modified_time\" content=\"2023-06-20T22:42:21+00:00\" \/>\n<meta property=\"og:image\" content=\"https:\/\/colellaweb.it\/wp-content\/uploads\/2022\/12\/800x800_2019-12-27_1024x1024_14-12-24_atlas150.png\" \/>\n\t<meta property=\"og:image:width\" content=\"800\" \/>\n\t<meta property=\"og:image:height\" content=\"800\" \/>\n\t<meta property=\"og:image:type\" content=\"image\/png\" \/>\n<meta name=\"twitter:card\" content=\"summary_large_image\" \/>\n<script type=\"application\/ld+json\" class=\"yoast-schema-graph\">{\"@context\":\"https:\/\/schema.org\",\"@graph\":[{\"@type\":\"WebPage\",\"@id\":\"https:\/\/colellaweb.it\/fr\/prodotto\/atlas-150\/\",\"url\":\"https:\/\/colellaweb.it\/fr\/prodotto\/atlas-150\/\",\"name\":\"Atlas 150 - Colella\",\"isPartOf\":{\"@id\":\"https:\/\/colellaweb.it\/#website\"},\"primaryImageOfPage\":{\"@id\":\"https:\/\/colellaweb.it\/fr\/prodotto\/atlas-150\/#primaryimage\"},\"image\":{\"@id\":\"https:\/\/colellaweb.it\/fr\/prodotto\/atlas-150\/#primaryimage\"},\"thumbnailUrl\":\"https:\/\/colellaweb.it\/wp-content\/uploads\/2022\/12\/800x800_2019-12-27_1024x1024_14-12-24_atlas150.png\",\"datePublished\":\"2022-12-12T10:26:20+00:00\",\"dateModified\":\"2023-06-20T22:42:21+00:00\",\"breadcrumb\":{\"@id\":\"https:\/\/colellaweb.it\/fr\/prodotto\/atlas-150\/#breadcrumb\"},\"inLanguage\":\"fr-FR\",\"potentialAction\":[{\"@type\":\"ReadAction\",\"target\":[\"https:\/\/colellaweb.it\/fr\/prodotto\/atlas-150\/\"]}]},{\"@type\":\"ImageObject\",\"inLanguage\":\"fr-FR\",\"@id\":\"https:\/\/colellaweb.it\/fr\/prodotto\/atlas-150\/#primaryimage\",\"url\":\"https:\/\/colellaweb.it\/wp-content\/uploads\/2022\/12\/800x800_2019-12-27_1024x1024_14-12-24_atlas150.png\",\"contentUrl\":\"https:\/\/colellaweb.it\/wp-content\/uploads\/2022\/12\/800x800_2019-12-27_1024x1024_14-12-24_atlas150.png\",\"width\":800,\"height\":800},{\"@type\":\"BreadcrumbList\",\"@id\":\"https:\/\/colellaweb.it\/fr\/prodotto\/atlas-150\/#breadcrumb\",\"itemListElement\":[{\"@type\":\"ListItem\",\"position\":1,\"name\":\"Home\",\"item\":\"https:\/\/colellaweb.it\/fr\/\"},{\"@type\":\"ListItem\",\"position\":2,\"name\":\"Shop\",\"item\":\"https:\/\/colellaweb.it\/negozio\/\"},{\"@type\":\"ListItem\",\"position\":3,\"name\":\"Atlas 150\"}]},{\"@type\":\"WebSite\",\"@id\":\"https:\/\/colellaweb.it\/#website\",\"url\":\"https:\/\/colellaweb.it\/\",\"name\":\"Colella\",\"description\":\"Rumori in cucina\",\"publisher\":{\"@id\":\"https:\/\/colellaweb.it\/#organization\"},\"potentialAction\":[{\"@type\":\"SearchAction\",\"target\":{\"@type\":\"EntryPoint\",\"urlTemplate\":\"https:\/\/colellaweb.it\/?s={search_term_string}\"},\"query-input\":{\"@type\":\"PropertyValueSpecification\",\"valueRequired\":true,\"valueName\":\"search_term_string\"}}],\"inLanguage\":\"fr-FR\"},{\"@type\":\"Organization\",\"@id\":\"https:\/\/colellaweb.it\/#organization\",\"name\":\"Colella\",\"url\":\"https:\/\/colellaweb.it\/\",\"logo\":{\"@type\":\"ImageObject\",\"inLanguage\":\"fr-FR\",\"@id\":\"https:\/\/colellaweb.it\/#\/schema\/logo\/image\/\",\"url\":\"https:\/\/colellaweb.it\/wp-content\/uploads\/2023\/02\/cropped-logo_colella_favicon.png\",\"contentUrl\":\"https:\/\/colellaweb.it\/wp-content\/uploads\/2023\/02\/cropped-logo_colella_favicon.png\",\"width\":512,\"height\":512,\"caption\":\"Colella\"},\"image\":{\"@id\":\"https:\/\/colellaweb.it\/#\/schema\/logo\/image\/\"},\"sameAs\":[\"https:\/\/www.facebook.com\/rumoriincucina\",\"https:\/\/www.instagram.com\/rumoriincucina\"]}]}<\/script>\n<!-- \/ Yoast SEO plugin. -->","yoast_head_json":{"title":"Atlas 150 - Colella","robots":{"index":"index","follow":"follow","max-snippet":"max-snippet:-1","max-image-preview":"max-image-preview:large","max-video-preview":"max-video-preview:-1"},"canonical":"https:\/\/colellaweb.it\/fr\/prodotto\/atlas-150\/","og_locale":"fr_FR","og_type":"article","og_title":"Atlas 150 - Colella","og_description":"Laminoirs manuels La machine la plus populaire pour faire des p\u00e2tes fra\u00eeches \u00e0 la maison. Ic\u00f4ne du design Made in Italy. Avec Atlas 150, vous pouvez facilement faire des lasagnes, des fettuccines, des tagliolini et 13 autres formes de p\u00e2tes gr\u00e2ce \u00e0 la vaste gamme d\u2019accessoires. Atlas 150 est disponible en acier chrom\u00e9 ATLAS COLOR La machine la plus populaire pour faire des p\u00e2tes fra\u00eeches \u00e0 la maison. Ic\u00f4ne du design Made in Italy. Avec Atlas colour, vous pouvez facilement r\u00e9aliser des lasagnes, des fettuccine, des tagliolini et 13 autres formats de p\u00e2tes gr\u00e2ce \u00e0 la large gamme d'accessoires. Atlas 150 est disponible en acier chrom\u00e9 ou en aluminium anodis\u00e9 en 5 couleurs diff\u00e9rentes.","og_url":"https:\/\/colellaweb.it\/fr\/prodotto\/atlas-150\/","og_site_name":"Colella","article_publisher":"https:\/\/www.facebook.com\/rumoriincucina","article_modified_time":"2023-06-20T22:42:21+00:00","og_image":[{"width":800,"height":800,"url":"https:\/\/colellaweb.it\/wp-content\/uploads\/2022\/12\/800x800_2019-12-27_1024x1024_14-12-24_atlas150.png","type":"image\/png"}],"twitter_card":"summary_large_image","schema":{"@context":"https:\/\/schema.org","@graph":[{"@type":"WebPage","@id":"https:\/\/colellaweb.it\/fr\/prodotto\/atlas-150\/","url":"https:\/\/colellaweb.it\/fr\/prodotto\/atlas-150\/","name":"Atlas 150 - Colella","isPartOf":{"@id":"https:\/\/colellaweb.it\/#website"},"primaryImageOfPage":{"@id":"https:\/\/colellaweb.it\/fr\/prodotto\/atlas-150\/#primaryimage"},"image":{"@id":"https:\/\/colellaweb.it\/fr\/prodotto\/atlas-150\/#primaryimage"},"thumbnailUrl":"https:\/\/colellaweb.it\/wp-content\/uploads\/2022\/12\/800x800_2019-12-27_1024x1024_14-12-24_atlas150.png","datePublished":"2022-12-12T10:26:20+00:00","dateModified":"2023-06-20T22:42:21+00:00","breadcrumb":{"@id":"https:\/\/colellaweb.it\/fr\/prodotto\/atlas-150\/#breadcrumb"},"inLanguage":"fr-FR","potentialAction":[{"@type":"ReadAction","target":["https:\/\/colellaweb.it\/fr\/prodotto\/atlas-150\/"]}]},{"@type":"ImageObject","inLanguage":"fr-FR","@id":"https:\/\/colellaweb.it\/fr\/prodotto\/atlas-150\/#primaryimage","url":"https:\/\/colellaweb.it\/wp-content\/uploads\/2022\/12\/800x800_2019-12-27_1024x1024_14-12-24_atlas150.png","contentUrl":"https:\/\/colellaweb.it\/wp-content\/uploads\/2022\/12\/800x800_2019-12-27_1024x1024_14-12-24_atlas150.png","width":800,"height":800},{"@type":"BreadcrumbList","@id":"https:\/\/colellaweb.it\/fr\/prodotto\/atlas-150\/#breadcrumb","itemListElement":[{"@type":"ListItem","position":1,"name":"Home","item":"https:\/\/colellaweb.it\/fr\/"},{"@type":"ListItem","position":2,"name":"Shop","item":"https:\/\/colellaweb.it\/negozio\/"},{"@type":"ListItem","position":3,"name":"Atlas 150"}]},{"@type":"WebSite","@id":"https:\/\/colellaweb.it\/#website","url":"https:\/\/colellaweb.it\/","name":"Colella","description":"Rumori in cucina","publisher":{"@id":"https:\/\/colellaweb.it\/#organization"},"potentialAction":[{"@type":"SearchAction","target":{"@type":"EntryPoint","urlTemplate":"https:\/\/colellaweb.it\/?s={search_term_string}"},"query-input":{"@type":"PropertyValueSpecification","valueRequired":true,"valueName":"search_term_string"}}],"inLanguage":"fr-FR"},{"@type":"Organization","@id":"https:\/\/colellaweb.it\/#organization","name":"Colella","url":"https:\/\/colellaweb.it\/","logo":{"@type":"ImageObject","inLanguage":"fr-FR","@id":"https:\/\/colellaweb.it\/#\/schema\/logo\/image\/","url":"https:\/\/colellaweb.it\/wp-content\/uploads\/2023\/02\/cropped-logo_colella_favicon.png","contentUrl":"https:\/\/colellaweb.it\/wp-content\/uploads\/2023\/02\/cropped-logo_colella_favicon.png","width":512,"height":512,"caption":"Colella"},"image":{"@id":"https:\/\/colellaweb.it\/#\/schema\/logo\/image\/"},"sameAs":["https:\/\/www.facebook.com\/rumoriincucina","https:\/\/www.instagram.com\/rumoriincucina"]}]}},"_links":{"self":[{"href":"https:\/\/colellaweb.it\/fr\/wp-json\/wp\/v2\/product\/10674","targetHints":{"allow":["GET"]}}],"collection":[{"href":"https:\/\/colellaweb.it\/fr\/wp-json\/wp\/v2\/product"}],"about":[{"href":"https:\/\/colellaweb.it\/fr\/wp-json\/wp\/v2\/types\/product"}],"version-history":[{"count":0,"href":"https:\/\/colellaweb.it\/fr\/wp-json\/wp\/v2\/product\/10674\/revisions"}],"wp:featuredmedia":[{"embeddable":true,"href":"https:\/\/colellaweb.it\/fr\/wp-json\/wp\/v2\/media\/9835"}],"wp:attachment":[{"href":"https:\/\/colellaweb.it\/fr\/wp-json\/wp\/v2\/media?parent=10674"}],"wp:term":[{"taxonomy":"product_brand","embeddable":true,"href":"https:\/\/colellaweb.it\/fr\/wp-json\/wp\/v2\/product_brand?post=10674"},{"taxonomy":"product_cat","embeddable":true,"href":"https:\/\/colellaweb.it\/fr\/wp-json\/wp\/v2\/product_cat?post=10674"},{"taxonomy":"product_tag","embeddable":true,"href":"https:\/\/colellaweb.it\/fr\/wp-json\/wp\/v2\/product_tag?post=10674"}],"curies":[{"name":"wp","href":"https:\/\/api.w.org\/{rel}","templated":true}]}}