{"id":10664,"date":"2022-12-12T10:34:19","date_gmt":"2022-12-12T10:34:19","guid":{"rendered":"https:\/\/colellaweb.it\/prodotto\/atlas-motor\/"},"modified":"2023-06-21T08:11:55","modified_gmt":"2023-06-21T08:11:55","slug":"atlas-motor","status":"publish","type":"product","link":"https:\/\/colellaweb.it\/fr\/prodotto\/atlas-motor\/","title":{"rendered":"Atlas motor"},"content":{"rendered":"<p><b>texte \u00e0 ins\u00e9rer ;<\/b><\/p>\n<p>&nbsp;<\/p>\n","protected":false},"excerpt":{"rendered":"<p>La machine pour ceux qui aiment pr\u00e9parer des p\u00e2tes fra\u00eeches avec style et confort!<\/p>\n<p>Atlas motor associe la polyvalence des machines \u00e0 p\u00e2tes Atlas aux fonctionnalit\u00e9s du moteur Pastadrive afin de vous offrir le set id\u00e9al pour vous amuser en cuisine.<\/p>\n<p>Atlas Motor simplifie la pr\u00e9paration de p\u00e2tes fra\u00eeches gr\u00e2ce au moteur pratique qui vous permet de travailler librement sur n&#8217;importe quelle surface sans vous fatiguer. La machine \u00e0 p\u00e2tes est enti\u00e8rement fabriqu\u00e9e en acier chrom\u00e9 de haute qualit\u00e9, avec des rouleaux en alliage d&#8217;aluminium anodis\u00e9, afin de garantir la plus longue dur\u00e9e de vie du produit et de faciliter son nettoyage. Le moteur Pastadrive est con\u00e7u avec une forme ergonomique qui facilite la prise en main. Il est puissant et robuste, assurant une stabilit\u00e9 parfaite lors de l\u2019utilisation. La connexion \u00e0 ba\u00efonnette garantit un couplage rapide et simplifi\u00e9 du moteur et permet son utilisation avec d&#8217;autres produits Marcato compatibles.<\/p>\n<p>Les avantages du moteur<\/p>\n<p>Vous avez les deux mains libres lors de l&#8217;utilisation<br \/>\nvous n&#8217;avez pas \u00e0 r\u00e9parer la machine \u00e0 la table de travail;<br \/>\nvous pouvez placer la machine sur n&#8217;importe quelle surface plane;<br \/>\nr\u00e9duire le temps de pr\u00e9paration de la p\u00e2te.<\/p>\n","protected":false},"featured_media":9841,"template":"","meta":{"_acf_changed":false},"product_brand":[],"product_cat":[167,160],"product_tag":[],"class_list":{"0":"post-10664","1":"product","2":"type-product","3":"status-publish","4":"has-post-thumbnail","6":"product_cat-machines-for-fresh-pasta","7":"product_cat-utensili-da-cucina-e-design-fr","9":"first","10":"instock","11":"shipping-taxable","12":"product-type-simple"},"acf":[],"yoast_head":"<!-- This site is optimized with the Yoast SEO plugin v26.7 - https:\/\/yoast.com\/wordpress\/plugins\/seo\/ -->\n<title>Atlas motor - Colella<\/title>\n<meta name=\"robots\" content=\"index, follow, max-snippet:-1, max-image-preview:large, max-video-preview:-1\" \/>\n<link rel=\"canonical\" href=\"https:\/\/colellaweb.it\/fr\/prodotto\/atlas-motor\/\" \/>\n<meta property=\"og:locale\" content=\"fr_FR\" \/>\n<meta property=\"og:type\" content=\"article\" \/>\n<meta property=\"og:title\" content=\"Atlas motor - Colella\" \/>\n<meta property=\"og:description\" content=\"La machine pour ceux qui aiment pr\u00e9parer des p\u00e2tes fra\u00eeches avec style et confort! Atlas motor associe la polyvalence des machines \u00e0 p\u00e2tes Atlas aux fonctionnalit\u00e9s du moteur Pastadrive afin de vous offrir le set id\u00e9al pour vous amuser en cuisine. Atlas Motor simplifie la pr\u00e9paration de p\u00e2tes fra\u00eeches gr\u00e2ce au moteur pratique qui vous permet de travailler librement sur n&#039;importe quelle surface sans vous fatiguer. La machine \u00e0 p\u00e2tes est enti\u00e8rement fabriqu\u00e9e en acier chrom\u00e9 de haute qualit\u00e9, avec des rouleaux en alliage d&#039;aluminium anodis\u00e9, afin de garantir la plus longue dur\u00e9e de vie du produit et de faciliter son nettoyage. Le moteur Pastadrive est con\u00e7u avec une forme ergonomique qui facilite la prise en main. Il est puissant et robuste, assurant une stabilit\u00e9 parfaite lors de l\u2019utilisation. La connexion \u00e0 ba\u00efonnette garantit un couplage rapide et simplifi\u00e9 du moteur et permet son utilisation avec d&#039;autres produits Marcato compatibles. Les avantages du moteur Vous avez les deux mains libres lors de l&#039;utilisation vous n&#039;avez pas \u00e0 r\u00e9parer la machine \u00e0 la table de travail; vous pouvez placer la machine sur n&#039;importe quelle surface plane; r\u00e9duire le temps de pr\u00e9paration de la p\u00e2te.\" \/>\n<meta property=\"og:url\" content=\"https:\/\/colellaweb.it\/fr\/prodotto\/atlas-motor\/\" \/>\n<meta property=\"og:site_name\" content=\"Colella\" \/>\n<meta property=\"article:publisher\" content=\"https:\/\/www.facebook.com\/rumoriincucina\" \/>\n<meta property=\"article:modified_time\" content=\"2023-06-21T08:11:55+00:00\" \/>\n<meta property=\"og:image\" content=\"https:\/\/colellaweb.it\/wp-content\/uploads\/2022\/12\/800x800_2019-12-27_1024x1024_14-12-05_atlasmotor.png\" \/>\n\t<meta property=\"og:image:width\" content=\"800\" \/>\n\t<meta property=\"og:image:height\" content=\"800\" \/>\n\t<meta property=\"og:image:type\" content=\"image\/png\" \/>\n<meta name=\"twitter:card\" content=\"summary_large_image\" \/>\n<script type=\"application\/ld+json\" class=\"yoast-schema-graph\">{\"@context\":\"https:\/\/schema.org\",\"@graph\":[{\"@type\":\"WebPage\",\"@id\":\"https:\/\/colellaweb.it\/fr\/prodotto\/atlas-motor\/\",\"url\":\"https:\/\/colellaweb.it\/fr\/prodotto\/atlas-motor\/\",\"name\":\"Atlas motor - Colella\",\"isPartOf\":{\"@id\":\"https:\/\/colellaweb.it\/#website\"},\"primaryImageOfPage\":{\"@id\":\"https:\/\/colellaweb.it\/fr\/prodotto\/atlas-motor\/#primaryimage\"},\"image\":{\"@id\":\"https:\/\/colellaweb.it\/fr\/prodotto\/atlas-motor\/#primaryimage\"},\"thumbnailUrl\":\"https:\/\/colellaweb.it\/wp-content\/uploads\/2022\/12\/800x800_2019-12-27_1024x1024_14-12-05_atlasmotor.png\",\"datePublished\":\"2022-12-12T10:34:19+00:00\",\"dateModified\":\"2023-06-21T08:11:55+00:00\",\"breadcrumb\":{\"@id\":\"https:\/\/colellaweb.it\/fr\/prodotto\/atlas-motor\/#breadcrumb\"},\"inLanguage\":\"fr-FR\",\"potentialAction\":[{\"@type\":\"ReadAction\",\"target\":[\"https:\/\/colellaweb.it\/fr\/prodotto\/atlas-motor\/\"]}]},{\"@type\":\"ImageObject\",\"inLanguage\":\"fr-FR\",\"@id\":\"https:\/\/colellaweb.it\/fr\/prodotto\/atlas-motor\/#primaryimage\",\"url\":\"https:\/\/colellaweb.it\/wp-content\/uploads\/2022\/12\/800x800_2019-12-27_1024x1024_14-12-05_atlasmotor.png\",\"contentUrl\":\"https:\/\/colellaweb.it\/wp-content\/uploads\/2022\/12\/800x800_2019-12-27_1024x1024_14-12-05_atlasmotor.png\",\"width\":800,\"height\":800},{\"@type\":\"BreadcrumbList\",\"@id\":\"https:\/\/colellaweb.it\/fr\/prodotto\/atlas-motor\/#breadcrumb\",\"itemListElement\":[{\"@type\":\"ListItem\",\"position\":1,\"name\":\"Home\",\"item\":\"https:\/\/colellaweb.it\/fr\/\"},{\"@type\":\"ListItem\",\"position\":2,\"name\":\"Shop\",\"item\":\"https:\/\/colellaweb.it\/negozio\/\"},{\"@type\":\"ListItem\",\"position\":3,\"name\":\"Atlas motor\"}]},{\"@type\":\"WebSite\",\"@id\":\"https:\/\/colellaweb.it\/#website\",\"url\":\"https:\/\/colellaweb.it\/\",\"name\":\"Colella\",\"description\":\"Rumori in cucina\",\"publisher\":{\"@id\":\"https:\/\/colellaweb.it\/#organization\"},\"potentialAction\":[{\"@type\":\"SearchAction\",\"target\":{\"@type\":\"EntryPoint\",\"urlTemplate\":\"https:\/\/colellaweb.it\/?s={search_term_string}\"},\"query-input\":{\"@type\":\"PropertyValueSpecification\",\"valueRequired\":true,\"valueName\":\"search_term_string\"}}],\"inLanguage\":\"fr-FR\"},{\"@type\":\"Organization\",\"@id\":\"https:\/\/colellaweb.it\/#organization\",\"name\":\"Colella\",\"url\":\"https:\/\/colellaweb.it\/\",\"logo\":{\"@type\":\"ImageObject\",\"inLanguage\":\"fr-FR\",\"@id\":\"https:\/\/colellaweb.it\/#\/schema\/logo\/image\/\",\"url\":\"https:\/\/colellaweb.it\/wp-content\/uploads\/2023\/02\/cropped-logo_colella_favicon.png\",\"contentUrl\":\"https:\/\/colellaweb.it\/wp-content\/uploads\/2023\/02\/cropped-logo_colella_favicon.png\",\"width\":512,\"height\":512,\"caption\":\"Colella\"},\"image\":{\"@id\":\"https:\/\/colellaweb.it\/#\/schema\/logo\/image\/\"},\"sameAs\":[\"https:\/\/www.facebook.com\/rumoriincucina\",\"https:\/\/www.instagram.com\/rumoriincucina\"]}]}<\/script>\n<!-- \/ Yoast SEO plugin. -->","yoast_head_json":{"title":"Atlas motor - Colella","robots":{"index":"index","follow":"follow","max-snippet":"max-snippet:-1","max-image-preview":"max-image-preview:large","max-video-preview":"max-video-preview:-1"},"canonical":"https:\/\/colellaweb.it\/fr\/prodotto\/atlas-motor\/","og_locale":"fr_FR","og_type":"article","og_title":"Atlas motor - Colella","og_description":"La machine pour ceux qui aiment pr\u00e9parer des p\u00e2tes fra\u00eeches avec style et confort! Atlas motor associe la polyvalence des machines \u00e0 p\u00e2tes Atlas aux fonctionnalit\u00e9s du moteur Pastadrive afin de vous offrir le set id\u00e9al pour vous amuser en cuisine. Atlas Motor simplifie la pr\u00e9paration de p\u00e2tes fra\u00eeches gr\u00e2ce au moteur pratique qui vous permet de travailler librement sur n'importe quelle surface sans vous fatiguer. La machine \u00e0 p\u00e2tes est enti\u00e8rement fabriqu\u00e9e en acier chrom\u00e9 de haute qualit\u00e9, avec des rouleaux en alliage d'aluminium anodis\u00e9, afin de garantir la plus longue dur\u00e9e de vie du produit et de faciliter son nettoyage. Le moteur Pastadrive est con\u00e7u avec une forme ergonomique qui facilite la prise en main. Il est puissant et robuste, assurant une stabilit\u00e9 parfaite lors de l\u2019utilisation. La connexion \u00e0 ba\u00efonnette garantit un couplage rapide et simplifi\u00e9 du moteur et permet son utilisation avec d'autres produits Marcato compatibles. Les avantages du moteur Vous avez les deux mains libres lors de l'utilisation vous n'avez pas \u00e0 r\u00e9parer la machine \u00e0 la table de travail; vous pouvez placer la machine sur n'importe quelle surface plane; r\u00e9duire le temps de pr\u00e9paration de la p\u00e2te.","og_url":"https:\/\/colellaweb.it\/fr\/prodotto\/atlas-motor\/","og_site_name":"Colella","article_publisher":"https:\/\/www.facebook.com\/rumoriincucina","article_modified_time":"2023-06-21T08:11:55+00:00","og_image":[{"width":800,"height":800,"url":"https:\/\/colellaweb.it\/wp-content\/uploads\/2022\/12\/800x800_2019-12-27_1024x1024_14-12-05_atlasmotor.png","type":"image\/png"}],"twitter_card":"summary_large_image","schema":{"@context":"https:\/\/schema.org","@graph":[{"@type":"WebPage","@id":"https:\/\/colellaweb.it\/fr\/prodotto\/atlas-motor\/","url":"https:\/\/colellaweb.it\/fr\/prodotto\/atlas-motor\/","name":"Atlas motor - Colella","isPartOf":{"@id":"https:\/\/colellaweb.it\/#website"},"primaryImageOfPage":{"@id":"https:\/\/colellaweb.it\/fr\/prodotto\/atlas-motor\/#primaryimage"},"image":{"@id":"https:\/\/colellaweb.it\/fr\/prodotto\/atlas-motor\/#primaryimage"},"thumbnailUrl":"https:\/\/colellaweb.it\/wp-content\/uploads\/2022\/12\/800x800_2019-12-27_1024x1024_14-12-05_atlasmotor.png","datePublished":"2022-12-12T10:34:19+00:00","dateModified":"2023-06-21T08:11:55+00:00","breadcrumb":{"@id":"https:\/\/colellaweb.it\/fr\/prodotto\/atlas-motor\/#breadcrumb"},"inLanguage":"fr-FR","potentialAction":[{"@type":"ReadAction","target":["https:\/\/colellaweb.it\/fr\/prodotto\/atlas-motor\/"]}]},{"@type":"ImageObject","inLanguage":"fr-FR","@id":"https:\/\/colellaweb.it\/fr\/prodotto\/atlas-motor\/#primaryimage","url":"https:\/\/colellaweb.it\/wp-content\/uploads\/2022\/12\/800x800_2019-12-27_1024x1024_14-12-05_atlasmotor.png","contentUrl":"https:\/\/colellaweb.it\/wp-content\/uploads\/2022\/12\/800x800_2019-12-27_1024x1024_14-12-05_atlasmotor.png","width":800,"height":800},{"@type":"BreadcrumbList","@id":"https:\/\/colellaweb.it\/fr\/prodotto\/atlas-motor\/#breadcrumb","itemListElement":[{"@type":"ListItem","position":1,"name":"Home","item":"https:\/\/colellaweb.it\/fr\/"},{"@type":"ListItem","position":2,"name":"Shop","item":"https:\/\/colellaweb.it\/negozio\/"},{"@type":"ListItem","position":3,"name":"Atlas motor"}]},{"@type":"WebSite","@id":"https:\/\/colellaweb.it\/#website","url":"https:\/\/colellaweb.it\/","name":"Colella","description":"Rumori in cucina","publisher":{"@id":"https:\/\/colellaweb.it\/#organization"},"potentialAction":[{"@type":"SearchAction","target":{"@type":"EntryPoint","urlTemplate":"https:\/\/colellaweb.it\/?s={search_term_string}"},"query-input":{"@type":"PropertyValueSpecification","valueRequired":true,"valueName":"search_term_string"}}],"inLanguage":"fr-FR"},{"@type":"Organization","@id":"https:\/\/colellaweb.it\/#organization","name":"Colella","url":"https:\/\/colellaweb.it\/","logo":{"@type":"ImageObject","inLanguage":"fr-FR","@id":"https:\/\/colellaweb.it\/#\/schema\/logo\/image\/","url":"https:\/\/colellaweb.it\/wp-content\/uploads\/2023\/02\/cropped-logo_colella_favicon.png","contentUrl":"https:\/\/colellaweb.it\/wp-content\/uploads\/2023\/02\/cropped-logo_colella_favicon.png","width":512,"height":512,"caption":"Colella"},"image":{"@id":"https:\/\/colellaweb.it\/#\/schema\/logo\/image\/"},"sameAs":["https:\/\/www.facebook.com\/rumoriincucina","https:\/\/www.instagram.com\/rumoriincucina"]}]}},"_links":{"self":[{"href":"https:\/\/colellaweb.it\/fr\/wp-json\/wp\/v2\/product\/10664","targetHints":{"allow":["GET"]}}],"collection":[{"href":"https:\/\/colellaweb.it\/fr\/wp-json\/wp\/v2\/product"}],"about":[{"href":"https:\/\/colellaweb.it\/fr\/wp-json\/wp\/v2\/types\/product"}],"version-history":[{"count":0,"href":"https:\/\/colellaweb.it\/fr\/wp-json\/wp\/v2\/product\/10664\/revisions"}],"wp:featuredmedia":[{"embeddable":true,"href":"https:\/\/colellaweb.it\/fr\/wp-json\/wp\/v2\/media\/9841"}],"wp:attachment":[{"href":"https:\/\/colellaweb.it\/fr\/wp-json\/wp\/v2\/media?parent=10664"}],"wp:term":[{"taxonomy":"product_brand","embeddable":true,"href":"https:\/\/colellaweb.it\/fr\/wp-json\/wp\/v2\/product_brand?post=10664"},{"taxonomy":"product_cat","embeddable":true,"href":"https:\/\/colellaweb.it\/fr\/wp-json\/wp\/v2\/product_cat?post=10664"},{"taxonomy":"product_tag","embeddable":true,"href":"https:\/\/colellaweb.it\/fr\/wp-json\/wp\/v2\/product_tag?post=10664"}],"curies":[{"name":"wp","href":"https:\/\/api.w.org\/{rel}","templated":true}]}}