{"id":10656,"date":"2022-12-12T10:37:51","date_gmt":"2022-12-12T10:37:51","guid":{"rendered":"https:\/\/colellaweb.it\/prodotto\/machine-a-pate-mpf-col\/"},"modified":"2023-06-21T08:11:45","modified_gmt":"2023-06-21T08:11:45","slug":"mpf-col","status":"publish","type":"product","link":"https:\/\/colellaweb.it\/fr\/prodotto\/mpf-col\/","title":{"rendered":"Machine \u00e0 pate MPF-COL"},"content":{"rendered":"<p><b>texte \u00e0 ins\u00e9rer ;<\/b><\/p>\n<p>&nbsp;<\/p>\n","protected":false},"excerpt":{"rendered":"<p>Machine \u00e0 pate \u00e0 extrusion<\/p>\n<p>Caract\u00e9ristiques principales :<\/p>\n<p>Ch\u00e2ssis recouvert de peinture anti-\u00e9raflures<br \/>\nCuve \u00e0 crochet p\u00e9trisseur en acier inox<br \/>\nH\u00e9lice en alliage laiton\/bronze<br \/>\nMicro-interrupteur sur couvercle de cuve<br \/>\n+ optional : coupes p\u00e2tes \u00e9lectronique pour MPF 2,5<\/p>\n<p>Fili\u00e8res en alliage laiton\/bronze en diff\u00e9rents formats<br \/>\nVis p\u00e9trisseur et vis sans fin amovibles<br \/>\nFili\u00e8res en laiton et bronze \u00e0 tremper dans l\u2019eau apr\u00e8s utilisation<\/p>\n","protected":false},"featured_media":9845,"template":"","meta":{"_acf_changed":false},"product_brand":[],"product_cat":[167,160],"product_tag":[],"class_list":{"0":"post-10656","1":"product","2":"type-product","3":"status-publish","4":"has-post-thumbnail","6":"product_cat-machines-for-fresh-pasta","7":"product_cat-utensili-da-cucina-e-design-fr","9":"first","10":"instock","11":"shipping-taxable","12":"product-type-simple"},"acf":[],"yoast_head":"<!-- This site is optimized with the Yoast SEO plugin v26.7 - https:\/\/yoast.com\/wordpress\/plugins\/seo\/ -->\n<title>Machine \u00e0 pate MPF-COL - Colella<\/title>\n<meta name=\"robots\" content=\"index, follow, max-snippet:-1, max-image-preview:large, max-video-preview:-1\" \/>\n<link rel=\"canonical\" href=\"https:\/\/colellaweb.it\/fr\/prodotto\/mpf-col\/\" \/>\n<meta property=\"og:locale\" content=\"fr_FR\" \/>\n<meta property=\"og:type\" content=\"article\" \/>\n<meta property=\"og:title\" content=\"Machine \u00e0 pate MPF-COL - Colella\" \/>\n<meta property=\"og:description\" content=\"Machine \u00e0 pate \u00e0 extrusion Caract\u00e9ristiques principales : Ch\u00e2ssis recouvert de peinture anti-\u00e9raflures Cuve \u00e0 crochet p\u00e9trisseur en acier inox H\u00e9lice en alliage laiton\/bronze Micro-interrupteur sur couvercle de cuve + optional : coupes p\u00e2tes \u00e9lectronique pour MPF 2,5 Fili\u00e8res en alliage laiton\/bronze en diff\u00e9rents formats Vis p\u00e9trisseur et vis sans fin amovibles Fili\u00e8res en laiton et bronze \u00e0 tremper dans l\u2019eau apr\u00e8s utilisation\" \/>\n<meta property=\"og:url\" content=\"https:\/\/colellaweb.it\/fr\/prodotto\/mpf-col\/\" \/>\n<meta property=\"og:site_name\" content=\"Colella\" \/>\n<meta property=\"article:publisher\" content=\"https:\/\/www.facebook.com\/rumoriincucina\" \/>\n<meta property=\"article:modified_time\" content=\"2023-06-21T08:11:45+00:00\" \/>\n<meta property=\"og:image\" content=\"https:\/\/colellaweb.it\/wp-content\/uploads\/2022\/12\/800x800_2020-02-07_1024x1024_17-02-13_pastaaaaaaaa.jpeg\" \/>\n\t<meta property=\"og:image:width\" content=\"800\" \/>\n\t<meta property=\"og:image:height\" content=\"800\" \/>\n\t<meta property=\"og:image:type\" content=\"image\/jpeg\" \/>\n<meta name=\"twitter:card\" content=\"summary_large_image\" \/>\n<script type=\"application\/ld+json\" class=\"yoast-schema-graph\">{\"@context\":\"https:\/\/schema.org\",\"@graph\":[{\"@type\":\"WebPage\",\"@id\":\"https:\/\/colellaweb.it\/fr\/prodotto\/mpf-col\/\",\"url\":\"https:\/\/colellaweb.it\/fr\/prodotto\/mpf-col\/\",\"name\":\"Machine \u00e0 pate MPF-COL - Colella\",\"isPartOf\":{\"@id\":\"https:\/\/colellaweb.it\/#website\"},\"primaryImageOfPage\":{\"@id\":\"https:\/\/colellaweb.it\/fr\/prodotto\/mpf-col\/#primaryimage\"},\"image\":{\"@id\":\"https:\/\/colellaweb.it\/fr\/prodotto\/mpf-col\/#primaryimage\"},\"thumbnailUrl\":\"https:\/\/colellaweb.it\/wp-content\/uploads\/2022\/12\/800x800_2020-02-07_1024x1024_17-02-13_pastaaaaaaaa.jpeg\",\"datePublished\":\"2022-12-12T10:37:51+00:00\",\"dateModified\":\"2023-06-21T08:11:45+00:00\",\"breadcrumb\":{\"@id\":\"https:\/\/colellaweb.it\/fr\/prodotto\/mpf-col\/#breadcrumb\"},\"inLanguage\":\"fr-FR\",\"potentialAction\":[{\"@type\":\"ReadAction\",\"target\":[\"https:\/\/colellaweb.it\/fr\/prodotto\/mpf-col\/\"]}]},{\"@type\":\"ImageObject\",\"inLanguage\":\"fr-FR\",\"@id\":\"https:\/\/colellaweb.it\/fr\/prodotto\/mpf-col\/#primaryimage\",\"url\":\"https:\/\/colellaweb.it\/wp-content\/uploads\/2022\/12\/800x800_2020-02-07_1024x1024_17-02-13_pastaaaaaaaa.jpeg\",\"contentUrl\":\"https:\/\/colellaweb.it\/wp-content\/uploads\/2022\/12\/800x800_2020-02-07_1024x1024_17-02-13_pastaaaaaaaa.jpeg\",\"width\":800,\"height\":800},{\"@type\":\"BreadcrumbList\",\"@id\":\"https:\/\/colellaweb.it\/fr\/prodotto\/mpf-col\/#breadcrumb\",\"itemListElement\":[{\"@type\":\"ListItem\",\"position\":1,\"name\":\"Home\",\"item\":\"https:\/\/colellaweb.it\/fr\/\"},{\"@type\":\"ListItem\",\"position\":2,\"name\":\"Shop\",\"item\":\"https:\/\/colellaweb.it\/negozio\/\"},{\"@type\":\"ListItem\",\"position\":3,\"name\":\"Machine \u00e0 pate MPF-COL\"}]},{\"@type\":\"WebSite\",\"@id\":\"https:\/\/colellaweb.it\/#website\",\"url\":\"https:\/\/colellaweb.it\/\",\"name\":\"Colella\",\"description\":\"Rumori in cucina\",\"publisher\":{\"@id\":\"https:\/\/colellaweb.it\/#organization\"},\"potentialAction\":[{\"@type\":\"SearchAction\",\"target\":{\"@type\":\"EntryPoint\",\"urlTemplate\":\"https:\/\/colellaweb.it\/?s={search_term_string}\"},\"query-input\":{\"@type\":\"PropertyValueSpecification\",\"valueRequired\":true,\"valueName\":\"search_term_string\"}}],\"inLanguage\":\"fr-FR\"},{\"@type\":\"Organization\",\"@id\":\"https:\/\/colellaweb.it\/#organization\",\"name\":\"Colella\",\"url\":\"https:\/\/colellaweb.it\/\",\"logo\":{\"@type\":\"ImageObject\",\"inLanguage\":\"fr-FR\",\"@id\":\"https:\/\/colellaweb.it\/#\/schema\/logo\/image\/\",\"url\":\"https:\/\/colellaweb.it\/wp-content\/uploads\/2023\/02\/cropped-logo_colella_favicon.png\",\"contentUrl\":\"https:\/\/colellaweb.it\/wp-content\/uploads\/2023\/02\/cropped-logo_colella_favicon.png\",\"width\":512,\"height\":512,\"caption\":\"Colella\"},\"image\":{\"@id\":\"https:\/\/colellaweb.it\/#\/schema\/logo\/image\/\"},\"sameAs\":[\"https:\/\/www.facebook.com\/rumoriincucina\",\"https:\/\/www.instagram.com\/rumoriincucina\"]}]}<\/script>\n<!-- \/ Yoast SEO plugin. -->","yoast_head_json":{"title":"Machine \u00e0 pate MPF-COL - Colella","robots":{"index":"index","follow":"follow","max-snippet":"max-snippet:-1","max-image-preview":"max-image-preview:large","max-video-preview":"max-video-preview:-1"},"canonical":"https:\/\/colellaweb.it\/fr\/prodotto\/mpf-col\/","og_locale":"fr_FR","og_type":"article","og_title":"Machine \u00e0 pate MPF-COL - Colella","og_description":"Machine \u00e0 pate \u00e0 extrusion Caract\u00e9ristiques principales : Ch\u00e2ssis recouvert de peinture anti-\u00e9raflures Cuve \u00e0 crochet p\u00e9trisseur en acier inox H\u00e9lice en alliage laiton\/bronze Micro-interrupteur sur couvercle de cuve + optional : coupes p\u00e2tes \u00e9lectronique pour MPF 2,5 Fili\u00e8res en alliage laiton\/bronze en diff\u00e9rents formats Vis p\u00e9trisseur et vis sans fin amovibles Fili\u00e8res en laiton et bronze \u00e0 tremper dans l\u2019eau apr\u00e8s utilisation","og_url":"https:\/\/colellaweb.it\/fr\/prodotto\/mpf-col\/","og_site_name":"Colella","article_publisher":"https:\/\/www.facebook.com\/rumoriincucina","article_modified_time":"2023-06-21T08:11:45+00:00","og_image":[{"width":800,"height":800,"url":"https:\/\/colellaweb.it\/wp-content\/uploads\/2022\/12\/800x800_2020-02-07_1024x1024_17-02-13_pastaaaaaaaa.jpeg","type":"image\/jpeg"}],"twitter_card":"summary_large_image","schema":{"@context":"https:\/\/schema.org","@graph":[{"@type":"WebPage","@id":"https:\/\/colellaweb.it\/fr\/prodotto\/mpf-col\/","url":"https:\/\/colellaweb.it\/fr\/prodotto\/mpf-col\/","name":"Machine \u00e0 pate MPF-COL - Colella","isPartOf":{"@id":"https:\/\/colellaweb.it\/#website"},"primaryImageOfPage":{"@id":"https:\/\/colellaweb.it\/fr\/prodotto\/mpf-col\/#primaryimage"},"image":{"@id":"https:\/\/colellaweb.it\/fr\/prodotto\/mpf-col\/#primaryimage"},"thumbnailUrl":"https:\/\/colellaweb.it\/wp-content\/uploads\/2022\/12\/800x800_2020-02-07_1024x1024_17-02-13_pastaaaaaaaa.jpeg","datePublished":"2022-12-12T10:37:51+00:00","dateModified":"2023-06-21T08:11:45+00:00","breadcrumb":{"@id":"https:\/\/colellaweb.it\/fr\/prodotto\/mpf-col\/#breadcrumb"},"inLanguage":"fr-FR","potentialAction":[{"@type":"ReadAction","target":["https:\/\/colellaweb.it\/fr\/prodotto\/mpf-col\/"]}]},{"@type":"ImageObject","inLanguage":"fr-FR","@id":"https:\/\/colellaweb.it\/fr\/prodotto\/mpf-col\/#primaryimage","url":"https:\/\/colellaweb.it\/wp-content\/uploads\/2022\/12\/800x800_2020-02-07_1024x1024_17-02-13_pastaaaaaaaa.jpeg","contentUrl":"https:\/\/colellaweb.it\/wp-content\/uploads\/2022\/12\/800x800_2020-02-07_1024x1024_17-02-13_pastaaaaaaaa.jpeg","width":800,"height":800},{"@type":"BreadcrumbList","@id":"https:\/\/colellaweb.it\/fr\/prodotto\/mpf-col\/#breadcrumb","itemListElement":[{"@type":"ListItem","position":1,"name":"Home","item":"https:\/\/colellaweb.it\/fr\/"},{"@type":"ListItem","position":2,"name":"Shop","item":"https:\/\/colellaweb.it\/negozio\/"},{"@type":"ListItem","position":3,"name":"Machine \u00e0 pate MPF-COL"}]},{"@type":"WebSite","@id":"https:\/\/colellaweb.it\/#website","url":"https:\/\/colellaweb.it\/","name":"Colella","description":"Rumori in cucina","publisher":{"@id":"https:\/\/colellaweb.it\/#organization"},"potentialAction":[{"@type":"SearchAction","target":{"@type":"EntryPoint","urlTemplate":"https:\/\/colellaweb.it\/?s={search_term_string}"},"query-input":{"@type":"PropertyValueSpecification","valueRequired":true,"valueName":"search_term_string"}}],"inLanguage":"fr-FR"},{"@type":"Organization","@id":"https:\/\/colellaweb.it\/#organization","name":"Colella","url":"https:\/\/colellaweb.it\/","logo":{"@type":"ImageObject","inLanguage":"fr-FR","@id":"https:\/\/colellaweb.it\/#\/schema\/logo\/image\/","url":"https:\/\/colellaweb.it\/wp-content\/uploads\/2023\/02\/cropped-logo_colella_favicon.png","contentUrl":"https:\/\/colellaweb.it\/wp-content\/uploads\/2023\/02\/cropped-logo_colella_favicon.png","width":512,"height":512,"caption":"Colella"},"image":{"@id":"https:\/\/colellaweb.it\/#\/schema\/logo\/image\/"},"sameAs":["https:\/\/www.facebook.com\/rumoriincucina","https:\/\/www.instagram.com\/rumoriincucina"]}]}},"_links":{"self":[{"href":"https:\/\/colellaweb.it\/fr\/wp-json\/wp\/v2\/product\/10656","targetHints":{"allow":["GET"]}}],"collection":[{"href":"https:\/\/colellaweb.it\/fr\/wp-json\/wp\/v2\/product"}],"about":[{"href":"https:\/\/colellaweb.it\/fr\/wp-json\/wp\/v2\/types\/product"}],"version-history":[{"count":0,"href":"https:\/\/colellaweb.it\/fr\/wp-json\/wp\/v2\/product\/10656\/revisions"}],"wp:featuredmedia":[{"embeddable":true,"href":"https:\/\/colellaweb.it\/fr\/wp-json\/wp\/v2\/media\/9845"}],"wp:attachment":[{"href":"https:\/\/colellaweb.it\/fr\/wp-json\/wp\/v2\/media?parent=10656"}],"wp:term":[{"taxonomy":"product_brand","embeddable":true,"href":"https:\/\/colellaweb.it\/fr\/wp-json\/wp\/v2\/product_brand?post=10656"},{"taxonomy":"product_cat","embeddable":true,"href":"https:\/\/colellaweb.it\/fr\/wp-json\/wp\/v2\/product_cat?post=10656"},{"taxonomy":"product_tag","embeddable":true,"href":"https:\/\/colellaweb.it\/fr\/wp-json\/wp\/v2\/product_tag?post=10656"}],"curies":[{"name":"wp","href":"https:\/\/api.w.org\/{rel}","templated":true}]}}