{"id":10390,"date":"2023-03-09T09:39:53","date_gmt":"2023-03-09T08:39:53","guid":{"rendered":"https:\/\/colellaweb.it\/prodotto\/colella-electric-slicer-_-linea-c\/"},"modified":"2023-08-08T08:39:56","modified_gmt":"2023-08-08T06:39:56","slug":"affettatrice-linea-c-220-colella","status":"publish","type":"product","link":"https:\/\/colellaweb.it\/fr\/prodotto\/affettatrice-linea-c-220-colella\/","title":{"rendered":"Trancheuse \u00e0 jambon Colella 220 Linea C"},"content":{"rendered":"<h4><strong>\u00c9quipement de s\u00e9rie :<\/strong><\/h4>\n<ul>\n<li>Carrosserie en aluminium anodis\u00e9 pour usage alimentaire<\/li>\n<li>Aiguisoir int\u00e9gr\u00e9<\/li>\n<li>Lame en acier forg\u00e9 tremp\u00e9 (grade 100 cr6)<\/li>\n<li>R\u00e9glage de l&#8217;\u00e9paisseur de coupe : 0 \u00f7 15 mm<\/li>\n<li><strong>Aiguisoir<\/strong><\/li>\n<li>Protection int\u00e9grale sous la machine<\/li>\n<li>Interrupteur prot\u00e9g\u00e9<\/li>\n<li>Micro-interrupteur de protection sur le couvercle de la lame<\/li>\n<li>Num\u00e9ro de s\u00e9rie<\/li>\n<li>Protection m\u00e9canique en polycarbonate sur la plaque<\/li>\n<li>D\u00e9claration de conformit\u00e9 CE<\/li>\n<li>Moteur ventil\u00e9<\/li>\n<\/ul>\n<h5>NOUVEAUTES EXCLUSIVES DE LA LIGNE C<\/h5>\n<p>+ Carrosserie au design arrondi<br \/>\n+ Composants hygi\u00e9nis\u00e9s (produit des blocs de bras dent\u00e9s)<br \/>\n+ La lame de troisi\u00e8me g\u00e9n\u00e9ration permet \u00e9galement de couper du fromage, des fruits et des l\u00e9gumes.<\/p>\n<p><strong>Fabrication italienne<\/strong><\/p>\n<p>Disponibilit\u00e9 des pi\u00e8ces de rechange dans le temps : la dur\u00e9e de vie moyenne d&#8217;une lame est de 10 ans.<\/p>\n<h5>Qu&#8217;est-ce qu&#8217;on peut couper ?<\/h5>\n<p>La Linea C convient pour la d\u00e9coupe de saucisses compactes : salami, viande s\u00e9ch\u00e9e, une moiti\u00e9 de jambon, lard, viande \u00e0 trancher (r\u00f4ti, carpaccio). Largeur maximale de la pi\u00e8ce : 20cm<\/p>\n","protected":false},"excerpt":{"rendered":"<h4>LA SINUEUSE<\/h4>\n<p>La trancheuse CERVINO mod. C 220 Line C est le nouveau mod\u00e8le de la ligne C. <strong>lignes sinueuses<\/strong> et les tailles interm\u00e9diaires souples dans la gamme de fabrication professionnelle <strong>pour un usage domestique.<\/strong><\/p>\n<p><strong>Carrosserie arrondie <\/strong><\/p>\n<p>des espaces plus vastes pour permettre un <strong>nettoyage facile<\/strong> \u00e9galement sur l&#8217;arri\u00e8re de la lame et sur le <strong>pi\u00e8ces amovibles<\/strong> en contact avec les saucisses assainies font de ce mod\u00e8le un v\u00e9ritable must sur le plan de travail de la cuisine..<\/p>\n<p>On obtient des tranches tr\u00e8s fines, en dixi\u00e8mes de mm, de produits m\u00eame compacts tels que la viande s\u00e9ch\u00e9e.<\/p>\n<p>&nbsp;<\/p>\n<p><strong>Nouveaut\u00e9s :<\/strong><\/p>\n<p>la lame de troisi\u00e8me g\u00e9n\u00e9ration permet \u00e9galement de couper du FROMAGE, des L\u00c9GUMES, des FRUITS<\/p>\n","protected":false},"featured_media":12383,"template":"","meta":{"_acf_changed":false},"product_brand":[],"product_cat":[173,148],"product_tag":[],"class_list":{"0":"post-10390","1":"product","2":"type-product","3":"status-publish","4":"has-post-thumbnail","6":"product_cat-ligne-domestique","7":"product_cat-trancheuses-a-jambon-electriques","9":"first","10":"instock","11":"shipping-taxable","12":"product-type-simple"},"acf":[],"yoast_head":"<!-- This site is optimized with the Yoast SEO plugin v26.7 - https:\/\/yoast.com\/wordpress\/plugins\/seo\/ -->\n<title>Trancheuse \u00e0 jambon Colella 220 Linea C - Colella<\/title>\n<meta name=\"robots\" content=\"index, follow, max-snippet:-1, max-image-preview:large, max-video-preview:-1\" \/>\n<link rel=\"canonical\" href=\"https:\/\/colellaweb.it\/fr\/prodotto\/affettatrice-linea-c-220-colella\/\" \/>\n<meta property=\"og:locale\" content=\"fr_FR\" \/>\n<meta property=\"og:type\" content=\"article\" \/>\n<meta property=\"og:title\" content=\"Trancheuse \u00e0 jambon Colella 220 Linea C - Colella\" \/>\n<meta property=\"og:description\" content=\"LA SINUEUSE La trancheuse CERVINO mod. C 220 Line C est le nouveau mod\u00e8le de la ligne C. lignes sinueuses et les tailles interm\u00e9diaires souples dans la gamme de fabrication professionnelle pour un usage domestique.  Carrosserie arrondie   des espaces plus vastes pour permettre un nettoyage facile \u00e9galement sur l&#039;arri\u00e8re de la lame et sur le pi\u00e8ces amovibles en contact avec les saucisses assainies font de ce mod\u00e8le un v\u00e9ritable must sur le plan de travail de la cuisine..  On obtient des tranches tr\u00e8s fines, en dixi\u00e8mes de mm, de produits m\u00eame compacts tels que la viande s\u00e9ch\u00e9e.  &nbsp;  Nouveaut\u00e9s :  la lame de troisi\u00e8me g\u00e9n\u00e9ration permet \u00e9galement de couper du FROMAGE, des L\u00c9GUMES, des FRUITS\" \/>\n<meta property=\"og:url\" content=\"https:\/\/colellaweb.it\/fr\/prodotto\/affettatrice-linea-c-220-colella\/\" \/>\n<meta property=\"og:site_name\" content=\"Colella\" \/>\n<meta property=\"article:publisher\" content=\"https:\/\/www.facebook.com\/rumoriincucina\" \/>\n<meta property=\"article:modified_time\" content=\"2023-08-08T06:39:56+00:00\" \/>\n<meta property=\"og:image\" content=\"https:\/\/colellaweb.it\/wp-content\/uploads\/2023\/03\/10-e1689872494952.jpg\" \/>\n\t<meta property=\"og:image:width\" content=\"1000\" \/>\n\t<meta property=\"og:image:height\" content=\"1120\" \/>\n\t<meta property=\"og:image:type\" content=\"image\/jpeg\" \/>\n<meta name=\"twitter:card\" content=\"summary_large_image\" \/>\n<meta name=\"twitter:label1\" content=\"Dur\u00e9e de lecture estim\u00e9e\" \/>\n\t<meta name=\"twitter:data1\" content=\"1 minute\" \/>\n<script type=\"application\/ld+json\" class=\"yoast-schema-graph\">{\"@context\":\"https:\/\/schema.org\",\"@graph\":[{\"@type\":\"WebPage\",\"@id\":\"https:\/\/colellaweb.it\/fr\/prodotto\/affettatrice-linea-c-220-colella\/\",\"url\":\"https:\/\/colellaweb.it\/fr\/prodotto\/affettatrice-linea-c-220-colella\/\",\"name\":\"Trancheuse \u00e0 jambon Colella 220 Linea C - Colella\",\"isPartOf\":{\"@id\":\"https:\/\/colellaweb.it\/#website\"},\"primaryImageOfPage\":{\"@id\":\"https:\/\/colellaweb.it\/fr\/prodotto\/affettatrice-linea-c-220-colella\/#primaryimage\"},\"image\":{\"@id\":\"https:\/\/colellaweb.it\/fr\/prodotto\/affettatrice-linea-c-220-colella\/#primaryimage\"},\"thumbnailUrl\":\"https:\/\/colellaweb.it\/wp-content\/uploads\/2023\/03\/10-e1689872494952.jpg\",\"datePublished\":\"2023-03-09T08:39:53+00:00\",\"dateModified\":\"2023-08-08T06:39:56+00:00\",\"breadcrumb\":{\"@id\":\"https:\/\/colellaweb.it\/fr\/prodotto\/affettatrice-linea-c-220-colella\/#breadcrumb\"},\"inLanguage\":\"fr-FR\",\"potentialAction\":[{\"@type\":\"ReadAction\",\"target\":[\"https:\/\/colellaweb.it\/fr\/prodotto\/affettatrice-linea-c-220-colella\/\"]}]},{\"@type\":\"ImageObject\",\"inLanguage\":\"fr-FR\",\"@id\":\"https:\/\/colellaweb.it\/fr\/prodotto\/affettatrice-linea-c-220-colella\/#primaryimage\",\"url\":\"https:\/\/colellaweb.it\/wp-content\/uploads\/2023\/03\/10-e1689872494952.jpg\",\"contentUrl\":\"https:\/\/colellaweb.it\/wp-content\/uploads\/2023\/03\/10-e1689872494952.jpg\",\"width\":1000,\"height\":1120},{\"@type\":\"BreadcrumbList\",\"@id\":\"https:\/\/colellaweb.it\/fr\/prodotto\/affettatrice-linea-c-220-colella\/#breadcrumb\",\"itemListElement\":[{\"@type\":\"ListItem\",\"position\":1,\"name\":\"Home\",\"item\":\"https:\/\/colellaweb.it\/fr\/\"},{\"@type\":\"ListItem\",\"position\":2,\"name\":\"Shop\",\"item\":\"https:\/\/colellaweb.it\/negozio\/\"},{\"@type\":\"ListItem\",\"position\":3,\"name\":\"Trancheuse \u00e0 jambon Colella 220 Linea C\"}]},{\"@type\":\"WebSite\",\"@id\":\"https:\/\/colellaweb.it\/#website\",\"url\":\"https:\/\/colellaweb.it\/\",\"name\":\"Colella\",\"description\":\"Rumori in cucina\",\"publisher\":{\"@id\":\"https:\/\/colellaweb.it\/#organization\"},\"potentialAction\":[{\"@type\":\"SearchAction\",\"target\":{\"@type\":\"EntryPoint\",\"urlTemplate\":\"https:\/\/colellaweb.it\/?s={search_term_string}\"},\"query-input\":{\"@type\":\"PropertyValueSpecification\",\"valueRequired\":true,\"valueName\":\"search_term_string\"}}],\"inLanguage\":\"fr-FR\"},{\"@type\":\"Organization\",\"@id\":\"https:\/\/colellaweb.it\/#organization\",\"name\":\"Colella\",\"url\":\"https:\/\/colellaweb.it\/\",\"logo\":{\"@type\":\"ImageObject\",\"inLanguage\":\"fr-FR\",\"@id\":\"https:\/\/colellaweb.it\/#\/schema\/logo\/image\/\",\"url\":\"https:\/\/colellaweb.it\/wp-content\/uploads\/2023\/02\/cropped-logo_colella_favicon.png\",\"contentUrl\":\"https:\/\/colellaweb.it\/wp-content\/uploads\/2023\/02\/cropped-logo_colella_favicon.png\",\"width\":512,\"height\":512,\"caption\":\"Colella\"},\"image\":{\"@id\":\"https:\/\/colellaweb.it\/#\/schema\/logo\/image\/\"},\"sameAs\":[\"https:\/\/www.facebook.com\/rumoriincucina\",\"https:\/\/www.instagram.com\/rumoriincucina\"]}]}<\/script>\n<!-- \/ Yoast SEO plugin. -->","yoast_head_json":{"title":"Trancheuse \u00e0 jambon Colella 220 Linea C - Colella","robots":{"index":"index","follow":"follow","max-snippet":"max-snippet:-1","max-image-preview":"max-image-preview:large","max-video-preview":"max-video-preview:-1"},"canonical":"https:\/\/colellaweb.it\/fr\/prodotto\/affettatrice-linea-c-220-colella\/","og_locale":"fr_FR","og_type":"article","og_title":"Trancheuse \u00e0 jambon Colella 220 Linea C - Colella","og_description":"LA SINUEUSE La trancheuse CERVINO mod. C 220 Line C est le nouveau mod\u00e8le de la ligne C. lignes sinueuses et les tailles interm\u00e9diaires souples dans la gamme de fabrication professionnelle pour un usage domestique.  Carrosserie arrondie   des espaces plus vastes pour permettre un nettoyage facile \u00e9galement sur l'arri\u00e8re de la lame et sur le pi\u00e8ces amovibles en contact avec les saucisses assainies font de ce mod\u00e8le un v\u00e9ritable must sur le plan de travail de la cuisine..  On obtient des tranches tr\u00e8s fines, en dixi\u00e8mes de mm, de produits m\u00eame compacts tels que la viande s\u00e9ch\u00e9e.  &nbsp;  Nouveaut\u00e9s :  la lame de troisi\u00e8me g\u00e9n\u00e9ration permet \u00e9galement de couper du FROMAGE, des L\u00c9GUMES, des FRUITS","og_url":"https:\/\/colellaweb.it\/fr\/prodotto\/affettatrice-linea-c-220-colella\/","og_site_name":"Colella","article_publisher":"https:\/\/www.facebook.com\/rumoriincucina","article_modified_time":"2023-08-08T06:39:56+00:00","og_image":[{"width":1000,"height":1120,"url":"https:\/\/colellaweb.it\/wp-content\/uploads\/2023\/03\/10-e1689872494952.jpg","type":"image\/jpeg"}],"twitter_card":"summary_large_image","twitter_misc":{"Dur\u00e9e de lecture estim\u00e9e":"1 minute"},"schema":{"@context":"https:\/\/schema.org","@graph":[{"@type":"WebPage","@id":"https:\/\/colellaweb.it\/fr\/prodotto\/affettatrice-linea-c-220-colella\/","url":"https:\/\/colellaweb.it\/fr\/prodotto\/affettatrice-linea-c-220-colella\/","name":"Trancheuse \u00e0 jambon Colella 220 Linea C - Colella","isPartOf":{"@id":"https:\/\/colellaweb.it\/#website"},"primaryImageOfPage":{"@id":"https:\/\/colellaweb.it\/fr\/prodotto\/affettatrice-linea-c-220-colella\/#primaryimage"},"image":{"@id":"https:\/\/colellaweb.it\/fr\/prodotto\/affettatrice-linea-c-220-colella\/#primaryimage"},"thumbnailUrl":"https:\/\/colellaweb.it\/wp-content\/uploads\/2023\/03\/10-e1689872494952.jpg","datePublished":"2023-03-09T08:39:53+00:00","dateModified":"2023-08-08T06:39:56+00:00","breadcrumb":{"@id":"https:\/\/colellaweb.it\/fr\/prodotto\/affettatrice-linea-c-220-colella\/#breadcrumb"},"inLanguage":"fr-FR","potentialAction":[{"@type":"ReadAction","target":["https:\/\/colellaweb.it\/fr\/prodotto\/affettatrice-linea-c-220-colella\/"]}]},{"@type":"ImageObject","inLanguage":"fr-FR","@id":"https:\/\/colellaweb.it\/fr\/prodotto\/affettatrice-linea-c-220-colella\/#primaryimage","url":"https:\/\/colellaweb.it\/wp-content\/uploads\/2023\/03\/10-e1689872494952.jpg","contentUrl":"https:\/\/colellaweb.it\/wp-content\/uploads\/2023\/03\/10-e1689872494952.jpg","width":1000,"height":1120},{"@type":"BreadcrumbList","@id":"https:\/\/colellaweb.it\/fr\/prodotto\/affettatrice-linea-c-220-colella\/#breadcrumb","itemListElement":[{"@type":"ListItem","position":1,"name":"Home","item":"https:\/\/colellaweb.it\/fr\/"},{"@type":"ListItem","position":2,"name":"Shop","item":"https:\/\/colellaweb.it\/negozio\/"},{"@type":"ListItem","position":3,"name":"Trancheuse \u00e0 jambon Colella 220 Linea C"}]},{"@type":"WebSite","@id":"https:\/\/colellaweb.it\/#website","url":"https:\/\/colellaweb.it\/","name":"Colella","description":"Rumori in cucina","publisher":{"@id":"https:\/\/colellaweb.it\/#organization"},"potentialAction":[{"@type":"SearchAction","target":{"@type":"EntryPoint","urlTemplate":"https:\/\/colellaweb.it\/?s={search_term_string}"},"query-input":{"@type":"PropertyValueSpecification","valueRequired":true,"valueName":"search_term_string"}}],"inLanguage":"fr-FR"},{"@type":"Organization","@id":"https:\/\/colellaweb.it\/#organization","name":"Colella","url":"https:\/\/colellaweb.it\/","logo":{"@type":"ImageObject","inLanguage":"fr-FR","@id":"https:\/\/colellaweb.it\/#\/schema\/logo\/image\/","url":"https:\/\/colellaweb.it\/wp-content\/uploads\/2023\/02\/cropped-logo_colella_favicon.png","contentUrl":"https:\/\/colellaweb.it\/wp-content\/uploads\/2023\/02\/cropped-logo_colella_favicon.png","width":512,"height":512,"caption":"Colella"},"image":{"@id":"https:\/\/colellaweb.it\/#\/schema\/logo\/image\/"},"sameAs":["https:\/\/www.facebook.com\/rumoriincucina","https:\/\/www.instagram.com\/rumoriincucina"]}]}},"_links":{"self":[{"href":"https:\/\/colellaweb.it\/fr\/wp-json\/wp\/v2\/product\/10390","targetHints":{"allow":["GET"]}}],"collection":[{"href":"https:\/\/colellaweb.it\/fr\/wp-json\/wp\/v2\/product"}],"about":[{"href":"https:\/\/colellaweb.it\/fr\/wp-json\/wp\/v2\/types\/product"}],"version-history":[{"count":0,"href":"https:\/\/colellaweb.it\/fr\/wp-json\/wp\/v2\/product\/10390\/revisions"}],"wp:featuredmedia":[{"embeddable":true,"href":"https:\/\/colellaweb.it\/fr\/wp-json\/wp\/v2\/media\/12383"}],"wp:attachment":[{"href":"https:\/\/colellaweb.it\/fr\/wp-json\/wp\/v2\/media?parent=10390"}],"wp:term":[{"taxonomy":"product_brand","embeddable":true,"href":"https:\/\/colellaweb.it\/fr\/wp-json\/wp\/v2\/product_brand?post=10390"},{"taxonomy":"product_cat","embeddable":true,"href":"https:\/\/colellaweb.it\/fr\/wp-json\/wp\/v2\/product_cat?post=10390"},{"taxonomy":"product_tag","embeddable":true,"href":"https:\/\/colellaweb.it\/fr\/wp-json\/wp\/v2\/product_tag?post=10390"}],"curies":[{"name":"wp","href":"https:\/\/api.w.org\/{rel}","templated":true}]}}