{"id":14183,"date":"2025-04-12T10:17:19","date_gmt":"2025-04-12T08:17:19","guid":{"rendered":"https:\/\/colellaweb.it\/?page_id=14183"},"modified":"2025-04-12T10:24:01","modified_gmt":"2025-04-12T08:24:01","slug":"merci-coupon-aosta","status":"publish","type":"page","link":"https:\/\/colellaweb.it\/fr\/merci-coupon-aosta\/","title":{"rendered":"Merc\u00ec Coupon Aosta"},"content":{"rendered":"\t\t<div data-elementor-type=\"wp-page\" data-elementor-id=\"14183\" class=\"elementor elementor-14183\" data-elementor-post-type=\"page\">\n\t\t\t\t\t\t<section class=\"elementor-section elementor-top-section elementor-element elementor-element-e7c711a elementor-section-boxed elementor-section-height-default elementor-section-height-default qodef-elementor-content-no qodef-elementor-overlay-no\" data-id=\"e7c711a\" data-element_type=\"section\">\n\t\t\t\t\t\t<div class=\"elementor-container elementor-column-gap-default\">\n\t\t\t\t\t<div class=\"elementor-column elementor-col-100 elementor-top-column elementor-element elementor-element-1d60c45\" data-id=\"1d60c45\" data-element_type=\"column\">\n\t\t\t<div class=\"elementor-widget-wrap elementor-element-populated\">\n\t\t\t\t\t\t<div class=\"elementor-element elementor-element-2940331 elementor-widget elementor-widget-spacer\" data-id=\"2940331\" data-element_type=\"widget\" data-widget_type=\"spacer.default\">\n\t\t\t\t<div class=\"elementor-widget-container\">\n\t\t\t\t\t\t\t<div class=\"elementor-spacer\">\n\t\t\t<div class=\"elementor-spacer-inner\"><\/div>\n\t\t<\/div>\n\t\t\t\t\t\t<\/div>\n\t\t\t\t<\/div>\n\t\t\t\t\t<\/div>\n\t\t<\/div>\n\t\t\t\t\t<\/div>\n\t\t<\/section>\n\t\t\t\t<section class=\"elementor-section elementor-top-section elementor-element elementor-element-2037d60 elementor-section-full_width qodef-elementor-content-grid elementor-section-stretched elementor-section-height-default elementor-section-height-default qodef-elementor-overlay-no\" data-id=\"2037d60\" data-element_type=\"section\" data-settings=\"{&quot;background_background&quot;:&quot;classic&quot;,&quot;stretch_section&quot;:&quot;section-stretched&quot;}\">\n\t\t\t\t\t\t<div class=\"elementor-container elementor-column-gap-default\">\n\t\t\t\t\t<div class=\"elementor-column elementor-col-50 elementor-top-column elementor-element elementor-element-362bd53\" data-id=\"362bd53\" data-element_type=\"column\">\n\t\t\t<div class=\"elementor-widget-wrap elementor-element-populated\">\n\t\t\t\t\t\t<div class=\"elementor-element elementor-element-c2d169a elementor-widget elementor-widget-image\" data-id=\"c2d169a\" data-element_type=\"widget\" data-widget_type=\"image.default\">\n\t\t\t\t<div class=\"elementor-widget-container\">\n\t\t\t\t\t\t\t\t\t\t\t\t\t\t\t<img fetchpriority=\"high\" decoding=\"async\" width=\"600\" height=\"849\" src=\"https:\/\/colellaweb.it\/wp-content\/uploads\/2025\/04\/Colella_Coupon-1.jpg\" class=\"attachment-full size-full wp-image-14175\" alt=\"\" srcset=\"https:\/\/colellaweb.it\/wp-content\/uploads\/2025\/04\/Colella_Coupon-1.jpg 600w, https:\/\/colellaweb.it\/wp-content\/uploads\/2025\/04\/Colella_Coupon-1-212x300.jpg 212w\" sizes=\"(max-width: 600px) 100vw, 600px\" \/>\t\t\t\t\t\t\t\t\t\t\t\t\t\t\t<\/div>\n\t\t\t\t<\/div>\n\t\t\t\t\t<\/div>\n\t\t<\/div>\n\t\t\t\t<div class=\"elementor-column elementor-col-50 elementor-top-column elementor-element elementor-element-71b4b10\" data-id=\"71b4b10\" data-element_type=\"column\">\n\t\t\t<div class=\"elementor-widget-wrap elementor-element-populated\">\n\t\t\t\t\t\t<div class=\"elementor-element elementor-element-b080420 elementor-widget elementor-widget-tobel_core_section_title\" data-id=\"b080420\" data-element_type=\"widget\" data-widget_type=\"tobel_core_section_title.default\">\n\t\t\t\t<div class=\"elementor-widget-container\">\n\t\t\t\t\t<div class=\"qodef-shortcode qodef-m  qodef-section-title qodef-alignment--left \">\n\t\t\t<h2 class=\"qodef-m-title\" >\n\t\t\t\t\tT\u00e9l\u00e9chargez le coupon\t\t\t<\/h2>\n\t<\/div>\n\t\t\t\t<\/div>\n\t\t\t\t<\/div>\n\t\t\t\t<div class=\"elementor-element elementor-element-a5f8460 elementor-widget elementor-widget-text-editor\" data-id=\"a5f8460\" data-element_type=\"widget\" data-widget_type=\"text-editor.default\">\n\t\t\t\t<div class=\"elementor-widget-container\">\n\t\t\t\t\t\t\t\t\t<div><p>Nous souhaitons vous remercier de votre t\u00e9l\u00e9chargement et de vous offrir un\u00a0<strong>bon de r\u00e9duction valable dans nos boutiques de Aosta<\/strong>.\u00a0<\/p><p><strong>Venez vivre l\u2019exp\u00e9rience Colella<\/strong>\u00ae<strong>\u00a0\u00e0 Aosta<\/strong><\/p><p>Nous vous invitons \u00e0 venir d\u00e9couvrir nos boutiques \u00e0\u00a0<strong>Aosta<\/strong>, o\u00f9 chaque espace est pens\u00e9 pour vous offrir une exp\u00e9rience immersive dans l\u2019univers de la cuisine italienne.\u00a0<strong>Franchissez le seuil de notre boutique et laissez-vous inspirer..<\/strong><\/p><p><strong>Comment en profiter ?<\/strong><\/p><ul><li><strong>T\u00e9l\u00e9chargez le code de votre bon de r\u00e9duction<\/strong><\/li><li><strong>Rendez-vous dans nos boutiques \u00e0 Aoste<\/strong><\/li><li><strong>Profitez de votre offre exclusive sur l&#8217;achat des casseroles<\/strong><\/li><\/ul><p><strong>Rejoignez-nous \u00e0 Aoste et vivez l\u2019excellence culinaire italienne \u00e0 chaque geste.<\/strong><\/p><\/div>\t\t\t\t\t\t\t\t<\/div>\n\t\t\t\t<\/div>\n\t\t\t\t<div class=\"elementor-element elementor-element-4f5125b elementor-widget elementor-widget-button\" data-id=\"4f5125b\" data-element_type=\"widget\" data-widget_type=\"button.default\">\n\t\t\t\t<div class=\"elementor-widget-container\">\n\t\t\t\t\t\t\t\t\t<div class=\"elementor-button-wrapper\">\n\t\t\t\t\t<a class=\"elementor-button elementor-button-link elementor-size-sm\" href=\"https:\/\/colellaweb.it\/wp-content\/uploads\/2025\/04\/Colella_Coupon.pdf\" target=\"_blank\" rel=\"nofollow\">\n\t\t\t\t\t\t<span class=\"elementor-button-content-wrapper\">\n\t\t\t\t\t\t<span class=\"elementor-button-icon\">\n\t\t\t\t<i aria-hidden=\"true\" class=\"far fa-arrow-alt-circle-down\"><\/i>\t\t\t<\/span>\n\t\t\t\t\t\t\t\t\t<span class=\"elementor-button-text\">T\u00c9L\u00c9CHARGER LE COUPON<\/span>\n\t\t\t\t\t<\/span>\n\t\t\t\t\t<\/a>\n\t\t\t\t<\/div>\n\t\t\t\t\t\t\t\t<\/div>\n\t\t\t\t<\/div>\n\t\t\t\t\t<\/div>\n\t\t<\/div>\n\t\t\t\t\t<\/div>\n\t\t<\/section>\n\t\t\t\t<\/div>\n\t\t","protected":false},"excerpt":{"rendered":"<p>T\u00e9l\u00e9chargez le coupon Nous souhaitons vous remercier de votre t\u00e9l\u00e9chargement et de vous offrir un\u00a0bon de r\u00e9duction valable dans nos boutiques de Aosta.\u00a0 Venez vivre l\u2019exp\u00e9rience Colella\u00ae\u00a0\u00e0 Aosta Nous vous invitons \u00e0 venir d\u00e9couvrir nos boutiques \u00e0\u00a0Aosta, o\u00f9 chaque espace est pens\u00e9 pour vous offrir une exp\u00e9rience immersive dans l\u2019univers de la cuisine italienne.\u00a0Franchissez le [&hellip;]<\/p>\n","protected":false},"author":2,"featured_media":0,"parent":0,"menu_order":0,"comment_status":"closed","ping_status":"closed","template":"","meta":{"_acf_changed":false,"footnotes":""},"class_list":["post-14183","page","type-page","status-publish","hentry"],"acf":[],"yoast_head":"<!-- This site is optimized with the Yoast SEO plugin v26.7 - https:\/\/yoast.com\/wordpress\/plugins\/seo\/ -->\n<title>Merc\u00ec Coupon Aosta - Colella<\/title>\n<meta name=\"robots\" content=\"index, follow, max-snippet:-1, max-image-preview:large, max-video-preview:-1\" \/>\n<link rel=\"canonical\" href=\"https:\/\/colellaweb.it\/fr\/merci-coupon-aosta\/\" \/>\n<meta property=\"og:locale\" content=\"fr_FR\" \/>\n<meta property=\"og:type\" content=\"article\" \/>\n<meta property=\"og:title\" content=\"Merc\u00ec Coupon Aosta - Colella\" \/>\n<meta property=\"og:description\" content=\"T\u00e9l\u00e9chargez le coupon Nous souhaitons vous remercier de votre t\u00e9l\u00e9chargement et de vous offrir un\u00a0bon de r\u00e9duction valable dans nos boutiques de Aosta.\u00a0 Venez vivre l\u2019exp\u00e9rience Colella\u00ae\u00a0\u00e0 Aosta Nous vous invitons \u00e0 venir d\u00e9couvrir nos boutiques \u00e0\u00a0Aosta, o\u00f9 chaque espace est pens\u00e9 pour vous offrir une exp\u00e9rience immersive dans l\u2019univers de la cuisine italienne.\u00a0Franchissez le [&hellip;]\" \/>\n<meta property=\"og:url\" content=\"https:\/\/colellaweb.it\/fr\/merci-coupon-aosta\/\" \/>\n<meta property=\"og:site_name\" content=\"Colella\" \/>\n<meta property=\"article:publisher\" content=\"https:\/\/www.facebook.com\/rumoriincucina\" \/>\n<meta property=\"article:modified_time\" content=\"2025-04-12T08:24:01+00:00\" \/>\n<meta property=\"og:image\" content=\"https:\/\/colellaweb.it\/wp-content\/uploads\/2025\/04\/Colella_Coupon-1.jpg\" \/>\n\t<meta property=\"og:image:width\" content=\"600\" \/>\n\t<meta property=\"og:image:height\" content=\"849\" \/>\n\t<meta property=\"og:image:type\" content=\"image\/jpeg\" \/>\n<meta name=\"twitter:card\" content=\"summary_large_image\" \/>\n<meta name=\"twitter:label1\" content=\"Dur\u00e9e de lecture estim\u00e9e\" \/>\n\t<meta name=\"twitter:data1\" content=\"1 minute\" \/>\n<script type=\"application\/ld+json\" class=\"yoast-schema-graph\">{\"@context\":\"https:\/\/schema.org\",\"@graph\":[{\"@type\":\"WebPage\",\"@id\":\"https:\/\/colellaweb.it\/fr\/merci-coupon-aosta\/\",\"url\":\"https:\/\/colellaweb.it\/fr\/merci-coupon-aosta\/\",\"name\":\"Merc\u00ec Coupon Aosta - Colella\",\"isPartOf\":{\"@id\":\"https:\/\/colellaweb.it\/#website\"},\"primaryImageOfPage\":{\"@id\":\"https:\/\/colellaweb.it\/fr\/merci-coupon-aosta\/#primaryimage\"},\"image\":{\"@id\":\"https:\/\/colellaweb.it\/fr\/merci-coupon-aosta\/#primaryimage\"},\"thumbnailUrl\":\"https:\/\/colellaweb.it\/wp-content\/uploads\/2025\/04\/Colella_Coupon-1.jpg\",\"datePublished\":\"2025-04-12T08:17:19+00:00\",\"dateModified\":\"2025-04-12T08:24:01+00:00\",\"breadcrumb\":{\"@id\":\"https:\/\/colellaweb.it\/fr\/merci-coupon-aosta\/#breadcrumb\"},\"inLanguage\":\"fr-FR\",\"potentialAction\":[{\"@type\":\"ReadAction\",\"target\":[\"https:\/\/colellaweb.it\/fr\/merci-coupon-aosta\/\"]}]},{\"@type\":\"ImageObject\",\"inLanguage\":\"fr-FR\",\"@id\":\"https:\/\/colellaweb.it\/fr\/merci-coupon-aosta\/#primaryimage\",\"url\":\"https:\/\/colellaweb.it\/wp-content\/uploads\/2025\/04\/Colella_Coupon-1.jpg\",\"contentUrl\":\"https:\/\/colellaweb.it\/wp-content\/uploads\/2025\/04\/Colella_Coupon-1.jpg\"},{\"@type\":\"BreadcrumbList\",\"@id\":\"https:\/\/colellaweb.it\/fr\/merci-coupon-aosta\/#breadcrumb\",\"itemListElement\":[{\"@type\":\"ListItem\",\"position\":1,\"name\":\"Home\",\"item\":\"https:\/\/colellaweb.it\/fr\/\"},{\"@type\":\"ListItem\",\"position\":2,\"name\":\"Merc\u00ec Coupon Aosta\"}]},{\"@type\":\"WebSite\",\"@id\":\"https:\/\/colellaweb.it\/#website\",\"url\":\"https:\/\/colellaweb.it\/\",\"name\":\"Colella\",\"description\":\"Rumori in cucina\",\"publisher\":{\"@id\":\"https:\/\/colellaweb.it\/#organization\"},\"potentialAction\":[{\"@type\":\"SearchAction\",\"target\":{\"@type\":\"EntryPoint\",\"urlTemplate\":\"https:\/\/colellaweb.it\/?s={search_term_string}\"},\"query-input\":{\"@type\":\"PropertyValueSpecification\",\"valueRequired\":true,\"valueName\":\"search_term_string\"}}],\"inLanguage\":\"fr-FR\"},{\"@type\":\"Organization\",\"@id\":\"https:\/\/colellaweb.it\/#organization\",\"name\":\"Colella\",\"url\":\"https:\/\/colellaweb.it\/\",\"logo\":{\"@type\":\"ImageObject\",\"inLanguage\":\"fr-FR\",\"@id\":\"https:\/\/colellaweb.it\/#\/schema\/logo\/image\/\",\"url\":\"https:\/\/colellaweb.it\/wp-content\/uploads\/2023\/02\/cropped-logo_colella_favicon.png\",\"contentUrl\":\"https:\/\/colellaweb.it\/wp-content\/uploads\/2023\/02\/cropped-logo_colella_favicon.png\",\"width\":512,\"height\":512,\"caption\":\"Colella\"},\"image\":{\"@id\":\"https:\/\/colellaweb.it\/#\/schema\/logo\/image\/\"},\"sameAs\":[\"https:\/\/www.facebook.com\/rumoriincucina\",\"https:\/\/www.instagram.com\/rumoriincucina\"]}]}<\/script>\n<!-- \/ Yoast SEO plugin. -->","yoast_head_json":{"title":"Merc\u00ec Coupon Aosta - Colella","robots":{"index":"index","follow":"follow","max-snippet":"max-snippet:-1","max-image-preview":"max-image-preview:large","max-video-preview":"max-video-preview:-1"},"canonical":"https:\/\/colellaweb.it\/fr\/merci-coupon-aosta\/","og_locale":"fr_FR","og_type":"article","og_title":"Merc\u00ec Coupon Aosta - Colella","og_description":"T\u00e9l\u00e9chargez le coupon Nous souhaitons vous remercier de votre t\u00e9l\u00e9chargement et de vous offrir un\u00a0bon de r\u00e9duction valable dans nos boutiques de Aosta.\u00a0 Venez vivre l\u2019exp\u00e9rience Colella\u00ae\u00a0\u00e0 Aosta Nous vous invitons \u00e0 venir d\u00e9couvrir nos boutiques \u00e0\u00a0Aosta, o\u00f9 chaque espace est pens\u00e9 pour vous offrir une exp\u00e9rience immersive dans l\u2019univers de la cuisine italienne.\u00a0Franchissez le [&hellip;]","og_url":"https:\/\/colellaweb.it\/fr\/merci-coupon-aosta\/","og_site_name":"Colella","article_publisher":"https:\/\/www.facebook.com\/rumoriincucina","article_modified_time":"2025-04-12T08:24:01+00:00","og_image":[{"width":600,"height":849,"url":"https:\/\/colellaweb.it\/wp-content\/uploads\/2025\/04\/Colella_Coupon-1.jpg","type":"image\/jpeg"}],"twitter_card":"summary_large_image","twitter_misc":{"Dur\u00e9e de lecture estim\u00e9e":"1 minute"},"schema":{"@context":"https:\/\/schema.org","@graph":[{"@type":"WebPage","@id":"https:\/\/colellaweb.it\/fr\/merci-coupon-aosta\/","url":"https:\/\/colellaweb.it\/fr\/merci-coupon-aosta\/","name":"Merc\u00ec Coupon Aosta - Colella","isPartOf":{"@id":"https:\/\/colellaweb.it\/#website"},"primaryImageOfPage":{"@id":"https:\/\/colellaweb.it\/fr\/merci-coupon-aosta\/#primaryimage"},"image":{"@id":"https:\/\/colellaweb.it\/fr\/merci-coupon-aosta\/#primaryimage"},"thumbnailUrl":"https:\/\/colellaweb.it\/wp-content\/uploads\/2025\/04\/Colella_Coupon-1.jpg","datePublished":"2025-04-12T08:17:19+00:00","dateModified":"2025-04-12T08:24:01+00:00","breadcrumb":{"@id":"https:\/\/colellaweb.it\/fr\/merci-coupon-aosta\/#breadcrumb"},"inLanguage":"fr-FR","potentialAction":[{"@type":"ReadAction","target":["https:\/\/colellaweb.it\/fr\/merci-coupon-aosta\/"]}]},{"@type":"ImageObject","inLanguage":"fr-FR","@id":"https:\/\/colellaweb.it\/fr\/merci-coupon-aosta\/#primaryimage","url":"https:\/\/colellaweb.it\/wp-content\/uploads\/2025\/04\/Colella_Coupon-1.jpg","contentUrl":"https:\/\/colellaweb.it\/wp-content\/uploads\/2025\/04\/Colella_Coupon-1.jpg"},{"@type":"BreadcrumbList","@id":"https:\/\/colellaweb.it\/fr\/merci-coupon-aosta\/#breadcrumb","itemListElement":[{"@type":"ListItem","position":1,"name":"Home","item":"https:\/\/colellaweb.it\/fr\/"},{"@type":"ListItem","position":2,"name":"Merc\u00ec Coupon Aosta"}]},{"@type":"WebSite","@id":"https:\/\/colellaweb.it\/#website","url":"https:\/\/colellaweb.it\/","name":"Colella","description":"Rumori in cucina","publisher":{"@id":"https:\/\/colellaweb.it\/#organization"},"potentialAction":[{"@type":"SearchAction","target":{"@type":"EntryPoint","urlTemplate":"https:\/\/colellaweb.it\/?s={search_term_string}"},"query-input":{"@type":"PropertyValueSpecification","valueRequired":true,"valueName":"search_term_string"}}],"inLanguage":"fr-FR"},{"@type":"Organization","@id":"https:\/\/colellaweb.it\/#organization","name":"Colella","url":"https:\/\/colellaweb.it\/","logo":{"@type":"ImageObject","inLanguage":"fr-FR","@id":"https:\/\/colellaweb.it\/#\/schema\/logo\/image\/","url":"https:\/\/colellaweb.it\/wp-content\/uploads\/2023\/02\/cropped-logo_colella_favicon.png","contentUrl":"https:\/\/colellaweb.it\/wp-content\/uploads\/2023\/02\/cropped-logo_colella_favicon.png","width":512,"height":512,"caption":"Colella"},"image":{"@id":"https:\/\/colellaweb.it\/#\/schema\/logo\/image\/"},"sameAs":["https:\/\/www.facebook.com\/rumoriincucina","https:\/\/www.instagram.com\/rumoriincucina"]}]}},"_links":{"self":[{"href":"https:\/\/colellaweb.it\/fr\/wp-json\/wp\/v2\/pages\/14183","targetHints":{"allow":["GET"]}}],"collection":[{"href":"https:\/\/colellaweb.it\/fr\/wp-json\/wp\/v2\/pages"}],"about":[{"href":"https:\/\/colellaweb.it\/fr\/wp-json\/wp\/v2\/types\/page"}],"author":[{"embeddable":true,"href":"https:\/\/colellaweb.it\/fr\/wp-json\/wp\/v2\/users\/2"}],"replies":[{"embeddable":true,"href":"https:\/\/colellaweb.it\/fr\/wp-json\/wp\/v2\/comments?post=14183"}],"version-history":[{"count":11,"href":"https:\/\/colellaweb.it\/fr\/wp-json\/wp\/v2\/pages\/14183\/revisions"}],"predecessor-version":[{"id":14198,"href":"https:\/\/colellaweb.it\/fr\/wp-json\/wp\/v2\/pages\/14183\/revisions\/14198"}],"wp:attachment":[{"href":"https:\/\/colellaweb.it\/fr\/wp-json\/wp\/v2\/media?parent=14183"}],"curies":[{"name":"wp","href":"https:\/\/api.w.org\/{rel}","templated":true}]}}