{"id":13611,"date":"2024-06-14T16:31:20","date_gmt":"2024-06-14T14:31:20","guid":{"rendered":"https:\/\/colellaweb.it\/bonus-materials\/"},"modified":"2024-09-25T10:01:31","modified_gmt":"2024-09-25T08:01:31","slug":"bonus-materials","status":"publish","type":"page","link":"https:\/\/colellaweb.it\/fr\/bonus-materials\/","title":{"rendered":"vos primes alpines ;"},"content":{"rendered":"\t\t<div data-elementor-type=\"wp-page\" data-elementor-id=\"13611\" class=\"elementor elementor-13611 elementor-13598\" data-elementor-post-type=\"page\">\n\t\t\t\t\t\t<section class=\"elementor-section elementor-top-section elementor-element elementor-element-074e6ec elementor-section-full_width elementor-section-height-default elementor-section-height-default qodef-elementor-content-no qodef-elementor-overlay-no\" data-id=\"074e6ec\" data-element_type=\"section\">\n\t\t\t\t\t\t<div class=\"elementor-container elementor-column-gap-no\">\n\t\t\t\t\t<div class=\"elementor-column elementor-col-100 elementor-top-column elementor-element elementor-element-7214d21\" data-id=\"7214d21\" data-element_type=\"column\">\n\t\t\t<div class=\"elementor-widget-wrap elementor-element-populated\">\n\t\t\t\t\t\t<div class=\"elementor-element elementor-element-38411c9 elementor-widget elementor-widget-slider_revolution\" data-id=\"38411c9\" data-element_type=\"widget\" data-widget_type=\"slider_revolution.default\">\n\t\t\t\t<div class=\"elementor-widget-container\">\n\t\t\t\t\t\n\t\t<div class=\"wp-block-themepunch-revslider\">\n\t\t\t\t<p class=\"rs-p-wp-fix\"><\/p>\n\t\t\t\t<sr7-module data-alias=\"bonus\" data-id=\"32\" id=\"SR7_32_1\" class=\"rs-ov-hidden\" data-version=\"6.7.38\">\n\t\t\t\t\t<sr7-adjuster><\/sr7-adjuster>\n\t\t\t\t\t<sr7-content>\n\t\t\t\t\t\t<sr7-slide id=\"SR7_32_1-58\" data-key=\"58\">\n\t\t\t\t\t\t\t<sr7-bg id=\"SR7_32_1-58-1\" class=\"sr7-layer\"><noscript><img decoding=\"async\" src=\"https:\/\/colellaweb.it\/wp-content\/uploads\/2024\/06\/MATTERELLO-7-scaled.jpg\" alt=\"\" title=\"MATTERELLO (7)\"><\/noscript><\/sr7-bg>\n\t\t\t\t\t\t<\/sr7-slide>\n\t\t\t\t\t\t<sr7-slide id=\"SR7_32_1-83\" data-key=\"83\">\n\t\t\t\t\t\t<\/sr7-slide>\n\t\t\t\t\t<\/sr7-content>\n\t\t\t\t\t<image_lists style=\"display:none\">\n\t\t\t\t\t\t<img data-src=\"\/\/colellaweb.it\/wp-content\/uploads\/2024\/06\/MATTERELLO-7-scaled.jpg\" data-libid=\"13644\" data-lib=\"medialibrary\" title=\"MATTERELLO (7)\" width=\"0\" height=\"0\" data-dbsrc=\"Ly9jb2xlbGxhd2ViLml0L3dwLWNvbnRlbnQvdXBsb2Fkcy8yMDI0LzA2L01BVFRFUkVMTE8tNy1zY2FsZWQuanBn\"\/>\n\t\t\t\t\t<\/image_lists>\n\t\t\t\t<\/sr7-module>\n\t\t\t\t<script>\n\t\t\t\t\tSR7.PMH ??={}; SR7.PMH[\"SR7_32_1\"] = {cn:100,state:false,fn: function() { if (_tpt!==undefined && _tpt.prepareModuleHeight !== undefined) {  _tpt.prepareModuleHeight({id:\"SR7_32_1\",el:[900,900,768,960,720],type:'standard',shdw:'0',gh:[900,900,743,565,349],gw:[1240,1240,1024,778,480],vpt:['-100px'],size:{fullWidth:true, fullHeight:false},mh:'0',onh:0,onw:0,bg:{color:'{\"orig\":\"transparent\",\"type\":\"solid\",\"string\":\"transparent\"}'}});   SR7.PMH[\"SR7_32_1\"].state=true;} else if(SR7.PMH[\"SR7_32_1\"].cn-->0)\tsetTimeout( SR7.PMH[\"SR7_32_1\"].fn,19);}};SR7.PMH[\"SR7_32_1\" ].fn();\n\t\t\t\t<\/script>\n<\/div>\n\n\t\t\t\t\t\t<\/div>\n\t\t\t\t<\/div>\n\t\t\t\t\t<\/div>\n\t\t<\/div>\n\t\t\t\t\t<\/div>\n\t\t<\/section>\n\t\t\t\t<section class=\"elementor-section elementor-top-section elementor-element elementor-element-2037d60 elementor-section-full_width qodef-elementor-content-grid elementor-section-stretched elementor-section-height-default elementor-section-height-default qodef-elementor-overlay-no\" data-id=\"2037d60\" data-element_type=\"section\" data-settings=\"{&quot;background_background&quot;:&quot;classic&quot;,&quot;stretch_section&quot;:&quot;section-stretched&quot;}\">\n\t\t\t\t\t\t<div class=\"elementor-container elementor-column-gap-default\">\n\t\t\t\t\t<div class=\"elementor-column elementor-col-50 elementor-top-column elementor-element elementor-element-362bd53\" data-id=\"362bd53\" data-element_type=\"column\">\n\t\t\t<div class=\"elementor-widget-wrap elementor-element-populated\">\n\t\t\t\t\t\t<div class=\"elementor-element elementor-element-c2d169a elementor-widget elementor-widget-image\" data-id=\"c2d169a\" data-element_type=\"widget\" data-widget_type=\"image.default\">\n\t\t\t\t<div class=\"elementor-widget-container\">\n\t\t\t\t\t\t\t\t\t\t\t\t\t\t\t<img fetchpriority=\"high\" decoding=\"async\" width=\"1707\" height=\"2560\" src=\"https:\/\/colellaweb.it\/wp-content\/uploads\/2024\/06\/MATTERELLO-7-scaled.jpg\" class=\"attachment-full size-full wp-image-13646\" alt=\"\" srcset=\"https:\/\/colellaweb.it\/wp-content\/uploads\/2024\/06\/MATTERELLO-7-scaled.jpg 1707w, https:\/\/colellaweb.it\/wp-content\/uploads\/2024\/06\/MATTERELLO-7-200x300.jpg 200w, https:\/\/colellaweb.it\/wp-content\/uploads\/2024\/06\/MATTERELLO-7-683x1024.jpg 683w, https:\/\/colellaweb.it\/wp-content\/uploads\/2024\/06\/MATTERELLO-7-768x1152.jpg 768w, https:\/\/colellaweb.it\/wp-content\/uploads\/2024\/06\/MATTERELLO-7-1024x1536.jpg 1024w, https:\/\/colellaweb.it\/wp-content\/uploads\/2024\/06\/MATTERELLO-7-1365x2048.jpg 1365w, https:\/\/colellaweb.it\/wp-content\/uploads\/2024\/06\/MATTERELLO-7-600x900.jpg 600w\" sizes=\"(max-width: 1707px) 100vw, 1707px\" \/>\t\t\t\t\t\t\t\t\t\t\t\t\t\t\t<\/div>\n\t\t\t\t<\/div>\n\t\t\t\t\t<\/div>\n\t\t<\/div>\n\t\t\t\t<div class=\"elementor-column elementor-col-50 elementor-top-column elementor-element elementor-element-71b4b10\" data-id=\"71b4b10\" data-element_type=\"column\">\n\t\t\t<div class=\"elementor-widget-wrap elementor-element-populated\">\n\t\t\t\t\t\t<div class=\"elementor-element elementor-element-b080420 elementor-widget elementor-widget-tobel_core_section_title\" data-id=\"b080420\" data-element_type=\"widget\" data-widget_type=\"tobel_core_section_title.default\">\n\t\t\t\t<div class=\"elementor-widget-container\">\n\t\t\t\t\t<div class=\"qodef-shortcode qodef-m  qodef-section-title qodef-alignment--left \">\n\t\t\t<h2 class=\"qodef-m-title\" >\n\t\t\t\t\tMerci pour votre achat \u2764\ufe0f\t\t\t<\/h2>\n\t<\/div>\n\t\t\t\t<\/div>\n\t\t\t\t<\/div>\n\t\t\t\t<div class=\"elementor-element elementor-element-a5f8460 elementor-widget elementor-widget-text-editor\" data-id=\"a5f8460\" data-element_type=\"widget\" data-widget_type=\"text-editor.default\">\n\t\t\t\t<div class=\"elementor-widget-container\">\n\t\t\t\t\t\t\t\t\t<p>Bient\u00f4t, l&#8217;e-shop Colella sera en ligne avec une s\u00e9lection de p\u00e2tes et de p\u00e2tisseries.<\/p>\n<p>En attendant, <b>t\u00e9l\u00e9chargez nos recettes gratuites et un bon de r\u00e9duction pour la boutique en ligne. <br \/><\/b> Si vous le souhaitez, nous vous informerons d\u00e8s sa mise en ligne !<\/p>\n\t\t\t\t\t\t\t\t<\/div>\n\t\t\t\t<\/div>\n\t\t\t\t<div class=\"elementor-element elementor-element-4f5125b elementor-widget elementor-widget-button\" data-id=\"4f5125b\" data-element_type=\"widget\" data-widget_type=\"button.default\">\n\t\t\t\t<div class=\"elementor-widget-container\">\n\t\t\t\t\t\t\t\t\t<div class=\"elementor-button-wrapper\">\n\t\t\t\t\t<a class=\"elementor-button elementor-button-link elementor-size-sm\" href=\"https:\/\/colellaweb.it\/wp-content\/uploads\/2024\/09\/FR_Recettes-collection-Colella_shop.colellaweb.pdf\" target=\"_blank\" rel=\"nofollow\">\n\t\t\t\t\t\t<span class=\"elementor-button-content-wrapper\">\n\t\t\t\t\t\t<span class=\"elementor-button-icon\">\n\t\t\t\t<i aria-hidden=\"true\" class=\"far fa-arrow-alt-circle-down\"><\/i>\t\t\t<\/span>\n\t\t\t\t\t\t\t\t\t<span class=\"elementor-button-text\">T\u00c9L\u00c9CHARGER LE LIVRE DE RECETTES ET LE BON DE R\u00c9DUCTION<\/span>\n\t\t\t\t\t<\/span>\n\t\t\t\t\t<\/a>\n\t\t\t\t<\/div>\n\t\t\t\t\t\t\t\t<\/div>\n\t\t\t\t<\/div>\n\t\t\t\t\t<\/div>\n\t\t<\/div>\n\t\t\t\t\t<\/div>\n\t\t<\/section>\n\t\t\t\t<\/div>\n\t\t","protected":false},"excerpt":{"rendered":"<p>Merci pour votre achat \u2764\ufe0f Bient\u00f4t, l&#8217;e-shop Colella sera en ligne avec une s\u00e9lection de p\u00e2tes et de p\u00e2tisseries. En attendant, t\u00e9l\u00e9chargez nos recettes gratuites et un bon de r\u00e9duction pour la boutique en ligne. Si vous le souhaitez, nous vous informerons d\u00e8s sa mise en ligne ! T\u00c9L\u00c9CHARGER LE LIVRE DE RECETTES ET LE [&hellip;]<\/p>\n","protected":false},"author":2,"featured_media":0,"parent":0,"menu_order":0,"comment_status":"closed","ping_status":"closed","template":"","meta":{"_acf_changed":false,"footnotes":""},"class_list":["post-13611","page","type-page","status-publish","hentry"],"acf":[],"yoast_head":"<!-- This site is optimized with the Yoast SEO plugin v26.7 - https:\/\/yoast.com\/wordpress\/plugins\/seo\/ -->\n<title>vos primes alpines ; - Colella<\/title>\n<meta name=\"robots\" content=\"index, follow, max-snippet:-1, max-image-preview:large, max-video-preview:-1\" \/>\n<link rel=\"canonical\" href=\"https:\/\/colellaweb.it\/fr\/bonus-materials\/\" \/>\n<meta property=\"og:locale\" content=\"fr_FR\" \/>\n<meta property=\"og:type\" content=\"article\" \/>\n<meta property=\"og:title\" content=\"vos primes alpines ; - Colella\" \/>\n<meta property=\"og:description\" content=\"Merci pour votre achat \u2764\ufe0f Bient\u00f4t, l&#8217;e-shop Colella sera en ligne avec une s\u00e9lection de p\u00e2tes et de p\u00e2tisseries. En attendant, t\u00e9l\u00e9chargez nos recettes gratuites et un bon de r\u00e9duction pour la boutique en ligne. Si vous le souhaitez, nous vous informerons d\u00e8s sa mise en ligne ! T\u00c9L\u00c9CHARGER LE LIVRE DE RECETTES ET LE [&hellip;]\" \/>\n<meta property=\"og:url\" content=\"https:\/\/colellaweb.it\/fr\/bonus-materials\/\" \/>\n<meta property=\"og:site_name\" content=\"Colella\" \/>\n<meta property=\"article:publisher\" content=\"https:\/\/www.facebook.com\/rumoriincucina\" \/>\n<meta property=\"article:modified_time\" content=\"2024-09-25T08:01:31+00:00\" \/>\n<meta property=\"og:image\" content=\"https:\/\/colellaweb.it\/wp-content\/uploads\/2024\/06\/MATTERELLO-7-scaled.jpg\" \/>\n<meta name=\"twitter:card\" content=\"summary_large_image\" \/>\n<meta name=\"twitter:label1\" content=\"Dur\u00e9e de lecture estim\u00e9e\" \/>\n\t<meta name=\"twitter:data1\" content=\"1 minute\" \/>\n<script type=\"application\/ld+json\" class=\"yoast-schema-graph\">{\"@context\":\"https:\/\/schema.org\",\"@graph\":[{\"@type\":\"WebPage\",\"@id\":\"https:\/\/colellaweb.it\/fr\/bonus-materials\/\",\"url\":\"https:\/\/colellaweb.it\/fr\/bonus-materials\/\",\"name\":\"vos primes alpines ; - Colella\",\"isPartOf\":{\"@id\":\"https:\/\/colellaweb.it\/#website\"},\"primaryImageOfPage\":{\"@id\":\"https:\/\/colellaweb.it\/fr\/bonus-materials\/#primaryimage\"},\"image\":{\"@id\":\"https:\/\/colellaweb.it\/fr\/bonus-materials\/#primaryimage\"},\"thumbnailUrl\":\"https:\/\/colellaweb.it\/wp-content\/uploads\/2024\/06\/MATTERELLO-7-scaled.jpg\",\"datePublished\":\"2024-06-14T14:31:20+00:00\",\"dateModified\":\"2024-09-25T08:01:31+00:00\",\"breadcrumb\":{\"@id\":\"https:\/\/colellaweb.it\/fr\/bonus-materials\/#breadcrumb\"},\"inLanguage\":\"fr-FR\",\"potentialAction\":[{\"@type\":\"ReadAction\",\"target\":[\"https:\/\/colellaweb.it\/fr\/bonus-materials\/\"]}]},{\"@type\":\"ImageObject\",\"inLanguage\":\"fr-FR\",\"@id\":\"https:\/\/colellaweb.it\/fr\/bonus-materials\/#primaryimage\",\"url\":\"https:\/\/colellaweb.it\/wp-content\/uploads\/2024\/06\/MATTERELLO-7-scaled.jpg\",\"contentUrl\":\"https:\/\/colellaweb.it\/wp-content\/uploads\/2024\/06\/MATTERELLO-7-scaled.jpg\"},{\"@type\":\"BreadcrumbList\",\"@id\":\"https:\/\/colellaweb.it\/fr\/bonus-materials\/#breadcrumb\",\"itemListElement\":[{\"@type\":\"ListItem\",\"position\":1,\"name\":\"Home\",\"item\":\"https:\/\/colellaweb.it\/fr\/\"},{\"@type\":\"ListItem\",\"position\":2,\"name\":\"vos primes alpines ;\"}]},{\"@type\":\"WebSite\",\"@id\":\"https:\/\/colellaweb.it\/#website\",\"url\":\"https:\/\/colellaweb.it\/\",\"name\":\"Colella\",\"description\":\"Rumori in cucina\",\"publisher\":{\"@id\":\"https:\/\/colellaweb.it\/#organization\"},\"potentialAction\":[{\"@type\":\"SearchAction\",\"target\":{\"@type\":\"EntryPoint\",\"urlTemplate\":\"https:\/\/colellaweb.it\/?s={search_term_string}\"},\"query-input\":{\"@type\":\"PropertyValueSpecification\",\"valueRequired\":true,\"valueName\":\"search_term_string\"}}],\"inLanguage\":\"fr-FR\"},{\"@type\":\"Organization\",\"@id\":\"https:\/\/colellaweb.it\/#organization\",\"name\":\"Colella\",\"url\":\"https:\/\/colellaweb.it\/\",\"logo\":{\"@type\":\"ImageObject\",\"inLanguage\":\"fr-FR\",\"@id\":\"https:\/\/colellaweb.it\/#\/schema\/logo\/image\/\",\"url\":\"https:\/\/colellaweb.it\/wp-content\/uploads\/2023\/02\/cropped-logo_colella_favicon.png\",\"contentUrl\":\"https:\/\/colellaweb.it\/wp-content\/uploads\/2023\/02\/cropped-logo_colella_favicon.png\",\"width\":512,\"height\":512,\"caption\":\"Colella\"},\"image\":{\"@id\":\"https:\/\/colellaweb.it\/#\/schema\/logo\/image\/\"},\"sameAs\":[\"https:\/\/www.facebook.com\/rumoriincucina\",\"https:\/\/www.instagram.com\/rumoriincucina\"]}]}<\/script>\n<!-- \/ Yoast SEO plugin. -->","yoast_head_json":{"title":"vos primes alpines ; - Colella","robots":{"index":"index","follow":"follow","max-snippet":"max-snippet:-1","max-image-preview":"max-image-preview:large","max-video-preview":"max-video-preview:-1"},"canonical":"https:\/\/colellaweb.it\/fr\/bonus-materials\/","og_locale":"fr_FR","og_type":"article","og_title":"vos primes alpines ; - Colella","og_description":"Merci pour votre achat \u2764\ufe0f Bient\u00f4t, l&#8217;e-shop Colella sera en ligne avec une s\u00e9lection de p\u00e2tes et de p\u00e2tisseries. En attendant, t\u00e9l\u00e9chargez nos recettes gratuites et un bon de r\u00e9duction pour la boutique en ligne. Si vous le souhaitez, nous vous informerons d\u00e8s sa mise en ligne ! T\u00c9L\u00c9CHARGER LE LIVRE DE RECETTES ET LE [&hellip;]","og_url":"https:\/\/colellaweb.it\/fr\/bonus-materials\/","og_site_name":"Colella","article_publisher":"https:\/\/www.facebook.com\/rumoriincucina","article_modified_time":"2024-09-25T08:01:31+00:00","og_image":[{"url":"https:\/\/colellaweb.it\/wp-content\/uploads\/2024\/06\/MATTERELLO-7-scaled.jpg","type":"","width":"","height":""}],"twitter_card":"summary_large_image","twitter_misc":{"Dur\u00e9e de lecture estim\u00e9e":"1 minute"},"schema":{"@context":"https:\/\/schema.org","@graph":[{"@type":"WebPage","@id":"https:\/\/colellaweb.it\/fr\/bonus-materials\/","url":"https:\/\/colellaweb.it\/fr\/bonus-materials\/","name":"vos primes alpines ; - Colella","isPartOf":{"@id":"https:\/\/colellaweb.it\/#website"},"primaryImageOfPage":{"@id":"https:\/\/colellaweb.it\/fr\/bonus-materials\/#primaryimage"},"image":{"@id":"https:\/\/colellaweb.it\/fr\/bonus-materials\/#primaryimage"},"thumbnailUrl":"https:\/\/colellaweb.it\/wp-content\/uploads\/2024\/06\/MATTERELLO-7-scaled.jpg","datePublished":"2024-06-14T14:31:20+00:00","dateModified":"2024-09-25T08:01:31+00:00","breadcrumb":{"@id":"https:\/\/colellaweb.it\/fr\/bonus-materials\/#breadcrumb"},"inLanguage":"fr-FR","potentialAction":[{"@type":"ReadAction","target":["https:\/\/colellaweb.it\/fr\/bonus-materials\/"]}]},{"@type":"ImageObject","inLanguage":"fr-FR","@id":"https:\/\/colellaweb.it\/fr\/bonus-materials\/#primaryimage","url":"https:\/\/colellaweb.it\/wp-content\/uploads\/2024\/06\/MATTERELLO-7-scaled.jpg","contentUrl":"https:\/\/colellaweb.it\/wp-content\/uploads\/2024\/06\/MATTERELLO-7-scaled.jpg"},{"@type":"BreadcrumbList","@id":"https:\/\/colellaweb.it\/fr\/bonus-materials\/#breadcrumb","itemListElement":[{"@type":"ListItem","position":1,"name":"Home","item":"https:\/\/colellaweb.it\/fr\/"},{"@type":"ListItem","position":2,"name":"vos primes alpines ;"}]},{"@type":"WebSite","@id":"https:\/\/colellaweb.it\/#website","url":"https:\/\/colellaweb.it\/","name":"Colella","description":"Rumori in cucina","publisher":{"@id":"https:\/\/colellaweb.it\/#organization"},"potentialAction":[{"@type":"SearchAction","target":{"@type":"EntryPoint","urlTemplate":"https:\/\/colellaweb.it\/?s={search_term_string}"},"query-input":{"@type":"PropertyValueSpecification","valueRequired":true,"valueName":"search_term_string"}}],"inLanguage":"fr-FR"},{"@type":"Organization","@id":"https:\/\/colellaweb.it\/#organization","name":"Colella","url":"https:\/\/colellaweb.it\/","logo":{"@type":"ImageObject","inLanguage":"fr-FR","@id":"https:\/\/colellaweb.it\/#\/schema\/logo\/image\/","url":"https:\/\/colellaweb.it\/wp-content\/uploads\/2023\/02\/cropped-logo_colella_favicon.png","contentUrl":"https:\/\/colellaweb.it\/wp-content\/uploads\/2023\/02\/cropped-logo_colella_favicon.png","width":512,"height":512,"caption":"Colella"},"image":{"@id":"https:\/\/colellaweb.it\/#\/schema\/logo\/image\/"},"sameAs":["https:\/\/www.facebook.com\/rumoriincucina","https:\/\/www.instagram.com\/rumoriincucina"]}]}},"_links":{"self":[{"href":"https:\/\/colellaweb.it\/fr\/wp-json\/wp\/v2\/pages\/13611","targetHints":{"allow":["GET"]}}],"collection":[{"href":"https:\/\/colellaweb.it\/fr\/wp-json\/wp\/v2\/pages"}],"about":[{"href":"https:\/\/colellaweb.it\/fr\/wp-json\/wp\/v2\/types\/page"}],"author":[{"embeddable":true,"href":"https:\/\/colellaweb.it\/fr\/wp-json\/wp\/v2\/users\/2"}],"replies":[{"embeddable":true,"href":"https:\/\/colellaweb.it\/fr\/wp-json\/wp\/v2\/comments?post=13611"}],"version-history":[{"count":0,"href":"https:\/\/colellaweb.it\/fr\/wp-json\/wp\/v2\/pages\/13611\/revisions"}],"wp:attachment":[{"href":"https:\/\/colellaweb.it\/fr\/wp-json\/wp\/v2\/media?parent=13611"}],"curies":[{"name":"wp","href":"https:\/\/api.w.org\/{rel}","templated":true}]}}