{"id":13288,"date":"2023-09-01T18:35:02","date_gmt":"2023-09-01T16:35:02","guid":{"rendered":"https:\/\/colellaweb.it\/parcourir-le-catalogue\/"},"modified":"2025-02-12T10:56:51","modified_gmt":"2025-02-12T09:56:51","slug":"parcourir-le-catalogue","status":"publish","type":"page","link":"https:\/\/colellaweb.it\/fr\/parcourir-le-catalogue\/","title":{"rendered":"parcourir le catalogue"},"content":{"rendered":"\t\t<div data-elementor-type=\"wp-page\" data-elementor-id=\"13288\" class=\"elementor elementor-13288 elementor-13279\" data-elementor-post-type=\"page\">\n\t\t\t\t\t\t<section class=\"elementor-section elementor-top-section elementor-element elementor-element-0b9525f elementor-section-full_width elementor-section-height-default elementor-section-height-default qodef-elementor-content-no qodef-elementor-overlay-no\" data-id=\"0b9525f\" data-element_type=\"section\">\n\t\t\t\t\t\t<div class=\"elementor-container elementor-column-gap-no\">\n\t\t\t\t\t<div class=\"elementor-column elementor-col-100 elementor-top-column elementor-element elementor-element-b41ea3b\" data-id=\"b41ea3b\" data-element_type=\"column\">\n\t\t\t<div class=\"elementor-widget-wrap elementor-element-populated\">\n\t\t\t\t\t\t<div class=\"elementor-element elementor-element-a05179e elementor-widget elementor-widget-slider_revolution\" data-id=\"a05179e\" data-element_type=\"widget\" data-widget_type=\"slider_revolution.default\">\n\t\t\t\t<div class=\"elementor-widget-container\">\n\t\t\t\t\t\n\t\t<div id=\"less-height-slider\" class=\"wp-block-themepunch-revslider\">\n\t\t\t\t<p class=\"rs-p-wp-fix\"><\/p>\n\t\t\t\t<sr7-module data-alias=\"consulenza-slider-1\" data-id=\"30\" id=\"SR7_30_1\" class=\"rs-ov-hidden\" data-version=\"6.7.38\">\n\t\t\t\t\t<sr7-adjuster><\/sr7-adjuster>\n\t\t\t\t\t<sr7-content>\n\t\t\t\t\t\t<sr7-slide id=\"SR7_30_1-42\" data-key=\"42\">\n\t\t\t\t\t\t\t<sr7-bg id=\"SR7_30_1-42-3\" class=\"sr7-layer\"><noscript><img decoding=\"async\" src=\"https:\/\/colellaweb.it\/wp-content\/uploads\/2025\/02\/4.jpg\" alt=\"\" title=\"4\"><\/noscript><\/sr7-bg>\n\t\t\t\t\t\t\t<sr7-txt id=\"SR7_30_1-42-1\" class=\"sr7-layer\">CATALOGUE<\/sr7-txt>\n\t\t\t\t\t\t\t<sr7-txt id=\"SR7_30_1-42-2\" class=\"sr7-layer\">Produzione 2023<\/sr7-txt>\n\t\t\t\t\t\t<\/sr7-slide>\n\t\t\t\t\t\t<sr7-slide id=\"SR7_30_1-81\" data-key=\"81\">\n\t\t\t\t\t\t<\/sr7-slide>\n\t\t\t\t\t<\/sr7-content>\n\t\t\t\t\t<image_lists style=\"display:none\">\n\t\t\t\t\t\t<img data-src=\"\/\/colellaweb.it\/wp-content\/uploads\/2025\/02\/4.jpg\" data-libid=\"14023\" data-lib=\"medialibrary\" title=\"4\" width=\"0\" height=\"0\" data-dbsrc=\"Ly9jb2xlbGxhd2ViLml0L3dwLWNvbnRlbnQvdXBsb2Fkcy8yMDI1LzAyLzQuanBn\"\/>\n\t\t\t\t\t<\/image_lists>\n\t\t\t\t<\/sr7-module>\n\t\t\t\t<script>\n\t\t\t\t\tSR7.PMH ??={}; SR7.PMH[\"SR7_30_1\"] = {cn:100,state:false,fn: function() { if (_tpt!==undefined && _tpt.prepareModuleHeight !== undefined) {  _tpt.prepareModuleHeight({id:\"SR7_30_1\",el:[900,900,768,960,720],type:'standard',shdw:'0',gh:[900,900,743,565,349],gw:[1240,1240,1024,778,480],vpt:['-100px'],size:{fullWidth:true, fullHeight:false},mh:'0',onh:0,onw:0,bg:{color:'{\"orig\":\"transparent\",\"type\":\"solid\",\"string\":\"transparent\"}'}});   SR7.PMH[\"SR7_30_1\"].state=true;} else if(SR7.PMH[\"SR7_30_1\"].cn-->0)\tsetTimeout( SR7.PMH[\"SR7_30_1\"].fn,19);}};SR7.PMH[\"SR7_30_1\" ].fn();\n\t\t\t\t<\/script>\n<\/div>\n\n\t\t\t\t\t\t<\/div>\n\t\t\t\t<\/div>\n\t\t\t\t\t<\/div>\n\t\t<\/div>\n\t\t\t\t\t<\/div>\n\t\t<\/section>\n\t\t\t\t<section class=\"elementor-section elementor-top-section elementor-element elementor-element-8942280 elementor-section-full_width qodef-elementor-content-grid elementor-section-stretched elementor-section-height-default elementor-section-height-default qodef-elementor-overlay-no\" data-id=\"8942280\" data-element_type=\"section\" data-settings=\"{&quot;background_background&quot;:&quot;classic&quot;,&quot;stretch_section&quot;:&quot;section-stretched&quot;}\">\n\t\t\t\t\t\t<div class=\"elementor-container elementor-column-gap-default\">\n\t\t\t\t\t<div class=\"elementor-column elementor-col-100 elementor-top-column elementor-element elementor-element-457c840\" data-id=\"457c840\" data-element_type=\"column\">\n\t\t\t<div class=\"elementor-widget-wrap elementor-element-populated\">\n\t\t\t\t\t\t<div class=\"elementor-element elementor-element-e28018a elementor-widget elementor-widget-tobel_core_section_title\" data-id=\"e28018a\" data-element_type=\"widget\" data-widget_type=\"tobel_core_section_title.default\">\n\t\t\t\t<div class=\"elementor-widget-container\">\n\t\t\t\t\t<div class=\"qodef-shortcode qodef-m  qodef-section-title qodef-alignment--left \">\n\t\t<p class=\"qodef-m-subtitle\" style=\"margin-bottom: -8px;font-size: 50px\">\n\t\tColella\t<\/p>\n\t\t<h1 class=\"qodef-m-title\" >\n\t\t\t\t\tMERCI DE NOUS AVOIR CONTACT\u00c9S\t\t\t<\/h1>\n\t<\/div>\n\t\t\t\t<\/div>\n\t\t\t\t<\/div>\n\t\t\t\t<div class=\"elementor-element elementor-element-771f9a6 elementor-widget elementor-widget-text-editor\" data-id=\"771f9a6\" data-element_type=\"widget\" data-widget_type=\"text-editor.default\">\n\t\t\t\t<div class=\"elementor-widget-container\">\n\t\t\t\t\t\t\t\t\t<p>Vous recevrez bient\u00f4t une offre personnalis\u00e9e \u00e0 l\u2019adresse mail indiqu\u00e9e. N\u2019oubliez pas de v\u00e9rifier dans le SPAM le serveur colellaweb<\/p><p><em><strong>Vous pouvez consulter notre catalogue ci-dessous<\/strong><\/em><\/p>\t\t\t\t\t\t\t\t<\/div>\n\t\t\t\t<\/div>\n\t\t\t\t<div class=\"elementor-element elementor-element-6d05bc2 elementor-widget elementor-widget-shortcode\" data-id=\"6d05bc2\" data-element_type=\"widget\" data-widget_type=\"shortcode.default\">\n\t\t\t\t<div class=\"elementor-widget-container\">\n\t\t\t\t\t\t\t<div class=\"elementor-shortcode\"><div class=\"_df_book df-lite\" id=\"df_13979\"  _slug=\"13979\" data-title=\"catalogue\" wpoptions=\"true\" thumb=\"https:\/\/colellaweb.it\/wp-content\/uploads\/2025\/02\/FR_CATALOGO-Colella\u00ae-2026_compressed-1.jpg\" thumbtype=\"\" ><\/div><script class=\"df-shortcode-script\" nowprocket type=\"application\/javascript\">window.option_df_13979 = {\"outline\":[],\"autoEnableOutline\":\"false\",\"autoEnableThumbnail\":\"false\",\"overwritePDFOutline\":\"false\",\"direction\":\"1\",\"pageSize\":\"0\",\"source\":\"https:\\\/\\\/colellaweb.it\\\/wp-content\\\/uploads\\\/2025\\\/02\\\/FR_CATALOGO-Colella\\u00ae-2026_compressed.pdf\",\"wpOptions\":\"true\"}; if(window.DFLIP && window.DFLIP.parseBooks){window.DFLIP.parseBooks();}<\/script>\t<\/div>\n\t\t\t\t\t\t<\/div>\n\t\t\t\t<\/div>\n\t\t\t\t\t<\/div>\n\t\t<\/div>\n\t\t\t\t\t<\/div>\n\t\t<\/section>\n\t\t\t\t<section class=\"elementor-section elementor-top-section elementor-element elementor-element-472c8f1 elementor-section-full_width elementor-section-stretched elementor-section-height-default elementor-section-height-default qodef-elementor-content-no qodef-elementor-overlay-no\" data-id=\"472c8f1\" data-element_type=\"section\" data-settings=\"{&quot;stretch_section&quot;:&quot;section-stretched&quot;}\">\n\t\t\t\t\t\t<div class=\"elementor-container elementor-column-gap-default\">\n\t\t\t\t\t<div class=\"elementor-column elementor-col-100 elementor-top-column elementor-element elementor-element-6682972\" data-id=\"6682972\" data-element_type=\"column\">\n\t\t\t<div class=\"elementor-widget-wrap elementor-element-populated\">\n\t\t\t\t\t\t<div class=\"elementor-element elementor-element-419c31f elementor-widget elementor-widget-template\" data-id=\"419c31f\" data-element_type=\"widget\" data-widget_type=\"template.default\">\n\t\t\t\t<div class=\"elementor-widget-container\">\n\t\t\t\t\t\t\t<div class=\"elementor-template\">\n\t\t\t\t\t<div data-elementor-type=\"section\" data-elementor-id=\"11639\" class=\"elementor elementor-11639 elementor-11143\" data-elementor-post-type=\"elementor_library\">\n\t\t\t\t\t<section class=\"elementor-section elementor-top-section elementor-element elementor-element-24c0e010 elementor-section-full_width elementor-section-stretched elementor-section-height-default elementor-section-height-default qodef-elementor-content-no qodef-elementor-overlay-no\" data-id=\"24c0e010\" data-element_type=\"section\" data-settings=\"{&quot;stretch_section&quot;:&quot;section-stretched&quot;}\">\n\t\t\t\t\t\t<div class=\"elementor-container elementor-column-gap-default\">\n\t\t\t\t\t<div class=\"elementor-column elementor-col-33 elementor-top-column elementor-element elementor-element-3826fe64\" data-id=\"3826fe64\" data-element_type=\"column\">\n\t\t\t<div class=\"elementor-widget-wrap elementor-element-populated\">\n\t\t\t\t\t\t<div class=\"elementor-element elementor-element-102db216 elementor-widget elementor-widget-tobel_core_banner\" data-id=\"102db216\" data-element_type=\"widget\" data-widget_type=\"tobel_core_banner.default\">\n\t\t\t\t<div class=\"elementor-widget-container\">\n\t\t\t\t\t<div class=\"qodef-shortcode qodef-m  qodef-banner qodef-layout--link-button\">\n\t<div class=\"qodef-m-image\">\n\t<img fetchpriority=\"high\" decoding=\"async\" width=\"1920\" height=\"1079\" src=\"https:\/\/colellaweb.it\/wp-content\/uploads\/2023\/05\/food-service_o.jpg\" class=\"attachment-full size-full\" alt=\"\" srcset=\"https:\/\/colellaweb.it\/wp-content\/uploads\/2023\/05\/food-service_o.jpg 1920w, https:\/\/colellaweb.it\/wp-content\/uploads\/2023\/05\/food-service_o-300x169.jpg 300w, https:\/\/colellaweb.it\/wp-content\/uploads\/2023\/05\/food-service_o-1024x575.jpg 1024w, https:\/\/colellaweb.it\/wp-content\/uploads\/2023\/05\/food-service_o-768x432.jpg 768w, https:\/\/colellaweb.it\/wp-content\/uploads\/2023\/05\/food-service_o-1536x863.jpg 1536w, https:\/\/colellaweb.it\/wp-content\/uploads\/2023\/05\/food-service_o-600x337.jpg 600w\" sizes=\"(max-width: 1920px) 100vw, 1920px\" \/><\/div>\n\t<div class=\"qodef-m-content\">\n\t\t<div class=\"qodef-m-content-inner\">\n\t\t\t\t<h4 class=\"qodef-m-subtitle\" style=\"color: #FFFFFF\">\n\t\tRESTAURATEUR\t<\/h4>\n\t\t\t\t<h4 class=\"qodef-m-title\" style=\"font-size: 60px;color: #FFFFFF\">\n\t\tVous etes\t<\/h4>\n\t\t\t\t\t\t\t<div class=\"qodef-m-button\">\n\t\t<a class=\"qodef-shortcode qodef-m  qodef-button qodef-layout--filled  qodef-html--link\" href=\"\/food-service\/\" target=\"_self\" data-hover-color=\"#FFFFFF\" data-hover-background-color=\"#FFFFFF00\" data-hover-border-color=\"#FFFFFF\" style=\"color: #B59175;background-color: #FFFFFF;border-color: #FFFFFF;margin: -10px\">\t<span class=\"qodef-m-text\">D\u00e9couvrez <\/span><\/a>\t<\/div>\n\t\t<\/div>\n\t<\/div>\n<\/div>\n\t\t\t\t<\/div>\n\t\t\t\t<\/div>\n\t\t\t\t\t<\/div>\n\t\t<\/div>\n\t\t\t\t<div class=\"elementor-column elementor-col-33 elementor-top-column elementor-element elementor-element-2ef00a78\" data-id=\"2ef00a78\" data-element_type=\"column\">\n\t\t\t<div class=\"elementor-widget-wrap elementor-element-populated\">\n\t\t\t\t\t\t<div class=\"elementor-element elementor-element-30ffe186 elementor-widget elementor-widget-tobel_core_banner\" data-id=\"30ffe186\" data-element_type=\"widget\" data-widget_type=\"tobel_core_banner.default\">\n\t\t\t\t<div class=\"elementor-widget-container\">\n\t\t\t\t\t<div class=\"qodef-shortcode qodef-m  qodef-banner qodef-layout--link-button\">\n\t<div class=\"qodef-m-image\">\n\t<img decoding=\"async\" width=\"1920\" height=\"1079\" src=\"https:\/\/colellaweb.it\/wp-content\/uploads\/2023\/05\/desiner_o.jpg\" class=\"attachment-full size-full\" alt=\"\" srcset=\"https:\/\/colellaweb.it\/wp-content\/uploads\/2023\/05\/desiner_o.jpg 1920w, https:\/\/colellaweb.it\/wp-content\/uploads\/2023\/05\/desiner_o-300x169.jpg 300w, https:\/\/colellaweb.it\/wp-content\/uploads\/2023\/05\/desiner_o-1024x575.jpg 1024w, https:\/\/colellaweb.it\/wp-content\/uploads\/2023\/05\/desiner_o-768x432.jpg 768w, https:\/\/colellaweb.it\/wp-content\/uploads\/2023\/05\/desiner_o-1536x863.jpg 1536w, https:\/\/colellaweb.it\/wp-content\/uploads\/2023\/05\/desiner_o-600x337.jpg 600w\" sizes=\"(max-width: 1920px) 100vw, 1920px\" \/><\/div>\n\t<div class=\"qodef-m-content\">\n\t\t<div class=\"qodef-m-content-inner\">\n\t\t\t\t<h4 class=\"qodef-m-subtitle\" style=\"color: #FFFFFF\">\n\t\tARCHITECTE D&#039;INTERIEUR\t<\/h4>\n\t\t\t\t<h4 class=\"qodef-m-title\" style=\"font-size: 60px;color: #FFFFFF\">\n\t\tVous etes\t<\/h4>\n\t\t\t\t\t\t\t<div class=\"qodef-m-button\">\n\t\t<a class=\"qodef-shortcode qodef-m  qodef-button qodef-layout--filled  qodef-html--link\" href=\"\/interior-designer\/\" target=\"_self\" data-hover-color=\"#FFFFFF\" data-hover-background-color=\"#FFFFFF00\" data-hover-border-color=\"#FFFFFF\" style=\"color: #B59175;background-color: #FFFFFF;border-color: #FFFFFF;margin: -10px\">\t<span class=\"qodef-m-text\">D\u00e9couvrez <\/span><\/a>\t<\/div>\n\t\t<\/div>\n\t<\/div>\n<\/div>\n\t\t\t\t<\/div>\n\t\t\t\t<\/div>\n\t\t\t\t\t<\/div>\n\t\t<\/div>\n\t\t\t\t<div class=\"elementor-column elementor-col-33 elementor-top-column elementor-element elementor-element-59628269\" data-id=\"59628269\" data-element_type=\"column\">\n\t\t\t<div class=\"elementor-widget-wrap elementor-element-populated\">\n\t\t\t\t\t\t<div class=\"elementor-element elementor-element-46c4989b elementor-widget elementor-widget-tobel_core_banner\" data-id=\"46c4989b\" data-element_type=\"widget\" data-widget_type=\"tobel_core_banner.default\">\n\t\t\t\t<div class=\"elementor-widget-container\">\n\t\t\t\t\t<div class=\"qodef-shortcode qodef-m  qodef-banner qodef-layout--link-button\">\n\t<div class=\"qodef-m-image\">\n\t<img loading=\"lazy\" decoding=\"async\" width=\"1920\" height=\"1079\" src=\"https:\/\/colellaweb.it\/wp-content\/uploads\/2023\/05\/retailer_o.jpg\" class=\"attachment-full size-full\" alt=\"\" srcset=\"https:\/\/colellaweb.it\/wp-content\/uploads\/2023\/05\/retailer_o.jpg 1920w, https:\/\/colellaweb.it\/wp-content\/uploads\/2023\/05\/retailer_o-300x169.jpg 300w, https:\/\/colellaweb.it\/wp-content\/uploads\/2023\/05\/retailer_o-1024x575.jpg 1024w, https:\/\/colellaweb.it\/wp-content\/uploads\/2023\/05\/retailer_o-768x432.jpg 768w, https:\/\/colellaweb.it\/wp-content\/uploads\/2023\/05\/retailer_o-1536x863.jpg 1536w, https:\/\/colellaweb.it\/wp-content\/uploads\/2023\/05\/retailer_o-600x337.jpg 600w\" sizes=\"(max-width: 1920px) 100vw, 1920px\" \/><\/div>\n\t<div class=\"qodef-m-content\">\n\t\t<div class=\"qodef-m-content-inner\">\n\t\t\t\t<h4 class=\"qodef-m-subtitle\" style=\"color: #FFFFFF\">\n\t\tREVENDEUR\t<\/h4>\n\t\t\t\t<h4 class=\"qodef-m-title\" style=\"font-size: 60px;color: #FFFFFF\">\n\t\tVous etes\t<\/h4>\n\t\t\t\t\t\t\t<div class=\"qodef-m-button\">\n\t\t<a class=\"qodef-shortcode qodef-m  qodef-button qodef-layout--filled  qodef-html--link\" href=\"\/food-retailer\/\" target=\"_self\" data-hover-color=\"#FFFFFF\" data-hover-background-color=\"#FFFFFF00\" data-hover-border-color=\"#FFFFFF\" style=\"color: #B59175;background-color: #FFFFFF;border-color: #FFFFFF;margin: -10px\">\t<span class=\"qodef-m-text\">D\u00e9couvrez <\/span><\/a>\t<\/div>\n\t\t<\/div>\n\t<\/div>\n<\/div>\n\t\t\t\t<\/div>\n\t\t\t\t<\/div>\n\t\t\t\t\t<\/div>\n\t\t<\/div>\n\t\t\t\t\t<\/div>\n\t\t<\/section>\n\t\t\t\t<\/div>\n\t\t\t\t<\/div>\n\t\t\t\t\t\t<\/div>\n\t\t\t\t<\/div>\n\t\t\t\t\t<\/div>\n\t\t<\/div>\n\t\t\t\t\t<\/div>\n\t\t<\/section>\n\t\t\t\t<\/div>\n\t\t","protected":false},"excerpt":{"rendered":"<p>Colella MERCI DE NOUS AVOIR CONTACT\u00c9S Vous recevrez bient\u00f4t une offre personnalis\u00e9e \u00e0 l\u2019adresse mail indiqu\u00e9e. N\u2019oubliez pas de v\u00e9rifier dans le SPAM le serveur colellaweb Vous pouvez consulter notre catalogue ci-dessous<\/p>\n","protected":false},"author":2,"featured_media":0,"parent":0,"menu_order":0,"comment_status":"closed","ping_status":"closed","template":"","meta":{"_acf_changed":false,"footnotes":""},"class_list":["post-13288","page","type-page","status-publish","hentry"],"acf":[],"yoast_head":"<!-- This site is optimized with the Yoast SEO plugin v26.7 - https:\/\/yoast.com\/wordpress\/plugins\/seo\/ -->\n<title>parcourir le catalogue - Colella<\/title>\n<meta name=\"robots\" content=\"index, follow, max-snippet:-1, max-image-preview:large, max-video-preview:-1\" \/>\n<link rel=\"canonical\" href=\"https:\/\/colellaweb.it\/fr\/parcourir-le-catalogue\/\" \/>\n<meta property=\"og:locale\" content=\"fr_FR\" \/>\n<meta property=\"og:type\" content=\"article\" \/>\n<meta property=\"og:title\" content=\"parcourir le catalogue - Colella\" \/>\n<meta property=\"og:description\" content=\"Colella MERCI DE NOUS AVOIR CONTACT\u00c9S Vous recevrez bient\u00f4t une offre personnalis\u00e9e \u00e0 l\u2019adresse mail indiqu\u00e9e. N\u2019oubliez pas de v\u00e9rifier dans le SPAM le serveur colellaweb Vous pouvez consulter notre catalogue ci-dessous\" \/>\n<meta property=\"og:url\" content=\"https:\/\/colellaweb.it\/fr\/parcourir-le-catalogue\/\" \/>\n<meta property=\"og:site_name\" content=\"Colella\" \/>\n<meta property=\"article:publisher\" content=\"https:\/\/www.facebook.com\/rumoriincucina\" \/>\n<meta property=\"article:modified_time\" content=\"2025-02-12T09:56:51+00:00\" \/>\n<meta name=\"twitter:card\" content=\"summary_large_image\" \/>\n<meta name=\"twitter:label1\" content=\"Dur\u00e9e de lecture estim\u00e9e\" \/>\n\t<meta name=\"twitter:data1\" content=\"2 minutes\" \/>\n<script type=\"application\/ld+json\" class=\"yoast-schema-graph\">{\"@context\":\"https:\/\/schema.org\",\"@graph\":[{\"@type\":\"WebPage\",\"@id\":\"https:\/\/colellaweb.it\/fr\/parcourir-le-catalogue\/\",\"url\":\"https:\/\/colellaweb.it\/fr\/parcourir-le-catalogue\/\",\"name\":\"parcourir le catalogue - Colella\",\"isPartOf\":{\"@id\":\"https:\/\/colellaweb.it\/#website\"},\"datePublished\":\"2023-09-01T16:35:02+00:00\",\"dateModified\":\"2025-02-12T09:56:51+00:00\",\"breadcrumb\":{\"@id\":\"https:\/\/colellaweb.it\/fr\/parcourir-le-catalogue\/#breadcrumb\"},\"inLanguage\":\"fr-FR\",\"potentialAction\":[{\"@type\":\"ReadAction\",\"target\":[\"https:\/\/colellaweb.it\/fr\/parcourir-le-catalogue\/\"]}]},{\"@type\":\"BreadcrumbList\",\"@id\":\"https:\/\/colellaweb.it\/fr\/parcourir-le-catalogue\/#breadcrumb\",\"itemListElement\":[{\"@type\":\"ListItem\",\"position\":1,\"name\":\"Home\",\"item\":\"https:\/\/colellaweb.it\/fr\/\"},{\"@type\":\"ListItem\",\"position\":2,\"name\":\"parcourir le catalogue\"}]},{\"@type\":\"WebSite\",\"@id\":\"https:\/\/colellaweb.it\/#website\",\"url\":\"https:\/\/colellaweb.it\/\",\"name\":\"Colella\",\"description\":\"Rumori in cucina\",\"publisher\":{\"@id\":\"https:\/\/colellaweb.it\/#organization\"},\"potentialAction\":[{\"@type\":\"SearchAction\",\"target\":{\"@type\":\"EntryPoint\",\"urlTemplate\":\"https:\/\/colellaweb.it\/?s={search_term_string}\"},\"query-input\":{\"@type\":\"PropertyValueSpecification\",\"valueRequired\":true,\"valueName\":\"search_term_string\"}}],\"inLanguage\":\"fr-FR\"},{\"@type\":\"Organization\",\"@id\":\"https:\/\/colellaweb.it\/#organization\",\"name\":\"Colella\",\"url\":\"https:\/\/colellaweb.it\/\",\"logo\":{\"@type\":\"ImageObject\",\"inLanguage\":\"fr-FR\",\"@id\":\"https:\/\/colellaweb.it\/#\/schema\/logo\/image\/\",\"url\":\"https:\/\/colellaweb.it\/wp-content\/uploads\/2023\/02\/cropped-logo_colella_favicon.png\",\"contentUrl\":\"https:\/\/colellaweb.it\/wp-content\/uploads\/2023\/02\/cropped-logo_colella_favicon.png\",\"width\":512,\"height\":512,\"caption\":\"Colella\"},\"image\":{\"@id\":\"https:\/\/colellaweb.it\/#\/schema\/logo\/image\/\"},\"sameAs\":[\"https:\/\/www.facebook.com\/rumoriincucina\",\"https:\/\/www.instagram.com\/rumoriincucina\"]}]}<\/script>\n<!-- \/ Yoast SEO plugin. -->","yoast_head_json":{"title":"parcourir le catalogue - Colella","robots":{"index":"index","follow":"follow","max-snippet":"max-snippet:-1","max-image-preview":"max-image-preview:large","max-video-preview":"max-video-preview:-1"},"canonical":"https:\/\/colellaweb.it\/fr\/parcourir-le-catalogue\/","og_locale":"fr_FR","og_type":"article","og_title":"parcourir le catalogue - Colella","og_description":"Colella MERCI DE NOUS AVOIR CONTACT\u00c9S Vous recevrez bient\u00f4t une offre personnalis\u00e9e \u00e0 l\u2019adresse mail indiqu\u00e9e. N\u2019oubliez pas de v\u00e9rifier dans le SPAM le serveur colellaweb Vous pouvez consulter notre catalogue ci-dessous","og_url":"https:\/\/colellaweb.it\/fr\/parcourir-le-catalogue\/","og_site_name":"Colella","article_publisher":"https:\/\/www.facebook.com\/rumoriincucina","article_modified_time":"2025-02-12T09:56:51+00:00","twitter_card":"summary_large_image","twitter_misc":{"Dur\u00e9e de lecture estim\u00e9e":"2 minutes"},"schema":{"@context":"https:\/\/schema.org","@graph":[{"@type":"WebPage","@id":"https:\/\/colellaweb.it\/fr\/parcourir-le-catalogue\/","url":"https:\/\/colellaweb.it\/fr\/parcourir-le-catalogue\/","name":"parcourir le catalogue - Colella","isPartOf":{"@id":"https:\/\/colellaweb.it\/#website"},"datePublished":"2023-09-01T16:35:02+00:00","dateModified":"2025-02-12T09:56:51+00:00","breadcrumb":{"@id":"https:\/\/colellaweb.it\/fr\/parcourir-le-catalogue\/#breadcrumb"},"inLanguage":"fr-FR","potentialAction":[{"@type":"ReadAction","target":["https:\/\/colellaweb.it\/fr\/parcourir-le-catalogue\/"]}]},{"@type":"BreadcrumbList","@id":"https:\/\/colellaweb.it\/fr\/parcourir-le-catalogue\/#breadcrumb","itemListElement":[{"@type":"ListItem","position":1,"name":"Home","item":"https:\/\/colellaweb.it\/fr\/"},{"@type":"ListItem","position":2,"name":"parcourir le catalogue"}]},{"@type":"WebSite","@id":"https:\/\/colellaweb.it\/#website","url":"https:\/\/colellaweb.it\/","name":"Colella","description":"Rumori in cucina","publisher":{"@id":"https:\/\/colellaweb.it\/#organization"},"potentialAction":[{"@type":"SearchAction","target":{"@type":"EntryPoint","urlTemplate":"https:\/\/colellaweb.it\/?s={search_term_string}"},"query-input":{"@type":"PropertyValueSpecification","valueRequired":true,"valueName":"search_term_string"}}],"inLanguage":"fr-FR"},{"@type":"Organization","@id":"https:\/\/colellaweb.it\/#organization","name":"Colella","url":"https:\/\/colellaweb.it\/","logo":{"@type":"ImageObject","inLanguage":"fr-FR","@id":"https:\/\/colellaweb.it\/#\/schema\/logo\/image\/","url":"https:\/\/colellaweb.it\/wp-content\/uploads\/2023\/02\/cropped-logo_colella_favicon.png","contentUrl":"https:\/\/colellaweb.it\/wp-content\/uploads\/2023\/02\/cropped-logo_colella_favicon.png","width":512,"height":512,"caption":"Colella"},"image":{"@id":"https:\/\/colellaweb.it\/#\/schema\/logo\/image\/"},"sameAs":["https:\/\/www.facebook.com\/rumoriincucina","https:\/\/www.instagram.com\/rumoriincucina"]}]}},"_links":{"self":[{"href":"https:\/\/colellaweb.it\/fr\/wp-json\/wp\/v2\/pages\/13288","targetHints":{"allow":["GET"]}}],"collection":[{"href":"https:\/\/colellaweb.it\/fr\/wp-json\/wp\/v2\/pages"}],"about":[{"href":"https:\/\/colellaweb.it\/fr\/wp-json\/wp\/v2\/types\/page"}],"author":[{"embeddable":true,"href":"https:\/\/colellaweb.it\/fr\/wp-json\/wp\/v2\/users\/2"}],"replies":[{"embeddable":true,"href":"https:\/\/colellaweb.it\/fr\/wp-json\/wp\/v2\/comments?post=13288"}],"version-history":[{"count":0,"href":"https:\/\/colellaweb.it\/fr\/wp-json\/wp\/v2\/pages\/13288\/revisions"}],"wp:attachment":[{"href":"https:\/\/colellaweb.it\/fr\/wp-json\/wp\/v2\/media?parent=13288"}],"curies":[{"name":"wp","href":"https:\/\/api.w.org\/{rel}","templated":true}]}}